{"id":17454,"date":"2025-05-08T23:58:41","date_gmt":"2025-05-08T20:58:41","guid":{"rendered":"https:\/\/canverditicaret.com\/?post_type=product&#038;p=17454"},"modified":"2025-05-09T22:40:04","modified_gmt":"2025-05-09T19:40:04","slug":"dewalt-dcd796p2-qw-18v-5-0ah-li-ion-cift-akulu-komursuz-profesyonel-darbeli-matkap","status":"publish","type":"product","link":"https:\/\/canverditicaret.com\/en\/product\/dewalt-dcd796p2-qw-18v-5-0ah-li-ion-cift-akulu-komursuz-profesyonel-darbeli-matkap\/","title":{"rendered":"Dewalt DCD796P2-QW 18V\/5.0Ah Li-ion Dual Cordless Professional Impact Drill"},"content":{"rendered":"<p>Dewalt DCD796P2-QW 18V\/5.0Ah Li-ion Dual Cordless Professional Impact Drill<\/p>\n<div class=\"sfProductDesc\">\n<div class=\"container contain-lg-5 contain-md-4 contain-sm-5\">\n<div class=\"row\">\n<div class=\"col lg-5 md-2 sm-5\">\n<p><strong>Dewalt DCD796P2 18Volt\/5.0Ah Li-ion Dual Cordless Professional Impact Drill<\/strong><\/p>\n<p>Dewalt DCD796P2 18Volt\/5.0Ah Li-ion Dual Cordless Professional Impact Drill<\/p>\n<p>Maximum torque power of 70Nm<\/p>\n<p>No-load speed 0-450 \/ 2000 rpm<\/p>\n<p>Pulse rate 9350 \/ 34000 pulses\/min<\/p>\n<p>Maximum Drilling Capacity (Wood) 50mm, (Metal) 13mm, (Masonry) 16mm<\/p>\n<p>BRUSHLESS MOTOR reduces friction and extends run time and tool life<\/p>\n<p>Robust 2-speed metal transmission for increased runtime and long tool life<\/p>\n<p>13mm single-sleeve keyless metal chuck with automatic spindle lock for easy and quick bit changes with one hand<\/p>\n<p>Li-Ion battery maintains its charge when not in use, thus providing longer usage time<\/p>\n<p>Extremely compact and lightweight, allowing long-term, fatigue-free working even in difficult areas<\/p>\n<p>Impact feature is suitable for impact drilling in stone, brick and concrete<\/p>\n<p>Superior control and precision in drilling wood, metal, plastic and all kinds of screwdriving applications with 12-stage torque adjustment<\/p>\n<p>The torque collar ensures that the machine stops automatically without damaging the material when the set torque is reached.<\/p>\n<p>Electronic speed adjustment provides optimum speed control for drilling and screwdriving applications depending on the material used.<\/p>\n<p>Vibration absorbing rubber coated handle for comfortable use<\/p>\n<p>Variable speed and right\/left rotation adjustment for use on different materials with two-speed transmission<\/p>\n<p>Two-speed transmission is sufficient for all applications in masonry, wood, concrete, steel, plastic and metal<\/p>\n<p>Compact design allows for easy one-handed use and access to tight spaces<\/p>\n<p>Easy and safe battery replacement with sliding battery system<\/p>\n<p>Uninterrupted operation without waiting for charging time thanks to Dual Battery<\/p>\n<p>Battery indicator shows battery charge status<\/p>\n<p>Integrated LED lighting illuminates the work area<\/p>\n<p>Steel belt hook and magnetic bit holder<\/p>\n<p>Keep tools and accessories clean and safe with the carrying case<\/p>\n<p>Suitable for professional use,<\/p>\n<p>Weight 2.10 Kg<\/p>\n<p>Standard Equipment; 2 Batteries, 60-minute charger, belt hook, magnetic bit holder, adjustable side handle, heavy-duty carrying case<\/p>\n<ul class=\"[&amp;&gt;li]:custom-bullet pl-[18px] rtl:pr-[18px]\" style=\"box-sizing: border-box; --tw-border-spacing-x: 0; --tw-border-spacing-y: 0; --tw-translate-x: 0; --tw-translate-y: 0; --tw-rotate: 0; --tw-skew-x: 0; --tw-skew-y: 0; --tw-scale-x: 1; --tw-scale-y: 1; --tw-scroll-snap-strictness: proximity; --tw-ring-offset-width: 0px; --tw-ring-offset-color: #fff; --tw-ring-color: rgb(59 130 246 \/ 0.5); --tw-ring-offset-shadow: 0 0 #0000; --tw-ring-shadow: 0 0 #0000; --tw-shadow: 0 0 #0000; --tw-shadow-colored: 0 0 #0000; list-style: none; margin: 0px; padding: 0px 0px 0px 18px; color: #2a343d; font-family: 'Be Vietnam'; font-size: 14px; font-style: normal; font-variant-ligatures: normal; font-variant-caps: normal; font-weight: 400; letter-spacing: normal; orphans: 2; text-align: start; text-indent: 0px; text-transform: none; widows: 2; word-spacing: 0px; -webkit-text-stroke-width: 0px; white-space: normal; background-color: #ffffff; text-decoration-thickness: initial; text-decoration-style: initial; text-decoration-color: initial; border: 0px solid #e5e7eb;\">\n<li><strong>Type:<\/strong>\u00a0<a class=\"cursor-pointer\" title=\"www.google.com\/search?q=Darbeli\">pulsed<\/a><\/li>\n<li><strong><a class=\"cursor-pointer\" title=\"www.google.com\/search?q=Volt\">Volt<\/a>:<\/strong>\u00a018V<\/li>\n<li><strong>Number of Batteries:<\/strong>\u00a02<\/li>\n<li><strong><a class=\"cursor-pointer\" title=\"www.google.com\/search?q=Amper\">Ampere<\/a>:<\/strong>\u00a05 oh<\/li>\n<li><strong><a class=\"cursor-pointer\" title=\"www.google.com\/search?q=Garanti%20S%C3%BCresi\">Warranty Period<\/a>\u00a0(Month):<\/strong>\u00a024<\/li>\n<li><strong>International Sales:<\/strong>\u00a0None<\/li>\n<li><strong><a class=\"cursor-pointer\" title=\"www.google.com\/search?q=Stok%20Kodu\">Stock Code<\/a>:<\/strong>\u00a0HBV0000002TSP<\/li>\n<\/ul>\n<\/div>\n<\/div>\n<\/div>\n<\/div>","protected":false},"excerpt":{"rendered":"<p>Dewalt DCD796P2-QW 18V\/5.0Ah Li-ion Dual Cordless Brushless Professional Impact Drill Dewalt DCD796P2 18Volt\/5.0Ah Li-ion Dual Cordless Brushless Professional Impact Drill<\/p>","protected":false},"featured_media":17455,"comment_status":"open","ping_status":"closed","template":"","meta":[],"product_cat":[79],"product_tag":[],"class_list":["post-17454","product","type-product","status-publish","has-post-thumbnail","hentry","product_cat-elektrikli-el-aletleri"],"yoast_head":"<!-- This site is optimized with the Yoast SEO plugin v21.6 - https:\/\/yoast.com\/wordpress\/plugins\/seo\/ -->\n<title>Dewalt DCD796P2-QW 18V\/5.0Ah Li-ion \u00c7ift Ak\u00fcl\u00fc K\u00f6m\u00fcrs\u00fcz Profesyonel Darbeli Matkap - Can Verdi Ticaret<\/title>\n<meta name=\"description\" content=\"Dewalt DCD796P2-QW, 18V 5.0Ah Li-Ion \u00e7ift ak\u00fcs\u00fc ve k\u00f6m\u00fcrs\u00fcz motor teknolojisiyle y\u00fcksek performans ve uzun \u00f6m\u00fcr sunan, kompakt tasar\u0131m\u0131 sayesinde dar alanlarda bile rahat kullan\u0131m sa\u011flayan profesyonel bir darbeli matkap setidir.\" \/>\n<meta name=\"robots\" content=\"index, follow, max-snippet:-1, max-image-preview:large, max-video-preview:-1\" \/>\n<link rel=\"canonical\" href=\"https:\/\/canverditicaret.com\/en\/product\/dewalt-dcd796p2-qw-18v-5-0ah-li-ion-cift-akulu-komursuz-profesyonel-darbeli-matkap\/\" \/>\n<meta property=\"og:locale\" content=\"en_US\" \/>\n<meta property=\"og:type\" content=\"article\" \/>\n<meta property=\"og:title\" content=\"Dewalt DCD796P2-QW 18V\/5.0Ah Li-ion \u00c7ift Ak\u00fcl\u00fc K\u00f6m\u00fcrs\u00fcz Profesyonel Darbeli Matkap - Can Verdi Ticaret\" \/>\n<meta property=\"og:description\" content=\"Dewalt DCD796P2-QW, 18V 5.0Ah Li-Ion \u00e7ift ak\u00fcs\u00fc ve k\u00f6m\u00fcrs\u00fcz motor teknolojisiyle y\u00fcksek performans ve uzun \u00f6m\u00fcr sunan, kompakt tasar\u0131m\u0131 sayesinde dar alanlarda bile rahat kullan\u0131m sa\u011flayan profesyonel bir darbeli matkap setidir.\" \/>\n<meta property=\"og:url\" content=\"https:\/\/canverditicaret.com\/en\/product\/dewalt-dcd796p2-qw-18v-5-0ah-li-ion-cift-akulu-komursuz-profesyonel-darbeli-matkap\/\" \/>\n<meta property=\"og:site_name\" content=\"Can Verdi Ticaret\" \/>\n<meta property=\"article:modified_time\" content=\"2025-05-09T19:40:04+00:00\" \/>\n<meta property=\"og:image\" content=\"https:\/\/canverditicaret.com\/wp-content\/uploads\/2025\/05\/dcd796-vitrin.webp\" \/>\n\t<meta property=\"og:image:width\" content=\"424\" \/>\n\t<meta property=\"og:image:height\" content=\"600\" \/>\n\t<meta property=\"og:image:type\" content=\"image\/webp\" \/>\n<meta name=\"twitter:card\" content=\"summary_large_image\" \/>\n<meta name=\"twitter:label1\" content=\"Est. reading time\" \/>\n\t<meta name=\"twitter:data1\" content=\"3 minutes\" \/>\n<script type=\"application\/ld+json\" class=\"yoast-schema-graph\">{\"@context\":\"https:\/\/schema.org\",\"@graph\":[{\"@type\":\"WebPage\",\"@id\":\"https:\/\/canverditicaret.com\/urun\/dewalt-dcd796p2-qw-18v-5-0ah-li-ion-cift-akulu-komursuz-profesyonel-darbeli-matkap\/\",\"url\":\"https:\/\/canverditicaret.com\/urun\/dewalt-dcd796p2-qw-18v-5-0ah-li-ion-cift-akulu-komursuz-profesyonel-darbeli-matkap\/\",\"name\":\"Dewalt DCD796P2-QW 18V\/5.0Ah Li-ion \u00c7ift Ak\u00fcl\u00fc K\u00f6m\u00fcrs\u00fcz Profesyonel Darbeli Matkap - Can Verdi Ticaret\",\"isPartOf\":{\"@id\":\"https:\/\/canverditicaret.com\/#website\"},\"datePublished\":\"2025-05-08T20:58:41+00:00\",\"dateModified\":\"2025-05-09T19:40:04+00:00\",\"description\":\"Dewalt DCD796P2-QW, 18V 5.0Ah Li-Ion \u00e7ift ak\u00fcs\u00fc ve k\u00f6m\u00fcrs\u00fcz motor teknolojisiyle y\u00fcksek performans ve uzun \u00f6m\u00fcr sunan, kompakt tasar\u0131m\u0131 sayesinde dar alanlarda bile rahat kullan\u0131m sa\u011flayan profesyonel bir darbeli matkap setidir.\",\"breadcrumb\":{\"@id\":\"https:\/\/canverditicaret.com\/urun\/dewalt-dcd796p2-qw-18v-5-0ah-li-ion-cift-akulu-komursuz-profesyonel-darbeli-matkap\/#breadcrumb\"},\"inLanguage\":\"en-US\",\"potentialAction\":[{\"@type\":\"ReadAction\",\"target\":[\"https:\/\/canverditicaret.com\/urun\/dewalt-dcd796p2-qw-18v-5-0ah-li-ion-cift-akulu-komursuz-profesyonel-darbeli-matkap\/\"]}]},{\"@type\":\"BreadcrumbList\",\"@id\":\"https:\/\/canverditicaret.com\/urun\/dewalt-dcd796p2-qw-18v-5-0ah-li-ion-cift-akulu-komursuz-profesyonel-darbeli-matkap\/#breadcrumb\",\"itemListElement\":[{\"@type\":\"ListItem\",\"position\":1,\"name\":\"Anasayfa\",\"item\":\"https:\/\/canverditicaret.com\/\"},{\"@type\":\"ListItem\",\"position\":2,\"name\":\"Ma\u011faza\",\"item\":\"https:\/\/canverditicaret.com\/shop\/\"},{\"@type\":\"ListItem\",\"position\":3,\"name\":\"Dewalt DCD796P2-QW 18V\/5.0Ah Li-ion \u00c7ift Ak\u00fcl\u00fc K\u00f6m\u00fcrs\u00fcz Profesyonel Darbeli Matkap\"}]},{\"@type\":\"WebSite\",\"@id\":\"https:\/\/canverditicaret.com\/#website\",\"url\":\"https:\/\/canverditicaret.com\/\",\"name\":\"Can Verdi Ticaret\",\"description\":\"Can Verdi Ticaret\",\"potentialAction\":[{\"@type\":\"SearchAction\",\"target\":{\"@type\":\"EntryPoint\",\"urlTemplate\":\"https:\/\/canverditicaret.com\/?s={search_term_string}\"},\"query-input\":\"required name=search_term_string\"}],\"inLanguage\":\"en-US\"}]}<\/script>\n<!-- \/ Yoast SEO plugin. -->","yoast_head_json":{"title":"Dewalt DCD796P2-QW 18V\/5.0Ah Li-ion \u00c7ift Ak\u00fcl\u00fc K\u00f6m\u00fcrs\u00fcz Profesyonel Darbeli Matkap - Can Verdi Ticaret","description":"Dewalt DCD796P2-QW, 18V 5.0Ah Li-Ion \u00e7ift ak\u00fcs\u00fc ve k\u00f6m\u00fcrs\u00fcz motor teknolojisiyle y\u00fcksek performans ve uzun \u00f6m\u00fcr sunan, kompakt tasar\u0131m\u0131 sayesinde dar alanlarda bile rahat kullan\u0131m sa\u011flayan profesyonel bir darbeli matkap setidir.","robots":{"index":"index","follow":"follow","max-snippet":"max-snippet:-1","max-image-preview":"max-image-preview:large","max-video-preview":"max-video-preview:-1"},"canonical":"https:\/\/canverditicaret.com\/en\/product\/dewalt-dcd796p2-qw-18v-5-0ah-li-ion-cift-akulu-komursuz-profesyonel-darbeli-matkap\/","og_locale":"en_US","og_type":"article","og_title":"Dewalt DCD796P2-QW 18V\/5.0Ah Li-ion \u00c7ift Ak\u00fcl\u00fc K\u00f6m\u00fcrs\u00fcz Profesyonel Darbeli Matkap - Can Verdi Ticaret","og_description":"Dewalt DCD796P2-QW, 18V 5.0Ah Li-Ion \u00e7ift ak\u00fcs\u00fc ve k\u00f6m\u00fcrs\u00fcz motor teknolojisiyle y\u00fcksek performans ve uzun \u00f6m\u00fcr sunan, kompakt tasar\u0131m\u0131 sayesinde dar alanlarda bile rahat kullan\u0131m sa\u011flayan profesyonel bir darbeli matkap setidir.","og_url":"https:\/\/canverditicaret.com\/en\/product\/dewalt-dcd796p2-qw-18v-5-0ah-li-ion-cift-akulu-komursuz-profesyonel-darbeli-matkap\/","og_site_name":"Can Verdi Ticaret","article_modified_time":"2025-05-09T19:40:04+00:00","og_image":[{"width":424,"height":600,"url":"https:\/\/canverditicaret.com\/wp-content\/uploads\/2025\/05\/dcd796-vitrin.webp","type":"image\/webp"}],"twitter_card":"summary_large_image","twitter_misc":{"Est. reading time":"3 minutes"},"schema":{"@context":"https:\/\/schema.org","@graph":[{"@type":"WebPage","@id":"https:\/\/canverditicaret.com\/urun\/dewalt-dcd796p2-qw-18v-5-0ah-li-ion-cift-akulu-komursuz-profesyonel-darbeli-matkap\/","url":"https:\/\/canverditicaret.com\/urun\/dewalt-dcd796p2-qw-18v-5-0ah-li-ion-cift-akulu-komursuz-profesyonel-darbeli-matkap\/","name":"Dewalt DCD796P2-QW 18V\/5.0Ah Li-ion \u00c7ift Ak\u00fcl\u00fc K\u00f6m\u00fcrs\u00fcz Profesyonel Darbeli Matkap - Can Verdi Ticaret","isPartOf":{"@id":"https:\/\/canverditicaret.com\/#website"},"datePublished":"2025-05-08T20:58:41+00:00","dateModified":"2025-05-09T19:40:04+00:00","description":"Dewalt DCD796P2-QW, 18V 5.0Ah Li-Ion \u00e7ift ak\u00fcs\u00fc ve k\u00f6m\u00fcrs\u00fcz motor teknolojisiyle y\u00fcksek performans ve uzun \u00f6m\u00fcr sunan, kompakt tasar\u0131m\u0131 sayesinde dar alanlarda bile rahat kullan\u0131m sa\u011flayan profesyonel bir darbeli matkap setidir.","breadcrumb":{"@id":"https:\/\/canverditicaret.com\/urun\/dewalt-dcd796p2-qw-18v-5-0ah-li-ion-cift-akulu-komursuz-profesyonel-darbeli-matkap\/#breadcrumb"},"inLanguage":"en-US","potentialAction":[{"@type":"ReadAction","target":["https:\/\/canverditicaret.com\/urun\/dewalt-dcd796p2-qw-18v-5-0ah-li-ion-cift-akulu-komursuz-profesyonel-darbeli-matkap\/"]}]},{"@type":"BreadcrumbList","@id":"https:\/\/canverditicaret.com\/urun\/dewalt-dcd796p2-qw-18v-5-0ah-li-ion-cift-akulu-komursuz-profesyonel-darbeli-matkap\/#breadcrumb","itemListElement":[{"@type":"ListItem","position":1,"name":"Anasayfa","item":"https:\/\/canverditicaret.com\/"},{"@type":"ListItem","position":2,"name":"Ma\u011faza","item":"https:\/\/canverditicaret.com\/shop\/"},{"@type":"ListItem","position":3,"name":"Dewalt DCD796P2-QW 18V\/5.0Ah Li-ion \u00c7ift Ak\u00fcl\u00fc K\u00f6m\u00fcrs\u00fcz Profesyonel Darbeli Matkap"}]},{"@type":"WebSite","@id":"https:\/\/canverditicaret.com\/#website","url":"https:\/\/canverditicaret.com\/","name":"Can Verdi Ticaret","description":"Can Verdi Ticaret","potentialAction":[{"@type":"SearchAction","target":{"@type":"EntryPoint","urlTemplate":"https:\/\/canverditicaret.com\/?s={search_term_string}"},"query-input":"required name=search_term_string"}],"inLanguage":"en-US"}]}},"_links":{"self":[{"href":"https:\/\/canverditicaret.com\/en\/wp-json\/wp\/v2\/product\/17454","targetHints":{"allow":["GET"]}}],"collection":[{"href":"https:\/\/canverditicaret.com\/en\/wp-json\/wp\/v2\/product"}],"about":[{"href":"https:\/\/canverditicaret.com\/en\/wp-json\/wp\/v2\/types\/product"}],"replies":[{"embeddable":true,"href":"https:\/\/canverditicaret.com\/en\/wp-json\/wp\/v2\/comments?post=17454"}],"version-history":[{"count":3,"href":"https:\/\/canverditicaret.com\/en\/wp-json\/wp\/v2\/product\/17454\/revisions"}],"predecessor-version":[{"id":17468,"href":"https:\/\/canverditicaret.com\/en\/wp-json\/wp\/v2\/product\/17454\/revisions\/17468"}],"wp:featuredmedia":[{"embeddable":true,"href":"https:\/\/canverditicaret.com\/en\/wp-json\/wp\/v2\/media\/17455"}],"wp:attachment":[{"href":"https:\/\/canverditicaret.com\/en\/wp-json\/wp\/v2\/media?parent=17454"}],"wp:term":[{"taxonomy":"product_cat","embeddable":true,"href":"https:\/\/canverditicaret.com\/en\/wp-json\/wp\/v2\/product_cat?post=17454"},{"taxonomy":"product_tag","embeddable":true,"href":"https:\/\/canverditicaret.com\/en\/wp-json\/wp\/v2\/product_tag?post=17454"}],"curies":[{"name":"wp","href":"https:\/\/api.w.org\/{rel}","templated":true}]}}