{"id":16886,"date":"2024-01-27T05:23:44","date_gmt":"2024-01-27T02:23:44","guid":{"rendered":"https:\/\/canverditicaret.com\/?post_type=product&#038;p=16886"},"modified":"2025-02-16T16:06:27","modified_gmt":"2025-02-16T13:06:27","slug":"universal-hedgecut-cit-budama-50","status":"publish","type":"product","link":"https:\/\/canverditicaret.com\/en\/product\/universal-hedgecut-cit-budama-50\/","title":{"rendered":"UNIVERSAL HEDGECUT HEDGE PRUNING 50"},"content":{"rendered":"<table class=\"table table-borderless table-layout-fixed table-striped table-hover bg-lg-c255 mb-0\">\n<tbody>\n<tr>\n<th>Fuel Type<\/th>\n<td>Electric<\/td>\n<\/tr>\n<tr>\n<th>Working Mechanism<\/th>\n<td>Electric<\/td>\n<\/tr>\n<tr>\n<th>Strength<\/th>\n<td>480 Watts<\/td>\n<\/tr>\n<tr>\n<th>Motor power<\/th>\n<td>0.64 hp<\/td>\n<\/tr>\n<tr>\n<th>Colour<\/th>\n<td>Green<\/td>\n<\/tr>\n<tr>\n<th>Material<\/th>\n<td>Metal<\/td>\n<\/tr>\n<tr>\n<th>Model<\/th>\n<td>Pruning<\/td>\n<\/tr>\n<tr>\n<th>Material Detail<\/th>\n<td>Metal \u2013 Plastic<\/td>\n<\/tr>\n<\/tbody>\n<\/table>","protected":false},"excerpt":{"rendered":"<p>Fuel Type Electric Working Mechanism Electric Power 480 Watt Engine Power 0.64 hp Color Green Material Metal Model Pruning Material<\/p>","protected":false},"featured_media":16991,"comment_status":"open","ping_status":"closed","template":"","meta":[],"product_cat":[79],"product_tag":[],"class_list":["post-16886","product","type-product","status-publish","has-post-thumbnail","hentry","product_cat-elektrikli-el-aletleri"],"yoast_head":"<!-- This site is optimized with the Yoast SEO plugin v21.6 - https:\/\/yoast.com\/wordpress\/plugins\/seo\/ -->\n<title>UNIVERSAL HEDGECUT \u00c7\u0130T BUDAMA 50 - Can Verdi Ticaret<\/title>\n<meta name=\"robots\" content=\"index, follow, max-snippet:-1, max-image-preview:large, max-video-preview:-1\" \/>\n<link rel=\"canonical\" href=\"https:\/\/canverditicaret.com\/en\/product\/universal-hedgecut-cit-budama-50\/\" \/>\n<meta property=\"og:locale\" content=\"en_US\" \/>\n<meta property=\"og:type\" content=\"article\" \/>\n<meta property=\"og:title\" content=\"UNIVERSAL HEDGECUT \u00c7\u0130T BUDAMA 50 - Can Verdi Ticaret\" \/>\n<meta property=\"og:description\" content=\"Yak\u0131t T\u00fcr\u00fc Elektrik \u00c7al\u0131\u015fma Mekanizmas\u0131 Elektrik G\u00fc\u00e7 480 Watt Motor G\u00fcc\u00fc 0.64 hp Renk Ye\u015fil Malzeme Metal Modeli Budama Malzeme\" \/>\n<meta property=\"og:url\" content=\"https:\/\/canverditicaret.com\/en\/product\/universal-hedgecut-cit-budama-50\/\" \/>\n<meta property=\"og:site_name\" content=\"Can Verdi Ticaret\" \/>\n<meta property=\"article:modified_time\" content=\"2025-02-16T13:06:27+00:00\" \/>\n<meta property=\"og:image\" content=\"https:\/\/canverditicaret.com\/wp-content\/uploads\/2024\/01\/1000408777.png\" \/>\n\t<meta property=\"og:image:width\" content=\"1024\" \/>\n\t<meta property=\"og:image:height\" content=\"1024\" \/>\n\t<meta property=\"og:image:type\" content=\"image\/png\" \/>\n<meta name=\"twitter:card\" content=\"summary_large_image\" \/>\n<meta name=\"twitter:label1\" content=\"Est. reading time\" \/>\n\t<meta name=\"twitter:data1\" content=\"1 minute\" \/>\n<script type=\"application\/ld+json\" class=\"yoast-schema-graph\">{\"@context\":\"https:\/\/schema.org\",\"@graph\":[{\"@type\":\"WebPage\",\"@id\":\"https:\/\/canverditicaret.com\/urun\/universal-hedgecut-cit-budama-50\/\",\"url\":\"https:\/\/canverditicaret.com\/urun\/universal-hedgecut-cit-budama-50\/\",\"name\":\"UNIVERSAL HEDGECUT \u00c7\u0130T BUDAMA 50 - Can Verdi Ticaret\",\"isPartOf\":{\"@id\":\"https:\/\/canverditicaret.com\/#website\"},\"datePublished\":\"2024-01-27T02:23:44+00:00\",\"dateModified\":\"2025-02-16T13:06:27+00:00\",\"breadcrumb\":{\"@id\":\"https:\/\/canverditicaret.com\/urun\/universal-hedgecut-cit-budama-50\/#breadcrumb\"},\"inLanguage\":\"en-US\",\"potentialAction\":[{\"@type\":\"ReadAction\",\"target\":[\"https:\/\/canverditicaret.com\/urun\/universal-hedgecut-cit-budama-50\/\"]}]},{\"@type\":\"BreadcrumbList\",\"@id\":\"https:\/\/canverditicaret.com\/urun\/universal-hedgecut-cit-budama-50\/#breadcrumb\",\"itemListElement\":[{\"@type\":\"ListItem\",\"position\":1,\"name\":\"Anasayfa\",\"item\":\"https:\/\/canverditicaret.com\/\"},{\"@type\":\"ListItem\",\"position\":2,\"name\":\"Ma\u011faza\",\"item\":\"https:\/\/canverditicaret.com\/shop\/\"},{\"@type\":\"ListItem\",\"position\":3,\"name\":\"UNIVERSAL HEDGECUT \u00c7\u0130T BUDAMA 50\"}]},{\"@type\":\"WebSite\",\"@id\":\"https:\/\/canverditicaret.com\/#website\",\"url\":\"https:\/\/canverditicaret.com\/\",\"name\":\"Can Verdi Ticaret\",\"description\":\"Can Verdi Ticaret\",\"potentialAction\":[{\"@type\":\"SearchAction\",\"target\":{\"@type\":\"EntryPoint\",\"urlTemplate\":\"https:\/\/canverditicaret.com\/?s={search_term_string}\"},\"query-input\":\"required name=search_term_string\"}],\"inLanguage\":\"en-US\"}]}<\/script>\n<!-- \/ Yoast SEO plugin. -->","yoast_head_json":{"title":"UNIVERSAL HEDGECUT \u00c7\u0130T BUDAMA 50 - Can Verdi Ticaret","robots":{"index":"index","follow":"follow","max-snippet":"max-snippet:-1","max-image-preview":"max-image-preview:large","max-video-preview":"max-video-preview:-1"},"canonical":"https:\/\/canverditicaret.com\/en\/product\/universal-hedgecut-cit-budama-50\/","og_locale":"en_US","og_type":"article","og_title":"UNIVERSAL HEDGECUT \u00c7\u0130T BUDAMA 50 - Can Verdi Ticaret","og_description":"Yak\u0131t T\u00fcr\u00fc Elektrik \u00c7al\u0131\u015fma Mekanizmas\u0131 Elektrik G\u00fc\u00e7 480 Watt Motor G\u00fcc\u00fc 0.64 hp Renk Ye\u015fil Malzeme Metal Modeli Budama Malzeme","og_url":"https:\/\/canverditicaret.com\/en\/product\/universal-hedgecut-cit-budama-50\/","og_site_name":"Can Verdi Ticaret","article_modified_time":"2025-02-16T13:06:27+00:00","og_image":[{"width":1024,"height":1024,"url":"https:\/\/canverditicaret.com\/wp-content\/uploads\/2024\/01\/1000408777.png","type":"image\/png"}],"twitter_card":"summary_large_image","twitter_misc":{"Est. reading time":"1 minute"},"schema":{"@context":"https:\/\/schema.org","@graph":[{"@type":"WebPage","@id":"https:\/\/canverditicaret.com\/urun\/universal-hedgecut-cit-budama-50\/","url":"https:\/\/canverditicaret.com\/urun\/universal-hedgecut-cit-budama-50\/","name":"UNIVERSAL HEDGECUT \u00c7\u0130T BUDAMA 50 - Can Verdi Ticaret","isPartOf":{"@id":"https:\/\/canverditicaret.com\/#website"},"datePublished":"2024-01-27T02:23:44+00:00","dateModified":"2025-02-16T13:06:27+00:00","breadcrumb":{"@id":"https:\/\/canverditicaret.com\/urun\/universal-hedgecut-cit-budama-50\/#breadcrumb"},"inLanguage":"en-US","potentialAction":[{"@type":"ReadAction","target":["https:\/\/canverditicaret.com\/urun\/universal-hedgecut-cit-budama-50\/"]}]},{"@type":"BreadcrumbList","@id":"https:\/\/canverditicaret.com\/urun\/universal-hedgecut-cit-budama-50\/#breadcrumb","itemListElement":[{"@type":"ListItem","position":1,"name":"Anasayfa","item":"https:\/\/canverditicaret.com\/"},{"@type":"ListItem","position":2,"name":"Ma\u011faza","item":"https:\/\/canverditicaret.com\/shop\/"},{"@type":"ListItem","position":3,"name":"UNIVERSAL HEDGECUT \u00c7\u0130T BUDAMA 50"}]},{"@type":"WebSite","@id":"https:\/\/canverditicaret.com\/#website","url":"https:\/\/canverditicaret.com\/","name":"Can Verdi Ticaret","description":"Can Verdi Ticaret","potentialAction":[{"@type":"SearchAction","target":{"@type":"EntryPoint","urlTemplate":"https:\/\/canverditicaret.com\/?s={search_term_string}"},"query-input":"required name=search_term_string"}],"inLanguage":"en-US"}]}},"_links":{"self":[{"href":"https:\/\/canverditicaret.com\/en\/wp-json\/wp\/v2\/product\/16886","targetHints":{"allow":["GET"]}}],"collection":[{"href":"https:\/\/canverditicaret.com\/en\/wp-json\/wp\/v2\/product"}],"about":[{"href":"https:\/\/canverditicaret.com\/en\/wp-json\/wp\/v2\/types\/product"}],"replies":[{"embeddable":true,"href":"https:\/\/canverditicaret.com\/en\/wp-json\/wp\/v2\/comments?post=16886"}],"version-history":[{"count":1,"href":"https:\/\/canverditicaret.com\/en\/wp-json\/wp\/v2\/product\/16886\/revisions"}],"predecessor-version":[{"id":16894,"href":"https:\/\/canverditicaret.com\/en\/wp-json\/wp\/v2\/product\/16886\/revisions\/16894"}],"wp:featuredmedia":[{"embeddable":true,"href":"https:\/\/canverditicaret.com\/en\/wp-json\/wp\/v2\/media\/16991"}],"wp:attachment":[{"href":"https:\/\/canverditicaret.com\/en\/wp-json\/wp\/v2\/media?parent=16886"}],"wp:term":[{"taxonomy":"product_cat","embeddable":true,"href":"https:\/\/canverditicaret.com\/en\/wp-json\/wp\/v2\/product_cat?post=16886"},{"taxonomy":"product_tag","embeddable":true,"href":"https:\/\/canverditicaret.com\/en\/wp-json\/wp\/v2\/product_tag?post=16886"}],"curies":[{"name":"wp","href":"https:\/\/api.w.org\/{rel}","templated":true}]}}