{"id":16856,"date":"2024-01-27T05:27:29","date_gmt":"2024-01-27T02:27:29","guid":{"rendered":"https:\/\/canverditicaret.com\/?post_type=product&#038;p=16856"},"modified":"2025-02-16T16:06:28","modified_gmt":"2025-02-16T13:06:28","slug":"teleskopik-agac-budama-18-v-akulu","status":"publish","type":"product","link":"https:\/\/canverditicaret.com\/en\/product\/teleskopik-agac-budama-18-v-akulu\/","title":{"rendered":"TELESCOPIC TREE PRUNING 18 V BATTERY OPERATED"},"content":{"rendered":"<table class=\"table table-borderless table-layout-fixed table-striped table-hover bg-lg-c255 mb-0\">\n<tbody>\n<tr>\n<th>Fuel Type<\/th>\n<td>cordless<\/td>\n<\/tr>\n<tr>\n<th>Height<\/th>\n<td>210cm<\/td>\n<\/tr>\n<tr>\n<th>Width<\/th>\n<td>12.5cm<\/td>\n<\/tr>\n<tr>\n<th>Depth<\/th>\n<td>17cm<\/td>\n<\/tr>\n<tr>\n<th>Weight<\/th>\n<td>3.8kg<\/td>\n<\/tr>\n<tr>\n<th>Strength<\/th>\n<td>18 Watts<\/td>\n<\/tr>\n<tr>\n<th>Motor power<\/th>\n<td>0.02hp<\/td>\n<\/tr>\n<tr>\n<th>Color Detail<\/th>\n<td>Green<\/td>\n<\/tr>\n<tr>\n<th>Colour<\/th>\n<td>Green<\/td>\n<\/tr>\n<tr>\n<th>Material<\/th>\n<td>Metal<\/td>\n<\/tr>\n<tr>\n<th>Material Detail<\/th>\n<td>Metal<\/td>\n<\/tr>\n<\/tbody>\n<\/table>","protected":false},"excerpt":{"rendered":"<p>Fuel Type Battery Powered Height 210 cm Width 12.5 cm Depth 17 cm Weight 3.8 kg Power 18 Watt Engine Power<\/p>","protected":false},"featured_media":17028,"comment_status":"open","ping_status":"closed","template":"","meta":[],"product_cat":[79],"product_tag":[],"class_list":["post-16856","product","type-product","status-publish","has-post-thumbnail","hentry","product_cat-elektrikli-el-aletleri"],"yoast_head":"<!-- This site is optimized with the Yoast SEO plugin v21.6 - https:\/\/yoast.com\/wordpress\/plugins\/seo\/ -->\n<title>TELESKOPIK A\u011eA\u00c7 BUDAMA 18 V AK\u00dcL\u00dc - Can Verdi Ticaret<\/title>\n<meta name=\"robots\" content=\"index, follow, max-snippet:-1, max-image-preview:large, max-video-preview:-1\" \/>\n<link rel=\"canonical\" href=\"https:\/\/canverditicaret.com\/en\/product\/teleskopik-agac-budama-18-v-akulu\/\" \/>\n<meta property=\"og:locale\" content=\"en_US\" \/>\n<meta property=\"og:type\" content=\"article\" \/>\n<meta property=\"og:title\" content=\"TELESKOPIK A\u011eA\u00c7 BUDAMA 18 V AK\u00dcL\u00dc - Can Verdi Ticaret\" \/>\n<meta property=\"og:description\" content=\"Yak\u0131t T\u00fcr\u00fc Ak\u00fcl\u00fc Y\u00fckseklik 210 cm Geni\u015flik 12.5 cm Derinlik 17 cm A\u011f\u0131rl\u0131k 3.8 kg G\u00fc\u00e7 18 Watt Motor G\u00fcc\u00fc\" \/>\n<meta property=\"og:url\" content=\"https:\/\/canverditicaret.com\/en\/product\/teleskopik-agac-budama-18-v-akulu\/\" \/>\n<meta property=\"og:site_name\" content=\"Can Verdi Ticaret\" \/>\n<meta property=\"article:modified_time\" content=\"2025-02-16T13:06:28+00:00\" \/>\n<meta property=\"og:image\" content=\"https:\/\/canverditicaret.com\/wp-content\/uploads\/2024\/01\/1000528552.png\" \/>\n\t<meta property=\"og:image:width\" content=\"1024\" \/>\n\t<meta property=\"og:image:height\" content=\"1024\" \/>\n\t<meta property=\"og:image:type\" content=\"image\/png\" \/>\n<meta name=\"twitter:card\" content=\"summary_large_image\" \/>\n<meta name=\"twitter:label1\" content=\"Est. reading time\" \/>\n\t<meta name=\"twitter:data1\" content=\"1 minute\" \/>\n<script type=\"application\/ld+json\" class=\"yoast-schema-graph\">{\"@context\":\"https:\/\/schema.org\",\"@graph\":[{\"@type\":\"WebPage\",\"@id\":\"https:\/\/canverditicaret.com\/urun\/teleskopik-agac-budama-18-v-akulu\/\",\"url\":\"https:\/\/canverditicaret.com\/urun\/teleskopik-agac-budama-18-v-akulu\/\",\"name\":\"TELESKOPIK A\u011eA\u00c7 BUDAMA 18 V AK\u00dcL\u00dc - Can Verdi Ticaret\",\"isPartOf\":{\"@id\":\"https:\/\/canverditicaret.com\/#website\"},\"datePublished\":\"2024-01-27T02:27:29+00:00\",\"dateModified\":\"2025-02-16T13:06:28+00:00\",\"breadcrumb\":{\"@id\":\"https:\/\/canverditicaret.com\/urun\/teleskopik-agac-budama-18-v-akulu\/#breadcrumb\"},\"inLanguage\":\"en-US\",\"potentialAction\":[{\"@type\":\"ReadAction\",\"target\":[\"https:\/\/canverditicaret.com\/urun\/teleskopik-agac-budama-18-v-akulu\/\"]}]},{\"@type\":\"BreadcrumbList\",\"@id\":\"https:\/\/canverditicaret.com\/urun\/teleskopik-agac-budama-18-v-akulu\/#breadcrumb\",\"itemListElement\":[{\"@type\":\"ListItem\",\"position\":1,\"name\":\"Anasayfa\",\"item\":\"https:\/\/canverditicaret.com\/\"},{\"@type\":\"ListItem\",\"position\":2,\"name\":\"Ma\u011faza\",\"item\":\"https:\/\/canverditicaret.com\/shop\/\"},{\"@type\":\"ListItem\",\"position\":3,\"name\":\"TELESKOPIK A\u011eA\u00c7 BUDAMA 18 V AK\u00dcL\u00dc\"}]},{\"@type\":\"WebSite\",\"@id\":\"https:\/\/canverditicaret.com\/#website\",\"url\":\"https:\/\/canverditicaret.com\/\",\"name\":\"Can Verdi Ticaret\",\"description\":\"Can Verdi Ticaret\",\"potentialAction\":[{\"@type\":\"SearchAction\",\"target\":{\"@type\":\"EntryPoint\",\"urlTemplate\":\"https:\/\/canverditicaret.com\/?s={search_term_string}\"},\"query-input\":\"required name=search_term_string\"}],\"inLanguage\":\"en-US\"}]}<\/script>\n<!-- \/ Yoast SEO plugin. -->","yoast_head_json":{"title":"TELESKOPIK A\u011eA\u00c7 BUDAMA 18 V AK\u00dcL\u00dc - Can Verdi Ticaret","robots":{"index":"index","follow":"follow","max-snippet":"max-snippet:-1","max-image-preview":"max-image-preview:large","max-video-preview":"max-video-preview:-1"},"canonical":"https:\/\/canverditicaret.com\/en\/product\/teleskopik-agac-budama-18-v-akulu\/","og_locale":"en_US","og_type":"article","og_title":"TELESKOPIK A\u011eA\u00c7 BUDAMA 18 V AK\u00dcL\u00dc - Can Verdi Ticaret","og_description":"Yak\u0131t T\u00fcr\u00fc Ak\u00fcl\u00fc Y\u00fckseklik 210 cm Geni\u015flik 12.5 cm Derinlik 17 cm A\u011f\u0131rl\u0131k 3.8 kg G\u00fc\u00e7 18 Watt Motor G\u00fcc\u00fc","og_url":"https:\/\/canverditicaret.com\/en\/product\/teleskopik-agac-budama-18-v-akulu\/","og_site_name":"Can Verdi Ticaret","article_modified_time":"2025-02-16T13:06:28+00:00","og_image":[{"width":1024,"height":1024,"url":"https:\/\/canverditicaret.com\/wp-content\/uploads\/2024\/01\/1000528552.png","type":"image\/png"}],"twitter_card":"summary_large_image","twitter_misc":{"Est. reading time":"1 minute"},"schema":{"@context":"https:\/\/schema.org","@graph":[{"@type":"WebPage","@id":"https:\/\/canverditicaret.com\/urun\/teleskopik-agac-budama-18-v-akulu\/","url":"https:\/\/canverditicaret.com\/urun\/teleskopik-agac-budama-18-v-akulu\/","name":"TELESKOPIK A\u011eA\u00c7 BUDAMA 18 V AK\u00dcL\u00dc - Can Verdi Ticaret","isPartOf":{"@id":"https:\/\/canverditicaret.com\/#website"},"datePublished":"2024-01-27T02:27:29+00:00","dateModified":"2025-02-16T13:06:28+00:00","breadcrumb":{"@id":"https:\/\/canverditicaret.com\/urun\/teleskopik-agac-budama-18-v-akulu\/#breadcrumb"},"inLanguage":"en-US","potentialAction":[{"@type":"ReadAction","target":["https:\/\/canverditicaret.com\/urun\/teleskopik-agac-budama-18-v-akulu\/"]}]},{"@type":"BreadcrumbList","@id":"https:\/\/canverditicaret.com\/urun\/teleskopik-agac-budama-18-v-akulu\/#breadcrumb","itemListElement":[{"@type":"ListItem","position":1,"name":"Anasayfa","item":"https:\/\/canverditicaret.com\/"},{"@type":"ListItem","position":2,"name":"Ma\u011faza","item":"https:\/\/canverditicaret.com\/shop\/"},{"@type":"ListItem","position":3,"name":"TELESKOPIK A\u011eA\u00c7 BUDAMA 18 V AK\u00dcL\u00dc"}]},{"@type":"WebSite","@id":"https:\/\/canverditicaret.com\/#website","url":"https:\/\/canverditicaret.com\/","name":"Can Verdi Ticaret","description":"Can Verdi Ticaret","potentialAction":[{"@type":"SearchAction","target":{"@type":"EntryPoint","urlTemplate":"https:\/\/canverditicaret.com\/?s={search_term_string}"},"query-input":"required name=search_term_string"}],"inLanguage":"en-US"}]}},"_links":{"self":[{"href":"https:\/\/canverditicaret.com\/en\/wp-json\/wp\/v2\/product\/16856","targetHints":{"allow":["GET"]}}],"collection":[{"href":"https:\/\/canverditicaret.com\/en\/wp-json\/wp\/v2\/product"}],"about":[{"href":"https:\/\/canverditicaret.com\/en\/wp-json\/wp\/v2\/types\/product"}],"replies":[{"embeddable":true,"href":"https:\/\/canverditicaret.com\/en\/wp-json\/wp\/v2\/comments?post=16856"}],"version-history":[{"count":1,"href":"https:\/\/canverditicaret.com\/en\/wp-json\/wp\/v2\/product\/16856\/revisions"}],"predecessor-version":[{"id":16866,"href":"https:\/\/canverditicaret.com\/en\/wp-json\/wp\/v2\/product\/16856\/revisions\/16866"}],"wp:featuredmedia":[{"embeddable":true,"href":"https:\/\/canverditicaret.com\/en\/wp-json\/wp\/v2\/media\/17028"}],"wp:attachment":[{"href":"https:\/\/canverditicaret.com\/en\/wp-json\/wp\/v2\/media?parent=16856"}],"wp:term":[{"taxonomy":"product_cat","embeddable":true,"href":"https:\/\/canverditicaret.com\/en\/wp-json\/wp\/v2\/product_cat?post=16856"},{"taxonomy":"product_tag","embeddable":true,"href":"https:\/\/canverditicaret.com\/en\/wp-json\/wp\/v2\/product_tag?post=16856"}],"curies":[{"name":"wp","href":"https:\/\/api.w.org\/{rel}","templated":true}]}}