{"id":16829,"date":"2024-01-27T05:30:35","date_gmt":"2024-01-27T02:30:35","guid":{"rendered":"https:\/\/canverditicaret.com\/?post_type=product&#038;p=16829"},"modified":"2025-02-16T16:06:29","modified_gmt":"2025-02-16T13:06:29","slug":"stanley-ss30-eksantrk-zimpara-300w-125mm","status":"publish","type":"product","link":"https:\/\/canverditicaret.com\/en\/product\/stanley-ss30-eksantrk-zimpara-300w-125mm\/","title":{"rendered":"STANLEY SS30 ECCENTRIC SANDER 300W 125MM"},"content":{"rendered":"<div class=\"coh-container description-container-wrapper gsap-fadein-section coh-style-product-description\">\n<div class=\"coh-container description-container\">\n<h2 class=\"coh-heading coh-style-h1---default\">Product Overview<\/h2>\n<div class=\"coh-inline-element description\">Input Power is 300W. No-load speed is 0-13000 vibrations\/minute. Vibration diameter is 2mm. Paper size is 125mm. Base size is 125mm.<\/div>\n<\/div>\n<\/div>\n<div id=\"additional-product-features\" class=\"coh-container gsap-fadein-section coh-style-product-features-benefits\">\n<h2 class=\"coh-heading title coh-style-h1---default\">Additional features<\/h2>\n<div class=\"outer-additional-features-item\">\n<ul class=\"additional-feature-ul\">\n<li class=\"additional-feature-list-li\">Provides a clean work area with dust bag<\/li>\n<li class=\"additional-feature-list-li\">Dust-protected trigger increases durability<\/li>\n<\/ul>\n<\/div>\n<\/div>\n<div class=\"coh-container gsap-fadein-section coh-style-product-includes-section\">\n<h2 class=\"coh-heading title coh-style-h1---default\">Includes:<\/h2>\n<ul class=\"coh-list-container coh-unordered-list\">\n<li class=\"coh-list-item\">(1) Sandpaper, Dust Bag<\/li>\n<\/ul>\n<\/div>","protected":false},"excerpt":{"rendered":"<p>Product Overview Input Power is 300W. No-load speed is 0-13000 vibrations\/minute. Vibration diameter is 2mm. Paper size is 125mm. Base size is 125mm. Additional<\/p>","protected":false},"featured_media":17061,"comment_status":"open","ping_status":"closed","template":"","meta":[],"product_cat":[79],"product_tag":[],"class_list":["post-16829","product","type-product","status-publish","has-post-thumbnail","hentry","product_cat-elektrikli-el-aletleri"],"yoast_head":"<!-- This site is optimized with the Yoast SEO plugin v21.6 - https:\/\/yoast.com\/wordpress\/plugins\/seo\/ -->\n<title>STANLEY SS30 EKSANTRK ZIMPARA 300W 125MM - Can Verdi Ticaret<\/title>\n<meta name=\"robots\" content=\"index, follow, max-snippet:-1, max-image-preview:large, max-video-preview:-1\" \/>\n<link rel=\"canonical\" href=\"https:\/\/canverditicaret.com\/en\/product\/stanley-ss30-eksantrk-zimpara-300w-125mm\/\" \/>\n<meta property=\"og:locale\" content=\"en_US\" \/>\n<meta property=\"og:type\" content=\"article\" \/>\n<meta property=\"og:title\" content=\"STANLEY SS30 EKSANTRK ZIMPARA 300W 125MM - Can Verdi Ticaret\" \/>\n<meta property=\"og:description\" content=\"\u00dcr\u00fcne Genel Bak\u0131\u015f Giri\u015f G\u00fcc\u00fc 300W&#8217;tur. Y\u00fcks\u00fcz h\u0131z\u0131 0-13000 titre\u015fim\/dakikad\u0131r. Titre\u015fim \u00e7ap\u0131 2mm&#8217;dir. Ka\u011f\u0131t \u00f6l\u00e7\u00fcs\u00fc 125mm&#8217;dir. Taban \u00f6l\u00e7\u00fcs\u00fc 125mm&#8217;dir. Ek\" \/>\n<meta property=\"og:url\" content=\"https:\/\/canverditicaret.com\/en\/product\/stanley-ss30-eksantrk-zimpara-300w-125mm\/\" \/>\n<meta property=\"og:site_name\" content=\"Can Verdi Ticaret\" \/>\n<meta property=\"article:modified_time\" content=\"2025-02-16T13:06:29+00:00\" \/>\n<meta property=\"og:image\" content=\"https:\/\/canverditicaret.com\/wp-content\/uploads\/2024\/01\/1000777694.png\" \/>\n\t<meta property=\"og:image:width\" content=\"1024\" \/>\n\t<meta property=\"og:image:height\" content=\"1024\" \/>\n\t<meta property=\"og:image:type\" content=\"image\/png\" \/>\n<meta name=\"twitter:card\" content=\"summary_large_image\" \/>\n<meta name=\"twitter:label1\" content=\"Est. reading time\" \/>\n\t<meta name=\"twitter:data1\" content=\"1 minute\" \/>\n<script type=\"application\/ld+json\" class=\"yoast-schema-graph\">{\"@context\":\"https:\/\/schema.org\",\"@graph\":[{\"@type\":\"WebPage\",\"@id\":\"https:\/\/canverditicaret.com\/urun\/stanley-ss30-eksantrk-zimpara-300w-125mm\/\",\"url\":\"https:\/\/canverditicaret.com\/urun\/stanley-ss30-eksantrk-zimpara-300w-125mm\/\",\"name\":\"STANLEY SS30 EKSANTRK ZIMPARA 300W 125MM - Can Verdi Ticaret\",\"isPartOf\":{\"@id\":\"https:\/\/canverditicaret.com\/#website\"},\"datePublished\":\"2024-01-27T02:30:35+00:00\",\"dateModified\":\"2025-02-16T13:06:29+00:00\",\"breadcrumb\":{\"@id\":\"https:\/\/canverditicaret.com\/urun\/stanley-ss30-eksantrk-zimpara-300w-125mm\/#breadcrumb\"},\"inLanguage\":\"en-US\",\"potentialAction\":[{\"@type\":\"ReadAction\",\"target\":[\"https:\/\/canverditicaret.com\/urun\/stanley-ss30-eksantrk-zimpara-300w-125mm\/\"]}]},{\"@type\":\"BreadcrumbList\",\"@id\":\"https:\/\/canverditicaret.com\/urun\/stanley-ss30-eksantrk-zimpara-300w-125mm\/#breadcrumb\",\"itemListElement\":[{\"@type\":\"ListItem\",\"position\":1,\"name\":\"Anasayfa\",\"item\":\"https:\/\/canverditicaret.com\/\"},{\"@type\":\"ListItem\",\"position\":2,\"name\":\"Ma\u011faza\",\"item\":\"https:\/\/canverditicaret.com\/shop\/\"},{\"@type\":\"ListItem\",\"position\":3,\"name\":\"STANLEY SS30 EKSANTRK ZIMPARA 300W 125MM\"}]},{\"@type\":\"WebSite\",\"@id\":\"https:\/\/canverditicaret.com\/#website\",\"url\":\"https:\/\/canverditicaret.com\/\",\"name\":\"Can Verdi Ticaret\",\"description\":\"Can Verdi Ticaret\",\"potentialAction\":[{\"@type\":\"SearchAction\",\"target\":{\"@type\":\"EntryPoint\",\"urlTemplate\":\"https:\/\/canverditicaret.com\/?s={search_term_string}\"},\"query-input\":\"required name=search_term_string\"}],\"inLanguage\":\"en-US\"}]}<\/script>\n<!-- \/ Yoast SEO plugin. -->","yoast_head_json":{"title":"STANLEY SS30 EKSANTRK ZIMPARA 300W 125MM - Can Verdi Ticaret","robots":{"index":"index","follow":"follow","max-snippet":"max-snippet:-1","max-image-preview":"max-image-preview:large","max-video-preview":"max-video-preview:-1"},"canonical":"https:\/\/canverditicaret.com\/en\/product\/stanley-ss30-eksantrk-zimpara-300w-125mm\/","og_locale":"en_US","og_type":"article","og_title":"STANLEY SS30 EKSANTRK ZIMPARA 300W 125MM - Can Verdi Ticaret","og_description":"\u00dcr\u00fcne Genel Bak\u0131\u015f Giri\u015f G\u00fcc\u00fc 300W&#8217;tur. Y\u00fcks\u00fcz h\u0131z\u0131 0-13000 titre\u015fim\/dakikad\u0131r. Titre\u015fim \u00e7ap\u0131 2mm&#8217;dir. Ka\u011f\u0131t \u00f6l\u00e7\u00fcs\u00fc 125mm&#8217;dir. Taban \u00f6l\u00e7\u00fcs\u00fc 125mm&#8217;dir. Ek","og_url":"https:\/\/canverditicaret.com\/en\/product\/stanley-ss30-eksantrk-zimpara-300w-125mm\/","og_site_name":"Can Verdi Ticaret","article_modified_time":"2025-02-16T13:06:29+00:00","og_image":[{"width":1024,"height":1024,"url":"https:\/\/canverditicaret.com\/wp-content\/uploads\/2024\/01\/1000777694.png","type":"image\/png"}],"twitter_card":"summary_large_image","twitter_misc":{"Est. reading time":"1 minute"},"schema":{"@context":"https:\/\/schema.org","@graph":[{"@type":"WebPage","@id":"https:\/\/canverditicaret.com\/urun\/stanley-ss30-eksantrk-zimpara-300w-125mm\/","url":"https:\/\/canverditicaret.com\/urun\/stanley-ss30-eksantrk-zimpara-300w-125mm\/","name":"STANLEY SS30 EKSANTRK ZIMPARA 300W 125MM - Can Verdi Ticaret","isPartOf":{"@id":"https:\/\/canverditicaret.com\/#website"},"datePublished":"2024-01-27T02:30:35+00:00","dateModified":"2025-02-16T13:06:29+00:00","breadcrumb":{"@id":"https:\/\/canverditicaret.com\/urun\/stanley-ss30-eksantrk-zimpara-300w-125mm\/#breadcrumb"},"inLanguage":"en-US","potentialAction":[{"@type":"ReadAction","target":["https:\/\/canverditicaret.com\/urun\/stanley-ss30-eksantrk-zimpara-300w-125mm\/"]}]},{"@type":"BreadcrumbList","@id":"https:\/\/canverditicaret.com\/urun\/stanley-ss30-eksantrk-zimpara-300w-125mm\/#breadcrumb","itemListElement":[{"@type":"ListItem","position":1,"name":"Anasayfa","item":"https:\/\/canverditicaret.com\/"},{"@type":"ListItem","position":2,"name":"Ma\u011faza","item":"https:\/\/canverditicaret.com\/shop\/"},{"@type":"ListItem","position":3,"name":"STANLEY SS30 EKSANTRK ZIMPARA 300W 125MM"}]},{"@type":"WebSite","@id":"https:\/\/canverditicaret.com\/#website","url":"https:\/\/canverditicaret.com\/","name":"Can Verdi Ticaret","description":"Can Verdi Ticaret","potentialAction":[{"@type":"SearchAction","target":{"@type":"EntryPoint","urlTemplate":"https:\/\/canverditicaret.com\/?s={search_term_string}"},"query-input":"required name=search_term_string"}],"inLanguage":"en-US"}]}},"_links":{"self":[{"href":"https:\/\/canverditicaret.com\/en\/wp-json\/wp\/v2\/product\/16829","targetHints":{"allow":["GET"]}}],"collection":[{"href":"https:\/\/canverditicaret.com\/en\/wp-json\/wp\/v2\/product"}],"about":[{"href":"https:\/\/canverditicaret.com\/en\/wp-json\/wp\/v2\/types\/product"}],"replies":[{"embeddable":true,"href":"https:\/\/canverditicaret.com\/en\/wp-json\/wp\/v2\/comments?post=16829"}],"version-history":[{"count":1,"href":"https:\/\/canverditicaret.com\/en\/wp-json\/wp\/v2\/product\/16829\/revisions"}],"predecessor-version":[{"id":16850,"href":"https:\/\/canverditicaret.com\/en\/wp-json\/wp\/v2\/product\/16829\/revisions\/16850"}],"wp:featuredmedia":[{"embeddable":true,"href":"https:\/\/canverditicaret.com\/en\/wp-json\/wp\/v2\/media\/17061"}],"wp:attachment":[{"href":"https:\/\/canverditicaret.com\/en\/wp-json\/wp\/v2\/media?parent=16829"}],"wp:term":[{"taxonomy":"product_cat","embeddable":true,"href":"https:\/\/canverditicaret.com\/en\/wp-json\/wp\/v2\/product_cat?post=16829"},{"taxonomy":"product_tag","embeddable":true,"href":"https:\/\/canverditicaret.com\/en\/wp-json\/wp\/v2\/product_tag?post=16829"}],"curies":[{"name":"wp","href":"https:\/\/api.w.org\/{rel}","templated":true}]}}