{"id":16781,"date":"2024-01-27T05:30:03","date_gmt":"2024-01-27T02:30:03","guid":{"rendered":"https:\/\/canverditicaret.com\/?post_type=product&#038;p=16781"},"modified":"2025-02-16T16:06:29","modified_gmt":"2025-02-16T13:06:29","slug":"stanley-sp137-tr-polisaj-makinesi-1300w","status":"publish","type":"product","link":"https:\/\/canverditicaret.com\/en\/product\/stanley-sp137-tr-polisaj-makinesi-1300w\/","title":{"rendered":"STANLEY SP137-TR POLISHING MACHINE 1300W"},"content":{"rendered":"<table class=\"table table-borderless table-layout-fixed table-striped table-hover bg-lg-c255 mb-0\">\n<tbody>\n<tr>\n<th>Cord Length<\/th>\n<td>2cm<\/td>\n<\/tr>\n<tr>\n<th>Sanding Pad Diameter Size<\/th>\n<td>180mm<\/td>\n<\/tr>\n<tr>\n<th>Speed Adjustable<\/th>\n<td>Yes<\/td>\n<\/tr>\n<tr>\n<th>Load Securing<\/th>\n<td>None<\/td>\n<\/tr>\n<tr>\n<th>Side Handle<\/th>\n<td>Yes<\/td>\n<\/tr>\n<tr>\n<th>No Load Speed<\/th>\n<td>500 rpm<\/td>\n<\/tr>\n<tr>\n<th>Vibration RPM<\/th>\n<td>500 tits\/min<\/td>\n<\/tr>\n<tr>\n<th>Dust Extraction Adapter<\/th>\n<td>None<\/td>\n<\/tr>\n<tr>\n<th>Spindle Lock<\/th>\n<td>There is<\/td>\n<\/tr>\n<tr>\n<th>Sandpaper Type<\/th>\n<td>0<\/td>\n<\/tr>\n<tr>\n<th>Strength<\/th>\n<td>1300 Watts<\/td>\n<\/tr>\n<tr>\n<th>Package Included<\/th>\n<td>Machine-wool Felt-base-d Sap-an<\/td>\n<\/tr>\n<tr>\n<th>Weight<\/th>\n<td>3.2kg<\/td>\n<\/tr>\n<\/tbody>\n<\/table>","protected":false},"excerpt":{"rendered":"<p>Cord Length 2 cm Sanding Base Diameter 180 mm Speed Adjustable Yes No Load Safety With Side Handle Yes<\/p>","protected":false},"featured_media":17059,"comment_status":"open","ping_status":"closed","template":"","meta":[],"product_cat":[79],"product_tag":[],"class_list":["post-16781","product","type-product","status-publish","has-post-thumbnail","hentry","product_cat-elektrikli-el-aletleri"],"yoast_head":"<!-- This site is optimized with the Yoast SEO plugin v21.6 - https:\/\/yoast.com\/wordpress\/plugins\/seo\/ -->\n<title>STANLEY SP137-TR POLISAJ MAKINESI 1300W - Can Verdi Ticaret<\/title>\n<meta name=\"robots\" content=\"index, follow, max-snippet:-1, max-image-preview:large, max-video-preview:-1\" \/>\n<link rel=\"canonical\" href=\"https:\/\/canverditicaret.com\/en\/product\/stanley-sp137-tr-polisaj-makinesi-1300w\/\" \/>\n<meta property=\"og:locale\" content=\"en_US\" \/>\n<meta property=\"og:type\" content=\"article\" \/>\n<meta property=\"og:title\" content=\"STANLEY SP137-TR POLISAJ MAKINESI 1300W - Can Verdi Ticaret\" \/>\n<meta property=\"og:description\" content=\"Kordon Uzunlu\u011fu 2 cm Z\u0131mpara Taban\u0131 \u00c7ap\u0131 \u00d6l\u00e7\u00fcs\u00fc 180 mm Devir Ayarl\u0131 Evet Y\u00fck Emniyeti Yok Yant Tutma Sapl\u0131 Evet\" \/>\n<meta property=\"og:url\" content=\"https:\/\/canverditicaret.com\/en\/product\/stanley-sp137-tr-polisaj-makinesi-1300w\/\" \/>\n<meta property=\"og:site_name\" content=\"Can Verdi Ticaret\" \/>\n<meta property=\"article:modified_time\" content=\"2025-02-16T13:06:29+00:00\" \/>\n<meta property=\"og:image\" content=\"https:\/\/canverditicaret.com\/wp-content\/uploads\/2024\/01\/1000777016.png\" \/>\n\t<meta property=\"og:image:width\" content=\"1024\" \/>\n\t<meta property=\"og:image:height\" content=\"1024\" \/>\n\t<meta property=\"og:image:type\" content=\"image\/png\" \/>\n<meta name=\"twitter:card\" content=\"summary_large_image\" \/>\n<meta name=\"twitter:label1\" content=\"Est. reading time\" \/>\n\t<meta name=\"twitter:data1\" content=\"1 minute\" \/>\n<script type=\"application\/ld+json\" class=\"yoast-schema-graph\">{\"@context\":\"https:\/\/schema.org\",\"@graph\":[{\"@type\":\"WebPage\",\"@id\":\"https:\/\/canverditicaret.com\/urun\/stanley-sp137-tr-polisaj-makinesi-1300w\/\",\"url\":\"https:\/\/canverditicaret.com\/urun\/stanley-sp137-tr-polisaj-makinesi-1300w\/\",\"name\":\"STANLEY SP137-TR POLISAJ MAKINESI 1300W - Can Verdi Ticaret\",\"isPartOf\":{\"@id\":\"https:\/\/canverditicaret.com\/#website\"},\"datePublished\":\"2024-01-27T02:30:03+00:00\",\"dateModified\":\"2025-02-16T13:06:29+00:00\",\"breadcrumb\":{\"@id\":\"https:\/\/canverditicaret.com\/urun\/stanley-sp137-tr-polisaj-makinesi-1300w\/#breadcrumb\"},\"inLanguage\":\"en-US\",\"potentialAction\":[{\"@type\":\"ReadAction\",\"target\":[\"https:\/\/canverditicaret.com\/urun\/stanley-sp137-tr-polisaj-makinesi-1300w\/\"]}]},{\"@type\":\"BreadcrumbList\",\"@id\":\"https:\/\/canverditicaret.com\/urun\/stanley-sp137-tr-polisaj-makinesi-1300w\/#breadcrumb\",\"itemListElement\":[{\"@type\":\"ListItem\",\"position\":1,\"name\":\"Anasayfa\",\"item\":\"https:\/\/canverditicaret.com\/\"},{\"@type\":\"ListItem\",\"position\":2,\"name\":\"Ma\u011faza\",\"item\":\"https:\/\/canverditicaret.com\/shop\/\"},{\"@type\":\"ListItem\",\"position\":3,\"name\":\"STANLEY SP137-TR POLISAJ MAKINESI 1300W\"}]},{\"@type\":\"WebSite\",\"@id\":\"https:\/\/canverditicaret.com\/#website\",\"url\":\"https:\/\/canverditicaret.com\/\",\"name\":\"Can Verdi Ticaret\",\"description\":\"Can Verdi Ticaret\",\"potentialAction\":[{\"@type\":\"SearchAction\",\"target\":{\"@type\":\"EntryPoint\",\"urlTemplate\":\"https:\/\/canverditicaret.com\/?s={search_term_string}\"},\"query-input\":\"required name=search_term_string\"}],\"inLanguage\":\"en-US\"}]}<\/script>\n<!-- \/ Yoast SEO plugin. -->","yoast_head_json":{"title":"STANLEY SP137-TR POLISAJ MAKINESI 1300W - Can Verdi Ticaret","robots":{"index":"index","follow":"follow","max-snippet":"max-snippet:-1","max-image-preview":"max-image-preview:large","max-video-preview":"max-video-preview:-1"},"canonical":"https:\/\/canverditicaret.com\/en\/product\/stanley-sp137-tr-polisaj-makinesi-1300w\/","og_locale":"en_US","og_type":"article","og_title":"STANLEY SP137-TR POLISAJ MAKINESI 1300W - Can Verdi Ticaret","og_description":"Kordon Uzunlu\u011fu 2 cm Z\u0131mpara Taban\u0131 \u00c7ap\u0131 \u00d6l\u00e7\u00fcs\u00fc 180 mm Devir Ayarl\u0131 Evet Y\u00fck Emniyeti Yok Yant Tutma Sapl\u0131 Evet","og_url":"https:\/\/canverditicaret.com\/en\/product\/stanley-sp137-tr-polisaj-makinesi-1300w\/","og_site_name":"Can Verdi Ticaret","article_modified_time":"2025-02-16T13:06:29+00:00","og_image":[{"width":1024,"height":1024,"url":"https:\/\/canverditicaret.com\/wp-content\/uploads\/2024\/01\/1000777016.png","type":"image\/png"}],"twitter_card":"summary_large_image","twitter_misc":{"Est. reading time":"1 minute"},"schema":{"@context":"https:\/\/schema.org","@graph":[{"@type":"WebPage","@id":"https:\/\/canverditicaret.com\/urun\/stanley-sp137-tr-polisaj-makinesi-1300w\/","url":"https:\/\/canverditicaret.com\/urun\/stanley-sp137-tr-polisaj-makinesi-1300w\/","name":"STANLEY SP137-TR POLISAJ MAKINESI 1300W - Can Verdi Ticaret","isPartOf":{"@id":"https:\/\/canverditicaret.com\/#website"},"datePublished":"2024-01-27T02:30:03+00:00","dateModified":"2025-02-16T13:06:29+00:00","breadcrumb":{"@id":"https:\/\/canverditicaret.com\/urun\/stanley-sp137-tr-polisaj-makinesi-1300w\/#breadcrumb"},"inLanguage":"en-US","potentialAction":[{"@type":"ReadAction","target":["https:\/\/canverditicaret.com\/urun\/stanley-sp137-tr-polisaj-makinesi-1300w\/"]}]},{"@type":"BreadcrumbList","@id":"https:\/\/canverditicaret.com\/urun\/stanley-sp137-tr-polisaj-makinesi-1300w\/#breadcrumb","itemListElement":[{"@type":"ListItem","position":1,"name":"Anasayfa","item":"https:\/\/canverditicaret.com\/"},{"@type":"ListItem","position":2,"name":"Ma\u011faza","item":"https:\/\/canverditicaret.com\/shop\/"},{"@type":"ListItem","position":3,"name":"STANLEY SP137-TR POLISAJ MAKINESI 1300W"}]},{"@type":"WebSite","@id":"https:\/\/canverditicaret.com\/#website","url":"https:\/\/canverditicaret.com\/","name":"Can Verdi Ticaret","description":"Can Verdi Ticaret","potentialAction":[{"@type":"SearchAction","target":{"@type":"EntryPoint","urlTemplate":"https:\/\/canverditicaret.com\/?s={search_term_string}"},"query-input":"required name=search_term_string"}],"inLanguage":"en-US"}]}},"_links":{"self":[{"href":"https:\/\/canverditicaret.com\/en\/wp-json\/wp\/v2\/product\/16781","targetHints":{"allow":["GET"]}}],"collection":[{"href":"https:\/\/canverditicaret.com\/en\/wp-json\/wp\/v2\/product"}],"about":[{"href":"https:\/\/canverditicaret.com\/en\/wp-json\/wp\/v2\/types\/product"}],"replies":[{"embeddable":true,"href":"https:\/\/canverditicaret.com\/en\/wp-json\/wp\/v2\/comments?post=16781"}],"version-history":[{"count":1,"href":"https:\/\/canverditicaret.com\/en\/wp-json\/wp\/v2\/product\/16781\/revisions"}],"predecessor-version":[{"id":16814,"href":"https:\/\/canverditicaret.com\/en\/wp-json\/wp\/v2\/product\/16781\/revisions\/16814"}],"wp:featuredmedia":[{"embeddable":true,"href":"https:\/\/canverditicaret.com\/en\/wp-json\/wp\/v2\/media\/17059"}],"wp:attachment":[{"href":"https:\/\/canverditicaret.com\/en\/wp-json\/wp\/v2\/media?parent=16781"}],"wp:term":[{"taxonomy":"product_cat","embeddable":true,"href":"https:\/\/canverditicaret.com\/en\/wp-json\/wp\/v2\/product_cat?post=16781"},{"taxonomy":"product_tag","embeddable":true,"href":"https:\/\/canverditicaret.com\/en\/wp-json\/wp\/v2\/product_tag?post=16781"}],"curies":[{"name":"wp","href":"https:\/\/api.w.org\/{rel}","templated":true}]}}