{"id":16765,"date":"2024-01-27T05:26:24","date_gmt":"2024-01-27T02:26:24","guid":{"rendered":"https:\/\/canverditicaret.com\/?post_type=product&#038;p=16765"},"modified":"2025-02-16T16:06:27","modified_gmt":"2025-02-16T13:06:27","slug":"stanley-sm18-gonye-kes-mak-1800w-254mm","status":"publish","type":"product","link":"https:\/\/canverditicaret.com\/en\/product\/stanley-sm18-gonye-kes-mak-1800w-254mm\/","title":{"rendered":"Stanley SM18 Miter Cutting Machine 1800W 254mm"},"content":{"rendered":"<table class=\"table table-borderless table-layout-fixed table-striped table-hover bg-lg-c255 mb-0\">\n<tbody>\n<tr>\n<th>Height<\/th>\n<td>79cm<\/td>\n<\/tr>\n<tr>\n<th>Width<\/th>\n<td>60cm<\/td>\n<\/tr>\n<tr>\n<th>Depth<\/th>\n<td>40cm<\/td>\n<\/tr>\n<tr>\n<th>Weight<\/th>\n<td>24kg<\/td>\n<\/tr>\n<tr>\n<th>Cutting Depth<\/th>\n<td>1mm<\/td>\n<\/tr>\n<tr>\n<th>No Load Speed<\/th>\n<td>1 rpm<\/td>\n<\/tr>\n<tr>\n<th>Protective Cover<\/th>\n<td>Yes<\/td>\n<\/tr>\n<tr>\n<th>Bevel Cutting<\/th>\n<td>There is<\/td>\n<\/tr>\n<tr>\n<th>Safety Lock<\/th>\n<td>Yes<\/td>\n<\/tr>\n<tr>\n<th>Area of Use<\/th>\n<td>Wood<\/td>\n<\/tr>\n<tr>\n<th>Dust Blowing<\/th>\n<td>Yes<\/td>\n<\/tr>\n<tr>\n<th>Locking Shaft<\/th>\n<td>No<\/td>\n<\/tr>\n<tr>\n<th>Usage Type<\/th>\n<td>wired<\/td>\n<\/tr>\n<tr>\n<th>Working Type<\/th>\n<td>Charged<\/td>\n<\/tr>\n<tr>\n<th>Battery Option<\/th>\n<td>cordless<\/td>\n<\/tr>\n<tr>\n<th>Mouth Material<\/th>\n<td>Metal<\/td>\n<\/tr>\n<tr>\n<th>Lighting<\/th>\n<td>There is<\/td>\n<\/tr>\n<tr>\n<th>Keyless Change<\/th>\n<td>None<\/td>\n<\/tr>\n<tr>\n<th>Radial Handle<\/th>\n<td>There is<\/td>\n<\/tr>\n<tr>\n<th>Strength<\/th>\n<td>1800 Watts<\/td>\n<\/tr>\n<tr>\n<th>Package Included<\/th>\n<td>1 Piece<\/td>\n<\/tr>\n<tr>\n<th>Colour<\/th>\n<td>Grey<\/td>\n<\/tr>\n<tr>\n<th>Body Material<\/th>\n<td>Metal<\/td>\n<\/tr>\n<\/tbody>\n<\/table>","protected":false},"excerpt":{"rendered":"<p>Height 79 cm Width 60 cm Depth 40 cm Weight 24 kg Cutting Depth 1 mm No-Load Speed 1 rpm<\/p>","protected":false},"featured_media":17016,"comment_status":"open","ping_status":"closed","template":"","meta":[],"product_cat":[79],"product_tag":[],"class_list":["post-16765","product","type-product","status-publish","has-post-thumbnail","hentry","product_cat-elektrikli-el-aletleri"],"yoast_head":"<!-- This site is optimized with the Yoast SEO plugin v21.6 - https:\/\/yoast.com\/wordpress\/plugins\/seo\/ -->\n<title>Stanley SM18 G\u00f6nye Kes Mak 1800W 254mm - Can Verdi Ticaret<\/title>\n<meta name=\"robots\" content=\"index, follow, max-snippet:-1, max-image-preview:large, max-video-preview:-1\" \/>\n<link rel=\"canonical\" href=\"https:\/\/canverditicaret.com\/en\/product\/stanley-sm18-gonye-kes-mak-1800w-254mm\/\" \/>\n<meta property=\"og:locale\" content=\"en_US\" \/>\n<meta property=\"og:type\" content=\"article\" \/>\n<meta property=\"og:title\" content=\"Stanley SM18 G\u00f6nye Kes Mak 1800W 254mm - Can Verdi Ticaret\" \/>\n<meta property=\"og:description\" content=\"Y\u00fckseklik 79 cm Geni\u015flik 60 cm Derinlik 40 cm A\u011f\u0131rl\u0131k 24 kg Kesme Derinli\u011fi 1 mm Y\u00fcks\u00fcz H\u0131z\u0131 1 dev\/dk\" \/>\n<meta property=\"og:url\" content=\"https:\/\/canverditicaret.com\/en\/product\/stanley-sm18-gonye-kes-mak-1800w-254mm\/\" \/>\n<meta property=\"og:site_name\" content=\"Can Verdi Ticaret\" \/>\n<meta property=\"article:modified_time\" content=\"2025-02-16T13:06:27+00:00\" \/>\n<meta property=\"og:image\" content=\"https:\/\/canverditicaret.com\/wp-content\/uploads\/2024\/01\/1000463327.png\" \/>\n\t<meta property=\"og:image:width\" content=\"1024\" \/>\n\t<meta property=\"og:image:height\" content=\"1024\" \/>\n\t<meta property=\"og:image:type\" content=\"image\/png\" \/>\n<meta name=\"twitter:card\" content=\"summary_large_image\" \/>\n<meta name=\"twitter:label1\" content=\"Est. reading time\" \/>\n\t<meta name=\"twitter:data1\" content=\"1 minute\" \/>\n<script type=\"application\/ld+json\" class=\"yoast-schema-graph\">{\"@context\":\"https:\/\/schema.org\",\"@graph\":[{\"@type\":\"WebPage\",\"@id\":\"https:\/\/canverditicaret.com\/urun\/stanley-sm18-gonye-kes-mak-1800w-254mm\/\",\"url\":\"https:\/\/canverditicaret.com\/urun\/stanley-sm18-gonye-kes-mak-1800w-254mm\/\",\"name\":\"Stanley SM18 G\u00f6nye Kes Mak 1800W 254mm - Can Verdi Ticaret\",\"isPartOf\":{\"@id\":\"https:\/\/canverditicaret.com\/#website\"},\"datePublished\":\"2024-01-27T02:26:24+00:00\",\"dateModified\":\"2025-02-16T13:06:27+00:00\",\"breadcrumb\":{\"@id\":\"https:\/\/canverditicaret.com\/urun\/stanley-sm18-gonye-kes-mak-1800w-254mm\/#breadcrumb\"},\"inLanguage\":\"en-US\",\"potentialAction\":[{\"@type\":\"ReadAction\",\"target\":[\"https:\/\/canverditicaret.com\/urun\/stanley-sm18-gonye-kes-mak-1800w-254mm\/\"]}]},{\"@type\":\"BreadcrumbList\",\"@id\":\"https:\/\/canverditicaret.com\/urun\/stanley-sm18-gonye-kes-mak-1800w-254mm\/#breadcrumb\",\"itemListElement\":[{\"@type\":\"ListItem\",\"position\":1,\"name\":\"Anasayfa\",\"item\":\"https:\/\/canverditicaret.com\/\"},{\"@type\":\"ListItem\",\"position\":2,\"name\":\"Ma\u011faza\",\"item\":\"https:\/\/canverditicaret.com\/shop\/\"},{\"@type\":\"ListItem\",\"position\":3,\"name\":\"Stanley SM18 G\u00f6nye Kes Mak 1800W 254mm\"}]},{\"@type\":\"WebSite\",\"@id\":\"https:\/\/canverditicaret.com\/#website\",\"url\":\"https:\/\/canverditicaret.com\/\",\"name\":\"Can Verdi Ticaret\",\"description\":\"Can Verdi Ticaret\",\"potentialAction\":[{\"@type\":\"SearchAction\",\"target\":{\"@type\":\"EntryPoint\",\"urlTemplate\":\"https:\/\/canverditicaret.com\/?s={search_term_string}\"},\"query-input\":\"required name=search_term_string\"}],\"inLanguage\":\"en-US\"}]}<\/script>\n<!-- \/ Yoast SEO plugin. -->","yoast_head_json":{"title":"Stanley SM18 G\u00f6nye Kes Mak 1800W 254mm - Can Verdi Ticaret","robots":{"index":"index","follow":"follow","max-snippet":"max-snippet:-1","max-image-preview":"max-image-preview:large","max-video-preview":"max-video-preview:-1"},"canonical":"https:\/\/canverditicaret.com\/en\/product\/stanley-sm18-gonye-kes-mak-1800w-254mm\/","og_locale":"en_US","og_type":"article","og_title":"Stanley SM18 G\u00f6nye Kes Mak 1800W 254mm - Can Verdi Ticaret","og_description":"Y\u00fckseklik 79 cm Geni\u015flik 60 cm Derinlik 40 cm A\u011f\u0131rl\u0131k 24 kg Kesme Derinli\u011fi 1 mm Y\u00fcks\u00fcz H\u0131z\u0131 1 dev\/dk","og_url":"https:\/\/canverditicaret.com\/en\/product\/stanley-sm18-gonye-kes-mak-1800w-254mm\/","og_site_name":"Can Verdi Ticaret","article_modified_time":"2025-02-16T13:06:27+00:00","og_image":[{"width":1024,"height":1024,"url":"https:\/\/canverditicaret.com\/wp-content\/uploads\/2024\/01\/1000463327.png","type":"image\/png"}],"twitter_card":"summary_large_image","twitter_misc":{"Est. reading time":"1 minute"},"schema":{"@context":"https:\/\/schema.org","@graph":[{"@type":"WebPage","@id":"https:\/\/canverditicaret.com\/urun\/stanley-sm18-gonye-kes-mak-1800w-254mm\/","url":"https:\/\/canverditicaret.com\/urun\/stanley-sm18-gonye-kes-mak-1800w-254mm\/","name":"Stanley SM18 G\u00f6nye Kes Mak 1800W 254mm - Can Verdi Ticaret","isPartOf":{"@id":"https:\/\/canverditicaret.com\/#website"},"datePublished":"2024-01-27T02:26:24+00:00","dateModified":"2025-02-16T13:06:27+00:00","breadcrumb":{"@id":"https:\/\/canverditicaret.com\/urun\/stanley-sm18-gonye-kes-mak-1800w-254mm\/#breadcrumb"},"inLanguage":"en-US","potentialAction":[{"@type":"ReadAction","target":["https:\/\/canverditicaret.com\/urun\/stanley-sm18-gonye-kes-mak-1800w-254mm\/"]}]},{"@type":"BreadcrumbList","@id":"https:\/\/canverditicaret.com\/urun\/stanley-sm18-gonye-kes-mak-1800w-254mm\/#breadcrumb","itemListElement":[{"@type":"ListItem","position":1,"name":"Anasayfa","item":"https:\/\/canverditicaret.com\/"},{"@type":"ListItem","position":2,"name":"Ma\u011faza","item":"https:\/\/canverditicaret.com\/shop\/"},{"@type":"ListItem","position":3,"name":"Stanley SM18 G\u00f6nye Kes Mak 1800W 254mm"}]},{"@type":"WebSite","@id":"https:\/\/canverditicaret.com\/#website","url":"https:\/\/canverditicaret.com\/","name":"Can Verdi Ticaret","description":"Can Verdi Ticaret","potentialAction":[{"@type":"SearchAction","target":{"@type":"EntryPoint","urlTemplate":"https:\/\/canverditicaret.com\/?s={search_term_string}"},"query-input":"required name=search_term_string"}],"inLanguage":"en-US"}]}},"_links":{"self":[{"href":"https:\/\/canverditicaret.com\/en\/wp-json\/wp\/v2\/product\/16765","targetHints":{"allow":["GET"]}}],"collection":[{"href":"https:\/\/canverditicaret.com\/en\/wp-json\/wp\/v2\/product"}],"about":[{"href":"https:\/\/canverditicaret.com\/en\/wp-json\/wp\/v2\/types\/product"}],"replies":[{"embeddable":true,"href":"https:\/\/canverditicaret.com\/en\/wp-json\/wp\/v2\/comments?post=16765"}],"version-history":[{"count":1,"href":"https:\/\/canverditicaret.com\/en\/wp-json\/wp\/v2\/product\/16765\/revisions"}],"predecessor-version":[{"id":16777,"href":"https:\/\/canverditicaret.com\/en\/wp-json\/wp\/v2\/product\/16765\/revisions\/16777"}],"wp:featuredmedia":[{"embeddable":true,"href":"https:\/\/canverditicaret.com\/en\/wp-json\/wp\/v2\/media\/17016"}],"wp:attachment":[{"href":"https:\/\/canverditicaret.com\/en\/wp-json\/wp\/v2\/media?parent=16765"}],"wp:term":[{"taxonomy":"product_cat","embeddable":true,"href":"https:\/\/canverditicaret.com\/en\/wp-json\/wp\/v2\/product_cat?post=16765"},{"taxonomy":"product_tag","embeddable":true,"href":"https:\/\/canverditicaret.com\/en\/wp-json\/wp\/v2\/product_tag?post=16765"}],"curies":[{"name":"wp","href":"https:\/\/api.w.org\/{rel}","templated":true}]}}