{"id":16753,"date":"2024-01-27T05:19:21","date_gmt":"2024-01-27T02:19:21","guid":{"rendered":"https:\/\/canverditicaret.com\/?post_type=product&#038;p=16753"},"modified":"2025-02-16T16:06:25","modified_gmt":"2025-02-16T13:06:25","slug":"stanley-6-tre550-elektrikli-zimba-ve-civ","status":"publish","type":"product","link":"https:\/\/canverditicaret.com\/en\/product\/stanley-6-tre550-elektrikli-zimba-ve-civ\/","title":{"rendered":"STANLEY 6-TRE550 ELECTRIC STAPLER AND NAIL"},"content":{"rendered":"<table class=\"table table-borderless table-layout-fixed table-striped table-hover bg-lg-c255 mb-0\">\n<tbody>\n<tr>\n<th>Cable Length<\/th>\n<td>2 Meters<\/td>\n<\/tr>\n<\/tbody>\n<\/table>","protected":false},"excerpt":{"rendered":"<p>Cable Length 2 Meters<\/p>","protected":false},"featured_media":16951,"comment_status":"open","ping_status":"closed","template":"","meta":[],"product_cat":[79],"product_tag":[],"class_list":["post-16753","product","type-product","status-publish","has-post-thumbnail","hentry","product_cat-elektrikli-el-aletleri"],"yoast_head":"<!-- This site is optimized with the Yoast SEO plugin v21.6 - https:\/\/yoast.com\/wordpress\/plugins\/seo\/ -->\n<title>STANLEY 6-TRE550 ELEKTR\u0130KL\u0130 ZIMBA VE \u00c7\u0130V - Can Verdi Ticaret<\/title>\n<meta name=\"robots\" content=\"index, follow, max-snippet:-1, max-image-preview:large, max-video-preview:-1\" \/>\n<link rel=\"canonical\" href=\"https:\/\/canverditicaret.com\/en\/product\/stanley-6-tre550-elektrikli-zimba-ve-civ\/\" \/>\n<meta property=\"og:locale\" content=\"en_US\" \/>\n<meta property=\"og:type\" content=\"article\" \/>\n<meta property=\"og:title\" content=\"STANLEY 6-TRE550 ELEKTR\u0130KL\u0130 ZIMBA VE \u00c7\u0130V - Can Verdi Ticaret\" \/>\n<meta property=\"og:description\" content=\"Kablo Uzunlu\u011fu 2 Metre\" \/>\n<meta property=\"og:url\" content=\"https:\/\/canverditicaret.com\/en\/product\/stanley-6-tre550-elektrikli-zimba-ve-civ\/\" \/>\n<meta property=\"og:site_name\" content=\"Can Verdi Ticaret\" \/>\n<meta property=\"article:modified_time\" content=\"2025-02-16T13:06:25+00:00\" \/>\n<meta property=\"og:image\" content=\"https:\/\/canverditicaret.com\/wp-content\/uploads\/2024\/01\/1000175633.png\" \/>\n\t<meta property=\"og:image:width\" content=\"1024\" \/>\n\t<meta property=\"og:image:height\" content=\"1024\" \/>\n\t<meta property=\"og:image:type\" content=\"image\/png\" \/>\n<meta name=\"twitter:card\" content=\"summary_large_image\" \/>\n<meta name=\"twitter:label1\" content=\"Est. reading time\" \/>\n\t<meta name=\"twitter:data1\" content=\"1 minute\" \/>\n<script type=\"application\/ld+json\" class=\"yoast-schema-graph\">{\"@context\":\"https:\/\/schema.org\",\"@graph\":[{\"@type\":\"WebPage\",\"@id\":\"https:\/\/canverditicaret.com\/urun\/stanley-6-tre550-elektrikli-zimba-ve-civ\/\",\"url\":\"https:\/\/canverditicaret.com\/urun\/stanley-6-tre550-elektrikli-zimba-ve-civ\/\",\"name\":\"STANLEY 6-TRE550 ELEKTR\u0130KL\u0130 ZIMBA VE \u00c7\u0130V - Can Verdi Ticaret\",\"isPartOf\":{\"@id\":\"https:\/\/canverditicaret.com\/#website\"},\"datePublished\":\"2024-01-27T02:19:21+00:00\",\"dateModified\":\"2025-02-16T13:06:25+00:00\",\"breadcrumb\":{\"@id\":\"https:\/\/canverditicaret.com\/urun\/stanley-6-tre550-elektrikli-zimba-ve-civ\/#breadcrumb\"},\"inLanguage\":\"en-US\",\"potentialAction\":[{\"@type\":\"ReadAction\",\"target\":[\"https:\/\/canverditicaret.com\/urun\/stanley-6-tre550-elektrikli-zimba-ve-civ\/\"]}]},{\"@type\":\"BreadcrumbList\",\"@id\":\"https:\/\/canverditicaret.com\/urun\/stanley-6-tre550-elektrikli-zimba-ve-civ\/#breadcrumb\",\"itemListElement\":[{\"@type\":\"ListItem\",\"position\":1,\"name\":\"Anasayfa\",\"item\":\"https:\/\/canverditicaret.com\/\"},{\"@type\":\"ListItem\",\"position\":2,\"name\":\"Ma\u011faza\",\"item\":\"https:\/\/canverditicaret.com\/shop\/\"},{\"@type\":\"ListItem\",\"position\":3,\"name\":\"STANLEY 6-TRE550 ELEKTR\u0130KL\u0130 ZIMBA VE \u00c7\u0130V\"}]},{\"@type\":\"WebSite\",\"@id\":\"https:\/\/canverditicaret.com\/#website\",\"url\":\"https:\/\/canverditicaret.com\/\",\"name\":\"Can Verdi Ticaret\",\"description\":\"Can Verdi Ticaret\",\"potentialAction\":[{\"@type\":\"SearchAction\",\"target\":{\"@type\":\"EntryPoint\",\"urlTemplate\":\"https:\/\/canverditicaret.com\/?s={search_term_string}\"},\"query-input\":\"required name=search_term_string\"}],\"inLanguage\":\"en-US\"}]}<\/script>\n<!-- \/ Yoast SEO plugin. -->","yoast_head_json":{"title":"STANLEY 6-TRE550 ELEKTR\u0130KL\u0130 ZIMBA VE \u00c7\u0130V - Can Verdi Ticaret","robots":{"index":"index","follow":"follow","max-snippet":"max-snippet:-1","max-image-preview":"max-image-preview:large","max-video-preview":"max-video-preview:-1"},"canonical":"https:\/\/canverditicaret.com\/en\/product\/stanley-6-tre550-elektrikli-zimba-ve-civ\/","og_locale":"en_US","og_type":"article","og_title":"STANLEY 6-TRE550 ELEKTR\u0130KL\u0130 ZIMBA VE \u00c7\u0130V - Can Verdi Ticaret","og_description":"Kablo Uzunlu\u011fu 2 Metre","og_url":"https:\/\/canverditicaret.com\/en\/product\/stanley-6-tre550-elektrikli-zimba-ve-civ\/","og_site_name":"Can Verdi Ticaret","article_modified_time":"2025-02-16T13:06:25+00:00","og_image":[{"width":1024,"height":1024,"url":"https:\/\/canverditicaret.com\/wp-content\/uploads\/2024\/01\/1000175633.png","type":"image\/png"}],"twitter_card":"summary_large_image","twitter_misc":{"Est. reading time":"1 minute"},"schema":{"@context":"https:\/\/schema.org","@graph":[{"@type":"WebPage","@id":"https:\/\/canverditicaret.com\/urun\/stanley-6-tre550-elektrikli-zimba-ve-civ\/","url":"https:\/\/canverditicaret.com\/urun\/stanley-6-tre550-elektrikli-zimba-ve-civ\/","name":"STANLEY 6-TRE550 ELEKTR\u0130KL\u0130 ZIMBA VE \u00c7\u0130V - Can Verdi Ticaret","isPartOf":{"@id":"https:\/\/canverditicaret.com\/#website"},"datePublished":"2024-01-27T02:19:21+00:00","dateModified":"2025-02-16T13:06:25+00:00","breadcrumb":{"@id":"https:\/\/canverditicaret.com\/urun\/stanley-6-tre550-elektrikli-zimba-ve-civ\/#breadcrumb"},"inLanguage":"en-US","potentialAction":[{"@type":"ReadAction","target":["https:\/\/canverditicaret.com\/urun\/stanley-6-tre550-elektrikli-zimba-ve-civ\/"]}]},{"@type":"BreadcrumbList","@id":"https:\/\/canverditicaret.com\/urun\/stanley-6-tre550-elektrikli-zimba-ve-civ\/#breadcrumb","itemListElement":[{"@type":"ListItem","position":1,"name":"Anasayfa","item":"https:\/\/canverditicaret.com\/"},{"@type":"ListItem","position":2,"name":"Ma\u011faza","item":"https:\/\/canverditicaret.com\/shop\/"},{"@type":"ListItem","position":3,"name":"STANLEY 6-TRE550 ELEKTR\u0130KL\u0130 ZIMBA VE \u00c7\u0130V"}]},{"@type":"WebSite","@id":"https:\/\/canverditicaret.com\/#website","url":"https:\/\/canverditicaret.com\/","name":"Can Verdi Ticaret","description":"Can Verdi Ticaret","potentialAction":[{"@type":"SearchAction","target":{"@type":"EntryPoint","urlTemplate":"https:\/\/canverditicaret.com\/?s={search_term_string}"},"query-input":"required name=search_term_string"}],"inLanguage":"en-US"}]}},"_links":{"self":[{"href":"https:\/\/canverditicaret.com\/en\/wp-json\/wp\/v2\/product\/16753","targetHints":{"allow":["GET"]}}],"collection":[{"href":"https:\/\/canverditicaret.com\/en\/wp-json\/wp\/v2\/product"}],"about":[{"href":"https:\/\/canverditicaret.com\/en\/wp-json\/wp\/v2\/types\/product"}],"replies":[{"embeddable":true,"href":"https:\/\/canverditicaret.com\/en\/wp-json\/wp\/v2\/comments?post=16753"}],"version-history":[{"count":1,"href":"https:\/\/canverditicaret.com\/en\/wp-json\/wp\/v2\/product\/16753\/revisions"}],"predecessor-version":[{"id":16762,"href":"https:\/\/canverditicaret.com\/en\/wp-json\/wp\/v2\/product\/16753\/revisions\/16762"}],"wp:featuredmedia":[{"embeddable":true,"href":"https:\/\/canverditicaret.com\/en\/wp-json\/wp\/v2\/media\/16951"}],"wp:attachment":[{"href":"https:\/\/canverditicaret.com\/en\/wp-json\/wp\/v2\/media?parent=16753"}],"wp:term":[{"taxonomy":"product_cat","embeddable":true,"href":"https:\/\/canverditicaret.com\/en\/wp-json\/wp\/v2\/product_cat?post=16753"},{"taxonomy":"product_tag","embeddable":true,"href":"https:\/\/canverditicaret.com\/en\/wp-json\/wp\/v2\/product_tag?post=16753"}],"curies":[{"name":"wp","href":"https:\/\/api.w.org\/{rel}","templated":true}]}}