{"id":16734,"date":"2024-01-27T05:20:33","date_gmt":"2024-01-27T02:20:33","guid":{"rendered":"https:\/\/canverditicaret.com\/?post_type=product&#038;p=16734"},"modified":"2025-02-16T16:06:26","modified_gmt":"2025-02-16T13:06:26","slug":"st-sthm5ks-kirici-5kg-sds-max","status":"publish","type":"product","link":"https:\/\/canverditicaret.com\/en\/product\/st-sthm5ks-kirici-5kg-sds-max\/","title":{"rendered":"ST STHM5KS BREAKER 5KG SDS MAX"},"content":{"rendered":"<table class=\"table table-borderless table-layout-fixed table-striped table-hover bg-lg-c255 mb-0\">\n<tbody>\n<tr>\n<th>Hit Rate<\/th>\n<td>2900 blows\/min<\/td>\n<\/tr>\n<tr>\n<th>Product Type<\/th>\n<td>Breaker<\/td>\n<\/tr>\n<tr>\n<th>Depth Bar<\/th>\n<td>None<\/td>\n<\/tr>\n<tr>\n<th>Side Handle<\/th>\n<td>There is<\/td>\n<\/tr>\n<tr>\n<th>Brushless Engine<\/th>\n<td>None<\/td>\n<\/tr>\n<tr>\n<th>Led Light<\/th>\n<td>No<\/td>\n<\/tr>\n<tr>\n<th>Engine Type<\/th>\n<td>Electric<\/td>\n<\/tr>\n<tr>\n<th>Overload Protection<\/th>\n<td>None<\/td>\n<\/tr>\n<tr>\n<th>Impact Power<\/th>\n<td>8.5J<\/td>\n<\/tr>\n<tr>\n<th>Number of Blows<\/th>\n<td>0-2900 pulses\/min<\/td>\n<\/tr>\n<tr>\n<th>Tip Holder<\/th>\n<td>SDS-Max<\/td>\n<\/tr>\n<tr>\n<th>Carrying Bag<\/th>\n<td>None<\/td>\n<\/tr>\n<tr>\n<th>Strength<\/th>\n<td>1010 Watts<\/td>\n<\/tr>\n<tr>\n<th>Weight<\/th>\n<td>5kg<\/td>\n<\/tr>\n<\/tbody>\n<\/table>","protected":false},"excerpt":{"rendered":"<p>Impact Rate 2900 impact\/min Product Type Crusher No Depth Bar Side Handle Yes Brushless Motor No With LED Light No Motor<\/p>","protected":false},"featured_media":16964,"comment_status":"open","ping_status":"closed","template":"","meta":[],"product_cat":[79],"product_tag":[],"class_list":["post-16734","product","type-product","status-publish","has-post-thumbnail","hentry","product_cat-elektrikli-el-aletleri"],"yoast_head":"<!-- This site is optimized with the Yoast SEO plugin v21.6 - https:\/\/yoast.com\/wordpress\/plugins\/seo\/ -->\n<title>ST STHM5KS KIRICI 5KG SDS MAX - Can Verdi Ticaret<\/title>\n<meta name=\"robots\" content=\"index, follow, max-snippet:-1, max-image-preview:large, max-video-preview:-1\" \/>\n<link rel=\"canonical\" href=\"https:\/\/canverditicaret.com\/en\/product\/st-sthm5ks-kirici-5kg-sds-max\/\" \/>\n<meta property=\"og:locale\" content=\"en_US\" \/>\n<meta property=\"og:type\" content=\"article\" \/>\n<meta property=\"og:title\" content=\"ST STHM5KS KIRICI 5KG SDS MAX - Can Verdi Ticaret\" \/>\n<meta property=\"og:description\" content=\"Darbe Oran\u0131 2900 darbe\/dk \u00dcr\u00fcn T\u00fcr\u00fc K\u0131r\u0131c\u0131 Derinlik \u00c7ubu\u011fu Yok Yan Sap Var K\u00f6m\u00fcrs\u00fcz Motor Yok Led \u0130sikli Hay\u0131r Motor\" \/>\n<meta property=\"og:url\" content=\"https:\/\/canverditicaret.com\/en\/product\/st-sthm5ks-kirici-5kg-sds-max\/\" \/>\n<meta property=\"og:site_name\" content=\"Can Verdi Ticaret\" \/>\n<meta property=\"article:modified_time\" content=\"2025-02-16T13:06:26+00:00\" \/>\n<meta property=\"og:image\" content=\"https:\/\/canverditicaret.com\/wp-content\/uploads\/2024\/01\/1000197216.png\" \/>\n\t<meta property=\"og:image:width\" content=\"1024\" \/>\n\t<meta property=\"og:image:height\" content=\"1024\" \/>\n\t<meta property=\"og:image:type\" content=\"image\/png\" \/>\n<meta name=\"twitter:card\" content=\"summary_large_image\" \/>\n<meta name=\"twitter:label1\" content=\"Est. reading time\" \/>\n\t<meta name=\"twitter:data1\" content=\"1 minute\" \/>\n<script type=\"application\/ld+json\" class=\"yoast-schema-graph\">{\"@context\":\"https:\/\/schema.org\",\"@graph\":[{\"@type\":\"WebPage\",\"@id\":\"https:\/\/canverditicaret.com\/urun\/st-sthm5ks-kirici-5kg-sds-max\/\",\"url\":\"https:\/\/canverditicaret.com\/urun\/st-sthm5ks-kirici-5kg-sds-max\/\",\"name\":\"ST STHM5KS KIRICI 5KG SDS MAX - Can Verdi Ticaret\",\"isPartOf\":{\"@id\":\"https:\/\/canverditicaret.com\/#website\"},\"datePublished\":\"2024-01-27T02:20:33+00:00\",\"dateModified\":\"2025-02-16T13:06:26+00:00\",\"breadcrumb\":{\"@id\":\"https:\/\/canverditicaret.com\/urun\/st-sthm5ks-kirici-5kg-sds-max\/#breadcrumb\"},\"inLanguage\":\"en-US\",\"potentialAction\":[{\"@type\":\"ReadAction\",\"target\":[\"https:\/\/canverditicaret.com\/urun\/st-sthm5ks-kirici-5kg-sds-max\/\"]}]},{\"@type\":\"BreadcrumbList\",\"@id\":\"https:\/\/canverditicaret.com\/urun\/st-sthm5ks-kirici-5kg-sds-max\/#breadcrumb\",\"itemListElement\":[{\"@type\":\"ListItem\",\"position\":1,\"name\":\"Anasayfa\",\"item\":\"https:\/\/canverditicaret.com\/\"},{\"@type\":\"ListItem\",\"position\":2,\"name\":\"Ma\u011faza\",\"item\":\"https:\/\/canverditicaret.com\/shop\/\"},{\"@type\":\"ListItem\",\"position\":3,\"name\":\"ST STHM5KS KIRICI 5KG SDS MAX\"}]},{\"@type\":\"WebSite\",\"@id\":\"https:\/\/canverditicaret.com\/#website\",\"url\":\"https:\/\/canverditicaret.com\/\",\"name\":\"Can Verdi Ticaret\",\"description\":\"Can Verdi Ticaret\",\"potentialAction\":[{\"@type\":\"SearchAction\",\"target\":{\"@type\":\"EntryPoint\",\"urlTemplate\":\"https:\/\/canverditicaret.com\/?s={search_term_string}\"},\"query-input\":\"required name=search_term_string\"}],\"inLanguage\":\"en-US\"}]}<\/script>\n<!-- \/ Yoast SEO plugin. -->","yoast_head_json":{"title":"ST STHM5KS KIRICI 5KG SDS MAX - Can Verdi Ticaret","robots":{"index":"index","follow":"follow","max-snippet":"max-snippet:-1","max-image-preview":"max-image-preview:large","max-video-preview":"max-video-preview:-1"},"canonical":"https:\/\/canverditicaret.com\/en\/product\/st-sthm5ks-kirici-5kg-sds-max\/","og_locale":"en_US","og_type":"article","og_title":"ST STHM5KS KIRICI 5KG SDS MAX - Can Verdi Ticaret","og_description":"Darbe Oran\u0131 2900 darbe\/dk \u00dcr\u00fcn T\u00fcr\u00fc K\u0131r\u0131c\u0131 Derinlik \u00c7ubu\u011fu Yok Yan Sap Var K\u00f6m\u00fcrs\u00fcz Motor Yok Led \u0130sikli Hay\u0131r Motor","og_url":"https:\/\/canverditicaret.com\/en\/product\/st-sthm5ks-kirici-5kg-sds-max\/","og_site_name":"Can Verdi Ticaret","article_modified_time":"2025-02-16T13:06:26+00:00","og_image":[{"width":1024,"height":1024,"url":"https:\/\/canverditicaret.com\/wp-content\/uploads\/2024\/01\/1000197216.png","type":"image\/png"}],"twitter_card":"summary_large_image","twitter_misc":{"Est. reading time":"1 minute"},"schema":{"@context":"https:\/\/schema.org","@graph":[{"@type":"WebPage","@id":"https:\/\/canverditicaret.com\/urun\/st-sthm5ks-kirici-5kg-sds-max\/","url":"https:\/\/canverditicaret.com\/urun\/st-sthm5ks-kirici-5kg-sds-max\/","name":"ST STHM5KS KIRICI 5KG SDS MAX - Can Verdi Ticaret","isPartOf":{"@id":"https:\/\/canverditicaret.com\/#website"},"datePublished":"2024-01-27T02:20:33+00:00","dateModified":"2025-02-16T13:06:26+00:00","breadcrumb":{"@id":"https:\/\/canverditicaret.com\/urun\/st-sthm5ks-kirici-5kg-sds-max\/#breadcrumb"},"inLanguage":"en-US","potentialAction":[{"@type":"ReadAction","target":["https:\/\/canverditicaret.com\/urun\/st-sthm5ks-kirici-5kg-sds-max\/"]}]},{"@type":"BreadcrumbList","@id":"https:\/\/canverditicaret.com\/urun\/st-sthm5ks-kirici-5kg-sds-max\/#breadcrumb","itemListElement":[{"@type":"ListItem","position":1,"name":"Anasayfa","item":"https:\/\/canverditicaret.com\/"},{"@type":"ListItem","position":2,"name":"Ma\u011faza","item":"https:\/\/canverditicaret.com\/shop\/"},{"@type":"ListItem","position":3,"name":"ST STHM5KS KIRICI 5KG SDS MAX"}]},{"@type":"WebSite","@id":"https:\/\/canverditicaret.com\/#website","url":"https:\/\/canverditicaret.com\/","name":"Can Verdi Ticaret","description":"Can Verdi Ticaret","potentialAction":[{"@type":"SearchAction","target":{"@type":"EntryPoint","urlTemplate":"https:\/\/canverditicaret.com\/?s={search_term_string}"},"query-input":"required name=search_term_string"}],"inLanguage":"en-US"}]}},"_links":{"self":[{"href":"https:\/\/canverditicaret.com\/en\/wp-json\/wp\/v2\/product\/16734","targetHints":{"allow":["GET"]}}],"collection":[{"href":"https:\/\/canverditicaret.com\/en\/wp-json\/wp\/v2\/product"}],"about":[{"href":"https:\/\/canverditicaret.com\/en\/wp-json\/wp\/v2\/types\/product"}],"replies":[{"embeddable":true,"href":"https:\/\/canverditicaret.com\/en\/wp-json\/wp\/v2\/comments?post=16734"}],"version-history":[{"count":1,"href":"https:\/\/canverditicaret.com\/en\/wp-json\/wp\/v2\/product\/16734\/revisions"}],"predecessor-version":[{"id":16741,"href":"https:\/\/canverditicaret.com\/en\/wp-json\/wp\/v2\/product\/16734\/revisions\/16741"}],"wp:featuredmedia":[{"embeddable":true,"href":"https:\/\/canverditicaret.com\/en\/wp-json\/wp\/v2\/media\/16964"}],"wp:attachment":[{"href":"https:\/\/canverditicaret.com\/en\/wp-json\/wp\/v2\/media?parent=16734"}],"wp:term":[{"taxonomy":"product_cat","embeddable":true,"href":"https:\/\/canverditicaret.com\/en\/wp-json\/wp\/v2\/product_cat?post=16734"},{"taxonomy":"product_tag","embeddable":true,"href":"https:\/\/canverditicaret.com\/en\/wp-json\/wp\/v2\/product_tag?post=16734"}],"curies":[{"name":"wp","href":"https:\/\/api.w.org\/{rel}","templated":true}]}}