{"id":16714,"date":"2024-01-27T05:22:22","date_gmt":"2024-01-27T02:22:22","guid":{"rendered":"https:\/\/canverditicaret.com\/?post_type=product&#038;p=16714"},"modified":"2025-02-16T16:06:26","modified_gmt":"2025-02-16T13:06:26","slug":"st-sst1800w-tezgah-ustu-testere-254mm","status":"publish","type":"product","link":"https:\/\/canverditicaret.com\/en\/product\/st-sst1800w-tezgah-ustu-testere-254mm\/","title":{"rendered":"ST SST1800W BENCH SAW 254MM"},"content":{"rendered":"<table class=\"table table-borderless table-layout-fixed table-striped table-hover bg-lg-c255 mb-0\">\n<tbody>\n<tr>\n<th>Cutting Depth<\/th>\n<td>80mm<\/td>\n<\/tr>\n<tr>\n<th>Bevel Cutting<\/th>\n<td>Yes<\/td>\n<\/tr>\n<tr>\n<th>Locking Shaft<\/th>\n<td>Yes<\/td>\n<\/tr>\n<tr>\n<th>Dust Blowing<\/th>\n<td>Yes<\/td>\n<\/tr>\n<tr>\n<th>Depth Adjustable<\/th>\n<td>Yes<\/td>\n<\/tr>\n<tr>\n<th>No Load Speed<\/th>\n<td>4800rpm<\/td>\n<\/tr>\n<tr>\n<th>Strength<\/th>\n<td>1800 Watts<\/td>\n<\/tr>\n<tr>\n<th>Package Included<\/th>\n<td>Bench Saw<\/td>\n<\/tr>\n<tr>\n<th>Colour<\/th>\n<td>Yellow<\/td>\n<\/tr>\n<\/tbody>\n<\/table>","protected":false},"excerpt":{"rendered":"<p>Cutting Depth 80 mm Angled Cutting Yes Locking Shaft Yes Dust Blowing Yes Depth Adjustable Yes No-Load Speed 4800 rpm<\/p>","protected":false},"featured_media":16981,"comment_status":"open","ping_status":"closed","template":"","meta":[],"product_cat":[79],"product_tag":[],"class_list":["post-16714","product","type-product","status-publish","has-post-thumbnail","hentry","product_cat-elektrikli-el-aletleri"],"yoast_head":"<!-- This site is optimized with the Yoast SEO plugin v21.6 - https:\/\/yoast.com\/wordpress\/plugins\/seo\/ -->\n<title>ST SST1800W TEZGAH \u00dcST\u00dc TESTERE 254MM - Can Verdi Ticaret<\/title>\n<meta name=\"robots\" content=\"index, follow, max-snippet:-1, max-image-preview:large, max-video-preview:-1\" \/>\n<link rel=\"canonical\" href=\"https:\/\/canverditicaret.com\/en\/product\/st-sst1800w-tezgah-ustu-testere-254mm\/\" \/>\n<meta property=\"og:locale\" content=\"en_US\" \/>\n<meta property=\"og:type\" content=\"article\" \/>\n<meta property=\"og:title\" content=\"ST SST1800W TEZGAH \u00dcST\u00dc TESTERE 254MM - Can Verdi Ticaret\" \/>\n<meta property=\"og:description\" content=\"Kesme Derinli\u011fi 80 mm A\u00e7\u0131l\u0131 Kesme Evet Kilitleme Mili Evet Toz \u00dcfleme Evet Derinlik Ayarl\u0131 Evet Y\u00fcks\u00fcz H\u0131z\u0131 4800 rpm\" \/>\n<meta property=\"og:url\" content=\"https:\/\/canverditicaret.com\/en\/product\/st-sst1800w-tezgah-ustu-testere-254mm\/\" \/>\n<meta property=\"og:site_name\" content=\"Can Verdi Ticaret\" \/>\n<meta property=\"article:modified_time\" content=\"2025-02-16T13:06:26+00:00\" \/>\n<meta property=\"og:image\" content=\"https:\/\/canverditicaret.com\/wp-content\/uploads\/2024\/01\/1000244986.png\" \/>\n\t<meta property=\"og:image:width\" content=\"1024\" \/>\n\t<meta property=\"og:image:height\" content=\"1024\" \/>\n\t<meta property=\"og:image:type\" content=\"image\/png\" \/>\n<meta name=\"twitter:card\" content=\"summary_large_image\" \/>\n<meta name=\"twitter:label1\" content=\"Est. reading time\" \/>\n\t<meta name=\"twitter:data1\" content=\"1 minute\" \/>\n<script type=\"application\/ld+json\" class=\"yoast-schema-graph\">{\"@context\":\"https:\/\/schema.org\",\"@graph\":[{\"@type\":\"WebPage\",\"@id\":\"https:\/\/canverditicaret.com\/urun\/st-sst1800w-tezgah-ustu-testere-254mm\/\",\"url\":\"https:\/\/canverditicaret.com\/urun\/st-sst1800w-tezgah-ustu-testere-254mm\/\",\"name\":\"ST SST1800W TEZGAH \u00dcST\u00dc TESTERE 254MM - Can Verdi Ticaret\",\"isPartOf\":{\"@id\":\"https:\/\/canverditicaret.com\/#website\"},\"datePublished\":\"2024-01-27T02:22:22+00:00\",\"dateModified\":\"2025-02-16T13:06:26+00:00\",\"breadcrumb\":{\"@id\":\"https:\/\/canverditicaret.com\/urun\/st-sst1800w-tezgah-ustu-testere-254mm\/#breadcrumb\"},\"inLanguage\":\"en-US\",\"potentialAction\":[{\"@type\":\"ReadAction\",\"target\":[\"https:\/\/canverditicaret.com\/urun\/st-sst1800w-tezgah-ustu-testere-254mm\/\"]}]},{\"@type\":\"BreadcrumbList\",\"@id\":\"https:\/\/canverditicaret.com\/urun\/st-sst1800w-tezgah-ustu-testere-254mm\/#breadcrumb\",\"itemListElement\":[{\"@type\":\"ListItem\",\"position\":1,\"name\":\"Anasayfa\",\"item\":\"https:\/\/canverditicaret.com\/\"},{\"@type\":\"ListItem\",\"position\":2,\"name\":\"Ma\u011faza\",\"item\":\"https:\/\/canverditicaret.com\/shop\/\"},{\"@type\":\"ListItem\",\"position\":3,\"name\":\"ST SST1800W TEZGAH \u00dcST\u00dc TESTERE 254MM\"}]},{\"@type\":\"WebSite\",\"@id\":\"https:\/\/canverditicaret.com\/#website\",\"url\":\"https:\/\/canverditicaret.com\/\",\"name\":\"Can Verdi Ticaret\",\"description\":\"Can Verdi Ticaret\",\"potentialAction\":[{\"@type\":\"SearchAction\",\"target\":{\"@type\":\"EntryPoint\",\"urlTemplate\":\"https:\/\/canverditicaret.com\/?s={search_term_string}\"},\"query-input\":\"required name=search_term_string\"}],\"inLanguage\":\"en-US\"}]}<\/script>\n<!-- \/ Yoast SEO plugin. -->","yoast_head_json":{"title":"ST SST1800W TEZGAH \u00dcST\u00dc TESTERE 254MM - Can Verdi Ticaret","robots":{"index":"index","follow":"follow","max-snippet":"max-snippet:-1","max-image-preview":"max-image-preview:large","max-video-preview":"max-video-preview:-1"},"canonical":"https:\/\/canverditicaret.com\/en\/product\/st-sst1800w-tezgah-ustu-testere-254mm\/","og_locale":"en_US","og_type":"article","og_title":"ST SST1800W TEZGAH \u00dcST\u00dc TESTERE 254MM - Can Verdi Ticaret","og_description":"Kesme Derinli\u011fi 80 mm A\u00e7\u0131l\u0131 Kesme Evet Kilitleme Mili Evet Toz \u00dcfleme Evet Derinlik Ayarl\u0131 Evet Y\u00fcks\u00fcz H\u0131z\u0131 4800 rpm","og_url":"https:\/\/canverditicaret.com\/en\/product\/st-sst1800w-tezgah-ustu-testere-254mm\/","og_site_name":"Can Verdi Ticaret","article_modified_time":"2025-02-16T13:06:26+00:00","og_image":[{"width":1024,"height":1024,"url":"https:\/\/canverditicaret.com\/wp-content\/uploads\/2024\/01\/1000244986.png","type":"image\/png"}],"twitter_card":"summary_large_image","twitter_misc":{"Est. reading time":"1 minute"},"schema":{"@context":"https:\/\/schema.org","@graph":[{"@type":"WebPage","@id":"https:\/\/canverditicaret.com\/urun\/st-sst1800w-tezgah-ustu-testere-254mm\/","url":"https:\/\/canverditicaret.com\/urun\/st-sst1800w-tezgah-ustu-testere-254mm\/","name":"ST SST1800W TEZGAH \u00dcST\u00dc TESTERE 254MM - Can Verdi Ticaret","isPartOf":{"@id":"https:\/\/canverditicaret.com\/#website"},"datePublished":"2024-01-27T02:22:22+00:00","dateModified":"2025-02-16T13:06:26+00:00","breadcrumb":{"@id":"https:\/\/canverditicaret.com\/urun\/st-sst1800w-tezgah-ustu-testere-254mm\/#breadcrumb"},"inLanguage":"en-US","potentialAction":[{"@type":"ReadAction","target":["https:\/\/canverditicaret.com\/urun\/st-sst1800w-tezgah-ustu-testere-254mm\/"]}]},{"@type":"BreadcrumbList","@id":"https:\/\/canverditicaret.com\/urun\/st-sst1800w-tezgah-ustu-testere-254mm\/#breadcrumb","itemListElement":[{"@type":"ListItem","position":1,"name":"Anasayfa","item":"https:\/\/canverditicaret.com\/"},{"@type":"ListItem","position":2,"name":"Ma\u011faza","item":"https:\/\/canverditicaret.com\/shop\/"},{"@type":"ListItem","position":3,"name":"ST SST1800W TEZGAH \u00dcST\u00dc TESTERE 254MM"}]},{"@type":"WebSite","@id":"https:\/\/canverditicaret.com\/#website","url":"https:\/\/canverditicaret.com\/","name":"Can Verdi Ticaret","description":"Can Verdi Ticaret","potentialAction":[{"@type":"SearchAction","target":{"@type":"EntryPoint","urlTemplate":"https:\/\/canverditicaret.com\/?s={search_term_string}"},"query-input":"required name=search_term_string"}],"inLanguage":"en-US"}]}},"_links":{"self":[{"href":"https:\/\/canverditicaret.com\/en\/wp-json\/wp\/v2\/product\/16714","targetHints":{"allow":["GET"]}}],"collection":[{"href":"https:\/\/canverditicaret.com\/en\/wp-json\/wp\/v2\/product"}],"about":[{"href":"https:\/\/canverditicaret.com\/en\/wp-json\/wp\/v2\/types\/product"}],"replies":[{"embeddable":true,"href":"https:\/\/canverditicaret.com\/en\/wp-json\/wp\/v2\/comments?post=16714"}],"version-history":[{"count":1,"href":"https:\/\/canverditicaret.com\/en\/wp-json\/wp\/v2\/product\/16714\/revisions"}],"predecessor-version":[{"id":16721,"href":"https:\/\/canverditicaret.com\/en\/wp-json\/wp\/v2\/product\/16714\/revisions\/16721"}],"wp:featuredmedia":[{"embeddable":true,"href":"https:\/\/canverditicaret.com\/en\/wp-json\/wp\/v2\/media\/16981"}],"wp:attachment":[{"href":"https:\/\/canverditicaret.com\/en\/wp-json\/wp\/v2\/media?parent=16714"}],"wp:term":[{"taxonomy":"product_cat","embeddable":true,"href":"https:\/\/canverditicaret.com\/en\/wp-json\/wp\/v2\/product_cat?post=16714"},{"taxonomy":"product_tag","embeddable":true,"href":"https:\/\/canverditicaret.com\/en\/wp-json\/wp\/v2\/product_tag?post=16714"}],"curies":[{"name":"wp","href":"https:\/\/api.w.org\/{rel}","templated":true}]}}