{"id":16701,"date":"2024-01-27T05:21:05","date_gmt":"2024-01-27T02:21:05","guid":{"rendered":"https:\/\/canverditicaret.com\/?post_type=product&#038;p=16701"},"modified":"2025-02-16T16:06:26","modified_gmt":"2025-02-16T13:06:26","slug":"st-spt900-tilki-kuy-900w","status":"publish","type":"product","link":"https:\/\/canverditicaret.com\/en\/product\/st-spt900-tilki-kuy-900w\/","title":{"rendered":"ST SPT900 FOX WELL. 900W"},"content":{"rendered":"<table class=\"table table-borderless table-layout-fixed table-striped table-hover bg-lg-c255 mb-0\">\n<tbody>\n<tr>\n<th>Cutting Depth Wood<\/th>\n<td>305mm<\/td>\n<\/tr>\n<tr>\n<th>Cutting Depth Steel<\/th>\n<td>75mm<\/td>\n<\/tr>\n<tr>\n<th>Cutting Depth PVC<\/th>\n<td>305mm<\/td>\n<\/tr>\n<tr>\n<th>Bevel Cutting<\/th>\n<td>None<\/td>\n<\/tr>\n<tr>\n<th>Protective Cover<\/th>\n<td>No<\/td>\n<\/tr>\n<tr>\n<th>Locking Shaft<\/th>\n<td>No<\/td>\n<\/tr>\n<tr>\n<th>Dust Blowing<\/th>\n<td>No<\/td>\n<\/tr>\n<tr>\n<th>Safety Lock<\/th>\n<td>Yes<\/td>\n<\/tr>\n<tr>\n<th>Usage areas<\/th>\n<td>Wood<\/td>\n<\/tr>\n<tr>\n<th>Usage Type<\/th>\n<td>wired<\/td>\n<\/tr>\n<tr>\n<th>Battery Option<\/th>\n<td>without battery<\/td>\n<\/tr>\n<tr>\n<th>Working Type<\/th>\n<td>Electric<\/td>\n<\/tr>\n<tr>\n<th>Mouth Material<\/th>\n<td>Diamond Mouth<\/td>\n<\/tr>\n<tr>\n<th>Keyless Change<\/th>\n<td>None<\/td>\n<\/tr>\n<tr>\n<th>Lighting<\/th>\n<td>None<\/td>\n<\/tr>\n<tr>\n<th>No Load Speed<\/th>\n<td>3200 rpm<\/td>\n<\/tr>\n<tr>\n<th>Strength<\/th>\n<td>900 Watts<\/td>\n<\/tr>\n<tr>\n<th>Weight<\/th>\n<td>3.2kg<\/td>\n<\/tr>\n<tr>\n<th>Body Material<\/th>\n<td>Plastic<\/td>\n<\/tr>\n<tr>\n<th>Colour<\/th>\n<td>Yellow<\/td>\n<\/tr>\n<\/tbody>\n<\/table>","protected":false},"excerpt":{"rendered":"<p>Cutting Depth Wood 305 mm Cutting Depth Steel 75 mm Cutting Depth PVC 305 mm Angled Cutting No Protective Cover<\/p>","protected":false},"featured_media":16971,"comment_status":"open","ping_status":"closed","template":"","meta":[],"product_cat":[79],"product_tag":[],"class_list":["post-16701","product","type-product","status-publish","has-post-thumbnail","hentry","product_cat-elektrikli-el-aletleri"],"yoast_head":"<!-- This site is optimized with the Yoast SEO plugin v21.6 - https:\/\/yoast.com\/wordpress\/plugins\/seo\/ -->\n<title>ST SPT900 T\u0130LK\u0130 KUY. 900W - Can Verdi Ticaret<\/title>\n<meta name=\"robots\" content=\"index, follow, max-snippet:-1, max-image-preview:large, max-video-preview:-1\" \/>\n<link rel=\"canonical\" href=\"https:\/\/canverditicaret.com\/en\/product\/st-spt900-tilki-kuy-900w\/\" \/>\n<meta property=\"og:locale\" content=\"en_US\" \/>\n<meta property=\"og:type\" content=\"article\" \/>\n<meta property=\"og:title\" content=\"ST SPT900 T\u0130LK\u0130 KUY. 900W - Can Verdi Ticaret\" \/>\n<meta property=\"og:description\" content=\"Kesme Derinli\u011fi Ah\u015fap 305 mm Kesme Derinli\u011fi \u00c7elik 75 mm Kesme Derinli\u011fi Pvc 305 mm A\u00e7\u0131l\u0131 Kesme Yok Koruyucu Kapak\" \/>\n<meta property=\"og:url\" content=\"https:\/\/canverditicaret.com\/en\/product\/st-spt900-tilki-kuy-900w\/\" \/>\n<meta property=\"og:site_name\" content=\"Can Verdi Ticaret\" \/>\n<meta property=\"article:modified_time\" content=\"2025-02-16T13:06:26+00:00\" \/>\n<meta property=\"og:image\" content=\"https:\/\/canverditicaret.com\/wp-content\/uploads\/2024\/01\/1000197231.png\" \/>\n\t<meta property=\"og:image:width\" content=\"1024\" \/>\n\t<meta property=\"og:image:height\" content=\"1024\" \/>\n\t<meta property=\"og:image:type\" content=\"image\/png\" \/>\n<meta name=\"twitter:card\" content=\"summary_large_image\" \/>\n<meta name=\"twitter:label1\" content=\"Est. reading time\" \/>\n\t<meta name=\"twitter:data1\" content=\"1 minute\" \/>\n<script type=\"application\/ld+json\" class=\"yoast-schema-graph\">{\"@context\":\"https:\/\/schema.org\",\"@graph\":[{\"@type\":\"WebPage\",\"@id\":\"https:\/\/canverditicaret.com\/urun\/st-spt900-tilki-kuy-900w\/\",\"url\":\"https:\/\/canverditicaret.com\/urun\/st-spt900-tilki-kuy-900w\/\",\"name\":\"ST SPT900 T\u0130LK\u0130 KUY. 900W - Can Verdi Ticaret\",\"isPartOf\":{\"@id\":\"https:\/\/canverditicaret.com\/#website\"},\"datePublished\":\"2024-01-27T02:21:05+00:00\",\"dateModified\":\"2025-02-16T13:06:26+00:00\",\"breadcrumb\":{\"@id\":\"https:\/\/canverditicaret.com\/urun\/st-spt900-tilki-kuy-900w\/#breadcrumb\"},\"inLanguage\":\"en-US\",\"potentialAction\":[{\"@type\":\"ReadAction\",\"target\":[\"https:\/\/canverditicaret.com\/urun\/st-spt900-tilki-kuy-900w\/\"]}]},{\"@type\":\"BreadcrumbList\",\"@id\":\"https:\/\/canverditicaret.com\/urun\/st-spt900-tilki-kuy-900w\/#breadcrumb\",\"itemListElement\":[{\"@type\":\"ListItem\",\"position\":1,\"name\":\"Anasayfa\",\"item\":\"https:\/\/canverditicaret.com\/\"},{\"@type\":\"ListItem\",\"position\":2,\"name\":\"Ma\u011faza\",\"item\":\"https:\/\/canverditicaret.com\/shop\/\"},{\"@type\":\"ListItem\",\"position\":3,\"name\":\"ST SPT900 T\u0130LK\u0130 KUY. 900W\"}]},{\"@type\":\"WebSite\",\"@id\":\"https:\/\/canverditicaret.com\/#website\",\"url\":\"https:\/\/canverditicaret.com\/\",\"name\":\"Can Verdi Ticaret\",\"description\":\"Can Verdi Ticaret\",\"potentialAction\":[{\"@type\":\"SearchAction\",\"target\":{\"@type\":\"EntryPoint\",\"urlTemplate\":\"https:\/\/canverditicaret.com\/?s={search_term_string}\"},\"query-input\":\"required name=search_term_string\"}],\"inLanguage\":\"en-US\"}]}<\/script>\n<!-- \/ Yoast SEO plugin. -->","yoast_head_json":{"title":"ST SPT900 T\u0130LK\u0130 KUY. 900W - Can Verdi Ticaret","robots":{"index":"index","follow":"follow","max-snippet":"max-snippet:-1","max-image-preview":"max-image-preview:large","max-video-preview":"max-video-preview:-1"},"canonical":"https:\/\/canverditicaret.com\/en\/product\/st-spt900-tilki-kuy-900w\/","og_locale":"en_US","og_type":"article","og_title":"ST SPT900 T\u0130LK\u0130 KUY. 900W - Can Verdi Ticaret","og_description":"Kesme Derinli\u011fi Ah\u015fap 305 mm Kesme Derinli\u011fi \u00c7elik 75 mm Kesme Derinli\u011fi Pvc 305 mm A\u00e7\u0131l\u0131 Kesme Yok Koruyucu Kapak","og_url":"https:\/\/canverditicaret.com\/en\/product\/st-spt900-tilki-kuy-900w\/","og_site_name":"Can Verdi Ticaret","article_modified_time":"2025-02-16T13:06:26+00:00","og_image":[{"width":1024,"height":1024,"url":"https:\/\/canverditicaret.com\/wp-content\/uploads\/2024\/01\/1000197231.png","type":"image\/png"}],"twitter_card":"summary_large_image","twitter_misc":{"Est. reading time":"1 minute"},"schema":{"@context":"https:\/\/schema.org","@graph":[{"@type":"WebPage","@id":"https:\/\/canverditicaret.com\/urun\/st-spt900-tilki-kuy-900w\/","url":"https:\/\/canverditicaret.com\/urun\/st-spt900-tilki-kuy-900w\/","name":"ST SPT900 T\u0130LK\u0130 KUY. 900W - Can Verdi Ticaret","isPartOf":{"@id":"https:\/\/canverditicaret.com\/#website"},"datePublished":"2024-01-27T02:21:05+00:00","dateModified":"2025-02-16T13:06:26+00:00","breadcrumb":{"@id":"https:\/\/canverditicaret.com\/urun\/st-spt900-tilki-kuy-900w\/#breadcrumb"},"inLanguage":"en-US","potentialAction":[{"@type":"ReadAction","target":["https:\/\/canverditicaret.com\/urun\/st-spt900-tilki-kuy-900w\/"]}]},{"@type":"BreadcrumbList","@id":"https:\/\/canverditicaret.com\/urun\/st-spt900-tilki-kuy-900w\/#breadcrumb","itemListElement":[{"@type":"ListItem","position":1,"name":"Anasayfa","item":"https:\/\/canverditicaret.com\/"},{"@type":"ListItem","position":2,"name":"Ma\u011faza","item":"https:\/\/canverditicaret.com\/shop\/"},{"@type":"ListItem","position":3,"name":"ST SPT900 T\u0130LK\u0130 KUY. 900W"}]},{"@type":"WebSite","@id":"https:\/\/canverditicaret.com\/#website","url":"https:\/\/canverditicaret.com\/","name":"Can Verdi Ticaret","description":"Can Verdi Ticaret","potentialAction":[{"@type":"SearchAction","target":{"@type":"EntryPoint","urlTemplate":"https:\/\/canverditicaret.com\/?s={search_term_string}"},"query-input":"required name=search_term_string"}],"inLanguage":"en-US"}]}},"_links":{"self":[{"href":"https:\/\/canverditicaret.com\/en\/wp-json\/wp\/v2\/product\/16701","targetHints":{"allow":["GET"]}}],"collection":[{"href":"https:\/\/canverditicaret.com\/en\/wp-json\/wp\/v2\/product"}],"about":[{"href":"https:\/\/canverditicaret.com\/en\/wp-json\/wp\/v2\/types\/product"}],"replies":[{"embeddable":true,"href":"https:\/\/canverditicaret.com\/en\/wp-json\/wp\/v2\/comments?post=16701"}],"version-history":[{"count":1,"href":"https:\/\/canverditicaret.com\/en\/wp-json\/wp\/v2\/product\/16701\/revisions"}],"predecessor-version":[{"id":16710,"href":"https:\/\/canverditicaret.com\/en\/wp-json\/wp\/v2\/product\/16701\/revisions\/16710"}],"wp:featuredmedia":[{"embeddable":true,"href":"https:\/\/canverditicaret.com\/en\/wp-json\/wp\/v2\/media\/16971"}],"wp:attachment":[{"href":"https:\/\/canverditicaret.com\/en\/wp-json\/wp\/v2\/media?parent=16701"}],"wp:term":[{"taxonomy":"product_cat","embeddable":true,"href":"https:\/\/canverditicaret.com\/en\/wp-json\/wp\/v2\/product_cat?post=16701"},{"taxonomy":"product_tag","embeddable":true,"href":"https:\/\/canverditicaret.com\/en\/wp-json\/wp\/v2\/product_tag?post=16701"}],"curies":[{"name":"wp","href":"https:\/\/api.w.org\/{rel}","templated":true}]}}