{"id":16650,"date":"2024-01-27T05:24:33","date_gmt":"2024-01-27T02:24:33","guid":{"rendered":"https:\/\/canverditicaret.com\/?post_type=product&#038;p=16650"},"modified":"2025-02-16T16:06:27","modified_gmt":"2025-02-16T13:06:27","slug":"klpro-klk50s-sessiz-kompresor-50lt","status":"publish","type":"product","link":"https:\/\/canverditicaret.com\/en\/product\/klpro-klk50s-sessiz-kompresor-50lt\/","title":{"rendered":"KLPRO KLK50S QUIET COMPRESSOR 50Lt"},"content":{"rendered":"<table class=\"table table-borderless table-layout-fixed table-striped table-hover bg-lg-c255 mb-0\">\n<tbody>\n<tr>\n<th>Speed<\/th>\n<td>1400 rpm<\/td>\n<\/tr>\n<tr>\n<th>Use of Power<\/th>\n<td>745 Watts<\/td>\n<\/tr>\n<tr>\n<th>Pressure indicator<\/th>\n<td>Yes<\/td>\n<\/tr>\n<tr>\n<th>Warehouse Volume<\/th>\n<td>50 Liters<\/td>\n<\/tr>\n<tr>\n<th>Air Volume<\/th>\n<td>126 Liters<\/td>\n<\/tr>\n<tr>\n<th>Operating pressure<\/th>\n<td>8 Bars<\/td>\n<\/tr>\n<tr>\n<th>Voltage<\/th>\n<td>230 Volts<\/td>\n<\/tr>\n<\/tbody>\n<\/table>","protected":false},"excerpt":{"rendered":"<p>Speed 1400 rpm Power Usage 745 Watt Pressure Indicator Yes Tank Volume 50 Liters Air Volume 126 Liters Working Pressure<\/p>","protected":false},"featured_media":16999,"comment_status":"open","ping_status":"closed","template":"","meta":[],"product_cat":[79],"product_tag":[],"class_list":["post-16650","product","type-product","status-publish","has-post-thumbnail","hentry","product_cat-elektrikli-el-aletleri"],"yoast_head":"<!-- This site is optimized with the Yoast SEO plugin v21.6 - https:\/\/yoast.com\/wordpress\/plugins\/seo\/ -->\n<title>KLPRO KLK50S SESS\u0130Z KOMPRES\u00d6R 50Lt - Can Verdi Ticaret<\/title>\n<meta name=\"robots\" content=\"index, follow, max-snippet:-1, max-image-preview:large, max-video-preview:-1\" \/>\n<link rel=\"canonical\" href=\"https:\/\/canverditicaret.com\/en\/product\/klpro-klk50s-sessiz-kompresor-50lt\/\" \/>\n<meta property=\"og:locale\" content=\"en_US\" \/>\n<meta property=\"og:type\" content=\"article\" \/>\n<meta property=\"og:title\" content=\"KLPRO KLK50S SESS\u0130Z KOMPRES\u00d6R 50Lt - Can Verdi Ticaret\" \/>\n<meta property=\"og:description\" content=\"H\u0131z 1400 dev\/dk G\u00fc\u00e7 Kullan\u0131m\u0131 745 Watt Bas\u0131n\u00e7 G\u00f6stergesi Evet Depo Hacmi 50 Litre Hava Hacmi 126 Litre \u00c7al\u0131\u015fma Bas\u0131nc\u0131\" \/>\n<meta property=\"og:url\" content=\"https:\/\/canverditicaret.com\/en\/product\/klpro-klk50s-sessiz-kompresor-50lt\/\" \/>\n<meta property=\"og:site_name\" content=\"Can Verdi Ticaret\" \/>\n<meta property=\"article:modified_time\" content=\"2025-02-16T13:06:27+00:00\" \/>\n<meta property=\"og:image\" content=\"https:\/\/canverditicaret.com\/wp-content\/uploads\/2024\/01\/1000414593.png\" \/>\n\t<meta property=\"og:image:width\" content=\"1024\" \/>\n\t<meta property=\"og:image:height\" content=\"1024\" \/>\n\t<meta property=\"og:image:type\" content=\"image\/png\" \/>\n<meta name=\"twitter:card\" content=\"summary_large_image\" \/>\n<meta name=\"twitter:label1\" content=\"Est. reading time\" \/>\n\t<meta name=\"twitter:data1\" content=\"1 minute\" \/>\n<script type=\"application\/ld+json\" class=\"yoast-schema-graph\">{\"@context\":\"https:\/\/schema.org\",\"@graph\":[{\"@type\":\"WebPage\",\"@id\":\"https:\/\/canverditicaret.com\/urun\/klpro-klk50s-sessiz-kompresor-50lt\/\",\"url\":\"https:\/\/canverditicaret.com\/urun\/klpro-klk50s-sessiz-kompresor-50lt\/\",\"name\":\"KLPRO KLK50S SESS\u0130Z KOMPRES\u00d6R 50Lt - Can Verdi Ticaret\",\"isPartOf\":{\"@id\":\"https:\/\/canverditicaret.com\/#website\"},\"datePublished\":\"2024-01-27T02:24:33+00:00\",\"dateModified\":\"2025-02-16T13:06:27+00:00\",\"breadcrumb\":{\"@id\":\"https:\/\/canverditicaret.com\/urun\/klpro-klk50s-sessiz-kompresor-50lt\/#breadcrumb\"},\"inLanguage\":\"en-US\",\"potentialAction\":[{\"@type\":\"ReadAction\",\"target\":[\"https:\/\/canverditicaret.com\/urun\/klpro-klk50s-sessiz-kompresor-50lt\/\"]}]},{\"@type\":\"BreadcrumbList\",\"@id\":\"https:\/\/canverditicaret.com\/urun\/klpro-klk50s-sessiz-kompresor-50lt\/#breadcrumb\",\"itemListElement\":[{\"@type\":\"ListItem\",\"position\":1,\"name\":\"Anasayfa\",\"item\":\"https:\/\/canverditicaret.com\/\"},{\"@type\":\"ListItem\",\"position\":2,\"name\":\"Ma\u011faza\",\"item\":\"https:\/\/canverditicaret.com\/shop\/\"},{\"@type\":\"ListItem\",\"position\":3,\"name\":\"KLPRO KLK50S SESS\u0130Z KOMPRES\u00d6R 50Lt\"}]},{\"@type\":\"WebSite\",\"@id\":\"https:\/\/canverditicaret.com\/#website\",\"url\":\"https:\/\/canverditicaret.com\/\",\"name\":\"Can Verdi Ticaret\",\"description\":\"Can Verdi Ticaret\",\"potentialAction\":[{\"@type\":\"SearchAction\",\"target\":{\"@type\":\"EntryPoint\",\"urlTemplate\":\"https:\/\/canverditicaret.com\/?s={search_term_string}\"},\"query-input\":\"required name=search_term_string\"}],\"inLanguage\":\"en-US\"}]}<\/script>\n<!-- \/ Yoast SEO plugin. -->","yoast_head_json":{"title":"KLPRO KLK50S SESS\u0130Z KOMPRES\u00d6R 50Lt - Can Verdi Ticaret","robots":{"index":"index","follow":"follow","max-snippet":"max-snippet:-1","max-image-preview":"max-image-preview:large","max-video-preview":"max-video-preview:-1"},"canonical":"https:\/\/canverditicaret.com\/en\/product\/klpro-klk50s-sessiz-kompresor-50lt\/","og_locale":"en_US","og_type":"article","og_title":"KLPRO KLK50S SESS\u0130Z KOMPRES\u00d6R 50Lt - Can Verdi Ticaret","og_description":"H\u0131z 1400 dev\/dk G\u00fc\u00e7 Kullan\u0131m\u0131 745 Watt Bas\u0131n\u00e7 G\u00f6stergesi Evet Depo Hacmi 50 Litre Hava Hacmi 126 Litre \u00c7al\u0131\u015fma Bas\u0131nc\u0131","og_url":"https:\/\/canverditicaret.com\/en\/product\/klpro-klk50s-sessiz-kompresor-50lt\/","og_site_name":"Can Verdi Ticaret","article_modified_time":"2025-02-16T13:06:27+00:00","og_image":[{"width":1024,"height":1024,"url":"https:\/\/canverditicaret.com\/wp-content\/uploads\/2024\/01\/1000414593.png","type":"image\/png"}],"twitter_card":"summary_large_image","twitter_misc":{"Est. reading time":"1 minute"},"schema":{"@context":"https:\/\/schema.org","@graph":[{"@type":"WebPage","@id":"https:\/\/canverditicaret.com\/urun\/klpro-klk50s-sessiz-kompresor-50lt\/","url":"https:\/\/canverditicaret.com\/urun\/klpro-klk50s-sessiz-kompresor-50lt\/","name":"KLPRO KLK50S SESS\u0130Z KOMPRES\u00d6R 50Lt - Can Verdi Ticaret","isPartOf":{"@id":"https:\/\/canverditicaret.com\/#website"},"datePublished":"2024-01-27T02:24:33+00:00","dateModified":"2025-02-16T13:06:27+00:00","breadcrumb":{"@id":"https:\/\/canverditicaret.com\/urun\/klpro-klk50s-sessiz-kompresor-50lt\/#breadcrumb"},"inLanguage":"en-US","potentialAction":[{"@type":"ReadAction","target":["https:\/\/canverditicaret.com\/urun\/klpro-klk50s-sessiz-kompresor-50lt\/"]}]},{"@type":"BreadcrumbList","@id":"https:\/\/canverditicaret.com\/urun\/klpro-klk50s-sessiz-kompresor-50lt\/#breadcrumb","itemListElement":[{"@type":"ListItem","position":1,"name":"Anasayfa","item":"https:\/\/canverditicaret.com\/"},{"@type":"ListItem","position":2,"name":"Ma\u011faza","item":"https:\/\/canverditicaret.com\/shop\/"},{"@type":"ListItem","position":3,"name":"KLPRO KLK50S SESS\u0130Z KOMPRES\u00d6R 50Lt"}]},{"@type":"WebSite","@id":"https:\/\/canverditicaret.com\/#website","url":"https:\/\/canverditicaret.com\/","name":"Can Verdi Ticaret","description":"Can Verdi Ticaret","potentialAction":[{"@type":"SearchAction","target":{"@type":"EntryPoint","urlTemplate":"https:\/\/canverditicaret.com\/?s={search_term_string}"},"query-input":"required name=search_term_string"}],"inLanguage":"en-US"}]}},"_links":{"self":[{"href":"https:\/\/canverditicaret.com\/en\/wp-json\/wp\/v2\/product\/16650","targetHints":{"allow":["GET"]}}],"collection":[{"href":"https:\/\/canverditicaret.com\/en\/wp-json\/wp\/v2\/product"}],"about":[{"href":"https:\/\/canverditicaret.com\/en\/wp-json\/wp\/v2\/types\/product"}],"replies":[{"embeddable":true,"href":"https:\/\/canverditicaret.com\/en\/wp-json\/wp\/v2\/comments?post=16650"}],"version-history":[{"count":1,"href":"https:\/\/canverditicaret.com\/en\/wp-json\/wp\/v2\/product\/16650\/revisions"}],"predecessor-version":[{"id":16651,"href":"https:\/\/canverditicaret.com\/en\/wp-json\/wp\/v2\/product\/16650\/revisions\/16651"}],"wp:featuredmedia":[{"embeddable":true,"href":"https:\/\/canverditicaret.com\/en\/wp-json\/wp\/v2\/media\/16999"}],"wp:attachment":[{"href":"https:\/\/canverditicaret.com\/en\/wp-json\/wp\/v2\/media?parent=16650"}],"wp:term":[{"taxonomy":"product_cat","embeddable":true,"href":"https:\/\/canverditicaret.com\/en\/wp-json\/wp\/v2\/product_cat?post=16650"},{"taxonomy":"product_tag","embeddable":true,"href":"https:\/\/canverditicaret.com\/en\/wp-json\/wp\/v2\/product_tag?post=16650"}],"curies":[{"name":"wp","href":"https:\/\/api.w.org\/{rel}","templated":true}]}}