{"id":16642,"date":"2024-01-27T05:30:49","date_gmt":"2024-01-27T02:30:49","guid":{"rendered":"https:\/\/canverditicaret.com\/?post_type=product&#038;p=16642"},"modified":"2025-02-16T16:06:29","modified_gmt":"2025-02-16T13:06:29","slug":"kl-eco-160a-inverter-kaynak-makinesi","status":"publish","type":"product","link":"https:\/\/canverditicaret.com\/en\/product\/kl-eco-160a-inverter-kaynak-makinesi\/","title":{"rendered":"KL ECO 160A INVERTER WELDING MACHINE"},"content":{"rendered":"<table class=\"table table-borderless table-layout-fixed table-striped table-hover bg-lg-c255 mb-0\">\n<tbody>\n<tr>\n<th>Height<\/th>\n<td>24cm<\/td>\n<\/tr>\n<tr>\n<th>Width<\/th>\n<td>12cm<\/td>\n<\/tr>\n<tr>\n<th>Depth<\/th>\n<td>24.5cm<\/td>\n<\/tr>\n<tr>\n<th>Weight<\/th>\n<td>3.5kg<\/td>\n<\/tr>\n<tr>\n<th>Resistance Material<\/th>\n<td>Electronic<\/td>\n<\/tr>\n<tr>\n<th>Resistance<\/th>\n<td>Only<\/td>\n<\/tr>\n<tr>\n<th>Pipe Welding Capacity<\/th>\n<td>4mm<\/td>\n<\/tr>\n<\/tbody>\n<\/table>","protected":false},"excerpt":{"rendered":"<p>Height 24 cm Width 12 cm Depth 24.5 cm Weight 3.5 kg Resistance Material Electronic Resistance Single Pipe Welding Capacity<\/p>","protected":false},"featured_media":17064,"comment_status":"open","ping_status":"closed","template":"","meta":[],"product_cat":[79],"product_tag":[],"class_list":["post-16642","product","type-product","status-publish","has-post-thumbnail","hentry","product_cat-elektrikli-el-aletleri"],"yoast_head":"<!-- This site is optimized with the Yoast SEO plugin v21.6 - https:\/\/yoast.com\/wordpress\/plugins\/seo\/ -->\n<title>KL ECO 160A INVERTER KAYNAK MAK\u0130NES\u0130 - Can Verdi Ticaret<\/title>\n<meta name=\"robots\" content=\"index, follow, max-snippet:-1, max-image-preview:large, max-video-preview:-1\" \/>\n<link rel=\"canonical\" href=\"https:\/\/canverditicaret.com\/en\/product\/kl-eco-160a-inverter-kaynak-makinesi\/\" \/>\n<meta property=\"og:locale\" content=\"en_US\" \/>\n<meta property=\"og:type\" content=\"article\" \/>\n<meta property=\"og:title\" content=\"KL ECO 160A INVERTER KAYNAK MAK\u0130NES\u0130 - Can Verdi Ticaret\" \/>\n<meta property=\"og:description\" content=\"Y\u00fckseklik 24 cm Geni\u015flik 12 cm Derinlik 24.5 cm A\u011f\u0131rl\u0131k 3.5 kg Rezistans Malzemesi Elektronik Rezistans Tek Boru Kaynak Kapasitesi\" \/>\n<meta property=\"og:url\" content=\"https:\/\/canverditicaret.com\/en\/product\/kl-eco-160a-inverter-kaynak-makinesi\/\" \/>\n<meta property=\"og:site_name\" content=\"Can Verdi Ticaret\" \/>\n<meta property=\"article:modified_time\" content=\"2025-02-16T13:06:29+00:00\" \/>\n<meta property=\"og:image\" content=\"https:\/\/canverditicaret.com\/wp-content\/uploads\/2024\/01\/1000785339.png\" \/>\n\t<meta property=\"og:image:width\" content=\"1024\" \/>\n\t<meta property=\"og:image:height\" content=\"1024\" \/>\n\t<meta property=\"og:image:type\" content=\"image\/png\" \/>\n<meta name=\"twitter:card\" content=\"summary_large_image\" \/>\n<meta name=\"twitter:label1\" content=\"Est. reading time\" \/>\n\t<meta name=\"twitter:data1\" content=\"1 minute\" \/>\n<script type=\"application\/ld+json\" class=\"yoast-schema-graph\">{\"@context\":\"https:\/\/schema.org\",\"@graph\":[{\"@type\":\"WebPage\",\"@id\":\"https:\/\/canverditicaret.com\/urun\/kl-eco-160a-inverter-kaynak-makinesi\/\",\"url\":\"https:\/\/canverditicaret.com\/urun\/kl-eco-160a-inverter-kaynak-makinesi\/\",\"name\":\"KL ECO 160A INVERTER KAYNAK MAK\u0130NES\u0130 - Can Verdi Ticaret\",\"isPartOf\":{\"@id\":\"https:\/\/canverditicaret.com\/#website\"},\"datePublished\":\"2024-01-27T02:30:49+00:00\",\"dateModified\":\"2025-02-16T13:06:29+00:00\",\"breadcrumb\":{\"@id\":\"https:\/\/canverditicaret.com\/urun\/kl-eco-160a-inverter-kaynak-makinesi\/#breadcrumb\"},\"inLanguage\":\"en-US\",\"potentialAction\":[{\"@type\":\"ReadAction\",\"target\":[\"https:\/\/canverditicaret.com\/urun\/kl-eco-160a-inverter-kaynak-makinesi\/\"]}]},{\"@type\":\"BreadcrumbList\",\"@id\":\"https:\/\/canverditicaret.com\/urun\/kl-eco-160a-inverter-kaynak-makinesi\/#breadcrumb\",\"itemListElement\":[{\"@type\":\"ListItem\",\"position\":1,\"name\":\"Anasayfa\",\"item\":\"https:\/\/canverditicaret.com\/\"},{\"@type\":\"ListItem\",\"position\":2,\"name\":\"Ma\u011faza\",\"item\":\"https:\/\/canverditicaret.com\/shop\/\"},{\"@type\":\"ListItem\",\"position\":3,\"name\":\"KL ECO 160A INVERTER KAYNAK MAK\u0130NES\u0130\"}]},{\"@type\":\"WebSite\",\"@id\":\"https:\/\/canverditicaret.com\/#website\",\"url\":\"https:\/\/canverditicaret.com\/\",\"name\":\"Can Verdi Ticaret\",\"description\":\"Can Verdi Ticaret\",\"potentialAction\":[{\"@type\":\"SearchAction\",\"target\":{\"@type\":\"EntryPoint\",\"urlTemplate\":\"https:\/\/canverditicaret.com\/?s={search_term_string}\"},\"query-input\":\"required name=search_term_string\"}],\"inLanguage\":\"en-US\"}]}<\/script>\n<!-- \/ Yoast SEO plugin. -->","yoast_head_json":{"title":"KL ECO 160A INVERTER KAYNAK MAK\u0130NES\u0130 - Can Verdi Ticaret","robots":{"index":"index","follow":"follow","max-snippet":"max-snippet:-1","max-image-preview":"max-image-preview:large","max-video-preview":"max-video-preview:-1"},"canonical":"https:\/\/canverditicaret.com\/en\/product\/kl-eco-160a-inverter-kaynak-makinesi\/","og_locale":"en_US","og_type":"article","og_title":"KL ECO 160A INVERTER KAYNAK MAK\u0130NES\u0130 - Can Verdi Ticaret","og_description":"Y\u00fckseklik 24 cm Geni\u015flik 12 cm Derinlik 24.5 cm A\u011f\u0131rl\u0131k 3.5 kg Rezistans Malzemesi Elektronik Rezistans Tek Boru Kaynak Kapasitesi","og_url":"https:\/\/canverditicaret.com\/en\/product\/kl-eco-160a-inverter-kaynak-makinesi\/","og_site_name":"Can Verdi Ticaret","article_modified_time":"2025-02-16T13:06:29+00:00","og_image":[{"width":1024,"height":1024,"url":"https:\/\/canverditicaret.com\/wp-content\/uploads\/2024\/01\/1000785339.png","type":"image\/png"}],"twitter_card":"summary_large_image","twitter_misc":{"Est. reading time":"1 minute"},"schema":{"@context":"https:\/\/schema.org","@graph":[{"@type":"WebPage","@id":"https:\/\/canverditicaret.com\/urun\/kl-eco-160a-inverter-kaynak-makinesi\/","url":"https:\/\/canverditicaret.com\/urun\/kl-eco-160a-inverter-kaynak-makinesi\/","name":"KL ECO 160A INVERTER KAYNAK MAK\u0130NES\u0130 - Can Verdi Ticaret","isPartOf":{"@id":"https:\/\/canverditicaret.com\/#website"},"datePublished":"2024-01-27T02:30:49+00:00","dateModified":"2025-02-16T13:06:29+00:00","breadcrumb":{"@id":"https:\/\/canverditicaret.com\/urun\/kl-eco-160a-inverter-kaynak-makinesi\/#breadcrumb"},"inLanguage":"en-US","potentialAction":[{"@type":"ReadAction","target":["https:\/\/canverditicaret.com\/urun\/kl-eco-160a-inverter-kaynak-makinesi\/"]}]},{"@type":"BreadcrumbList","@id":"https:\/\/canverditicaret.com\/urun\/kl-eco-160a-inverter-kaynak-makinesi\/#breadcrumb","itemListElement":[{"@type":"ListItem","position":1,"name":"Anasayfa","item":"https:\/\/canverditicaret.com\/"},{"@type":"ListItem","position":2,"name":"Ma\u011faza","item":"https:\/\/canverditicaret.com\/shop\/"},{"@type":"ListItem","position":3,"name":"KL ECO 160A INVERTER KAYNAK MAK\u0130NES\u0130"}]},{"@type":"WebSite","@id":"https:\/\/canverditicaret.com\/#website","url":"https:\/\/canverditicaret.com\/","name":"Can Verdi Ticaret","description":"Can Verdi Ticaret","potentialAction":[{"@type":"SearchAction","target":{"@type":"EntryPoint","urlTemplate":"https:\/\/canverditicaret.com\/?s={search_term_string}"},"query-input":"required name=search_term_string"}],"inLanguage":"en-US"}]}},"_links":{"self":[{"href":"https:\/\/canverditicaret.com\/en\/wp-json\/wp\/v2\/product\/16642","targetHints":{"allow":["GET"]}}],"collection":[{"href":"https:\/\/canverditicaret.com\/en\/wp-json\/wp\/v2\/product"}],"about":[{"href":"https:\/\/canverditicaret.com\/en\/wp-json\/wp\/v2\/types\/product"}],"replies":[{"embeddable":true,"href":"https:\/\/canverditicaret.com\/en\/wp-json\/wp\/v2\/comments?post=16642"}],"version-history":[{"count":1,"href":"https:\/\/canverditicaret.com\/en\/wp-json\/wp\/v2\/product\/16642\/revisions"}],"predecessor-version":[{"id":16643,"href":"https:\/\/canverditicaret.com\/en\/wp-json\/wp\/v2\/product\/16642\/revisions\/16643"}],"wp:featuredmedia":[{"embeddable":true,"href":"https:\/\/canverditicaret.com\/en\/wp-json\/wp\/v2\/media\/17064"}],"wp:attachment":[{"href":"https:\/\/canverditicaret.com\/en\/wp-json\/wp\/v2\/media?parent=16642"}],"wp:term":[{"taxonomy":"product_cat","embeddable":true,"href":"https:\/\/canverditicaret.com\/en\/wp-json\/wp\/v2\/product_cat?post=16642"},{"taxonomy":"product_tag","embeddable":true,"href":"https:\/\/canverditicaret.com\/en\/wp-json\/wp\/v2\/product_tag?post=16642"}],"curies":[{"name":"wp","href":"https:\/\/api.w.org\/{rel}","templated":true}]}}