{"id":16630,"date":"2024-01-27T05:20:12","date_gmt":"2024-01-27T02:20:12","guid":{"rendered":"https:\/\/canverditicaret.com\/?post_type=product&#038;p=16630"},"modified":"2025-02-16T16:06:25","modified_gmt":"2025-02-16T13:06:25","slug":"gcl-2-50-c-rm2-bt150","status":"publish","type":"product","link":"https:\/\/canverditicaret.com\/en\/product\/gcl-2-50-c-rm2-bt150\/","title":{"rendered":"Gcl 2-50 C +Rm2 + Bt150"},"content":{"rendered":"<table class=\"table table-borderless table-layout-fixed table-striped table-hover bg-lg-c255 mb-0\">\n<tbody>\n<tr>\n<th>Operating Range<\/th>\n<td>20 meters<\/td>\n<\/tr>\n<tr>\n<th>Laser Diode<\/th>\n<td>635 \u2013 650 nm<\/td>\n<\/tr>\n<tr>\n<th>Laser Class<\/th>\n<td>2<\/td>\n<\/tr>\n<tr>\n<th>Measuring Time<\/th>\n<td>1 sec<\/td>\n<\/tr>\n<tr>\n<th>Measurement Accuracy<\/th>\n<td>\u00b10.3mm at 1m<\/td>\n<\/tr>\n<tr>\n<th>Units of Measurement<\/th>\n<td>Horizontal \u2013 vertical<\/td>\n<\/tr>\n<tr>\n<th>Water Resistance<\/th>\n<td>No<\/td>\n<\/tr>\n<tr>\n<th>Standard Deviation<\/th>\n<td>None<\/td>\n<\/tr>\n<tr>\n<th>Shortest Focus<\/th>\n<td>None<\/td>\n<\/tr>\n<tr>\n<th>Battery<\/th>\n<td>4\u00d71.5V LR6 (AA)<\/td>\n<\/tr>\n<tr>\n<th>Pendulum<\/th>\n<td>None<\/td>\n<\/tr>\n<tr>\n<th>Pendulum Lock<\/th>\n<td>None<\/td>\n<\/tr>\n<tr>\n<th>Laser Beams<\/th>\n<td>2 dashes \/ 2 dots<\/td>\n<\/tr>\n<tr>\n<th>Fixing<\/th>\n<td>None<\/td>\n<\/tr>\n<tr>\n<th>Dust And Spray Water Protection<\/th>\n<td>IP54<\/td>\n<\/tr>\n<tr>\n<th>Working Time Maximum 2<\/th>\n<td>1 Hour<\/td>\n<\/tr>\n<tr>\n<th>Coffee Table Connection<\/th>\n<td>1\/4 Inch<\/td>\n<\/tr>\n<tr>\n<th>Carrying Bag<\/th>\n<td>Yes<\/td>\n<\/tr>\n<tr>\n<th>Number of Lasers<\/th>\n<td>2 Pieces<\/td>\n<\/tr>\n<tr>\n<th>Standing Height<\/th>\n<td>25cm<\/td>\n<\/tr>\n<tr>\n<th>Current Cutting Automatic<\/th>\n<td>None<\/td>\n<\/tr>\n<tr>\n<th>Wood Moisture Measurement<\/th>\n<td>None<\/td>\n<\/tr>\n<tr>\n<th>Building Materials Moisture Measurement<\/th>\n<td>None<\/td>\n<\/tr>\n<tr>\n<th>with camera<\/th>\n<td>No<\/td>\n<\/tr>\n<tr>\n<th>Water Terzili<\/th>\n<td>No<\/td>\n<\/tr>\n<tr>\n<th>Usage<\/th>\n<td>Horizontal-Vertical<\/td>\n<\/tr>\n<tr>\n<th>360 Degrees<\/th>\n<td>No<\/td>\n<\/tr>\n<tr>\n<th>Purpose of usage<\/th>\n<td>Soil<\/td>\n<\/tr>\n<tr>\n<th>3D<\/th>\n<td>No<\/td>\n<\/tr>\n<tr>\n<th>Weight<\/th>\n<td>0.6kg<\/td>\n<\/tr>\n<\/tbody>\n<\/table>","protected":false},"excerpt":{"rendered":"<p>Working Range 20 meters Laser Diode 635 \u2013 650 nm Laser Class 2 Measurement Time 1 sec Measurement Accuracy 1<\/p>","protected":false},"featured_media":16958,"comment_status":"open","ping_status":"closed","template":"","meta":[],"product_cat":[79],"product_tag":[],"class_list":["post-16630","product","type-product","status-publish","has-post-thumbnail","hentry","product_cat-elektrikli-el-aletleri"],"yoast_head":"<!-- This site is optimized with the Yoast SEO plugin v21.6 - https:\/\/yoast.com\/wordpress\/plugins\/seo\/ -->\n<title>Gcl 2-50 C +Rm2 + Bt150 - Can Verdi Ticaret<\/title>\n<meta name=\"robots\" content=\"index, follow, max-snippet:-1, max-image-preview:large, max-video-preview:-1\" \/>\n<link rel=\"canonical\" href=\"https:\/\/canverditicaret.com\/en\/product\/gcl-2-50-c-rm2-bt150\/\" \/>\n<meta property=\"og:locale\" content=\"en_US\" \/>\n<meta property=\"og:type\" content=\"article\" \/>\n<meta property=\"og:title\" content=\"Gcl 2-50 C +Rm2 + Bt150 - Can Verdi Ticaret\" \/>\n<meta property=\"og:description\" content=\"\u00c7al\u0131\u015fma Aral\u0131\u011f\u0131 20 metre Lazer Diyodu 635 &#8211; 650 nm Lazer S\u0131n\u0131f\u0131 2 \u00d6l\u00e7me S\u00fcresi 1 sn \u00d6l\u00e7\u00fcm Hassasiyeti 1\" \/>\n<meta property=\"og:url\" content=\"https:\/\/canverditicaret.com\/en\/product\/gcl-2-50-c-rm2-bt150\/\" \/>\n<meta property=\"og:site_name\" content=\"Can Verdi Ticaret\" \/>\n<meta property=\"article:modified_time\" content=\"2025-02-16T13:06:25+00:00\" \/>\n<meta property=\"og:image\" content=\"https:\/\/canverditicaret.com\/wp-content\/uploads\/2024\/01\/1000191013.png\" \/>\n\t<meta property=\"og:image:width\" content=\"1024\" \/>\n\t<meta property=\"og:image:height\" content=\"1024\" \/>\n\t<meta property=\"og:image:type\" content=\"image\/png\" \/>\n<meta name=\"twitter:card\" content=\"summary_large_image\" \/>\n<meta name=\"twitter:label1\" content=\"Est. reading time\" \/>\n\t<meta name=\"twitter:data1\" content=\"1 minute\" \/>\n<script type=\"application\/ld+json\" class=\"yoast-schema-graph\">{\"@context\":\"https:\/\/schema.org\",\"@graph\":[{\"@type\":\"WebPage\",\"@id\":\"https:\/\/canverditicaret.com\/urun\/gcl-2-50-c-rm2-bt150\/\",\"url\":\"https:\/\/canverditicaret.com\/urun\/gcl-2-50-c-rm2-bt150\/\",\"name\":\"Gcl 2-50 C +Rm2 + Bt150 - Can Verdi Ticaret\",\"isPartOf\":{\"@id\":\"https:\/\/canverditicaret.com\/#website\"},\"datePublished\":\"2024-01-27T02:20:12+00:00\",\"dateModified\":\"2025-02-16T13:06:25+00:00\",\"breadcrumb\":{\"@id\":\"https:\/\/canverditicaret.com\/urun\/gcl-2-50-c-rm2-bt150\/#breadcrumb\"},\"inLanguage\":\"en-US\",\"potentialAction\":[{\"@type\":\"ReadAction\",\"target\":[\"https:\/\/canverditicaret.com\/urun\/gcl-2-50-c-rm2-bt150\/\"]}]},{\"@type\":\"BreadcrumbList\",\"@id\":\"https:\/\/canverditicaret.com\/urun\/gcl-2-50-c-rm2-bt150\/#breadcrumb\",\"itemListElement\":[{\"@type\":\"ListItem\",\"position\":1,\"name\":\"Anasayfa\",\"item\":\"https:\/\/canverditicaret.com\/\"},{\"@type\":\"ListItem\",\"position\":2,\"name\":\"Ma\u011faza\",\"item\":\"https:\/\/canverditicaret.com\/shop\/\"},{\"@type\":\"ListItem\",\"position\":3,\"name\":\"Gcl 2-50 C +Rm2 + Bt150\"}]},{\"@type\":\"WebSite\",\"@id\":\"https:\/\/canverditicaret.com\/#website\",\"url\":\"https:\/\/canverditicaret.com\/\",\"name\":\"Can Verdi Ticaret\",\"description\":\"Can Verdi Ticaret\",\"potentialAction\":[{\"@type\":\"SearchAction\",\"target\":{\"@type\":\"EntryPoint\",\"urlTemplate\":\"https:\/\/canverditicaret.com\/?s={search_term_string}\"},\"query-input\":\"required name=search_term_string\"}],\"inLanguage\":\"en-US\"}]}<\/script>\n<!-- \/ Yoast SEO plugin. -->","yoast_head_json":{"title":"Gcl 2-50 C +Rm2 + Bt150 - Can Verdi Ticaret","robots":{"index":"index","follow":"follow","max-snippet":"max-snippet:-1","max-image-preview":"max-image-preview:large","max-video-preview":"max-video-preview:-1"},"canonical":"https:\/\/canverditicaret.com\/en\/product\/gcl-2-50-c-rm2-bt150\/","og_locale":"en_US","og_type":"article","og_title":"Gcl 2-50 C +Rm2 + Bt150 - Can Verdi Ticaret","og_description":"\u00c7al\u0131\u015fma Aral\u0131\u011f\u0131 20 metre Lazer Diyodu 635 &#8211; 650 nm Lazer S\u0131n\u0131f\u0131 2 \u00d6l\u00e7me S\u00fcresi 1 sn \u00d6l\u00e7\u00fcm Hassasiyeti 1","og_url":"https:\/\/canverditicaret.com\/en\/product\/gcl-2-50-c-rm2-bt150\/","og_site_name":"Can Verdi Ticaret","article_modified_time":"2025-02-16T13:06:25+00:00","og_image":[{"width":1024,"height":1024,"url":"https:\/\/canverditicaret.com\/wp-content\/uploads\/2024\/01\/1000191013.png","type":"image\/png"}],"twitter_card":"summary_large_image","twitter_misc":{"Est. reading time":"1 minute"},"schema":{"@context":"https:\/\/schema.org","@graph":[{"@type":"WebPage","@id":"https:\/\/canverditicaret.com\/urun\/gcl-2-50-c-rm2-bt150\/","url":"https:\/\/canverditicaret.com\/urun\/gcl-2-50-c-rm2-bt150\/","name":"Gcl 2-50 C +Rm2 + Bt150 - Can Verdi Ticaret","isPartOf":{"@id":"https:\/\/canverditicaret.com\/#website"},"datePublished":"2024-01-27T02:20:12+00:00","dateModified":"2025-02-16T13:06:25+00:00","breadcrumb":{"@id":"https:\/\/canverditicaret.com\/urun\/gcl-2-50-c-rm2-bt150\/#breadcrumb"},"inLanguage":"en-US","potentialAction":[{"@type":"ReadAction","target":["https:\/\/canverditicaret.com\/urun\/gcl-2-50-c-rm2-bt150\/"]}]},{"@type":"BreadcrumbList","@id":"https:\/\/canverditicaret.com\/urun\/gcl-2-50-c-rm2-bt150\/#breadcrumb","itemListElement":[{"@type":"ListItem","position":1,"name":"Anasayfa","item":"https:\/\/canverditicaret.com\/"},{"@type":"ListItem","position":2,"name":"Ma\u011faza","item":"https:\/\/canverditicaret.com\/shop\/"},{"@type":"ListItem","position":3,"name":"Gcl 2-50 C +Rm2 + Bt150"}]},{"@type":"WebSite","@id":"https:\/\/canverditicaret.com\/#website","url":"https:\/\/canverditicaret.com\/","name":"Can Verdi Ticaret","description":"Can Verdi Ticaret","potentialAction":[{"@type":"SearchAction","target":{"@type":"EntryPoint","urlTemplate":"https:\/\/canverditicaret.com\/?s={search_term_string}"},"query-input":"required name=search_term_string"}],"inLanguage":"en-US"}]}},"_links":{"self":[{"href":"https:\/\/canverditicaret.com\/en\/wp-json\/wp\/v2\/product\/16630","targetHints":{"allow":["GET"]}}],"collection":[{"href":"https:\/\/canverditicaret.com\/en\/wp-json\/wp\/v2\/product"}],"about":[{"href":"https:\/\/canverditicaret.com\/en\/wp-json\/wp\/v2\/types\/product"}],"replies":[{"embeddable":true,"href":"https:\/\/canverditicaret.com\/en\/wp-json\/wp\/v2\/comments?post=16630"}],"version-history":[{"count":1,"href":"https:\/\/canverditicaret.com\/en\/wp-json\/wp\/v2\/product\/16630\/revisions"}],"predecessor-version":[{"id":16631,"href":"https:\/\/canverditicaret.com\/en\/wp-json\/wp\/v2\/product\/16630\/revisions\/16631"}],"wp:featuredmedia":[{"embeddable":true,"href":"https:\/\/canverditicaret.com\/en\/wp-json\/wp\/v2\/media\/16958"}],"wp:attachment":[{"href":"https:\/\/canverditicaret.com\/en\/wp-json\/wp\/v2\/media?parent=16630"}],"wp:term":[{"taxonomy":"product_cat","embeddable":true,"href":"https:\/\/canverditicaret.com\/en\/wp-json\/wp\/v2\/product_cat?post=16630"},{"taxonomy":"product_tag","embeddable":true,"href":"https:\/\/canverditicaret.com\/en\/wp-json\/wp\/v2\/product_tag?post=16630"}],"curies":[{"name":"wp","href":"https:\/\/api.w.org\/{rel}","templated":true}]}}