{"id":16626,"date":"2024-01-27T05:25:34","date_gmt":"2024-01-27T02:25:34","guid":{"rendered":"https:\/\/canverditicaret.com\/?post_type=product&#038;p=16626"},"modified":"2025-02-16T16:06:27","modified_gmt":"2025-02-16T13:06:27","slug":"easygrasscut-18v-kenar-kesme-23-cm","status":"publish","type":"product","link":"https:\/\/canverditicaret.com\/en\/product\/easygrasscut-18v-kenar-kesme-23-cm\/","title":{"rendered":"EASYGRASSCUT 18V EDGE CUTTING 23 CM"},"content":{"rendered":"<table class=\"table table-borderless table-layout-fixed table-striped table-hover bg-lg-c255 mb-0\">\n<tbody>\n<tr>\n<th>Width<\/th>\n<td>28cm<\/td>\n<\/tr>\n<tr>\n<th>Height<\/th>\n<td>116cm<\/td>\n<\/tr>\n<tr>\n<th>Depth<\/th>\n<td>32cm<\/td>\n<\/tr>\n<tr>\n<th>Weight<\/th>\n<td>2.2kg<\/td>\n<\/tr>\n<tr>\n<th>Measurement<\/th>\n<td>1160x280x320mm<\/td>\n<\/tr>\n<tr>\n<th>Color Detail<\/th>\n<td>Green<\/td>\n<\/tr>\n<tr>\n<th>Colour<\/th>\n<td>Green<\/td>\n<\/tr>\n<tr>\n<th>Voltage<\/th>\n<td>18 Volts<\/td>\n<\/tr>\n<\/tbody>\n<\/table>","protected":false},"excerpt":{"rendered":"<p>Width 28 cm Height 116 cm Depth 32 cm Weight 2.2 kg Dimensions 1160x280x320 mm Color Details Green Color Green<\/p>","protected":false},"featured_media":17008,"comment_status":"open","ping_status":"closed","template":"","meta":[],"product_cat":[79],"product_tag":[],"class_list":["post-16626","product","type-product","status-publish","has-post-thumbnail","hentry","product_cat-elektrikli-el-aletleri"],"yoast_head":"<!-- This site is optimized with the Yoast SEO plugin v21.6 - https:\/\/yoast.com\/wordpress\/plugins\/seo\/ -->\n<title>EASYGRASSCUT 18V KENAR KESME 23 CM - Can Verdi Ticaret<\/title>\n<meta name=\"robots\" content=\"index, follow, max-snippet:-1, max-image-preview:large, max-video-preview:-1\" \/>\n<link rel=\"canonical\" href=\"https:\/\/canverditicaret.com\/en\/product\/easygrasscut-18v-kenar-kesme-23-cm\/\" \/>\n<meta property=\"og:locale\" content=\"en_US\" \/>\n<meta property=\"og:type\" content=\"article\" \/>\n<meta property=\"og:title\" content=\"EASYGRASSCUT 18V KENAR KESME 23 CM - Can Verdi Ticaret\" \/>\n<meta property=\"og:description\" content=\"Geni\u015flik 28 cm Y\u00fckseklik 116 cm Derinlik 32 cm A\u011f\u0131rl\u0131k 2.2 kg \u00d6l\u00e7\u00fc 1160x280x320 mm Renk Detay\u0131 Ye\u015fil Renk Ye\u015fil\" \/>\n<meta property=\"og:url\" content=\"https:\/\/canverditicaret.com\/en\/product\/easygrasscut-18v-kenar-kesme-23-cm\/\" \/>\n<meta property=\"og:site_name\" content=\"Can Verdi Ticaret\" \/>\n<meta property=\"article:modified_time\" content=\"2025-02-16T13:06:27+00:00\" \/>\n<meta property=\"og:image\" content=\"https:\/\/canverditicaret.com\/wp-content\/uploads\/2024\/01\/1000436091.png\" \/>\n\t<meta property=\"og:image:width\" content=\"1024\" \/>\n\t<meta property=\"og:image:height\" content=\"1024\" \/>\n\t<meta property=\"og:image:type\" content=\"image\/png\" \/>\n<meta name=\"twitter:card\" content=\"summary_large_image\" \/>\n<meta name=\"twitter:label1\" content=\"Est. reading time\" \/>\n\t<meta name=\"twitter:data1\" content=\"1 minute\" \/>\n<script type=\"application\/ld+json\" class=\"yoast-schema-graph\">{\"@context\":\"https:\/\/schema.org\",\"@graph\":[{\"@type\":\"WebPage\",\"@id\":\"https:\/\/canverditicaret.com\/urun\/easygrasscut-18v-kenar-kesme-23-cm\/\",\"url\":\"https:\/\/canverditicaret.com\/urun\/easygrasscut-18v-kenar-kesme-23-cm\/\",\"name\":\"EASYGRASSCUT 18V KENAR KESME 23 CM - Can Verdi Ticaret\",\"isPartOf\":{\"@id\":\"https:\/\/canverditicaret.com\/#website\"},\"datePublished\":\"2024-01-27T02:25:34+00:00\",\"dateModified\":\"2025-02-16T13:06:27+00:00\",\"breadcrumb\":{\"@id\":\"https:\/\/canverditicaret.com\/urun\/easygrasscut-18v-kenar-kesme-23-cm\/#breadcrumb\"},\"inLanguage\":\"en-US\",\"potentialAction\":[{\"@type\":\"ReadAction\",\"target\":[\"https:\/\/canverditicaret.com\/urun\/easygrasscut-18v-kenar-kesme-23-cm\/\"]}]},{\"@type\":\"BreadcrumbList\",\"@id\":\"https:\/\/canverditicaret.com\/urun\/easygrasscut-18v-kenar-kesme-23-cm\/#breadcrumb\",\"itemListElement\":[{\"@type\":\"ListItem\",\"position\":1,\"name\":\"Anasayfa\",\"item\":\"https:\/\/canverditicaret.com\/\"},{\"@type\":\"ListItem\",\"position\":2,\"name\":\"Ma\u011faza\",\"item\":\"https:\/\/canverditicaret.com\/shop\/\"},{\"@type\":\"ListItem\",\"position\":3,\"name\":\"EASYGRASSCUT 18V KENAR KESME 23 CM\"}]},{\"@type\":\"WebSite\",\"@id\":\"https:\/\/canverditicaret.com\/#website\",\"url\":\"https:\/\/canverditicaret.com\/\",\"name\":\"Can Verdi Ticaret\",\"description\":\"Can Verdi Ticaret\",\"potentialAction\":[{\"@type\":\"SearchAction\",\"target\":{\"@type\":\"EntryPoint\",\"urlTemplate\":\"https:\/\/canverditicaret.com\/?s={search_term_string}\"},\"query-input\":\"required name=search_term_string\"}],\"inLanguage\":\"en-US\"}]}<\/script>\n<!-- \/ Yoast SEO plugin. -->","yoast_head_json":{"title":"EASYGRASSCUT 18V KENAR KESME 23 CM - Can Verdi Ticaret","robots":{"index":"index","follow":"follow","max-snippet":"max-snippet:-1","max-image-preview":"max-image-preview:large","max-video-preview":"max-video-preview:-1"},"canonical":"https:\/\/canverditicaret.com\/en\/product\/easygrasscut-18v-kenar-kesme-23-cm\/","og_locale":"en_US","og_type":"article","og_title":"EASYGRASSCUT 18V KENAR KESME 23 CM - Can Verdi Ticaret","og_description":"Geni\u015flik 28 cm Y\u00fckseklik 116 cm Derinlik 32 cm A\u011f\u0131rl\u0131k 2.2 kg \u00d6l\u00e7\u00fc 1160x280x320 mm Renk Detay\u0131 Ye\u015fil Renk Ye\u015fil","og_url":"https:\/\/canverditicaret.com\/en\/product\/easygrasscut-18v-kenar-kesme-23-cm\/","og_site_name":"Can Verdi Ticaret","article_modified_time":"2025-02-16T13:06:27+00:00","og_image":[{"width":1024,"height":1024,"url":"https:\/\/canverditicaret.com\/wp-content\/uploads\/2024\/01\/1000436091.png","type":"image\/png"}],"twitter_card":"summary_large_image","twitter_misc":{"Est. reading time":"1 minute"},"schema":{"@context":"https:\/\/schema.org","@graph":[{"@type":"WebPage","@id":"https:\/\/canverditicaret.com\/urun\/easygrasscut-18v-kenar-kesme-23-cm\/","url":"https:\/\/canverditicaret.com\/urun\/easygrasscut-18v-kenar-kesme-23-cm\/","name":"EASYGRASSCUT 18V KENAR KESME 23 CM - Can Verdi Ticaret","isPartOf":{"@id":"https:\/\/canverditicaret.com\/#website"},"datePublished":"2024-01-27T02:25:34+00:00","dateModified":"2025-02-16T13:06:27+00:00","breadcrumb":{"@id":"https:\/\/canverditicaret.com\/urun\/easygrasscut-18v-kenar-kesme-23-cm\/#breadcrumb"},"inLanguage":"en-US","potentialAction":[{"@type":"ReadAction","target":["https:\/\/canverditicaret.com\/urun\/easygrasscut-18v-kenar-kesme-23-cm\/"]}]},{"@type":"BreadcrumbList","@id":"https:\/\/canverditicaret.com\/urun\/easygrasscut-18v-kenar-kesme-23-cm\/#breadcrumb","itemListElement":[{"@type":"ListItem","position":1,"name":"Anasayfa","item":"https:\/\/canverditicaret.com\/"},{"@type":"ListItem","position":2,"name":"Ma\u011faza","item":"https:\/\/canverditicaret.com\/shop\/"},{"@type":"ListItem","position":3,"name":"EASYGRASSCUT 18V KENAR KESME 23 CM"}]},{"@type":"WebSite","@id":"https:\/\/canverditicaret.com\/#website","url":"https:\/\/canverditicaret.com\/","name":"Can Verdi Ticaret","description":"Can Verdi Ticaret","potentialAction":[{"@type":"SearchAction","target":{"@type":"EntryPoint","urlTemplate":"https:\/\/canverditicaret.com\/?s={search_term_string}"},"query-input":"required name=search_term_string"}],"inLanguage":"en-US"}]}},"_links":{"self":[{"href":"https:\/\/canverditicaret.com\/en\/wp-json\/wp\/v2\/product\/16626","targetHints":{"allow":["GET"]}}],"collection":[{"href":"https:\/\/canverditicaret.com\/en\/wp-json\/wp\/v2\/product"}],"about":[{"href":"https:\/\/canverditicaret.com\/en\/wp-json\/wp\/v2\/types\/product"}],"replies":[{"embeddable":true,"href":"https:\/\/canverditicaret.com\/en\/wp-json\/wp\/v2\/comments?post=16626"}],"version-history":[{"count":1,"href":"https:\/\/canverditicaret.com\/en\/wp-json\/wp\/v2\/product\/16626\/revisions"}],"predecessor-version":[{"id":16627,"href":"https:\/\/canverditicaret.com\/en\/wp-json\/wp\/v2\/product\/16626\/revisions\/16627"}],"wp:featuredmedia":[{"embeddable":true,"href":"https:\/\/canverditicaret.com\/en\/wp-json\/wp\/v2\/media\/17008"}],"wp:attachment":[{"href":"https:\/\/canverditicaret.com\/en\/wp-json\/wp\/v2\/media?parent=16626"}],"wp:term":[{"taxonomy":"product_cat","embeddable":true,"href":"https:\/\/canverditicaret.com\/en\/wp-json\/wp\/v2\/product_cat?post=16626"},{"taxonomy":"product_tag","embeddable":true,"href":"https:\/\/canverditicaret.com\/en\/wp-json\/wp\/v2\/product_tag?post=16626"}],"curies":[{"name":"wp","href":"https:\/\/api.w.org\/{rel}","templated":true}]}}