{"id":16586,"date":"2024-01-27T04:49:16","date_gmt":"2024-01-27T01:49:16","guid":{"rendered":"https:\/\/canverditicaret.com\/?post_type=product&#038;p=16586"},"modified":"2025-02-16T16:06:24","modified_gmt":"2025-02-16T13:06:24","slug":"dewalt-dcd999x1-qw-18v-9a-akulu-darb-mat","status":"publish","type":"product","link":"https:\/\/canverditicaret.com\/en\/product\/dewalt-dcd999x1-qw-18v-9a-akulu-darb-mat\/","title":{"rendered":"DEWALT DCD999X1-QW 18V 9A CORDLESS DARBING MAT"},"content":{"rendered":"<table class=\"table table-borderless table-layout-fixed table-striped table-hover bg-lg-c255 mb-0\">\n<tbody>\n<tr>\n<th>Height<\/th>\n<td>34.9cm<\/td>\n<\/tr>\n<tr>\n<th>Width<\/th>\n<td>12.7cm<\/td>\n<\/tr>\n<tr>\n<th>Length<\/th>\n<td>43.9cm<\/td>\n<\/tr>\n<tr>\n<th>Model<\/th>\n<td>pulsed<\/td>\n<\/tr>\n<tr>\n<th>Power Cluster Range<\/th>\n<td>18v 9Ah<\/td>\n<\/tr>\n<tr>\n<th>Hit Rate<\/th>\n<td>0bpm<\/td>\n<\/tr>\n<tr>\n<th>Impact Power<\/th>\n<td>126bpm<\/td>\n<\/tr>\n<tr>\n<th>chuck<\/th>\n<td>There is<\/td>\n<\/tr>\n<tr>\n<th>Chuck Type<\/th>\n<td>keyless<\/td>\n<\/tr>\n<tr>\n<th>Depth Bar<\/th>\n<td>There is<\/td>\n<\/tr>\n<tr>\n<th>Drilling Capacity Steel<\/th>\n<td>15mm<\/td>\n<\/tr>\n<tr>\n<th>Drilling Capacity Wood<\/th>\n<td>55mm<\/td>\n<\/tr>\n<tr>\n<th>Drilling Capacity Concrete<\/th>\n<td>13mm<\/td>\n<\/tr>\n<tr>\n<th>Chuck spindle thread size<\/th>\n<td>13mm<\/td>\n<\/tr>\n<tr>\n<th>Battery Type<\/th>\n<td>Flex Volt Li-ion<\/td>\n<\/tr>\n<tr>\n<th>Battery Capacity<\/th>\n<td>54 oh<\/td>\n<\/tr>\n<tr>\n<th>Number of Batteries<\/th>\n<td>1 Piece<\/td>\n<\/tr>\n<tr>\n<th>Charging Time<\/th>\n<td>0 min<\/td>\n<\/tr>\n<tr>\n<th>Carrying Bag<\/th>\n<td>There is<\/td>\n<\/tr>\n<tr>\n<th>gearbox<\/th>\n<td>There is<\/td>\n<\/tr>\n<tr>\n<th>Torque Power<\/th>\n<td>126nm<\/td>\n<\/tr>\n<tr>\n<th>Overload Protection<\/th>\n<td>There is<\/td>\n<\/tr>\n<tr>\n<th>Voltage<\/th>\n<td>54 Volts<\/td>\n<\/tr>\n<\/tbody>\n<\/table>","protected":false},"excerpt":{"rendered":"<p>Height 34.9 cm Width 12.7 cm Length 43.9 cm Model Pulsed Power Cluster Range 18v 9 Ah Pulse Rate 0<\/p>","protected":false},"featured_media":16891,"comment_status":"open","ping_status":"closed","template":"","meta":[],"product_cat":[79],"product_tag":[],"class_list":["post-16586","product","type-product","status-publish","has-post-thumbnail","hentry","product_cat-elektrikli-el-aletleri"],"yoast_head":"<!-- This site is optimized with the Yoast SEO plugin v21.6 - https:\/\/yoast.com\/wordpress\/plugins\/seo\/ -->\n<title>DEWALT DCD999X1-QW 18V 9A AK\u00dcL\u00dc DARB MAT - Can Verdi Ticaret<\/title>\n<meta name=\"robots\" content=\"index, follow, max-snippet:-1, max-image-preview:large, max-video-preview:-1\" \/>\n<link rel=\"canonical\" href=\"https:\/\/canverditicaret.com\/en\/product\/dewalt-dcd999x1-qw-18v-9a-akulu-darb-mat\/\" \/>\n<meta property=\"og:locale\" content=\"en_US\" \/>\n<meta property=\"og:type\" content=\"article\" \/>\n<meta property=\"og:title\" content=\"DEWALT DCD999X1-QW 18V 9A AK\u00dcL\u00dc DARB MAT - Can Verdi Ticaret\" \/>\n<meta property=\"og:description\" content=\"Y\u00fckseklik 34.9 cm Geni\u015flik 12.7 cm Uzunluk 43.9 cm Modeli Darbeli G\u00fc\u00e7 K\u00fcme Aral\u0131\u011f\u0131 18v 9 Ah Darbe Oran\u0131 0\" \/>\n<meta property=\"og:url\" content=\"https:\/\/canverditicaret.com\/en\/product\/dewalt-dcd999x1-qw-18v-9a-akulu-darb-mat\/\" \/>\n<meta property=\"og:site_name\" content=\"Can Verdi Ticaret\" \/>\n<meta property=\"article:modified_time\" content=\"2025-02-16T13:06:24+00:00\" \/>\n<meta property=\"og:image\" content=\"https:\/\/canverditicaret.com\/wp-content\/uploads\/2024\/01\/1000785318.png\" \/>\n\t<meta property=\"og:image:width\" content=\"1024\" \/>\n\t<meta property=\"og:image:height\" content=\"1024\" \/>\n\t<meta property=\"og:image:type\" content=\"image\/png\" \/>\n<meta name=\"twitter:card\" content=\"summary_large_image\" \/>\n<meta name=\"twitter:label1\" content=\"Est. reading time\" \/>\n\t<meta name=\"twitter:data1\" content=\"1 minute\" \/>\n<script type=\"application\/ld+json\" class=\"yoast-schema-graph\">{\"@context\":\"https:\/\/schema.org\",\"@graph\":[{\"@type\":\"WebPage\",\"@id\":\"https:\/\/canverditicaret.com\/urun\/dewalt-dcd999x1-qw-18v-9a-akulu-darb-mat\/\",\"url\":\"https:\/\/canverditicaret.com\/urun\/dewalt-dcd999x1-qw-18v-9a-akulu-darb-mat\/\",\"name\":\"DEWALT DCD999X1-QW 18V 9A AK\u00dcL\u00dc DARB MAT - Can Verdi Ticaret\",\"isPartOf\":{\"@id\":\"https:\/\/canverditicaret.com\/#website\"},\"datePublished\":\"2024-01-27T01:49:16+00:00\",\"dateModified\":\"2025-02-16T13:06:24+00:00\",\"breadcrumb\":{\"@id\":\"https:\/\/canverditicaret.com\/urun\/dewalt-dcd999x1-qw-18v-9a-akulu-darb-mat\/#breadcrumb\"},\"inLanguage\":\"en-US\",\"potentialAction\":[{\"@type\":\"ReadAction\",\"target\":[\"https:\/\/canverditicaret.com\/urun\/dewalt-dcd999x1-qw-18v-9a-akulu-darb-mat\/\"]}]},{\"@type\":\"BreadcrumbList\",\"@id\":\"https:\/\/canverditicaret.com\/urun\/dewalt-dcd999x1-qw-18v-9a-akulu-darb-mat\/#breadcrumb\",\"itemListElement\":[{\"@type\":\"ListItem\",\"position\":1,\"name\":\"Anasayfa\",\"item\":\"https:\/\/canverditicaret.com\/\"},{\"@type\":\"ListItem\",\"position\":2,\"name\":\"Ma\u011faza\",\"item\":\"https:\/\/canverditicaret.com\/shop\/\"},{\"@type\":\"ListItem\",\"position\":3,\"name\":\"DEWALT DCD999X1-QW 18V 9A AK\u00dcL\u00dc DARB MAT\"}]},{\"@type\":\"WebSite\",\"@id\":\"https:\/\/canverditicaret.com\/#website\",\"url\":\"https:\/\/canverditicaret.com\/\",\"name\":\"Can Verdi Ticaret\",\"description\":\"Can Verdi Ticaret\",\"potentialAction\":[{\"@type\":\"SearchAction\",\"target\":{\"@type\":\"EntryPoint\",\"urlTemplate\":\"https:\/\/canverditicaret.com\/?s={search_term_string}\"},\"query-input\":\"required name=search_term_string\"}],\"inLanguage\":\"en-US\"}]}<\/script>\n<!-- \/ Yoast SEO plugin. -->","yoast_head_json":{"title":"DEWALT DCD999X1-QW 18V 9A AK\u00dcL\u00dc DARB MAT - Can Verdi Ticaret","robots":{"index":"index","follow":"follow","max-snippet":"max-snippet:-1","max-image-preview":"max-image-preview:large","max-video-preview":"max-video-preview:-1"},"canonical":"https:\/\/canverditicaret.com\/en\/product\/dewalt-dcd999x1-qw-18v-9a-akulu-darb-mat\/","og_locale":"en_US","og_type":"article","og_title":"DEWALT DCD999X1-QW 18V 9A AK\u00dcL\u00dc DARB MAT - Can Verdi Ticaret","og_description":"Y\u00fckseklik 34.9 cm Geni\u015flik 12.7 cm Uzunluk 43.9 cm Modeli Darbeli G\u00fc\u00e7 K\u00fcme Aral\u0131\u011f\u0131 18v 9 Ah Darbe Oran\u0131 0","og_url":"https:\/\/canverditicaret.com\/en\/product\/dewalt-dcd999x1-qw-18v-9a-akulu-darb-mat\/","og_site_name":"Can Verdi Ticaret","article_modified_time":"2025-02-16T13:06:24+00:00","og_image":[{"width":1024,"height":1024,"url":"https:\/\/canverditicaret.com\/wp-content\/uploads\/2024\/01\/1000785318.png","type":"image\/png"}],"twitter_card":"summary_large_image","twitter_misc":{"Est. reading time":"1 minute"},"schema":{"@context":"https:\/\/schema.org","@graph":[{"@type":"WebPage","@id":"https:\/\/canverditicaret.com\/urun\/dewalt-dcd999x1-qw-18v-9a-akulu-darb-mat\/","url":"https:\/\/canverditicaret.com\/urun\/dewalt-dcd999x1-qw-18v-9a-akulu-darb-mat\/","name":"DEWALT DCD999X1-QW 18V 9A AK\u00dcL\u00dc DARB MAT - Can Verdi Ticaret","isPartOf":{"@id":"https:\/\/canverditicaret.com\/#website"},"datePublished":"2024-01-27T01:49:16+00:00","dateModified":"2025-02-16T13:06:24+00:00","breadcrumb":{"@id":"https:\/\/canverditicaret.com\/urun\/dewalt-dcd999x1-qw-18v-9a-akulu-darb-mat\/#breadcrumb"},"inLanguage":"en-US","potentialAction":[{"@type":"ReadAction","target":["https:\/\/canverditicaret.com\/urun\/dewalt-dcd999x1-qw-18v-9a-akulu-darb-mat\/"]}]},{"@type":"BreadcrumbList","@id":"https:\/\/canverditicaret.com\/urun\/dewalt-dcd999x1-qw-18v-9a-akulu-darb-mat\/#breadcrumb","itemListElement":[{"@type":"ListItem","position":1,"name":"Anasayfa","item":"https:\/\/canverditicaret.com\/"},{"@type":"ListItem","position":2,"name":"Ma\u011faza","item":"https:\/\/canverditicaret.com\/shop\/"},{"@type":"ListItem","position":3,"name":"DEWALT DCD999X1-QW 18V 9A AK\u00dcL\u00dc DARB MAT"}]},{"@type":"WebSite","@id":"https:\/\/canverditicaret.com\/#website","url":"https:\/\/canverditicaret.com\/","name":"Can Verdi Ticaret","description":"Can Verdi Ticaret","potentialAction":[{"@type":"SearchAction","target":{"@type":"EntryPoint","urlTemplate":"https:\/\/canverditicaret.com\/?s={search_term_string}"},"query-input":"required name=search_term_string"}],"inLanguage":"en-US"}]}},"_links":{"self":[{"href":"https:\/\/canverditicaret.com\/en\/wp-json\/wp\/v2\/product\/16586","targetHints":{"allow":["GET"]}}],"collection":[{"href":"https:\/\/canverditicaret.com\/en\/wp-json\/wp\/v2\/product"}],"about":[{"href":"https:\/\/canverditicaret.com\/en\/wp-json\/wp\/v2\/types\/product"}],"replies":[{"embeddable":true,"href":"https:\/\/canverditicaret.com\/en\/wp-json\/wp\/v2\/comments?post=16586"}],"version-history":[{"count":1,"href":"https:\/\/canverditicaret.com\/en\/wp-json\/wp\/v2\/product\/16586\/revisions"}],"predecessor-version":[{"id":16587,"href":"https:\/\/canverditicaret.com\/en\/wp-json\/wp\/v2\/product\/16586\/revisions\/16587"}],"wp:featuredmedia":[{"embeddable":true,"href":"https:\/\/canverditicaret.com\/en\/wp-json\/wp\/v2\/media\/16891"}],"wp:attachment":[{"href":"https:\/\/canverditicaret.com\/en\/wp-json\/wp\/v2\/media?parent=16586"}],"wp:term":[{"taxonomy":"product_cat","embeddable":true,"href":"https:\/\/canverditicaret.com\/en\/wp-json\/wp\/v2\/product_cat?post=16586"},{"taxonomy":"product_tag","embeddable":true,"href":"https:\/\/canverditicaret.com\/en\/wp-json\/wp\/v2\/product_tag?post=16586"}],"curies":[{"name":"wp","href":"https:\/\/api.w.org\/{rel}","templated":true}]}}