{"id":16570,"date":"2024-01-27T04:24:19","date_gmt":"2024-01-27T01:24:19","guid":{"rendered":"https:\/\/canverditicaret.com\/?post_type=product&#038;p=16570"},"modified":"2025-02-16T16:06:17","modified_gmt":"2025-02-16T13:06:17","slug":"dewalt-dcd710d2-12v-2ah-liion-akulu-vid","status":"publish","type":"product","link":"https:\/\/canverditicaret.com\/en\/product\/dewalt-dcd710d2-12v-2ah-liion-akulu-vid\/","title":{"rendered":"DEWALT DCD710D2 12V 2AH LIION BATTERY VIDEO"},"content":{"rendered":"<table class=\"table table-borderless table-layout-fixed table-striped table-hover bg-lg-c255 mb-0\">\n<tbody>\n<tr>\n<th>Flow<\/th>\n<td>1.3ah<\/td>\n<\/tr>\n<tr>\n<th>Voltage<\/th>\n<td>10.8 Volts<\/td>\n<\/tr>\n<tr>\n<th>Drilling Capacity Steel<\/th>\n<td>10mm<\/td>\n<\/tr>\n<tr>\n<th>Drilling Capacity Wood<\/th>\n<td>25mm<\/td>\n<\/tr>\n<tr>\n<th>Pulse Function<\/th>\n<td>0-400\/1500rpm<\/td>\n<\/tr>\n<tr>\n<th>Torque<\/th>\n<td>25nm<\/td>\n<\/tr>\n<tr>\n<th>No Load Speed<\/th>\n<td>1500 rpm<\/td>\n<\/tr>\n<tr>\n<th>Pulse Min<\/th>\n<td>1500 blows\/min<\/td>\n<\/tr>\n<tr>\n<th>chuck<\/th>\n<td>10mm<\/td>\n<\/tr>\n<tr>\n<th>Chuck type<\/th>\n<td>Automatic<\/td>\n<\/tr>\n<tr>\n<th>Drilling Capacity Brick<\/th>\n<td>10mm<\/td>\n<\/tr>\n<tr>\n<th>Flow<\/th>\n<td>2 oh<\/td>\n<\/tr>\n<tr>\n<th>Battery Type<\/th>\n<td>Li-On<\/td>\n<\/tr>\n<tr>\n<th>Number of Batteries<\/th>\n<td>2 Pieces<\/td>\n<\/tr>\n<tr>\n<th>Charging Time<\/th>\n<td>40 min<\/td>\n<\/tr>\n<tr>\n<th>Right and Left Turn<\/th>\n<td>Yes<\/td>\n<\/tr>\n<tr>\n<th>Carrying Bag<\/th>\n<td>Yes<\/td>\n<\/tr>\n<tr>\n<th>Side Handle<\/th>\n<td>There is<\/td>\n<\/tr>\n<tr>\n<th>With LED Light<\/th>\n<td>Yes<\/td>\n<\/tr>\n<tr>\n<th>Package Included<\/th>\n<td>Carrying Bag-2 Batteries-1 Cordless Screwdriver<\/td>\n<\/tr>\n<tr>\n<th>Colour<\/th>\n<td>Yellow<\/td>\n<\/tr>\n<tr>\n<th>Model<\/th>\n<td>Cordless Screwdrivers<\/td>\n<\/tr>\n<tr>\n<th>Weight<\/th>\n<td>1.1kg<\/td>\n<\/tr>\n<\/tbody>\n<\/table>","protected":false},"excerpt":{"rendered":"<p>Current 1.3 ah Voltage 10.8 Volt Drilling Capacity Steel 10 mm Drilling Capacity Wood 25 mm Impact Function 0-400\/1500 rpm<\/p>","protected":false},"featured_media":16672,"comment_status":"open","ping_status":"closed","template":"","meta":[],"product_cat":[79],"product_tag":[],"class_list":["post-16570","product","type-product","status-publish","has-post-thumbnail","hentry","product_cat-elektrikli-el-aletleri"],"yoast_head":"<!-- This site is optimized with the Yoast SEO plugin v21.6 - https:\/\/yoast.com\/wordpress\/plugins\/seo\/ -->\n<title>DEWALT DCD710D2 12V 2AH LIION AK\u00dcL\u00dc V\u0130D - Can Verdi Ticaret<\/title>\n<meta name=\"robots\" content=\"index, follow, max-snippet:-1, max-image-preview:large, max-video-preview:-1\" \/>\n<link rel=\"canonical\" href=\"https:\/\/canverditicaret.com\/en\/product\/dewalt-dcd710d2-12v-2ah-liion-akulu-vid\/\" \/>\n<meta property=\"og:locale\" content=\"en_US\" \/>\n<meta property=\"og:type\" content=\"article\" \/>\n<meta property=\"og:title\" content=\"DEWALT DCD710D2 12V 2AH LIION AK\u00dcL\u00dc V\u0130D - Can Verdi Ticaret\" \/>\n<meta property=\"og:description\" content=\"Ak\u0131m 1.3 ah Voltaj 10.8 Volt Delme Kapasitesi \u00c7elik 10 mm Delme Kapasitesi Ah\u015fap 25 mm Darbe Fonksiyonu 0-400\/1500 dev\/dak\" \/>\n<meta property=\"og:url\" content=\"https:\/\/canverditicaret.com\/en\/product\/dewalt-dcd710d2-12v-2ah-liion-akulu-vid\/\" \/>\n<meta property=\"og:site_name\" content=\"Can Verdi Ticaret\" \/>\n<meta property=\"article:modified_time\" content=\"2025-02-16T13:06:17+00:00\" \/>\n<meta property=\"og:image\" content=\"https:\/\/canverditicaret.com\/wp-content\/uploads\/2024\/01\/1000113812.png\" \/>\n\t<meta property=\"og:image:width\" content=\"1024\" \/>\n\t<meta property=\"og:image:height\" content=\"1024\" \/>\n\t<meta property=\"og:image:type\" content=\"image\/png\" \/>\n<meta name=\"twitter:card\" content=\"summary_large_image\" \/>\n<meta name=\"twitter:label1\" content=\"Est. reading time\" \/>\n\t<meta name=\"twitter:data1\" content=\"1 minute\" \/>\n<script type=\"application\/ld+json\" class=\"yoast-schema-graph\">{\"@context\":\"https:\/\/schema.org\",\"@graph\":[{\"@type\":\"WebPage\",\"@id\":\"https:\/\/canverditicaret.com\/urun\/dewalt-dcd710d2-12v-2ah-liion-akulu-vid\/\",\"url\":\"https:\/\/canverditicaret.com\/urun\/dewalt-dcd710d2-12v-2ah-liion-akulu-vid\/\",\"name\":\"DEWALT DCD710D2 12V 2AH LIION AK\u00dcL\u00dc V\u0130D - Can Verdi Ticaret\",\"isPartOf\":{\"@id\":\"https:\/\/canverditicaret.com\/#website\"},\"datePublished\":\"2024-01-27T01:24:19+00:00\",\"dateModified\":\"2025-02-16T13:06:17+00:00\",\"breadcrumb\":{\"@id\":\"https:\/\/canverditicaret.com\/urun\/dewalt-dcd710d2-12v-2ah-liion-akulu-vid\/#breadcrumb\"},\"inLanguage\":\"en-US\",\"potentialAction\":[{\"@type\":\"ReadAction\",\"target\":[\"https:\/\/canverditicaret.com\/urun\/dewalt-dcd710d2-12v-2ah-liion-akulu-vid\/\"]}]},{\"@type\":\"BreadcrumbList\",\"@id\":\"https:\/\/canverditicaret.com\/urun\/dewalt-dcd710d2-12v-2ah-liion-akulu-vid\/#breadcrumb\",\"itemListElement\":[{\"@type\":\"ListItem\",\"position\":1,\"name\":\"Anasayfa\",\"item\":\"https:\/\/canverditicaret.com\/\"},{\"@type\":\"ListItem\",\"position\":2,\"name\":\"Ma\u011faza\",\"item\":\"https:\/\/canverditicaret.com\/shop\/\"},{\"@type\":\"ListItem\",\"position\":3,\"name\":\"DEWALT DCD710D2 12V 2AH LIION AK\u00dcL\u00dc V\u0130D\"}]},{\"@type\":\"WebSite\",\"@id\":\"https:\/\/canverditicaret.com\/#website\",\"url\":\"https:\/\/canverditicaret.com\/\",\"name\":\"Can Verdi Ticaret\",\"description\":\"Can Verdi Ticaret\",\"potentialAction\":[{\"@type\":\"SearchAction\",\"target\":{\"@type\":\"EntryPoint\",\"urlTemplate\":\"https:\/\/canverditicaret.com\/?s={search_term_string}\"},\"query-input\":\"required name=search_term_string\"}],\"inLanguage\":\"en-US\"}]}<\/script>\n<!-- \/ Yoast SEO plugin. -->","yoast_head_json":{"title":"DEWALT DCD710D2 12V 2AH LIION AK\u00dcL\u00dc V\u0130D - Can Verdi Ticaret","robots":{"index":"index","follow":"follow","max-snippet":"max-snippet:-1","max-image-preview":"max-image-preview:large","max-video-preview":"max-video-preview:-1"},"canonical":"https:\/\/canverditicaret.com\/en\/product\/dewalt-dcd710d2-12v-2ah-liion-akulu-vid\/","og_locale":"en_US","og_type":"article","og_title":"DEWALT DCD710D2 12V 2AH LIION AK\u00dcL\u00dc V\u0130D - Can Verdi Ticaret","og_description":"Ak\u0131m 1.3 ah Voltaj 10.8 Volt Delme Kapasitesi \u00c7elik 10 mm Delme Kapasitesi Ah\u015fap 25 mm Darbe Fonksiyonu 0-400\/1500 dev\/dak","og_url":"https:\/\/canverditicaret.com\/en\/product\/dewalt-dcd710d2-12v-2ah-liion-akulu-vid\/","og_site_name":"Can Verdi Ticaret","article_modified_time":"2025-02-16T13:06:17+00:00","og_image":[{"width":1024,"height":1024,"url":"https:\/\/canverditicaret.com\/wp-content\/uploads\/2024\/01\/1000113812.png","type":"image\/png"}],"twitter_card":"summary_large_image","twitter_misc":{"Est. reading time":"1 minute"},"schema":{"@context":"https:\/\/schema.org","@graph":[{"@type":"WebPage","@id":"https:\/\/canverditicaret.com\/urun\/dewalt-dcd710d2-12v-2ah-liion-akulu-vid\/","url":"https:\/\/canverditicaret.com\/urun\/dewalt-dcd710d2-12v-2ah-liion-akulu-vid\/","name":"DEWALT DCD710D2 12V 2AH LIION AK\u00dcL\u00dc V\u0130D - Can Verdi Ticaret","isPartOf":{"@id":"https:\/\/canverditicaret.com\/#website"},"datePublished":"2024-01-27T01:24:19+00:00","dateModified":"2025-02-16T13:06:17+00:00","breadcrumb":{"@id":"https:\/\/canverditicaret.com\/urun\/dewalt-dcd710d2-12v-2ah-liion-akulu-vid\/#breadcrumb"},"inLanguage":"en-US","potentialAction":[{"@type":"ReadAction","target":["https:\/\/canverditicaret.com\/urun\/dewalt-dcd710d2-12v-2ah-liion-akulu-vid\/"]}]},{"@type":"BreadcrumbList","@id":"https:\/\/canverditicaret.com\/urun\/dewalt-dcd710d2-12v-2ah-liion-akulu-vid\/#breadcrumb","itemListElement":[{"@type":"ListItem","position":1,"name":"Anasayfa","item":"https:\/\/canverditicaret.com\/"},{"@type":"ListItem","position":2,"name":"Ma\u011faza","item":"https:\/\/canverditicaret.com\/shop\/"},{"@type":"ListItem","position":3,"name":"DEWALT DCD710D2 12V 2AH LIION AK\u00dcL\u00dc V\u0130D"}]},{"@type":"WebSite","@id":"https:\/\/canverditicaret.com\/#website","url":"https:\/\/canverditicaret.com\/","name":"Can Verdi Ticaret","description":"Can Verdi Ticaret","potentialAction":[{"@type":"SearchAction","target":{"@type":"EntryPoint","urlTemplate":"https:\/\/canverditicaret.com\/?s={search_term_string}"},"query-input":"required name=search_term_string"}],"inLanguage":"en-US"}]}},"_links":{"self":[{"href":"https:\/\/canverditicaret.com\/en\/wp-json\/wp\/v2\/product\/16570","targetHints":{"allow":["GET"]}}],"collection":[{"href":"https:\/\/canverditicaret.com\/en\/wp-json\/wp\/v2\/product"}],"about":[{"href":"https:\/\/canverditicaret.com\/en\/wp-json\/wp\/v2\/types\/product"}],"replies":[{"embeddable":true,"href":"https:\/\/canverditicaret.com\/en\/wp-json\/wp\/v2\/comments?post=16570"}],"version-history":[{"count":1,"href":"https:\/\/canverditicaret.com\/en\/wp-json\/wp\/v2\/product\/16570\/revisions"}],"predecessor-version":[{"id":16572,"href":"https:\/\/canverditicaret.com\/en\/wp-json\/wp\/v2\/product\/16570\/revisions\/16572"}],"wp:featuredmedia":[{"embeddable":true,"href":"https:\/\/canverditicaret.com\/en\/wp-json\/wp\/v2\/media\/16672"}],"wp:attachment":[{"href":"https:\/\/canverditicaret.com\/en\/wp-json\/wp\/v2\/media?parent=16570"}],"wp:term":[{"taxonomy":"product_cat","embeddable":true,"href":"https:\/\/canverditicaret.com\/en\/wp-json\/wp\/v2\/product_cat?post=16570"},{"taxonomy":"product_tag","embeddable":true,"href":"https:\/\/canverditicaret.com\/en\/wp-json\/wp\/v2\/product_tag?post=16570"}],"curies":[{"name":"wp","href":"https:\/\/api.w.org\/{rel}","templated":true}]}}