{"id":16448,"date":"2024-01-27T04:24:54","date_gmt":"2024-01-27T01:24:54","guid":{"rendered":"https:\/\/canverditicaret.com\/?post_type=product&#038;p=16448"},"modified":"2025-02-16T16:06:17","modified_gmt":"2025-02-16T13:06:17","slug":"bosch-pst650-compact-dekupajtestere-500w","status":"publish","type":"product","link":"https:\/\/canverditicaret.com\/en\/product\/bosch-pst650-compact-dekupajtestere-500w\/","title":{"rendered":"BOSCH PST650 COMPACT JIGSAW 500W"},"content":{"rendered":"<table class=\"table table-borderless table-layout-fixed table-striped table-hover bg-lg-c255 mb-0\">\n<tbody>\n<tr>\n<th>Working Type<\/th>\n<td>Electric<\/td>\n<\/tr>\n<tr>\n<th>Battery Option<\/th>\n<td>without battery<\/td>\n<\/tr>\n<tr>\n<th>pandullu<\/th>\n<td>No<\/td>\n<\/tr>\n<tr>\n<th>Max Idle Speed<\/th>\n<td>1 rpm<\/td>\n<\/tr>\n<tr>\n<th>No Load Speed<\/th>\n<td>03100 rpm<\/td>\n<\/tr>\n<tr>\n<th>Blade Diameter<\/th>\n<td>1mm<\/td>\n<\/tr>\n<tr>\n<th>Cutting Depth Wood<\/th>\n<td>65mm<\/td>\n<\/tr>\n<tr>\n<th>Cutting Depth Steel<\/th>\n<td>4mm<\/td>\n<\/tr>\n<tr>\n<th>Dust Extraction<\/th>\n<td>There is<\/td>\n<\/tr>\n<tr>\n<th>Protective Cover<\/th>\n<td>Yes<\/td>\n<\/tr>\n<tr>\n<th>Safety Lock<\/th>\n<td>Yes<\/td>\n<\/tr>\n<tr>\n<th>Tooth type<\/th>\n<td>1<\/td>\n<\/tr>\n<tr>\n<th>Dust Blowing<\/th>\n<td>Yes<\/td>\n<\/tr>\n<\/tbody>\n<\/table>","protected":false},"excerpt":{"rendered":"<p>Working Type Electric Battery Option Batteryless Pendulum No Max Idle Speed 1 rpm No Load Speed 03100 rpm Blade Diameter 1<\/p>","protected":false},"featured_media":16678,"comment_status":"open","ping_status":"closed","template":"","meta":[],"product_cat":[79],"product_tag":[],"class_list":["post-16448","product","type-product","status-publish","has-post-thumbnail","hentry","product_cat-elektrikli-el-aletleri"],"yoast_head":"<!-- This site is optimized with the Yoast SEO plugin v21.6 - https:\/\/yoast.com\/wordpress\/plugins\/seo\/ -->\n<title>BOSCH PST650 COMPACT DEKUPAJTESTERE 500W - Can Verdi Ticaret<\/title>\n<meta name=\"robots\" content=\"index, follow, max-snippet:-1, max-image-preview:large, max-video-preview:-1\" \/>\n<link rel=\"canonical\" href=\"https:\/\/canverditicaret.com\/en\/product\/bosch-pst650-compact-dekupajtestere-500w\/\" \/>\n<meta property=\"og:locale\" content=\"en_US\" \/>\n<meta property=\"og:type\" content=\"article\" \/>\n<meta property=\"og:title\" content=\"BOSCH PST650 COMPACT DEKUPAJTESTERE 500W - Can Verdi Ticaret\" \/>\n<meta property=\"og:description\" content=\"\u00c7al\u0131\u015fma Tipi Elektrikli Ak\u00fc Se\u00e7ene\u011fi Ak\u00fcs\u00fcz Pandullu Hay\u0131r Max Bo\u015fta Devir 1 dev\/dk Y\u00fcks\u00fcz H\u0131z\u0131 03100 dev\/dk B\u0131\u00e7ak \u00c7ap\u0131 1\" \/>\n<meta property=\"og:url\" content=\"https:\/\/canverditicaret.com\/en\/product\/bosch-pst650-compact-dekupajtestere-500w\/\" \/>\n<meta property=\"og:site_name\" content=\"Can Verdi Ticaret\" \/>\n<meta property=\"article:modified_time\" content=\"2025-02-16T13:06:17+00:00\" \/>\n<meta property=\"og:image\" content=\"https:\/\/canverditicaret.com\/wp-content\/uploads\/2024\/01\/1000125198.png\" \/>\n\t<meta property=\"og:image:width\" content=\"1024\" \/>\n\t<meta property=\"og:image:height\" content=\"1024\" \/>\n\t<meta property=\"og:image:type\" content=\"image\/png\" \/>\n<meta name=\"twitter:card\" content=\"summary_large_image\" \/>\n<meta name=\"twitter:label1\" content=\"Est. reading time\" \/>\n\t<meta name=\"twitter:data1\" content=\"1 minute\" \/>\n<script type=\"application\/ld+json\" class=\"yoast-schema-graph\">{\"@context\":\"https:\/\/schema.org\",\"@graph\":[{\"@type\":\"WebPage\",\"@id\":\"https:\/\/canverditicaret.com\/urun\/bosch-pst650-compact-dekupajtestere-500w\/\",\"url\":\"https:\/\/canverditicaret.com\/urun\/bosch-pst650-compact-dekupajtestere-500w\/\",\"name\":\"BOSCH PST650 COMPACT DEKUPAJTESTERE 500W - Can Verdi Ticaret\",\"isPartOf\":{\"@id\":\"https:\/\/canverditicaret.com\/#website\"},\"datePublished\":\"2024-01-27T01:24:54+00:00\",\"dateModified\":\"2025-02-16T13:06:17+00:00\",\"breadcrumb\":{\"@id\":\"https:\/\/canverditicaret.com\/urun\/bosch-pst650-compact-dekupajtestere-500w\/#breadcrumb\"},\"inLanguage\":\"en-US\",\"potentialAction\":[{\"@type\":\"ReadAction\",\"target\":[\"https:\/\/canverditicaret.com\/urun\/bosch-pst650-compact-dekupajtestere-500w\/\"]}]},{\"@type\":\"BreadcrumbList\",\"@id\":\"https:\/\/canverditicaret.com\/urun\/bosch-pst650-compact-dekupajtestere-500w\/#breadcrumb\",\"itemListElement\":[{\"@type\":\"ListItem\",\"position\":1,\"name\":\"Anasayfa\",\"item\":\"https:\/\/canverditicaret.com\/\"},{\"@type\":\"ListItem\",\"position\":2,\"name\":\"Ma\u011faza\",\"item\":\"https:\/\/canverditicaret.com\/shop\/\"},{\"@type\":\"ListItem\",\"position\":3,\"name\":\"BOSCH PST650 COMPACT DEKUPAJTESTERE 500W\"}]},{\"@type\":\"WebSite\",\"@id\":\"https:\/\/canverditicaret.com\/#website\",\"url\":\"https:\/\/canverditicaret.com\/\",\"name\":\"Can Verdi Ticaret\",\"description\":\"Can Verdi Ticaret\",\"potentialAction\":[{\"@type\":\"SearchAction\",\"target\":{\"@type\":\"EntryPoint\",\"urlTemplate\":\"https:\/\/canverditicaret.com\/?s={search_term_string}\"},\"query-input\":\"required name=search_term_string\"}],\"inLanguage\":\"en-US\"}]}<\/script>\n<!-- \/ Yoast SEO plugin. -->","yoast_head_json":{"title":"BOSCH PST650 COMPACT DEKUPAJTESTERE 500W - Can Verdi Ticaret","robots":{"index":"index","follow":"follow","max-snippet":"max-snippet:-1","max-image-preview":"max-image-preview:large","max-video-preview":"max-video-preview:-1"},"canonical":"https:\/\/canverditicaret.com\/en\/product\/bosch-pst650-compact-dekupajtestere-500w\/","og_locale":"en_US","og_type":"article","og_title":"BOSCH PST650 COMPACT DEKUPAJTESTERE 500W - Can Verdi Ticaret","og_description":"\u00c7al\u0131\u015fma Tipi Elektrikli Ak\u00fc Se\u00e7ene\u011fi Ak\u00fcs\u00fcz Pandullu Hay\u0131r Max Bo\u015fta Devir 1 dev\/dk Y\u00fcks\u00fcz H\u0131z\u0131 03100 dev\/dk B\u0131\u00e7ak \u00c7ap\u0131 1","og_url":"https:\/\/canverditicaret.com\/en\/product\/bosch-pst650-compact-dekupajtestere-500w\/","og_site_name":"Can Verdi Ticaret","article_modified_time":"2025-02-16T13:06:17+00:00","og_image":[{"width":1024,"height":1024,"url":"https:\/\/canverditicaret.com\/wp-content\/uploads\/2024\/01\/1000125198.png","type":"image\/png"}],"twitter_card":"summary_large_image","twitter_misc":{"Est. reading time":"1 minute"},"schema":{"@context":"https:\/\/schema.org","@graph":[{"@type":"WebPage","@id":"https:\/\/canverditicaret.com\/urun\/bosch-pst650-compact-dekupajtestere-500w\/","url":"https:\/\/canverditicaret.com\/urun\/bosch-pst650-compact-dekupajtestere-500w\/","name":"BOSCH PST650 COMPACT DEKUPAJTESTERE 500W - Can Verdi Ticaret","isPartOf":{"@id":"https:\/\/canverditicaret.com\/#website"},"datePublished":"2024-01-27T01:24:54+00:00","dateModified":"2025-02-16T13:06:17+00:00","breadcrumb":{"@id":"https:\/\/canverditicaret.com\/urun\/bosch-pst650-compact-dekupajtestere-500w\/#breadcrumb"},"inLanguage":"en-US","potentialAction":[{"@type":"ReadAction","target":["https:\/\/canverditicaret.com\/urun\/bosch-pst650-compact-dekupajtestere-500w\/"]}]},{"@type":"BreadcrumbList","@id":"https:\/\/canverditicaret.com\/urun\/bosch-pst650-compact-dekupajtestere-500w\/#breadcrumb","itemListElement":[{"@type":"ListItem","position":1,"name":"Anasayfa","item":"https:\/\/canverditicaret.com\/"},{"@type":"ListItem","position":2,"name":"Ma\u011faza","item":"https:\/\/canverditicaret.com\/shop\/"},{"@type":"ListItem","position":3,"name":"BOSCH PST650 COMPACT DEKUPAJTESTERE 500W"}]},{"@type":"WebSite","@id":"https:\/\/canverditicaret.com\/#website","url":"https:\/\/canverditicaret.com\/","name":"Can Verdi Ticaret","description":"Can Verdi Ticaret","potentialAction":[{"@type":"SearchAction","target":{"@type":"EntryPoint","urlTemplate":"https:\/\/canverditicaret.com\/?s={search_term_string}"},"query-input":"required name=search_term_string"}],"inLanguage":"en-US"}]}},"_links":{"self":[{"href":"https:\/\/canverditicaret.com\/en\/wp-json\/wp\/v2\/product\/16448","targetHints":{"allow":["GET"]}}],"collection":[{"href":"https:\/\/canverditicaret.com\/en\/wp-json\/wp\/v2\/product"}],"about":[{"href":"https:\/\/canverditicaret.com\/en\/wp-json\/wp\/v2\/types\/product"}],"replies":[{"embeddable":true,"href":"https:\/\/canverditicaret.com\/en\/wp-json\/wp\/v2\/comments?post=16448"}],"version-history":[{"count":1,"href":"https:\/\/canverditicaret.com\/en\/wp-json\/wp\/v2\/product\/16448\/revisions"}],"predecessor-version":[{"id":16451,"href":"https:\/\/canverditicaret.com\/en\/wp-json\/wp\/v2\/product\/16448\/revisions\/16451"}],"wp:featuredmedia":[{"embeddable":true,"href":"https:\/\/canverditicaret.com\/en\/wp-json\/wp\/v2\/media\/16678"}],"wp:attachment":[{"href":"https:\/\/canverditicaret.com\/en\/wp-json\/wp\/v2\/media?parent=16448"}],"wp:term":[{"taxonomy":"product_cat","embeddable":true,"href":"https:\/\/canverditicaret.com\/en\/wp-json\/wp\/v2\/product_cat?post=16448"},{"taxonomy":"product_tag","embeddable":true,"href":"https:\/\/canverditicaret.com\/en\/wp-json\/wp\/v2\/product_tag?post=16448"}],"curies":[{"name":"wp","href":"https:\/\/api.w.org\/{rel}","templated":true}]}}