{"id":16442,"date":"2024-01-27T04:22:57","date_gmt":"2024-01-27T01:22:57","guid":{"rendered":"https:\/\/canverditicaret.com\/?post_type=product&#038;p=16442"},"modified":"2025-02-16T16:06:16","modified_gmt":"2025-02-16T13:06:16","slug":"bosch-pss250ae-250w-tit-zimpara-makinas","status":"publish","type":"product","link":"https:\/\/canverditicaret.com\/en\/product\/bosch-pss250ae-250w-tit-zimpara-makinas\/","title":{"rendered":"BOSCH PSS250AE 250W TIT. SANDING MACHINE"},"content":{"rendered":"<table class=\"table table-borderless table-layout-fixed table-striped table-hover bg-lg-c255 mb-0\">\n<tbody>\n<tr>\n<th>Height<\/th>\n<td>29.4cm<\/td>\n<\/tr>\n<tr>\n<th>Width<\/th>\n<td>11.9cm<\/td>\n<\/tr>\n<tr>\n<th>Weight<\/th>\n<td>1.6kg<\/td>\n<\/tr>\n<tr>\n<th>Orbital Diameter<\/th>\n<td>2mm<\/td>\n<\/tr>\n<tr>\n<th>Sanding Pad Diameter Size<\/th>\n<td>182mm<\/td>\n<\/tr>\n<tr>\n<th>Working Type<\/th>\n<td>Electric<\/td>\n<\/tr>\n<tr>\n<th>Vibration RPM<\/th>\n<td>24000 tit\/min<\/td>\n<\/tr>\n<tr>\n<th>Sanding Pad Size-Diameter<\/th>\n<td>92\u00d7182mm<\/td>\n<\/tr>\n<tr>\n<th>Dust Extraction Adapter<\/th>\n<td>There is<\/td>\n<\/tr>\n<tr>\n<th>Sandpaper Type<\/th>\n<td>Disc Sander<\/td>\n<\/tr>\n<tr>\n<th>Tip Type<\/th>\n<td>Mechanical<\/td>\n<\/tr>\n<tr>\n<th>Carrying Bag<\/th>\n<td>None<\/td>\n<\/tr>\n<tr>\n<th>Strength<\/th>\n<td>250 Watts<\/td>\n<\/tr>\n<\/tbody>\n<\/table>","protected":false},"excerpt":{"rendered":"<p>Height 29.4 cm Width 11.9 cm Weight 1.6 kg Orbit Diameter 2 mm Sanding Base Diameter Size 182 mm Working<\/p>","protected":false},"featured_media":16655,"comment_status":"open","ping_status":"closed","template":"","meta":[],"product_cat":[79],"product_tag":[],"class_list":["post-16442","product","type-product","status-publish","has-post-thumbnail","hentry","product_cat-elektrikli-el-aletleri"],"yoast_head":"<!-- This site is optimized with the Yoast SEO plugin v21.6 - https:\/\/yoast.com\/wordpress\/plugins\/seo\/ -->\n<title>BOSCH PSS250AE 250W TIT.ZIMPARA MAK\u0130NAS - Can Verdi Ticaret<\/title>\n<meta name=\"robots\" content=\"index, follow, max-snippet:-1, max-image-preview:large, max-video-preview:-1\" \/>\n<link rel=\"canonical\" href=\"https:\/\/canverditicaret.com\/en\/product\/bosch-pss250ae-250w-tit-zimpara-makinas\/\" \/>\n<meta property=\"og:locale\" content=\"en_US\" \/>\n<meta property=\"og:type\" content=\"article\" \/>\n<meta property=\"og:title\" content=\"BOSCH PSS250AE 250W TIT.ZIMPARA MAK\u0130NAS - Can Verdi Ticaret\" \/>\n<meta property=\"og:description\" content=\"Y\u00fckseklik 29.4 cm Geni\u015flik 11.9 cm A\u011f\u0131rl\u0131k 1.6 kg Y\u00f6r\u00fcnge \u00c7ap\u0131 2 mm Z\u0131mpara Taban\u0131 \u00c7ap\u0131 \u00d6l\u00e7\u00fcs\u00fc 182 mm \u00c7al\u0131\u015fma\" \/>\n<meta property=\"og:url\" content=\"https:\/\/canverditicaret.com\/en\/product\/bosch-pss250ae-250w-tit-zimpara-makinas\/\" \/>\n<meta property=\"og:site_name\" content=\"Can Verdi Ticaret\" \/>\n<meta property=\"article:modified_time\" content=\"2025-02-16T13:06:16+00:00\" \/>\n<meta property=\"og:image\" content=\"https:\/\/canverditicaret.com\/wp-content\/uploads\/2024\/01\/1000064743a.png\" \/>\n\t<meta property=\"og:image:width\" content=\"1024\" \/>\n\t<meta property=\"og:image:height\" content=\"1024\" \/>\n\t<meta property=\"og:image:type\" content=\"image\/png\" \/>\n<meta name=\"twitter:card\" content=\"summary_large_image\" \/>\n<meta name=\"twitter:label1\" content=\"Est. reading time\" \/>\n\t<meta name=\"twitter:data1\" content=\"1 minute\" \/>\n<script type=\"application\/ld+json\" class=\"yoast-schema-graph\">{\"@context\":\"https:\/\/schema.org\",\"@graph\":[{\"@type\":\"WebPage\",\"@id\":\"https:\/\/canverditicaret.com\/urun\/bosch-pss250ae-250w-tit-zimpara-makinas\/\",\"url\":\"https:\/\/canverditicaret.com\/urun\/bosch-pss250ae-250w-tit-zimpara-makinas\/\",\"name\":\"BOSCH PSS250AE 250W TIT.ZIMPARA MAK\u0130NAS - Can Verdi Ticaret\",\"isPartOf\":{\"@id\":\"https:\/\/canverditicaret.com\/#website\"},\"datePublished\":\"2024-01-27T01:22:57+00:00\",\"dateModified\":\"2025-02-16T13:06:16+00:00\",\"breadcrumb\":{\"@id\":\"https:\/\/canverditicaret.com\/urun\/bosch-pss250ae-250w-tit-zimpara-makinas\/#breadcrumb\"},\"inLanguage\":\"en-US\",\"potentialAction\":[{\"@type\":\"ReadAction\",\"target\":[\"https:\/\/canverditicaret.com\/urun\/bosch-pss250ae-250w-tit-zimpara-makinas\/\"]}]},{\"@type\":\"BreadcrumbList\",\"@id\":\"https:\/\/canverditicaret.com\/urun\/bosch-pss250ae-250w-tit-zimpara-makinas\/#breadcrumb\",\"itemListElement\":[{\"@type\":\"ListItem\",\"position\":1,\"name\":\"Anasayfa\",\"item\":\"https:\/\/canverditicaret.com\/\"},{\"@type\":\"ListItem\",\"position\":2,\"name\":\"Ma\u011faza\",\"item\":\"https:\/\/canverditicaret.com\/shop\/\"},{\"@type\":\"ListItem\",\"position\":3,\"name\":\"BOSCH PSS250AE 250W TIT.ZIMPARA MAK\u0130NAS\"}]},{\"@type\":\"WebSite\",\"@id\":\"https:\/\/canverditicaret.com\/#website\",\"url\":\"https:\/\/canverditicaret.com\/\",\"name\":\"Can Verdi Ticaret\",\"description\":\"Can Verdi Ticaret\",\"potentialAction\":[{\"@type\":\"SearchAction\",\"target\":{\"@type\":\"EntryPoint\",\"urlTemplate\":\"https:\/\/canverditicaret.com\/?s={search_term_string}\"},\"query-input\":\"required name=search_term_string\"}],\"inLanguage\":\"en-US\"}]}<\/script>\n<!-- \/ Yoast SEO plugin. -->","yoast_head_json":{"title":"BOSCH PSS250AE 250W TIT.ZIMPARA MAK\u0130NAS - Can Verdi Ticaret","robots":{"index":"index","follow":"follow","max-snippet":"max-snippet:-1","max-image-preview":"max-image-preview:large","max-video-preview":"max-video-preview:-1"},"canonical":"https:\/\/canverditicaret.com\/en\/product\/bosch-pss250ae-250w-tit-zimpara-makinas\/","og_locale":"en_US","og_type":"article","og_title":"BOSCH PSS250AE 250W TIT.ZIMPARA MAK\u0130NAS - Can Verdi Ticaret","og_description":"Y\u00fckseklik 29.4 cm Geni\u015flik 11.9 cm A\u011f\u0131rl\u0131k 1.6 kg Y\u00f6r\u00fcnge \u00c7ap\u0131 2 mm Z\u0131mpara Taban\u0131 \u00c7ap\u0131 \u00d6l\u00e7\u00fcs\u00fc 182 mm \u00c7al\u0131\u015fma","og_url":"https:\/\/canverditicaret.com\/en\/product\/bosch-pss250ae-250w-tit-zimpara-makinas\/","og_site_name":"Can Verdi Ticaret","article_modified_time":"2025-02-16T13:06:16+00:00","og_image":[{"width":1024,"height":1024,"url":"https:\/\/canverditicaret.com\/wp-content\/uploads\/2024\/01\/1000064743a.png","type":"image\/png"}],"twitter_card":"summary_large_image","twitter_misc":{"Est. reading time":"1 minute"},"schema":{"@context":"https:\/\/schema.org","@graph":[{"@type":"WebPage","@id":"https:\/\/canverditicaret.com\/urun\/bosch-pss250ae-250w-tit-zimpara-makinas\/","url":"https:\/\/canverditicaret.com\/urun\/bosch-pss250ae-250w-tit-zimpara-makinas\/","name":"BOSCH PSS250AE 250W TIT.ZIMPARA MAK\u0130NAS - Can Verdi Ticaret","isPartOf":{"@id":"https:\/\/canverditicaret.com\/#website"},"datePublished":"2024-01-27T01:22:57+00:00","dateModified":"2025-02-16T13:06:16+00:00","breadcrumb":{"@id":"https:\/\/canverditicaret.com\/urun\/bosch-pss250ae-250w-tit-zimpara-makinas\/#breadcrumb"},"inLanguage":"en-US","potentialAction":[{"@type":"ReadAction","target":["https:\/\/canverditicaret.com\/urun\/bosch-pss250ae-250w-tit-zimpara-makinas\/"]}]},{"@type":"BreadcrumbList","@id":"https:\/\/canverditicaret.com\/urun\/bosch-pss250ae-250w-tit-zimpara-makinas\/#breadcrumb","itemListElement":[{"@type":"ListItem","position":1,"name":"Anasayfa","item":"https:\/\/canverditicaret.com\/"},{"@type":"ListItem","position":2,"name":"Ma\u011faza","item":"https:\/\/canverditicaret.com\/shop\/"},{"@type":"ListItem","position":3,"name":"BOSCH PSS250AE 250W TIT.ZIMPARA MAK\u0130NAS"}]},{"@type":"WebSite","@id":"https:\/\/canverditicaret.com\/#website","url":"https:\/\/canverditicaret.com\/","name":"Can Verdi Ticaret","description":"Can Verdi Ticaret","potentialAction":[{"@type":"SearchAction","target":{"@type":"EntryPoint","urlTemplate":"https:\/\/canverditicaret.com\/?s={search_term_string}"},"query-input":"required name=search_term_string"}],"inLanguage":"en-US"}]}},"_links":{"self":[{"href":"https:\/\/canverditicaret.com\/en\/wp-json\/wp\/v2\/product\/16442","targetHints":{"allow":["GET"]}}],"collection":[{"href":"https:\/\/canverditicaret.com\/en\/wp-json\/wp\/v2\/product"}],"about":[{"href":"https:\/\/canverditicaret.com\/en\/wp-json\/wp\/v2\/types\/product"}],"replies":[{"embeddable":true,"href":"https:\/\/canverditicaret.com\/en\/wp-json\/wp\/v2\/comments?post=16442"}],"version-history":[{"count":1,"href":"https:\/\/canverditicaret.com\/en\/wp-json\/wp\/v2\/product\/16442\/revisions"}],"predecessor-version":[{"id":16446,"href":"https:\/\/canverditicaret.com\/en\/wp-json\/wp\/v2\/product\/16442\/revisions\/16446"}],"wp:featuredmedia":[{"embeddable":true,"href":"https:\/\/canverditicaret.com\/en\/wp-json\/wp\/v2\/media\/16655"}],"wp:attachment":[{"href":"https:\/\/canverditicaret.com\/en\/wp-json\/wp\/v2\/media?parent=16442"}],"wp:term":[{"taxonomy":"product_cat","embeddable":true,"href":"https:\/\/canverditicaret.com\/en\/wp-json\/wp\/v2\/product_cat?post=16442"},{"taxonomy":"product_tag","embeddable":true,"href":"https:\/\/canverditicaret.com\/en\/wp-json\/wp\/v2\/product_tag?post=16442"}],"curies":[{"name":"wp","href":"https:\/\/api.w.org\/{rel}","templated":true}]}}