{"id":16421,"date":"2024-01-27T04:41:04","date_gmt":"2024-01-27T01:41:04","guid":{"rendered":"https:\/\/canverditicaret.com\/?post_type=product&#038;p=16421"},"modified":"2025-02-16T16:06:21","modified_gmt":"2025-02-16T13:06:21","slug":"bosch-procore-18v-set-2x8a-gal18v-160","status":"publish","type":"product","link":"https:\/\/canverditicaret.com\/en\/product\/bosch-procore-18v-set-2x8a-gal18v-160\/","title":{"rendered":"BOSCH PROCORE 18V SET 2X8A GAL18V-160"},"content":{"rendered":"<table class=\"table table-borderless table-layout-fixed table-striped table-hover bg-lg-c255 mb-0\">\n<tbody>\n<tr>\n<th>Height<\/th>\n<td>26.3cm<\/td>\n<\/tr>\n<tr>\n<th>Width<\/th>\n<td>9.5cm<\/td>\n<\/tr>\n<tr>\n<th>Depth<\/th>\n<td>21cm<\/td>\n<\/tr>\n<tr>\n<th>Weight<\/th>\n<td>3kg<\/td>\n<\/tr>\n<\/tbody>\n<\/table>","protected":false},"excerpt":{"rendered":"<p>Height 26.3 cm Width 9.5 cm Depth 21 cm Weight 3 kg<\/p>","protected":false},"featured_media":16811,"comment_status":"open","ping_status":"closed","template":"","meta":[],"product_cat":[79],"product_tag":[],"class_list":["post-16421","product","type-product","status-publish","has-post-thumbnail","hentry","product_cat-elektrikli-el-aletleri"],"yoast_head":"<!-- This site is optimized with the Yoast SEO plugin v21.6 - https:\/\/yoast.com\/wordpress\/plugins\/seo\/ -->\n<title>BOSCH PROCORE 18V SET 2X8A GAL18V-160 - Can Verdi Ticaret<\/title>\n<meta name=\"robots\" content=\"index, follow, max-snippet:-1, max-image-preview:large, max-video-preview:-1\" \/>\n<link rel=\"canonical\" href=\"https:\/\/canverditicaret.com\/en\/product\/bosch-procore-18v-set-2x8a-gal18v-160\/\" \/>\n<meta property=\"og:locale\" content=\"en_US\" \/>\n<meta property=\"og:type\" content=\"article\" \/>\n<meta property=\"og:title\" content=\"BOSCH PROCORE 18V SET 2X8A GAL18V-160 - Can Verdi Ticaret\" \/>\n<meta property=\"og:description\" content=\"Y\u00fckseklik 26.3 cm Geni\u015flik 9.5 cm Derinlik 21 cm A\u011f\u0131rl\u0131k 3 kg\" \/>\n<meta property=\"og:url\" content=\"https:\/\/canverditicaret.com\/en\/product\/bosch-procore-18v-set-2x8a-gal18v-160\/\" \/>\n<meta property=\"og:site_name\" content=\"Can Verdi Ticaret\" \/>\n<meta property=\"article:modified_time\" content=\"2025-02-16T13:06:21+00:00\" \/>\n<meta property=\"og:image\" content=\"https:\/\/canverditicaret.com\/wp-content\/uploads\/2024\/01\/1000593304.png\" \/>\n\t<meta property=\"og:image:width\" content=\"1024\" \/>\n\t<meta property=\"og:image:height\" content=\"1024\" \/>\n\t<meta property=\"og:image:type\" content=\"image\/png\" \/>\n<meta name=\"twitter:card\" content=\"summary_large_image\" \/>\n<meta name=\"twitter:label1\" content=\"Est. reading time\" \/>\n\t<meta name=\"twitter:data1\" content=\"1 minute\" \/>\n<script type=\"application\/ld+json\" class=\"yoast-schema-graph\">{\"@context\":\"https:\/\/schema.org\",\"@graph\":[{\"@type\":\"WebPage\",\"@id\":\"https:\/\/canverditicaret.com\/urun\/bosch-procore-18v-set-2x8a-gal18v-160\/\",\"url\":\"https:\/\/canverditicaret.com\/urun\/bosch-procore-18v-set-2x8a-gal18v-160\/\",\"name\":\"BOSCH PROCORE 18V SET 2X8A GAL18V-160 - Can Verdi Ticaret\",\"isPartOf\":{\"@id\":\"https:\/\/canverditicaret.com\/#website\"},\"datePublished\":\"2024-01-27T01:41:04+00:00\",\"dateModified\":\"2025-02-16T13:06:21+00:00\",\"breadcrumb\":{\"@id\":\"https:\/\/canverditicaret.com\/urun\/bosch-procore-18v-set-2x8a-gal18v-160\/#breadcrumb\"},\"inLanguage\":\"en-US\",\"potentialAction\":[{\"@type\":\"ReadAction\",\"target\":[\"https:\/\/canverditicaret.com\/urun\/bosch-procore-18v-set-2x8a-gal18v-160\/\"]}]},{\"@type\":\"BreadcrumbList\",\"@id\":\"https:\/\/canverditicaret.com\/urun\/bosch-procore-18v-set-2x8a-gal18v-160\/#breadcrumb\",\"itemListElement\":[{\"@type\":\"ListItem\",\"position\":1,\"name\":\"Anasayfa\",\"item\":\"https:\/\/canverditicaret.com\/\"},{\"@type\":\"ListItem\",\"position\":2,\"name\":\"Ma\u011faza\",\"item\":\"https:\/\/canverditicaret.com\/shop\/\"},{\"@type\":\"ListItem\",\"position\":3,\"name\":\"BOSCH PROCORE 18V SET 2X8A GAL18V-160\"}]},{\"@type\":\"WebSite\",\"@id\":\"https:\/\/canverditicaret.com\/#website\",\"url\":\"https:\/\/canverditicaret.com\/\",\"name\":\"Can Verdi Ticaret\",\"description\":\"Can Verdi Ticaret\",\"potentialAction\":[{\"@type\":\"SearchAction\",\"target\":{\"@type\":\"EntryPoint\",\"urlTemplate\":\"https:\/\/canverditicaret.com\/?s={search_term_string}\"},\"query-input\":\"required name=search_term_string\"}],\"inLanguage\":\"en-US\"}]}<\/script>\n<!-- \/ Yoast SEO plugin. -->","yoast_head_json":{"title":"BOSCH PROCORE 18V SET 2X8A GAL18V-160 - Can Verdi Ticaret","robots":{"index":"index","follow":"follow","max-snippet":"max-snippet:-1","max-image-preview":"max-image-preview:large","max-video-preview":"max-video-preview:-1"},"canonical":"https:\/\/canverditicaret.com\/en\/product\/bosch-procore-18v-set-2x8a-gal18v-160\/","og_locale":"en_US","og_type":"article","og_title":"BOSCH PROCORE 18V SET 2X8A GAL18V-160 - Can Verdi Ticaret","og_description":"Y\u00fckseklik 26.3 cm Geni\u015flik 9.5 cm Derinlik 21 cm A\u011f\u0131rl\u0131k 3 kg","og_url":"https:\/\/canverditicaret.com\/en\/product\/bosch-procore-18v-set-2x8a-gal18v-160\/","og_site_name":"Can Verdi Ticaret","article_modified_time":"2025-02-16T13:06:21+00:00","og_image":[{"width":1024,"height":1024,"url":"https:\/\/canverditicaret.com\/wp-content\/uploads\/2024\/01\/1000593304.png","type":"image\/png"}],"twitter_card":"summary_large_image","twitter_misc":{"Est. reading time":"1 minute"},"schema":{"@context":"https:\/\/schema.org","@graph":[{"@type":"WebPage","@id":"https:\/\/canverditicaret.com\/urun\/bosch-procore-18v-set-2x8a-gal18v-160\/","url":"https:\/\/canverditicaret.com\/urun\/bosch-procore-18v-set-2x8a-gal18v-160\/","name":"BOSCH PROCORE 18V SET 2X8A GAL18V-160 - Can Verdi Ticaret","isPartOf":{"@id":"https:\/\/canverditicaret.com\/#website"},"datePublished":"2024-01-27T01:41:04+00:00","dateModified":"2025-02-16T13:06:21+00:00","breadcrumb":{"@id":"https:\/\/canverditicaret.com\/urun\/bosch-procore-18v-set-2x8a-gal18v-160\/#breadcrumb"},"inLanguage":"en-US","potentialAction":[{"@type":"ReadAction","target":["https:\/\/canverditicaret.com\/urun\/bosch-procore-18v-set-2x8a-gal18v-160\/"]}]},{"@type":"BreadcrumbList","@id":"https:\/\/canverditicaret.com\/urun\/bosch-procore-18v-set-2x8a-gal18v-160\/#breadcrumb","itemListElement":[{"@type":"ListItem","position":1,"name":"Anasayfa","item":"https:\/\/canverditicaret.com\/"},{"@type":"ListItem","position":2,"name":"Ma\u011faza","item":"https:\/\/canverditicaret.com\/shop\/"},{"@type":"ListItem","position":3,"name":"BOSCH PROCORE 18V SET 2X8A GAL18V-160"}]},{"@type":"WebSite","@id":"https:\/\/canverditicaret.com\/#website","url":"https:\/\/canverditicaret.com\/","name":"Can Verdi Ticaret","description":"Can Verdi Ticaret","potentialAction":[{"@type":"SearchAction","target":{"@type":"EntryPoint","urlTemplate":"https:\/\/canverditicaret.com\/?s={search_term_string}"},"query-input":"required name=search_term_string"}],"inLanguage":"en-US"}]}},"_links":{"self":[{"href":"https:\/\/canverditicaret.com\/en\/wp-json\/wp\/v2\/product\/16421","targetHints":{"allow":["GET"]}}],"collection":[{"href":"https:\/\/canverditicaret.com\/en\/wp-json\/wp\/v2\/product"}],"about":[{"href":"https:\/\/canverditicaret.com\/en\/wp-json\/wp\/v2\/types\/product"}],"replies":[{"embeddable":true,"href":"https:\/\/canverditicaret.com\/en\/wp-json\/wp\/v2\/comments?post=16421"}],"version-history":[{"count":1,"href":"https:\/\/canverditicaret.com\/en\/wp-json\/wp\/v2\/product\/16421\/revisions"}],"predecessor-version":[{"id":16425,"href":"https:\/\/canverditicaret.com\/en\/wp-json\/wp\/v2\/product\/16421\/revisions\/16425"}],"wp:featuredmedia":[{"embeddable":true,"href":"https:\/\/canverditicaret.com\/en\/wp-json\/wp\/v2\/media\/16811"}],"wp:attachment":[{"href":"https:\/\/canverditicaret.com\/en\/wp-json\/wp\/v2\/media?parent=16421"}],"wp:term":[{"taxonomy":"product_cat","embeddable":true,"href":"https:\/\/canverditicaret.com\/en\/wp-json\/wp\/v2\/product_cat?post=16421"},{"taxonomy":"product_tag","embeddable":true,"href":"https:\/\/canverditicaret.com\/en\/wp-json\/wp\/v2\/product_tag?post=16421"}],"curies":[{"name":"wp","href":"https:\/\/api.w.org\/{rel}","templated":true}]}}