{"id":16382,"date":"2024-01-27T04:26:24","date_gmt":"2024-01-27T01:26:24","guid":{"rendered":"https:\/\/canverditicaret.com\/?post_type=product&#038;p=16382"},"modified":"2025-02-16T16:06:17","modified_gmt":"2025-02-16T13:06:17","slug":"bosch-lazermetre-plr40c","status":"publish","type":"product","link":"https:\/\/canverditicaret.com\/en\/product\/bosch-lazermetre-plr40c\/","title":{"rendered":"BOSCH LASERMETER PLR40C"},"content":{"rendered":"<table class=\"table table-borderless table-layout-fixed table-striped table-hover bg-lg-c255 mb-0\">\n<tbody>\n<tr>\n<th>Operating Range<\/th>\n<td>0.05-40 Meters<\/td>\n<\/tr>\n<tr>\n<th>Laser Diode<\/th>\n<td>635 Nm&lt; 1 mW<\/td>\n<\/tr>\n<tr>\n<th>Laser Class<\/th>\n<td>2<\/td>\n<\/tr>\n<tr>\n<th>Measuring Time<\/th>\n<td>4 sec<\/td>\n<\/tr>\n<tr>\n<th>Measurement Accuracy<\/th>\n<td>\u00b12mm\/m<\/td>\n<\/tr>\n<tr>\n<th>Units of Measurement<\/th>\n<td>1<\/td>\n<\/tr>\n<tr>\n<th>Water Resistance<\/th>\n<td>No<\/td>\n<\/tr>\n<tr>\n<th>Standard Deviation<\/th>\n<td>\u00b12mm\/m<\/td>\n<\/tr>\n<tr>\n<th>Battery<\/th>\n<td>no<\/td>\n<\/tr>\n<tr>\n<th>Angular Sensitivity<\/th>\n<td>\u00b12mm\/m<\/td>\n<\/tr>\n<tr>\n<th>Pendulum<\/th>\n<td>None<\/td>\n<\/tr>\n<tr>\n<th>Pendulum Lock<\/th>\n<td>None<\/td>\n<\/tr>\n<tr>\n<th>Laser Beams<\/th>\n<td>Red<\/td>\n<\/tr>\n<tr>\n<th>Operating Range Without Receiver<\/th>\n<td>0.05-40m<\/td>\n<\/tr>\n<tr>\n<th>Fixing<\/th>\n<td>None<\/td>\n<\/tr>\n<tr>\n<th>Dust And Spray Water Protection<\/th>\n<td>IP54<\/td>\n<\/tr>\n<tr>\n<th>Working Time Maximum 2<\/th>\n<td>2 hours<\/td>\n<\/tr>\n<tr>\n<th>Carrying Bag<\/th>\n<td>No<\/td>\n<\/tr>\n<tr>\n<th>Standing Height<\/th>\n<td>1cm<\/td>\n<\/tr>\n<tr>\n<th>with camera<\/th>\n<td>No<\/td>\n<\/tr>\n<tr>\n<th>Water Terzili<\/th>\n<td>No<\/td>\n<\/tr>\n<tr>\n<th>Purpose of usage<\/th>\n<td>Soil<\/td>\n<\/tr>\n<tr>\n<th>3D<\/th>\n<td>No<\/td>\n<\/tr>\n<tr>\n<th>Weight<\/th>\n<td>0.084kg<\/td>\n<\/tr>\n<\/tbody>\n<\/table>","protected":false},"excerpt":{"rendered":"<p>Working Range 0.05-40 Meters Laser Diode 635 Nm&lt; 1 mW Laser Class 2 Measurement Time 4 sec Measurement Accuracy \u00b12<\/p>","protected":false},"featured_media":16703,"comment_status":"open","ping_status":"closed","template":"","meta":[],"product_cat":[79],"product_tag":[],"class_list":["post-16382","product","type-product","status-publish","has-post-thumbnail","hentry","product_cat-elektrikli-el-aletleri"],"yoast_head":"<!-- This site is optimized with the Yoast SEO plugin v21.6 - https:\/\/yoast.com\/wordpress\/plugins\/seo\/ -->\n<title>BOSCH LAZERMETRE PLR40C - Can Verdi Ticaret<\/title>\n<meta name=\"robots\" content=\"index, follow, max-snippet:-1, max-image-preview:large, max-video-preview:-1\" \/>\n<link rel=\"canonical\" href=\"https:\/\/canverditicaret.com\/en\/product\/bosch-lazermetre-plr40c\/\" \/>\n<meta property=\"og:locale\" content=\"en_US\" \/>\n<meta property=\"og:type\" content=\"article\" \/>\n<meta property=\"og:title\" content=\"BOSCH LAZERMETRE PLR40C - Can Verdi Ticaret\" \/>\n<meta property=\"og:description\" content=\"\u00c7al\u0131\u015fma Aral\u0131\u011f\u0131 0.05-40 Metre Lazer Diyodu 635 Nm&lt; 1 mW Lazer S\u0131n\u0131f\u0131 2 \u00d6l\u00e7me S\u00fcresi 4 sn \u00d6l\u00e7\u00fcm Hassasiyeti \u00b12\" \/>\n<meta property=\"og:url\" content=\"https:\/\/canverditicaret.com\/en\/product\/bosch-lazermetre-plr40c\/\" \/>\n<meta property=\"og:site_name\" content=\"Can Verdi Ticaret\" \/>\n<meta property=\"article:modified_time\" content=\"2025-02-16T13:06:17+00:00\" \/>\n<meta property=\"og:image\" content=\"https:\/\/canverditicaret.com\/wp-content\/uploads\/2024\/01\/1000165404.png\" \/>\n\t<meta property=\"og:image:width\" content=\"1024\" \/>\n\t<meta property=\"og:image:height\" content=\"1024\" \/>\n\t<meta property=\"og:image:type\" content=\"image\/png\" \/>\n<meta name=\"twitter:card\" content=\"summary_large_image\" \/>\n<meta name=\"twitter:label1\" content=\"Est. reading time\" \/>\n\t<meta name=\"twitter:data1\" content=\"1 minute\" \/>\n<script type=\"application\/ld+json\" class=\"yoast-schema-graph\">{\"@context\":\"https:\/\/schema.org\",\"@graph\":[{\"@type\":\"WebPage\",\"@id\":\"https:\/\/canverditicaret.com\/urun\/bosch-lazermetre-plr40c\/\",\"url\":\"https:\/\/canverditicaret.com\/urun\/bosch-lazermetre-plr40c\/\",\"name\":\"BOSCH LAZERMETRE PLR40C - Can Verdi Ticaret\",\"isPartOf\":{\"@id\":\"https:\/\/canverditicaret.com\/#website\"},\"datePublished\":\"2024-01-27T01:26:24+00:00\",\"dateModified\":\"2025-02-16T13:06:17+00:00\",\"breadcrumb\":{\"@id\":\"https:\/\/canverditicaret.com\/urun\/bosch-lazermetre-plr40c\/#breadcrumb\"},\"inLanguage\":\"en-US\",\"potentialAction\":[{\"@type\":\"ReadAction\",\"target\":[\"https:\/\/canverditicaret.com\/urun\/bosch-lazermetre-plr40c\/\"]}]},{\"@type\":\"BreadcrumbList\",\"@id\":\"https:\/\/canverditicaret.com\/urun\/bosch-lazermetre-plr40c\/#breadcrumb\",\"itemListElement\":[{\"@type\":\"ListItem\",\"position\":1,\"name\":\"Anasayfa\",\"item\":\"https:\/\/canverditicaret.com\/\"},{\"@type\":\"ListItem\",\"position\":2,\"name\":\"Ma\u011faza\",\"item\":\"https:\/\/canverditicaret.com\/shop\/\"},{\"@type\":\"ListItem\",\"position\":3,\"name\":\"BOSCH LAZERMETRE PLR40C\"}]},{\"@type\":\"WebSite\",\"@id\":\"https:\/\/canverditicaret.com\/#website\",\"url\":\"https:\/\/canverditicaret.com\/\",\"name\":\"Can Verdi Ticaret\",\"description\":\"Can Verdi Ticaret\",\"potentialAction\":[{\"@type\":\"SearchAction\",\"target\":{\"@type\":\"EntryPoint\",\"urlTemplate\":\"https:\/\/canverditicaret.com\/?s={search_term_string}\"},\"query-input\":\"required name=search_term_string\"}],\"inLanguage\":\"en-US\"}]}<\/script>\n<!-- \/ Yoast SEO plugin. -->","yoast_head_json":{"title":"BOSCH LAZERMETRE PLR40C - Can Verdi Ticaret","robots":{"index":"index","follow":"follow","max-snippet":"max-snippet:-1","max-image-preview":"max-image-preview:large","max-video-preview":"max-video-preview:-1"},"canonical":"https:\/\/canverditicaret.com\/en\/product\/bosch-lazermetre-plr40c\/","og_locale":"en_US","og_type":"article","og_title":"BOSCH LAZERMETRE PLR40C - Can Verdi Ticaret","og_description":"\u00c7al\u0131\u015fma Aral\u0131\u011f\u0131 0.05-40 Metre Lazer Diyodu 635 Nm&lt; 1 mW Lazer S\u0131n\u0131f\u0131 2 \u00d6l\u00e7me S\u00fcresi 4 sn \u00d6l\u00e7\u00fcm Hassasiyeti \u00b12","og_url":"https:\/\/canverditicaret.com\/en\/product\/bosch-lazermetre-plr40c\/","og_site_name":"Can Verdi Ticaret","article_modified_time":"2025-02-16T13:06:17+00:00","og_image":[{"width":1024,"height":1024,"url":"https:\/\/canverditicaret.com\/wp-content\/uploads\/2024\/01\/1000165404.png","type":"image\/png"}],"twitter_card":"summary_large_image","twitter_misc":{"Est. reading time":"1 minute"},"schema":{"@context":"https:\/\/schema.org","@graph":[{"@type":"WebPage","@id":"https:\/\/canverditicaret.com\/urun\/bosch-lazermetre-plr40c\/","url":"https:\/\/canverditicaret.com\/urun\/bosch-lazermetre-plr40c\/","name":"BOSCH LAZERMETRE PLR40C - Can Verdi Ticaret","isPartOf":{"@id":"https:\/\/canverditicaret.com\/#website"},"datePublished":"2024-01-27T01:26:24+00:00","dateModified":"2025-02-16T13:06:17+00:00","breadcrumb":{"@id":"https:\/\/canverditicaret.com\/urun\/bosch-lazermetre-plr40c\/#breadcrumb"},"inLanguage":"en-US","potentialAction":[{"@type":"ReadAction","target":["https:\/\/canverditicaret.com\/urun\/bosch-lazermetre-plr40c\/"]}]},{"@type":"BreadcrumbList","@id":"https:\/\/canverditicaret.com\/urun\/bosch-lazermetre-plr40c\/#breadcrumb","itemListElement":[{"@type":"ListItem","position":1,"name":"Anasayfa","item":"https:\/\/canverditicaret.com\/"},{"@type":"ListItem","position":2,"name":"Ma\u011faza","item":"https:\/\/canverditicaret.com\/shop\/"},{"@type":"ListItem","position":3,"name":"BOSCH LAZERMETRE PLR40C"}]},{"@type":"WebSite","@id":"https:\/\/canverditicaret.com\/#website","url":"https:\/\/canverditicaret.com\/","name":"Can Verdi Ticaret","description":"Can Verdi Ticaret","potentialAction":[{"@type":"SearchAction","target":{"@type":"EntryPoint","urlTemplate":"https:\/\/canverditicaret.com\/?s={search_term_string}"},"query-input":"required name=search_term_string"}],"inLanguage":"en-US"}]}},"_links":{"self":[{"href":"https:\/\/canverditicaret.com\/en\/wp-json\/wp\/v2\/product\/16382","targetHints":{"allow":["GET"]}}],"collection":[{"href":"https:\/\/canverditicaret.com\/en\/wp-json\/wp\/v2\/product"}],"about":[{"href":"https:\/\/canverditicaret.com\/en\/wp-json\/wp\/v2\/types\/product"}],"replies":[{"embeddable":true,"href":"https:\/\/canverditicaret.com\/en\/wp-json\/wp\/v2\/comments?post=16382"}],"version-history":[{"count":1,"href":"https:\/\/canverditicaret.com\/en\/wp-json\/wp\/v2\/product\/16382\/revisions"}],"predecessor-version":[{"id":16391,"href":"https:\/\/canverditicaret.com\/en\/wp-json\/wp\/v2\/product\/16382\/revisions\/16391"}],"wp:featuredmedia":[{"embeddable":true,"href":"https:\/\/canverditicaret.com\/en\/wp-json\/wp\/v2\/media\/16703"}],"wp:attachment":[{"href":"https:\/\/canverditicaret.com\/en\/wp-json\/wp\/v2\/media?parent=16382"}],"wp:term":[{"taxonomy":"product_cat","embeddable":true,"href":"https:\/\/canverditicaret.com\/en\/wp-json\/wp\/v2\/product_cat?post=16382"},{"taxonomy":"product_tag","embeddable":true,"href":"https:\/\/canverditicaret.com\/en\/wp-json\/wp\/v2\/product_tag?post=16382"}],"curies":[{"name":"wp","href":"https:\/\/api.w.org\/{rel}","templated":true}]}}