{"id":16377,"date":"2024-01-27T04:39:16","date_gmt":"2024-01-27T01:39:16","guid":{"rendered":"https:\/\/canverditicaret.com\/?post_type=product&#038;p=16377"},"modified":"2025-02-16T16:06:21","modified_gmt":"2025-02-16T13:06:21","slug":"bosch-lazermetre-glm-50-27-cglion-batar","status":"publish","type":"product","link":"https:\/\/canverditicaret.com\/en\/product\/bosch-lazermetre-glm-50-27-cglion-batar\/","title":{"rendered":"Bosch Lasermeter GLM 50-27 CG+Lion Sink"},"content":{"rendered":"<table class=\"table table-borderless table-layout-fixed table-striped table-hover bg-lg-c255 mb-0\">\n<tbody>\n<tr>\n<th>Height<\/th>\n<td>16.4cm<\/td>\n<\/tr>\n<tr>\n<th>Width<\/th>\n<td>18.3cm<\/td>\n<\/tr>\n<tr>\n<th>Depth<\/th>\n<td>8.8cm<\/td>\n<\/tr>\n<tr>\n<th>Laser Diode<\/th>\n<td>515 Nm, &lt; 1 mW<\/td>\n<\/tr>\n<tr>\n<th>Laser Class<\/th>\n<td>2<\/td>\n<\/tr>\n<tr>\n<th>Measuring Time<\/th>\n<td>5 sec<\/td>\n<\/tr>\n<tr>\n<th>Measurement Accuracy<\/th>\n<td>\u00b1 1.5 mm (plus deviation due to use)<\/td>\n<\/tr>\n<tr>\n<th>Magnification<\/th>\n<td>None<\/td>\n<\/tr>\n<tr>\n<th>Water Resistance<\/th>\n<td>No<\/td>\n<\/tr>\n<tr>\n<th>Standard Deviation<\/th>\n<td>\u00b11.5mm<\/td>\n<\/tr>\n<tr>\n<th>Shortest Focus<\/th>\n<td>None<\/td>\n<\/tr>\n<tr>\n<th>Self-Levelling Time Type<\/th>\n<td>None<\/td>\n<\/tr>\n<tr>\n<th>Pendulum<\/th>\n<td>None<\/td>\n<\/tr>\n<tr>\n<th>Pendulum Lock<\/th>\n<td>None<\/td>\n<\/tr>\n<tr>\n<th>Laser Beams<\/th>\n<td>Green<\/td>\n<\/tr>\n<tr>\n<th>Fixing<\/th>\n<td>There is<\/td>\n<\/tr>\n<tr>\n<th>Working Range with Target Board<\/th>\n<td>None<\/td>\n<\/tr>\n<tr>\n<th>Automatic<\/th>\n<td>None<\/td>\n<\/tr>\n<tr>\n<th>Carrying Bag<\/th>\n<td>Yes<\/td>\n<\/tr>\n<tr>\n<th>Optical Zoom<\/th>\n<td>None<\/td>\n<\/tr>\n<tr>\n<th>with camera<\/th>\n<td>No<\/td>\n<\/tr>\n<tr>\n<th>Water Terzili<\/th>\n<td>No<\/td>\n<\/tr>\n<tr>\n<th>Mini<\/th>\n<td>No<\/td>\n<\/tr>\n<tr>\n<th>Package Included<\/th>\n<td>Protection Bag, cable, battery<\/td>\n<\/tr>\n<\/tbody>\n<\/table>","protected":false},"excerpt":{"rendered":"<p>Height 16.4 cm Width 18.3 cm Depth 8.8 cm Laser Diode 515 Nm, &lt; 1 mW Laser Class 2 Measurement<\/p>","protected":false},"featured_media":16799,"comment_status":"open","ping_status":"closed","template":"","meta":[],"product_cat":[79],"product_tag":[],"class_list":["post-16377","product","type-product","status-publish","has-post-thumbnail","hentry","product_cat-elektrikli-el-aletleri"],"yoast_head":"<!-- This site is optimized with the Yoast SEO plugin v21.6 - https:\/\/yoast.com\/wordpress\/plugins\/seo\/ -->\n<title>Bosch Lazermetre GLM 50-27 CG+Lion Batar - Can Verdi Ticaret<\/title>\n<meta name=\"robots\" content=\"index, follow, max-snippet:-1, max-image-preview:large, max-video-preview:-1\" \/>\n<link rel=\"canonical\" href=\"https:\/\/canverditicaret.com\/en\/product\/bosch-lazermetre-glm-50-27-cglion-batar\/\" \/>\n<meta property=\"og:locale\" content=\"en_US\" \/>\n<meta property=\"og:type\" content=\"article\" \/>\n<meta property=\"og:title\" content=\"Bosch Lazermetre GLM 50-27 CG+Lion Batar - Can Verdi Ticaret\" \/>\n<meta property=\"og:description\" content=\"Y\u00fckseklik 16.4 cm Geni\u015flik 18.3 cm Derinlik 8.8 cm Lazer Diyodu 515 Nm, &lt; 1 mW Lazer S\u0131n\u0131f\u0131 2 \u00d6l\u00e7me\" \/>\n<meta property=\"og:url\" content=\"https:\/\/canverditicaret.com\/en\/product\/bosch-lazermetre-glm-50-27-cglion-batar\/\" \/>\n<meta property=\"og:site_name\" content=\"Can Verdi Ticaret\" \/>\n<meta property=\"article:modified_time\" content=\"2025-02-16T13:06:21+00:00\" \/>\n<meta property=\"og:image\" content=\"https:\/\/canverditicaret.com\/wp-content\/uploads\/2024\/01\/1000468984.png\" \/>\n\t<meta property=\"og:image:width\" content=\"1024\" \/>\n\t<meta property=\"og:image:height\" content=\"1024\" \/>\n\t<meta property=\"og:image:type\" content=\"image\/png\" \/>\n<meta name=\"twitter:card\" content=\"summary_large_image\" \/>\n<meta name=\"twitter:label1\" content=\"Est. reading time\" \/>\n\t<meta name=\"twitter:data1\" content=\"1 minute\" \/>\n<script type=\"application\/ld+json\" class=\"yoast-schema-graph\">{\"@context\":\"https:\/\/schema.org\",\"@graph\":[{\"@type\":\"WebPage\",\"@id\":\"https:\/\/canverditicaret.com\/urun\/bosch-lazermetre-glm-50-27-cglion-batar\/\",\"url\":\"https:\/\/canverditicaret.com\/urun\/bosch-lazermetre-glm-50-27-cglion-batar\/\",\"name\":\"Bosch Lazermetre GLM 50-27 CG+Lion Batar - Can Verdi Ticaret\",\"isPartOf\":{\"@id\":\"https:\/\/canverditicaret.com\/#website\"},\"datePublished\":\"2024-01-27T01:39:16+00:00\",\"dateModified\":\"2025-02-16T13:06:21+00:00\",\"breadcrumb\":{\"@id\":\"https:\/\/canverditicaret.com\/urun\/bosch-lazermetre-glm-50-27-cglion-batar\/#breadcrumb\"},\"inLanguage\":\"en-US\",\"potentialAction\":[{\"@type\":\"ReadAction\",\"target\":[\"https:\/\/canverditicaret.com\/urun\/bosch-lazermetre-glm-50-27-cglion-batar\/\"]}]},{\"@type\":\"BreadcrumbList\",\"@id\":\"https:\/\/canverditicaret.com\/urun\/bosch-lazermetre-glm-50-27-cglion-batar\/#breadcrumb\",\"itemListElement\":[{\"@type\":\"ListItem\",\"position\":1,\"name\":\"Anasayfa\",\"item\":\"https:\/\/canverditicaret.com\/\"},{\"@type\":\"ListItem\",\"position\":2,\"name\":\"Ma\u011faza\",\"item\":\"https:\/\/canverditicaret.com\/shop\/\"},{\"@type\":\"ListItem\",\"position\":3,\"name\":\"Bosch Lazermetre GLM 50-27 CG+Lion Batar\"}]},{\"@type\":\"WebSite\",\"@id\":\"https:\/\/canverditicaret.com\/#website\",\"url\":\"https:\/\/canverditicaret.com\/\",\"name\":\"Can Verdi Ticaret\",\"description\":\"Can Verdi Ticaret\",\"potentialAction\":[{\"@type\":\"SearchAction\",\"target\":{\"@type\":\"EntryPoint\",\"urlTemplate\":\"https:\/\/canverditicaret.com\/?s={search_term_string}\"},\"query-input\":\"required name=search_term_string\"}],\"inLanguage\":\"en-US\"}]}<\/script>\n<!-- \/ Yoast SEO plugin. -->","yoast_head_json":{"title":"Bosch Lazermetre GLM 50-27 CG+Lion Batar - Can Verdi Ticaret","robots":{"index":"index","follow":"follow","max-snippet":"max-snippet:-1","max-image-preview":"max-image-preview:large","max-video-preview":"max-video-preview:-1"},"canonical":"https:\/\/canverditicaret.com\/en\/product\/bosch-lazermetre-glm-50-27-cglion-batar\/","og_locale":"en_US","og_type":"article","og_title":"Bosch Lazermetre GLM 50-27 CG+Lion Batar - Can Verdi Ticaret","og_description":"Y\u00fckseklik 16.4 cm Geni\u015flik 18.3 cm Derinlik 8.8 cm Lazer Diyodu 515 Nm, &lt; 1 mW Lazer S\u0131n\u0131f\u0131 2 \u00d6l\u00e7me","og_url":"https:\/\/canverditicaret.com\/en\/product\/bosch-lazermetre-glm-50-27-cglion-batar\/","og_site_name":"Can Verdi Ticaret","article_modified_time":"2025-02-16T13:06:21+00:00","og_image":[{"width":1024,"height":1024,"url":"https:\/\/canverditicaret.com\/wp-content\/uploads\/2024\/01\/1000468984.png","type":"image\/png"}],"twitter_card":"summary_large_image","twitter_misc":{"Est. reading time":"1 minute"},"schema":{"@context":"https:\/\/schema.org","@graph":[{"@type":"WebPage","@id":"https:\/\/canverditicaret.com\/urun\/bosch-lazermetre-glm-50-27-cglion-batar\/","url":"https:\/\/canverditicaret.com\/urun\/bosch-lazermetre-glm-50-27-cglion-batar\/","name":"Bosch Lazermetre GLM 50-27 CG+Lion Batar - Can Verdi Ticaret","isPartOf":{"@id":"https:\/\/canverditicaret.com\/#website"},"datePublished":"2024-01-27T01:39:16+00:00","dateModified":"2025-02-16T13:06:21+00:00","breadcrumb":{"@id":"https:\/\/canverditicaret.com\/urun\/bosch-lazermetre-glm-50-27-cglion-batar\/#breadcrumb"},"inLanguage":"en-US","potentialAction":[{"@type":"ReadAction","target":["https:\/\/canverditicaret.com\/urun\/bosch-lazermetre-glm-50-27-cglion-batar\/"]}]},{"@type":"BreadcrumbList","@id":"https:\/\/canverditicaret.com\/urun\/bosch-lazermetre-glm-50-27-cglion-batar\/#breadcrumb","itemListElement":[{"@type":"ListItem","position":1,"name":"Anasayfa","item":"https:\/\/canverditicaret.com\/"},{"@type":"ListItem","position":2,"name":"Ma\u011faza","item":"https:\/\/canverditicaret.com\/shop\/"},{"@type":"ListItem","position":3,"name":"Bosch Lazermetre GLM 50-27 CG+Lion Batar"}]},{"@type":"WebSite","@id":"https:\/\/canverditicaret.com\/#website","url":"https:\/\/canverditicaret.com\/","name":"Can Verdi Ticaret","description":"Can Verdi Ticaret","potentialAction":[{"@type":"SearchAction","target":{"@type":"EntryPoint","urlTemplate":"https:\/\/canverditicaret.com\/?s={search_term_string}"},"query-input":"required name=search_term_string"}],"inLanguage":"en-US"}]}},"_links":{"self":[{"href":"https:\/\/canverditicaret.com\/en\/wp-json\/wp\/v2\/product\/16377","targetHints":{"allow":["GET"]}}],"collection":[{"href":"https:\/\/canverditicaret.com\/en\/wp-json\/wp\/v2\/product"}],"about":[{"href":"https:\/\/canverditicaret.com\/en\/wp-json\/wp\/v2\/types\/product"}],"replies":[{"embeddable":true,"href":"https:\/\/canverditicaret.com\/en\/wp-json\/wp\/v2\/comments?post=16377"}],"version-history":[{"count":1,"href":"https:\/\/canverditicaret.com\/en\/wp-json\/wp\/v2\/product\/16377\/revisions"}],"predecessor-version":[{"id":16380,"href":"https:\/\/canverditicaret.com\/en\/wp-json\/wp\/v2\/product\/16377\/revisions\/16380"}],"wp:featuredmedia":[{"embeddable":true,"href":"https:\/\/canverditicaret.com\/en\/wp-json\/wp\/v2\/media\/16799"}],"wp:attachment":[{"href":"https:\/\/canverditicaret.com\/en\/wp-json\/wp\/v2\/media?parent=16377"}],"wp:term":[{"taxonomy":"product_cat","embeddable":true,"href":"https:\/\/canverditicaret.com\/en\/wp-json\/wp\/v2\/product_cat?post=16377"},{"taxonomy":"product_tag","embeddable":true,"href":"https:\/\/canverditicaret.com\/en\/wp-json\/wp\/v2\/product_tag?post=16377"}],"curies":[{"name":"wp","href":"https:\/\/api.w.org\/{rel}","templated":true}]}}