{"id":16298,"date":"2024-01-27T04:29:08","date_gmt":"2024-01-27T01:29:08","guid":{"rendered":"https:\/\/canverditicaret.com\/?post_type=product&#038;p=16298"},"modified":"2025-02-16T16:06:18","modified_gmt":"2025-02-16T13:06:18","slug":"bosch-gtm12jl-gon-kes-305mm","status":"publish","type":"product","link":"https:\/\/canverditicaret.com\/en\/product\/bosch-gtm12jl-gon-kes-305mm\/","title":{"rendered":"BOSCH GTM12JL SEND. CUT. 305MM"},"content":{"rendered":"<table class=\"table table-borderless table-layout-fixed table-striped table-hover bg-lg-c255 mb-0\">\n<tbody>\n<tr>\n<th>Protective Cover<\/th>\n<td>Yes<\/td>\n<\/tr>\n<tr>\n<th>Safety Lock<\/th>\n<td>Yes<\/td>\n<\/tr>\n<tr>\n<th>Area of Use<\/th>\n<td>Wood<\/td>\n<\/tr>\n<tr>\n<th>Dust Blowing<\/th>\n<td>Yes<\/td>\n<\/tr>\n<tr>\n<th>Working Type<\/th>\n<td>Electric<\/td>\n<\/tr>\n<tr>\n<th>Battery Option<\/th>\n<td>without battery<\/td>\n<\/tr>\n<tr>\n<th>Lighting<\/th>\n<td>There is<\/td>\n<\/tr>\n<tr>\n<th>Strength<\/th>\n<td>1800 Watts<\/td>\n<\/tr>\n<tr>\n<th>Colour<\/th>\n<td>Blue<\/td>\n<\/tr>\n<\/tbody>\n<\/table>","protected":false},"excerpt":{"rendered":"<p>Protective Cover Yes Safety Lock Yes Usage Area Wood Dust Blowing Yes Working Type Electric Battery Option Battery-Free Lighting Yes<\/p>","protected":false},"featured_media":16739,"comment_status":"open","ping_status":"closed","template":"","meta":[],"product_cat":[79],"product_tag":[],"class_list":["post-16298","product","type-product","status-publish","has-post-thumbnail","hentry","product_cat-elektrikli-el-aletleri"],"yoast_head":"<!-- This site is optimized with the Yoast SEO plugin v21.6 - https:\/\/yoast.com\/wordpress\/plugins\/seo\/ -->\n<title>BOSCH GTM12JL G\u00d6N. KES. 305MM - Can Verdi Ticaret<\/title>\n<meta name=\"robots\" content=\"index, follow, max-snippet:-1, max-image-preview:large, max-video-preview:-1\" \/>\n<link rel=\"canonical\" href=\"https:\/\/canverditicaret.com\/en\/product\/bosch-gtm12jl-gon-kes-305mm\/\" \/>\n<meta property=\"og:locale\" content=\"en_US\" \/>\n<meta property=\"og:type\" content=\"article\" \/>\n<meta property=\"og:title\" content=\"BOSCH GTM12JL G\u00d6N. KES. 305MM - Can Verdi Ticaret\" \/>\n<meta property=\"og:description\" content=\"Koruyucu Kapak Evet Emniyet Kilidi Evet Kullan\u0131m Alan\u0131 Ah\u015fap Toz \u00dcfleme Evet \u00c7al\u0131\u015fma Tipi Elektrikli Ak\u00fc Se\u00e7ene\u011fi Ak\u00fcs\u00fcz Ayd\u0131nlatma Var\" \/>\n<meta property=\"og:url\" content=\"https:\/\/canverditicaret.com\/en\/product\/bosch-gtm12jl-gon-kes-305mm\/\" \/>\n<meta property=\"og:site_name\" content=\"Can Verdi Ticaret\" \/>\n<meta property=\"article:modified_time\" content=\"2025-02-16T13:06:18+00:00\" \/>\n<meta property=\"og:image\" content=\"https:\/\/canverditicaret.com\/wp-content\/uploads\/2024\/01\/1000182092.png\" \/>\n\t<meta property=\"og:image:width\" content=\"1024\" \/>\n\t<meta property=\"og:image:height\" content=\"1024\" \/>\n\t<meta property=\"og:image:type\" content=\"image\/png\" \/>\n<meta name=\"twitter:card\" content=\"summary_large_image\" \/>\n<meta name=\"twitter:label1\" content=\"Est. reading time\" \/>\n\t<meta name=\"twitter:data1\" content=\"1 minute\" \/>\n<script type=\"application\/ld+json\" class=\"yoast-schema-graph\">{\"@context\":\"https:\/\/schema.org\",\"@graph\":[{\"@type\":\"WebPage\",\"@id\":\"https:\/\/canverditicaret.com\/urun\/bosch-gtm12jl-gon-kes-305mm\/\",\"url\":\"https:\/\/canverditicaret.com\/urun\/bosch-gtm12jl-gon-kes-305mm\/\",\"name\":\"BOSCH GTM12JL G\u00d6N. KES. 305MM - Can Verdi Ticaret\",\"isPartOf\":{\"@id\":\"https:\/\/canverditicaret.com\/#website\"},\"datePublished\":\"2024-01-27T01:29:08+00:00\",\"dateModified\":\"2025-02-16T13:06:18+00:00\",\"breadcrumb\":{\"@id\":\"https:\/\/canverditicaret.com\/urun\/bosch-gtm12jl-gon-kes-305mm\/#breadcrumb\"},\"inLanguage\":\"en-US\",\"potentialAction\":[{\"@type\":\"ReadAction\",\"target\":[\"https:\/\/canverditicaret.com\/urun\/bosch-gtm12jl-gon-kes-305mm\/\"]}]},{\"@type\":\"BreadcrumbList\",\"@id\":\"https:\/\/canverditicaret.com\/urun\/bosch-gtm12jl-gon-kes-305mm\/#breadcrumb\",\"itemListElement\":[{\"@type\":\"ListItem\",\"position\":1,\"name\":\"Anasayfa\",\"item\":\"https:\/\/canverditicaret.com\/\"},{\"@type\":\"ListItem\",\"position\":2,\"name\":\"Ma\u011faza\",\"item\":\"https:\/\/canverditicaret.com\/shop\/\"},{\"@type\":\"ListItem\",\"position\":3,\"name\":\"BOSCH GTM12JL G\u00d6N. KES. 305MM\"}]},{\"@type\":\"WebSite\",\"@id\":\"https:\/\/canverditicaret.com\/#website\",\"url\":\"https:\/\/canverditicaret.com\/\",\"name\":\"Can Verdi Ticaret\",\"description\":\"Can Verdi Ticaret\",\"potentialAction\":[{\"@type\":\"SearchAction\",\"target\":{\"@type\":\"EntryPoint\",\"urlTemplate\":\"https:\/\/canverditicaret.com\/?s={search_term_string}\"},\"query-input\":\"required name=search_term_string\"}],\"inLanguage\":\"en-US\"}]}<\/script>\n<!-- \/ Yoast SEO plugin. -->","yoast_head_json":{"title":"BOSCH GTM12JL G\u00d6N. KES. 305MM - Can Verdi Ticaret","robots":{"index":"index","follow":"follow","max-snippet":"max-snippet:-1","max-image-preview":"max-image-preview:large","max-video-preview":"max-video-preview:-1"},"canonical":"https:\/\/canverditicaret.com\/en\/product\/bosch-gtm12jl-gon-kes-305mm\/","og_locale":"en_US","og_type":"article","og_title":"BOSCH GTM12JL G\u00d6N. KES. 305MM - Can Verdi Ticaret","og_description":"Koruyucu Kapak Evet Emniyet Kilidi Evet Kullan\u0131m Alan\u0131 Ah\u015fap Toz \u00dcfleme Evet \u00c7al\u0131\u015fma Tipi Elektrikli Ak\u00fc Se\u00e7ene\u011fi Ak\u00fcs\u00fcz Ayd\u0131nlatma Var","og_url":"https:\/\/canverditicaret.com\/en\/product\/bosch-gtm12jl-gon-kes-305mm\/","og_site_name":"Can Verdi Ticaret","article_modified_time":"2025-02-16T13:06:18+00:00","og_image":[{"width":1024,"height":1024,"url":"https:\/\/canverditicaret.com\/wp-content\/uploads\/2024\/01\/1000182092.png","type":"image\/png"}],"twitter_card":"summary_large_image","twitter_misc":{"Est. reading time":"1 minute"},"schema":{"@context":"https:\/\/schema.org","@graph":[{"@type":"WebPage","@id":"https:\/\/canverditicaret.com\/urun\/bosch-gtm12jl-gon-kes-305mm\/","url":"https:\/\/canverditicaret.com\/urun\/bosch-gtm12jl-gon-kes-305mm\/","name":"BOSCH GTM12JL G\u00d6N. KES. 305MM - Can Verdi Ticaret","isPartOf":{"@id":"https:\/\/canverditicaret.com\/#website"},"datePublished":"2024-01-27T01:29:08+00:00","dateModified":"2025-02-16T13:06:18+00:00","breadcrumb":{"@id":"https:\/\/canverditicaret.com\/urun\/bosch-gtm12jl-gon-kes-305mm\/#breadcrumb"},"inLanguage":"en-US","potentialAction":[{"@type":"ReadAction","target":["https:\/\/canverditicaret.com\/urun\/bosch-gtm12jl-gon-kes-305mm\/"]}]},{"@type":"BreadcrumbList","@id":"https:\/\/canverditicaret.com\/urun\/bosch-gtm12jl-gon-kes-305mm\/#breadcrumb","itemListElement":[{"@type":"ListItem","position":1,"name":"Anasayfa","item":"https:\/\/canverditicaret.com\/"},{"@type":"ListItem","position":2,"name":"Ma\u011faza","item":"https:\/\/canverditicaret.com\/shop\/"},{"@type":"ListItem","position":3,"name":"BOSCH GTM12JL G\u00d6N. KES. 305MM"}]},{"@type":"WebSite","@id":"https:\/\/canverditicaret.com\/#website","url":"https:\/\/canverditicaret.com\/","name":"Can Verdi Ticaret","description":"Can Verdi Ticaret","potentialAction":[{"@type":"SearchAction","target":{"@type":"EntryPoint","urlTemplate":"https:\/\/canverditicaret.com\/?s={search_term_string}"},"query-input":"required name=search_term_string"}],"inLanguage":"en-US"}]}},"_links":{"self":[{"href":"https:\/\/canverditicaret.com\/en\/wp-json\/wp\/v2\/product\/16298","targetHints":{"allow":["GET"]}}],"collection":[{"href":"https:\/\/canverditicaret.com\/en\/wp-json\/wp\/v2\/product"}],"about":[{"href":"https:\/\/canverditicaret.com\/en\/wp-json\/wp\/v2\/types\/product"}],"replies":[{"embeddable":true,"href":"https:\/\/canverditicaret.com\/en\/wp-json\/wp\/v2\/comments?post=16298"}],"version-history":[{"count":1,"href":"https:\/\/canverditicaret.com\/en\/wp-json\/wp\/v2\/product\/16298\/revisions"}],"predecessor-version":[{"id":16305,"href":"https:\/\/canverditicaret.com\/en\/wp-json\/wp\/v2\/product\/16298\/revisions\/16305"}],"wp:featuredmedia":[{"embeddable":true,"href":"https:\/\/canverditicaret.com\/en\/wp-json\/wp\/v2\/media\/16739"}],"wp:attachment":[{"href":"https:\/\/canverditicaret.com\/en\/wp-json\/wp\/v2\/media?parent=16298"}],"wp:term":[{"taxonomy":"product_cat","embeddable":true,"href":"https:\/\/canverditicaret.com\/en\/wp-json\/wp\/v2\/product_cat?post=16298"},{"taxonomy":"product_tag","embeddable":true,"href":"https:\/\/canverditicaret.com\/en\/wp-json\/wp\/v2\/product_tag?post=16298"}],"curies":[{"name":"wp","href":"https:\/\/api.w.org\/{rel}","templated":true}]}}