{"id":16248,"date":"2024-01-27T04:39:46","date_gmt":"2024-01-27T01:39:46","guid":{"rendered":"https:\/\/canverditicaret.com\/?post_type=product&#038;p=16248"},"modified":"2025-02-16T16:06:21","modified_gmt":"2025-02-16T13:06:21","slug":"bosch-gsr-18v-50-akulu-vid43-parca-set","status":"publish","type":"product","link":"https:\/\/canverditicaret.com\/en\/product\/bosch-gsr-18v-50-akulu-vid43-parca-set\/","title":{"rendered":"BOSCH GSR 18V-50 BATTERY OPERATED VID + 43 PIECES SET"},"content":{"rendered":"<table class=\"table table-borderless table-layout-fixed table-striped table-hover bg-lg-c255 mb-0\">\n<tbody>\n<tr>\n<th>Width<\/th>\n<td>29.9cm<\/td>\n<\/tr>\n<tr>\n<th>Length<\/th>\n<td>44.7cm<\/td>\n<\/tr>\n<tr>\n<th>Height<\/th>\n<td>13.5cm<\/td>\n<\/tr>\n<tr>\n<th>Weight<\/th>\n<td>3.9kg<\/td>\n<\/tr>\n<tr>\n<th>No Load Speed<\/th>\n<td>1800rpm<\/td>\n<\/tr>\n<tr>\n<th>Battery Type<\/th>\n<td>Lithium Ion<\/td>\n<\/tr>\n<\/tbody>\n<\/table>","protected":false},"excerpt":{"rendered":"<p>Width 29.9 cm Length 44.7 cm Height 13.5 cm Weight 3.9 kg No-Load Speed 1800 rpm Battery Type Lithium Ion<\/p>","protected":false},"featured_media":16807,"comment_status":"open","ping_status":"closed","template":"","meta":[],"product_cat":[79],"product_tag":[],"class_list":["post-16248","product","type-product","status-publish","has-post-thumbnail","hentry","product_cat-elektrikli-el-aletleri"],"yoast_head":"<!-- This site is optimized with the Yoast SEO plugin v21.6 - https:\/\/yoast.com\/wordpress\/plugins\/seo\/ -->\n<title>BOSCH GSR 18V-50 AK\u00dcL\u00dc V\u0130D+43 PAR\u00c7A SET - Can Verdi Ticaret<\/title>\n<meta name=\"robots\" content=\"index, follow, max-snippet:-1, max-image-preview:large, max-video-preview:-1\" \/>\n<link rel=\"canonical\" href=\"https:\/\/canverditicaret.com\/en\/product\/bosch-gsr-18v-50-akulu-vid43-parca-set\/\" \/>\n<meta property=\"og:locale\" content=\"en_US\" \/>\n<meta property=\"og:type\" content=\"article\" \/>\n<meta property=\"og:title\" content=\"BOSCH GSR 18V-50 AK\u00dcL\u00dc V\u0130D+43 PAR\u00c7A SET - Can Verdi Ticaret\" \/>\n<meta property=\"og:description\" content=\"Geni\u015flik 29.9 cm Uzunluk 44.7 cm Y\u00fckseklik 13.5 cm A\u011f\u0131rl\u0131k 3.9 kg Y\u00fcks\u00fcz H\u0131z\u0131 1800 rpm Ak\u00fc Tipi Lityum \u0130yon\" \/>\n<meta property=\"og:url\" content=\"https:\/\/canverditicaret.com\/en\/product\/bosch-gsr-18v-50-akulu-vid43-parca-set\/\" \/>\n<meta property=\"og:site_name\" content=\"Can Verdi Ticaret\" \/>\n<meta property=\"article:modified_time\" content=\"2025-02-16T13:06:21+00:00\" \/>\n<meta property=\"og:image\" content=\"https:\/\/canverditicaret.com\/wp-content\/uploads\/2024\/01\/1000486480.png\" \/>\n\t<meta property=\"og:image:width\" content=\"1024\" \/>\n\t<meta property=\"og:image:height\" content=\"1024\" \/>\n\t<meta property=\"og:image:type\" content=\"image\/png\" \/>\n<meta name=\"twitter:card\" content=\"summary_large_image\" \/>\n<meta name=\"twitter:label1\" content=\"Est. reading time\" \/>\n\t<meta name=\"twitter:data1\" content=\"1 minute\" \/>\n<script type=\"application\/ld+json\" class=\"yoast-schema-graph\">{\"@context\":\"https:\/\/schema.org\",\"@graph\":[{\"@type\":\"WebPage\",\"@id\":\"https:\/\/canverditicaret.com\/urun\/bosch-gsr-18v-50-akulu-vid43-parca-set\/\",\"url\":\"https:\/\/canverditicaret.com\/urun\/bosch-gsr-18v-50-akulu-vid43-parca-set\/\",\"name\":\"BOSCH GSR 18V-50 AK\u00dcL\u00dc V\u0130D+43 PAR\u00c7A SET - Can Verdi Ticaret\",\"isPartOf\":{\"@id\":\"https:\/\/canverditicaret.com\/#website\"},\"datePublished\":\"2024-01-27T01:39:46+00:00\",\"dateModified\":\"2025-02-16T13:06:21+00:00\",\"breadcrumb\":{\"@id\":\"https:\/\/canverditicaret.com\/urun\/bosch-gsr-18v-50-akulu-vid43-parca-set\/#breadcrumb\"},\"inLanguage\":\"en-US\",\"potentialAction\":[{\"@type\":\"ReadAction\",\"target\":[\"https:\/\/canverditicaret.com\/urun\/bosch-gsr-18v-50-akulu-vid43-parca-set\/\"]}]},{\"@type\":\"BreadcrumbList\",\"@id\":\"https:\/\/canverditicaret.com\/urun\/bosch-gsr-18v-50-akulu-vid43-parca-set\/#breadcrumb\",\"itemListElement\":[{\"@type\":\"ListItem\",\"position\":1,\"name\":\"Anasayfa\",\"item\":\"https:\/\/canverditicaret.com\/\"},{\"@type\":\"ListItem\",\"position\":2,\"name\":\"Ma\u011faza\",\"item\":\"https:\/\/canverditicaret.com\/shop\/\"},{\"@type\":\"ListItem\",\"position\":3,\"name\":\"BOSCH GSR 18V-50 AK\u00dcL\u00dc V\u0130D+43 PAR\u00c7A SET\"}]},{\"@type\":\"WebSite\",\"@id\":\"https:\/\/canverditicaret.com\/#website\",\"url\":\"https:\/\/canverditicaret.com\/\",\"name\":\"Can Verdi Ticaret\",\"description\":\"Can Verdi Ticaret\",\"potentialAction\":[{\"@type\":\"SearchAction\",\"target\":{\"@type\":\"EntryPoint\",\"urlTemplate\":\"https:\/\/canverditicaret.com\/?s={search_term_string}\"},\"query-input\":\"required name=search_term_string\"}],\"inLanguage\":\"en-US\"}]}<\/script>\n<!-- \/ Yoast SEO plugin. -->","yoast_head_json":{"title":"BOSCH GSR 18V-50 AK\u00dcL\u00dc V\u0130D+43 PAR\u00c7A SET - Can Verdi Ticaret","robots":{"index":"index","follow":"follow","max-snippet":"max-snippet:-1","max-image-preview":"max-image-preview:large","max-video-preview":"max-video-preview:-1"},"canonical":"https:\/\/canverditicaret.com\/en\/product\/bosch-gsr-18v-50-akulu-vid43-parca-set\/","og_locale":"en_US","og_type":"article","og_title":"BOSCH GSR 18V-50 AK\u00dcL\u00dc V\u0130D+43 PAR\u00c7A SET - Can Verdi Ticaret","og_description":"Geni\u015flik 29.9 cm Uzunluk 44.7 cm Y\u00fckseklik 13.5 cm A\u011f\u0131rl\u0131k 3.9 kg Y\u00fcks\u00fcz H\u0131z\u0131 1800 rpm Ak\u00fc Tipi Lityum \u0130yon","og_url":"https:\/\/canverditicaret.com\/en\/product\/bosch-gsr-18v-50-akulu-vid43-parca-set\/","og_site_name":"Can Verdi Ticaret","article_modified_time":"2025-02-16T13:06:21+00:00","og_image":[{"width":1024,"height":1024,"url":"https:\/\/canverditicaret.com\/wp-content\/uploads\/2024\/01\/1000486480.png","type":"image\/png"}],"twitter_card":"summary_large_image","twitter_misc":{"Est. reading time":"1 minute"},"schema":{"@context":"https:\/\/schema.org","@graph":[{"@type":"WebPage","@id":"https:\/\/canverditicaret.com\/urun\/bosch-gsr-18v-50-akulu-vid43-parca-set\/","url":"https:\/\/canverditicaret.com\/urun\/bosch-gsr-18v-50-akulu-vid43-parca-set\/","name":"BOSCH GSR 18V-50 AK\u00dcL\u00dc V\u0130D+43 PAR\u00c7A SET - Can Verdi Ticaret","isPartOf":{"@id":"https:\/\/canverditicaret.com\/#website"},"datePublished":"2024-01-27T01:39:46+00:00","dateModified":"2025-02-16T13:06:21+00:00","breadcrumb":{"@id":"https:\/\/canverditicaret.com\/urun\/bosch-gsr-18v-50-akulu-vid43-parca-set\/#breadcrumb"},"inLanguage":"en-US","potentialAction":[{"@type":"ReadAction","target":["https:\/\/canverditicaret.com\/urun\/bosch-gsr-18v-50-akulu-vid43-parca-set\/"]}]},{"@type":"BreadcrumbList","@id":"https:\/\/canverditicaret.com\/urun\/bosch-gsr-18v-50-akulu-vid43-parca-set\/#breadcrumb","itemListElement":[{"@type":"ListItem","position":1,"name":"Anasayfa","item":"https:\/\/canverditicaret.com\/"},{"@type":"ListItem","position":2,"name":"Ma\u011faza","item":"https:\/\/canverditicaret.com\/shop\/"},{"@type":"ListItem","position":3,"name":"BOSCH GSR 18V-50 AK\u00dcL\u00dc V\u0130D+43 PAR\u00c7A SET"}]},{"@type":"WebSite","@id":"https:\/\/canverditicaret.com\/#website","url":"https:\/\/canverditicaret.com\/","name":"Can Verdi Ticaret","description":"Can Verdi Ticaret","potentialAction":[{"@type":"SearchAction","target":{"@type":"EntryPoint","urlTemplate":"https:\/\/canverditicaret.com\/?s={search_term_string}"},"query-input":"required name=search_term_string"}],"inLanguage":"en-US"}]}},"_links":{"self":[{"href":"https:\/\/canverditicaret.com\/en\/wp-json\/wp\/v2\/product\/16248","targetHints":{"allow":["GET"]}}],"collection":[{"href":"https:\/\/canverditicaret.com\/en\/wp-json\/wp\/v2\/product"}],"about":[{"href":"https:\/\/canverditicaret.com\/en\/wp-json\/wp\/v2\/types\/product"}],"replies":[{"embeddable":true,"href":"https:\/\/canverditicaret.com\/en\/wp-json\/wp\/v2\/comments?post=16248"}],"version-history":[{"count":1,"href":"https:\/\/canverditicaret.com\/en\/wp-json\/wp\/v2\/product\/16248\/revisions"}],"predecessor-version":[{"id":16249,"href":"https:\/\/canverditicaret.com\/en\/wp-json\/wp\/v2\/product\/16248\/revisions\/16249"}],"wp:featuredmedia":[{"embeddable":true,"href":"https:\/\/canverditicaret.com\/en\/wp-json\/wp\/v2\/media\/16807"}],"wp:attachment":[{"href":"https:\/\/canverditicaret.com\/en\/wp-json\/wp\/v2\/media?parent=16248"}],"wp:term":[{"taxonomy":"product_cat","embeddable":true,"href":"https:\/\/canverditicaret.com\/en\/wp-json\/wp\/v2\/product_cat?post=16248"},{"taxonomy":"product_tag","embeddable":true,"href":"https:\/\/canverditicaret.com\/en\/wp-json\/wp\/v2\/product_tag?post=16248"}],"curies":[{"name":"wp","href":"https:\/\/api.w.org\/{rel}","templated":true}]}}