{"id":16238,"date":"2024-01-27T04:42:24","date_gmt":"2024-01-27T01:42:24","guid":{"rendered":"https:\/\/canverditicaret.com\/?post_type=product&#038;p=16238"},"modified":"2025-02-16T16:06:22","modified_gmt":"2025-02-16T13:06:22","slug":"bosch-gsr-185-li-darbesiz-vidalama-2-aku","status":"publish","type":"product","link":"https:\/\/canverditicaret.com\/en\/product\/bosch-gsr-185-li-darbesiz-vidalama-2-aku\/","title":{"rendered":"BOSCH GSR 185-LI DRILLING WITHOUT IMPACT 2 BATTERIES"},"content":{"rendered":"<table class=\"table table-borderless table-layout-fixed table-striped table-hover bg-lg-c255 mb-0\">\n<tbody>\n<tr>\n<th>Width<\/th>\n<td>10.2cm<\/td>\n<\/tr>\n<tr>\n<th>Height<\/th>\n<td>34.7cm<\/td>\n<\/tr>\n<tr>\n<th>Depth<\/th>\n<td>29.4cm<\/td>\n<\/tr>\n<tr>\n<th>Weight<\/th>\n<td>1kg<\/td>\n<\/tr>\n<tr>\n<th>Model<\/th>\n<td>without impact<\/td>\n<\/tr>\n<tr>\n<th>Power Cluster Range<\/th>\n<td>None<\/td>\n<\/tr>\n<tr>\n<th>No Load Speed<\/th>\n<td>1900rpm<\/td>\n<\/tr>\n<tr>\n<th>Hit Rate<\/th>\n<td>18 bpm<\/td>\n<\/tr>\n<tr>\n<th>Electronic Speed Adjustment<\/th>\n<td>There is<\/td>\n<\/tr>\n<tr>\n<th>Depth Bar<\/th>\n<td>None<\/td>\n<\/tr>\n<tr>\n<th>Drilling Capacity Steel<\/th>\n<td>10mm<\/td>\n<\/tr>\n<tr>\n<th>Drilling Capacity Wood<\/th>\n<td>35mm<\/td>\n<\/tr>\n<tr>\n<th>Drilling Capacity Concrete<\/th>\n<td>10mm<\/td>\n<\/tr>\n<tr>\n<th>Drilling Capacity Brick<\/th>\n<td>35mm<\/td>\n<\/tr>\n<tr>\n<th>Sound Pressure<\/th>\n<td>72 Bars<\/td>\n<\/tr>\n<tr>\n<th>Hammer Drilling<\/th>\n<td>None<\/td>\n<\/tr>\n<tr>\n<th>Charging Time<\/th>\n<td>120 min<\/td>\n<\/tr>\n<tr>\n<th>Carrying Bag<\/th>\n<td>There is<\/td>\n<\/tr>\n<tr>\n<th>Rubber Grip<\/th>\n<td>There is<\/td>\n<\/tr>\n<tr>\n<th>Brushless Engine<\/th>\n<td>There is<\/td>\n<\/tr>\n<tr>\n<th>With LED Light<\/th>\n<td>No<\/td>\n<\/tr>\n<tr>\n<th>Overload Protection<\/th>\n<td>There is<\/td>\n<\/tr>\n<tr>\n<th>Package Included<\/th>\n<td>Carrying Bag \/ Product<\/td>\n<\/tr>\n<tr>\n<th>Voltage<\/th>\n<td>18 Volts<\/td>\n<\/tr>\n<\/tbody>\n<\/table>","protected":false},"excerpt":{"rendered":"<p>Width 10.2 cm Height 34.7 cm Depth 29.4 cm Weight 1 kg Model Non-Impact Power Cluster Range No No-Load Speed<\/p>","protected":false},"featured_media":16823,"comment_status":"open","ping_status":"closed","template":"","meta":[],"product_cat":[79],"product_tag":[],"class_list":["post-16238","product","type-product","status-publish","has-post-thumbnail","hentry","product_cat-elektrikli-el-aletleri"],"yoast_head":"<!-- This site is optimized with the Yoast SEO plugin v21.6 - https:\/\/yoast.com\/wordpress\/plugins\/seo\/ -->\n<title>BOSCH GSR 185-LI DARBES\u0130Z V\u0130DALAMA 2 AK\u00dc - Can Verdi Ticaret<\/title>\n<meta name=\"robots\" content=\"index, follow, max-snippet:-1, max-image-preview:large, max-video-preview:-1\" \/>\n<link rel=\"canonical\" href=\"https:\/\/canverditicaret.com\/en\/product\/bosch-gsr-185-li-darbesiz-vidalama-2-aku\/\" \/>\n<meta property=\"og:locale\" content=\"en_US\" \/>\n<meta property=\"og:type\" content=\"article\" \/>\n<meta property=\"og:title\" content=\"BOSCH GSR 185-LI DARBES\u0130Z V\u0130DALAMA 2 AK\u00dc - Can Verdi Ticaret\" \/>\n<meta property=\"og:description\" content=\"Geni\u015flik 10.2 cm Y\u00fckseklik 34.7 cm Derinlik 29.4 cm A\u011f\u0131rl\u0131k 1 kg Modeli Darbesiz G\u00fc\u00e7 K\u00fcme Aral\u0131\u011f\u0131 Yok Y\u00fcks\u00fcz H\u0131z\u0131\" \/>\n<meta property=\"og:url\" content=\"https:\/\/canverditicaret.com\/en\/product\/bosch-gsr-185-li-darbesiz-vidalama-2-aku\/\" \/>\n<meta property=\"og:site_name\" content=\"Can Verdi Ticaret\" \/>\n<meta property=\"article:modified_time\" content=\"2025-02-16T13:06:22+00:00\" \/>\n<meta property=\"og:image\" content=\"https:\/\/canverditicaret.com\/wp-content\/uploads\/2024\/01\/1000663534.png\" \/>\n\t<meta property=\"og:image:width\" content=\"1024\" \/>\n\t<meta property=\"og:image:height\" content=\"1024\" \/>\n\t<meta property=\"og:image:type\" content=\"image\/png\" \/>\n<meta name=\"twitter:card\" content=\"summary_large_image\" \/>\n<meta name=\"twitter:label1\" content=\"Est. reading time\" \/>\n\t<meta name=\"twitter:data1\" content=\"1 minute\" \/>\n<script type=\"application\/ld+json\" class=\"yoast-schema-graph\">{\"@context\":\"https:\/\/schema.org\",\"@graph\":[{\"@type\":\"WebPage\",\"@id\":\"https:\/\/canverditicaret.com\/urun\/bosch-gsr-185-li-darbesiz-vidalama-2-aku\/\",\"url\":\"https:\/\/canverditicaret.com\/urun\/bosch-gsr-185-li-darbesiz-vidalama-2-aku\/\",\"name\":\"BOSCH GSR 185-LI DARBES\u0130Z V\u0130DALAMA 2 AK\u00dc - Can Verdi Ticaret\",\"isPartOf\":{\"@id\":\"https:\/\/canverditicaret.com\/#website\"},\"datePublished\":\"2024-01-27T01:42:24+00:00\",\"dateModified\":\"2025-02-16T13:06:22+00:00\",\"breadcrumb\":{\"@id\":\"https:\/\/canverditicaret.com\/urun\/bosch-gsr-185-li-darbesiz-vidalama-2-aku\/#breadcrumb\"},\"inLanguage\":\"en-US\",\"potentialAction\":[{\"@type\":\"ReadAction\",\"target\":[\"https:\/\/canverditicaret.com\/urun\/bosch-gsr-185-li-darbesiz-vidalama-2-aku\/\"]}]},{\"@type\":\"BreadcrumbList\",\"@id\":\"https:\/\/canverditicaret.com\/urun\/bosch-gsr-185-li-darbesiz-vidalama-2-aku\/#breadcrumb\",\"itemListElement\":[{\"@type\":\"ListItem\",\"position\":1,\"name\":\"Anasayfa\",\"item\":\"https:\/\/canverditicaret.com\/\"},{\"@type\":\"ListItem\",\"position\":2,\"name\":\"Ma\u011faza\",\"item\":\"https:\/\/canverditicaret.com\/shop\/\"},{\"@type\":\"ListItem\",\"position\":3,\"name\":\"BOSCH GSR 185-LI DARBES\u0130Z V\u0130DALAMA 2 AK\u00dc\"}]},{\"@type\":\"WebSite\",\"@id\":\"https:\/\/canverditicaret.com\/#website\",\"url\":\"https:\/\/canverditicaret.com\/\",\"name\":\"Can Verdi Ticaret\",\"description\":\"Can Verdi Ticaret\",\"potentialAction\":[{\"@type\":\"SearchAction\",\"target\":{\"@type\":\"EntryPoint\",\"urlTemplate\":\"https:\/\/canverditicaret.com\/?s={search_term_string}\"},\"query-input\":\"required name=search_term_string\"}],\"inLanguage\":\"en-US\"}]}<\/script>\n<!-- \/ Yoast SEO plugin. -->","yoast_head_json":{"title":"BOSCH GSR 185-LI DARBES\u0130Z V\u0130DALAMA 2 AK\u00dc - Can Verdi Ticaret","robots":{"index":"index","follow":"follow","max-snippet":"max-snippet:-1","max-image-preview":"max-image-preview:large","max-video-preview":"max-video-preview:-1"},"canonical":"https:\/\/canverditicaret.com\/en\/product\/bosch-gsr-185-li-darbesiz-vidalama-2-aku\/","og_locale":"en_US","og_type":"article","og_title":"BOSCH GSR 185-LI DARBES\u0130Z V\u0130DALAMA 2 AK\u00dc - Can Verdi Ticaret","og_description":"Geni\u015flik 10.2 cm Y\u00fckseklik 34.7 cm Derinlik 29.4 cm A\u011f\u0131rl\u0131k 1 kg Modeli Darbesiz G\u00fc\u00e7 K\u00fcme Aral\u0131\u011f\u0131 Yok Y\u00fcks\u00fcz H\u0131z\u0131","og_url":"https:\/\/canverditicaret.com\/en\/product\/bosch-gsr-185-li-darbesiz-vidalama-2-aku\/","og_site_name":"Can Verdi Ticaret","article_modified_time":"2025-02-16T13:06:22+00:00","og_image":[{"width":1024,"height":1024,"url":"https:\/\/canverditicaret.com\/wp-content\/uploads\/2024\/01\/1000663534.png","type":"image\/png"}],"twitter_card":"summary_large_image","twitter_misc":{"Est. reading time":"1 minute"},"schema":{"@context":"https:\/\/schema.org","@graph":[{"@type":"WebPage","@id":"https:\/\/canverditicaret.com\/urun\/bosch-gsr-185-li-darbesiz-vidalama-2-aku\/","url":"https:\/\/canverditicaret.com\/urun\/bosch-gsr-185-li-darbesiz-vidalama-2-aku\/","name":"BOSCH GSR 185-LI DARBES\u0130Z V\u0130DALAMA 2 AK\u00dc - Can Verdi Ticaret","isPartOf":{"@id":"https:\/\/canverditicaret.com\/#website"},"datePublished":"2024-01-27T01:42:24+00:00","dateModified":"2025-02-16T13:06:22+00:00","breadcrumb":{"@id":"https:\/\/canverditicaret.com\/urun\/bosch-gsr-185-li-darbesiz-vidalama-2-aku\/#breadcrumb"},"inLanguage":"en-US","potentialAction":[{"@type":"ReadAction","target":["https:\/\/canverditicaret.com\/urun\/bosch-gsr-185-li-darbesiz-vidalama-2-aku\/"]}]},{"@type":"BreadcrumbList","@id":"https:\/\/canverditicaret.com\/urun\/bosch-gsr-185-li-darbesiz-vidalama-2-aku\/#breadcrumb","itemListElement":[{"@type":"ListItem","position":1,"name":"Anasayfa","item":"https:\/\/canverditicaret.com\/"},{"@type":"ListItem","position":2,"name":"Ma\u011faza","item":"https:\/\/canverditicaret.com\/shop\/"},{"@type":"ListItem","position":3,"name":"BOSCH GSR 185-LI DARBES\u0130Z V\u0130DALAMA 2 AK\u00dc"}]},{"@type":"WebSite","@id":"https:\/\/canverditicaret.com\/#website","url":"https:\/\/canverditicaret.com\/","name":"Can Verdi Ticaret","description":"Can Verdi Ticaret","potentialAction":[{"@type":"SearchAction","target":{"@type":"EntryPoint","urlTemplate":"https:\/\/canverditicaret.com\/?s={search_term_string}"},"query-input":"required name=search_term_string"}],"inLanguage":"en-US"}]}},"_links":{"self":[{"href":"https:\/\/canverditicaret.com\/en\/wp-json\/wp\/v2\/product\/16238","targetHints":{"allow":["GET"]}}],"collection":[{"href":"https:\/\/canverditicaret.com\/en\/wp-json\/wp\/v2\/product"}],"about":[{"href":"https:\/\/canverditicaret.com\/en\/wp-json\/wp\/v2\/types\/product"}],"replies":[{"embeddable":true,"href":"https:\/\/canverditicaret.com\/en\/wp-json\/wp\/v2\/comments?post=16238"}],"version-history":[{"count":1,"href":"https:\/\/canverditicaret.com\/en\/wp-json\/wp\/v2\/product\/16238\/revisions"}],"predecessor-version":[{"id":16239,"href":"https:\/\/canverditicaret.com\/en\/wp-json\/wp\/v2\/product\/16238\/revisions\/16239"}],"wp:featuredmedia":[{"embeddable":true,"href":"https:\/\/canverditicaret.com\/en\/wp-json\/wp\/v2\/media\/16823"}],"wp:attachment":[{"href":"https:\/\/canverditicaret.com\/en\/wp-json\/wp\/v2\/media?parent=16238"}],"wp:term":[{"taxonomy":"product_cat","embeddable":true,"href":"https:\/\/canverditicaret.com\/en\/wp-json\/wp\/v2\/product_cat?post=16238"},{"taxonomy":"product_tag","embeddable":true,"href":"https:\/\/canverditicaret.com\/en\/wp-json\/wp\/v2\/product_tag?post=16238"}],"curies":[{"name":"wp","href":"https:\/\/api.w.org\/{rel}","templated":true}]}}