{"id":16219,"date":"2024-01-27T04:28:01","date_gmt":"2024-01-27T01:28:01","guid":{"rendered":"https:\/\/canverditicaret.com\/?post_type=product&#038;p=16219"},"modified":"2025-02-16T16:06:18","modified_gmt":"2025-02-16T13:06:18","slug":"bosch-gsb13re-darbeli-matkap-600w","status":"publish","type":"product","link":"https:\/\/canverditicaret.com\/en\/product\/bosch-gsb13re-darbeli-matkap-600w\/","title":{"rendered":"BOSCH GSB13RE HAMMER DRILL 600W"},"content":{"rendered":"<table class=\"table table-borderless table-layout-fixed table-striped table-hover bg-lg-c255 mb-0\">\n<tbody>\n<tr>\n<th>Height<\/th>\n<td>11.6cm<\/td>\n<\/tr>\n<tr>\n<th>Width<\/th>\n<td>29.9cm<\/td>\n<\/tr>\n<tr>\n<th>Depth<\/th>\n<td>35.3cm<\/td>\n<\/tr>\n<tr>\n<th>Length<\/th>\n<td>18cm<\/td>\n<\/tr>\n<tr>\n<th>Weight<\/th>\n<td>1.8kg<\/td>\n<\/tr>\n<tr>\n<th>Cable Length<\/th>\n<td>2.5 Meters<\/td>\n<\/tr>\n<tr>\n<th>Strength<\/th>\n<td>600 Watts<\/td>\n<\/tr>\n<tr>\n<th>Package Included<\/th>\n<td>Depth stop 210 mm, Keyless chuck 13 mm<\/td>\n<\/tr>\n<tr>\n<th>Model<\/th>\n<td>Hammer Drills<\/td>\n<\/tr>\n<tr>\n<th>Engine Type<\/th>\n<td>Electric<\/td>\n<\/tr>\n<tr>\n<th>Overload Protection<\/th>\n<td>There is<\/td>\n<\/tr>\n<tr>\n<th>No Load Speed<\/th>\n<td>2800 rpm<\/td>\n<\/tr>\n<tr>\n<th>Hit Rate<\/th>\n<td>0-44800 pulses\/min<\/td>\n<\/tr>\n<tr>\n<th>Electronic Speed Adjustment<\/th>\n<td>There is<\/td>\n<\/tr>\n<tr>\n<th>chuck<\/th>\n<td>There is<\/td>\n<\/tr>\n<tr>\n<th>Side Handle<\/th>\n<td>There is<\/td>\n<\/tr>\n<tr>\n<th>Depth Bar<\/th>\n<td>There is<\/td>\n<\/tr>\n<tr>\n<th>Drilling Capacity Steel<\/th>\n<td>10mm<\/td>\n<\/tr>\n<tr>\n<th>Drilling Capacity Wood<\/th>\n<td>25mm<\/td>\n<\/tr>\n<tr>\n<th>Drilling Capacity Concrete<\/th>\n<td>13mm<\/td>\n<\/tr>\n<tr>\n<th>Carrying Bag<\/th>\n<td>There is<\/td>\n<\/tr>\n<tr>\n<th>Right Left Turn<\/th>\n<td>There is<\/td>\n<\/tr>\n<tr>\n<th>Hammer Drilling<\/th>\n<td>There is<\/td>\n<\/tr>\n<tr>\n<th>gearbox<\/th>\n<td>There is<\/td>\n<\/tr>\n<\/tbody>\n<\/table>","protected":false},"excerpt":{"rendered":"<p>Height 11.6 cm Width 29.9 cm Depth 35.3 cm Length 18 cm Weight 1.8 kg Cable Length 2.5 Meters Power<\/p>","protected":false},"featured_media":16722,"comment_status":"open","ping_status":"closed","template":"","meta":[],"product_cat":[79],"product_tag":[],"class_list":["post-16219","product","type-product","status-publish","has-post-thumbnail","hentry","product_cat-elektrikli-el-aletleri"],"yoast_head":"<!-- This site is optimized with the Yoast SEO plugin v21.6 - https:\/\/yoast.com\/wordpress\/plugins\/seo\/ -->\n<title>BOSCH GSB13RE DARBEL\u0130 MATKAP 600W - Can Verdi Ticaret<\/title>\n<meta name=\"robots\" content=\"index, follow, max-snippet:-1, max-image-preview:large, max-video-preview:-1\" \/>\n<link rel=\"canonical\" href=\"https:\/\/canverditicaret.com\/en\/product\/bosch-gsb13re-darbeli-matkap-600w\/\" \/>\n<meta property=\"og:locale\" content=\"en_US\" \/>\n<meta property=\"og:type\" content=\"article\" \/>\n<meta property=\"og:title\" content=\"BOSCH GSB13RE DARBEL\u0130 MATKAP 600W - Can Verdi Ticaret\" \/>\n<meta property=\"og:description\" content=\"Y\u00fckseklik 11.6 cm Geni\u015flik 29.9 cm Derinlik 35.3 cm Uzunluk 18 cm A\u011f\u0131rl\u0131k 1.8 kg Kablo Uzunlu\u011fu 2.5 Metre G\u00fc\u00e7\" \/>\n<meta property=\"og:url\" content=\"https:\/\/canverditicaret.com\/en\/product\/bosch-gsb13re-darbeli-matkap-600w\/\" \/>\n<meta property=\"og:site_name\" content=\"Can Verdi Ticaret\" \/>\n<meta property=\"article:modified_time\" content=\"2025-02-16T13:06:18+00:00\" \/>\n<meta property=\"og:image\" content=\"https:\/\/canverditicaret.com\/wp-content\/uploads\/2024\/01\/1000182080.png\" \/>\n\t<meta property=\"og:image:width\" content=\"1024\" \/>\n\t<meta property=\"og:image:height\" content=\"1024\" \/>\n\t<meta property=\"og:image:type\" content=\"image\/png\" \/>\n<meta name=\"twitter:card\" content=\"summary_large_image\" \/>\n<meta name=\"twitter:label1\" content=\"Est. reading time\" \/>\n\t<meta name=\"twitter:data1\" content=\"1 minute\" \/>\n<script type=\"application\/ld+json\" class=\"yoast-schema-graph\">{\"@context\":\"https:\/\/schema.org\",\"@graph\":[{\"@type\":\"WebPage\",\"@id\":\"https:\/\/canverditicaret.com\/urun\/bosch-gsb13re-darbeli-matkap-600w\/\",\"url\":\"https:\/\/canverditicaret.com\/urun\/bosch-gsb13re-darbeli-matkap-600w\/\",\"name\":\"BOSCH GSB13RE DARBEL\u0130 MATKAP 600W - Can Verdi Ticaret\",\"isPartOf\":{\"@id\":\"https:\/\/canverditicaret.com\/#website\"},\"datePublished\":\"2024-01-27T01:28:01+00:00\",\"dateModified\":\"2025-02-16T13:06:18+00:00\",\"breadcrumb\":{\"@id\":\"https:\/\/canverditicaret.com\/urun\/bosch-gsb13re-darbeli-matkap-600w\/#breadcrumb\"},\"inLanguage\":\"en-US\",\"potentialAction\":[{\"@type\":\"ReadAction\",\"target\":[\"https:\/\/canverditicaret.com\/urun\/bosch-gsb13re-darbeli-matkap-600w\/\"]}]},{\"@type\":\"BreadcrumbList\",\"@id\":\"https:\/\/canverditicaret.com\/urun\/bosch-gsb13re-darbeli-matkap-600w\/#breadcrumb\",\"itemListElement\":[{\"@type\":\"ListItem\",\"position\":1,\"name\":\"Anasayfa\",\"item\":\"https:\/\/canverditicaret.com\/\"},{\"@type\":\"ListItem\",\"position\":2,\"name\":\"Ma\u011faza\",\"item\":\"https:\/\/canverditicaret.com\/shop\/\"},{\"@type\":\"ListItem\",\"position\":3,\"name\":\"BOSCH GSB13RE DARBEL\u0130 MATKAP 600W\"}]},{\"@type\":\"WebSite\",\"@id\":\"https:\/\/canverditicaret.com\/#website\",\"url\":\"https:\/\/canverditicaret.com\/\",\"name\":\"Can Verdi Ticaret\",\"description\":\"Can Verdi Ticaret\",\"potentialAction\":[{\"@type\":\"SearchAction\",\"target\":{\"@type\":\"EntryPoint\",\"urlTemplate\":\"https:\/\/canverditicaret.com\/?s={search_term_string}\"},\"query-input\":\"required name=search_term_string\"}],\"inLanguage\":\"en-US\"}]}<\/script>\n<!-- \/ Yoast SEO plugin. -->","yoast_head_json":{"title":"BOSCH GSB13RE DARBEL\u0130 MATKAP 600W - Can Verdi Ticaret","robots":{"index":"index","follow":"follow","max-snippet":"max-snippet:-1","max-image-preview":"max-image-preview:large","max-video-preview":"max-video-preview:-1"},"canonical":"https:\/\/canverditicaret.com\/en\/product\/bosch-gsb13re-darbeli-matkap-600w\/","og_locale":"en_US","og_type":"article","og_title":"BOSCH GSB13RE DARBEL\u0130 MATKAP 600W - Can Verdi Ticaret","og_description":"Y\u00fckseklik 11.6 cm Geni\u015flik 29.9 cm Derinlik 35.3 cm Uzunluk 18 cm A\u011f\u0131rl\u0131k 1.8 kg Kablo Uzunlu\u011fu 2.5 Metre G\u00fc\u00e7","og_url":"https:\/\/canverditicaret.com\/en\/product\/bosch-gsb13re-darbeli-matkap-600w\/","og_site_name":"Can Verdi Ticaret","article_modified_time":"2025-02-16T13:06:18+00:00","og_image":[{"width":1024,"height":1024,"url":"https:\/\/canverditicaret.com\/wp-content\/uploads\/2024\/01\/1000182080.png","type":"image\/png"}],"twitter_card":"summary_large_image","twitter_misc":{"Est. reading time":"1 minute"},"schema":{"@context":"https:\/\/schema.org","@graph":[{"@type":"WebPage","@id":"https:\/\/canverditicaret.com\/urun\/bosch-gsb13re-darbeli-matkap-600w\/","url":"https:\/\/canverditicaret.com\/urun\/bosch-gsb13re-darbeli-matkap-600w\/","name":"BOSCH GSB13RE DARBEL\u0130 MATKAP 600W - Can Verdi Ticaret","isPartOf":{"@id":"https:\/\/canverditicaret.com\/#website"},"datePublished":"2024-01-27T01:28:01+00:00","dateModified":"2025-02-16T13:06:18+00:00","breadcrumb":{"@id":"https:\/\/canverditicaret.com\/urun\/bosch-gsb13re-darbeli-matkap-600w\/#breadcrumb"},"inLanguage":"en-US","potentialAction":[{"@type":"ReadAction","target":["https:\/\/canverditicaret.com\/urun\/bosch-gsb13re-darbeli-matkap-600w\/"]}]},{"@type":"BreadcrumbList","@id":"https:\/\/canverditicaret.com\/urun\/bosch-gsb13re-darbeli-matkap-600w\/#breadcrumb","itemListElement":[{"@type":"ListItem","position":1,"name":"Anasayfa","item":"https:\/\/canverditicaret.com\/"},{"@type":"ListItem","position":2,"name":"Ma\u011faza","item":"https:\/\/canverditicaret.com\/shop\/"},{"@type":"ListItem","position":3,"name":"BOSCH GSB13RE DARBEL\u0130 MATKAP 600W"}]},{"@type":"WebSite","@id":"https:\/\/canverditicaret.com\/#website","url":"https:\/\/canverditicaret.com\/","name":"Can Verdi Ticaret","description":"Can Verdi Ticaret","potentialAction":[{"@type":"SearchAction","target":{"@type":"EntryPoint","urlTemplate":"https:\/\/canverditicaret.com\/?s={search_term_string}"},"query-input":"required name=search_term_string"}],"inLanguage":"en-US"}]}},"_links":{"self":[{"href":"https:\/\/canverditicaret.com\/en\/wp-json\/wp\/v2\/product\/16219","targetHints":{"allow":["GET"]}}],"collection":[{"href":"https:\/\/canverditicaret.com\/en\/wp-json\/wp\/v2\/product"}],"about":[{"href":"https:\/\/canverditicaret.com\/en\/wp-json\/wp\/v2\/types\/product"}],"replies":[{"embeddable":true,"href":"https:\/\/canverditicaret.com\/en\/wp-json\/wp\/v2\/comments?post=16219"}],"version-history":[{"count":1,"href":"https:\/\/canverditicaret.com\/en\/wp-json\/wp\/v2\/product\/16219\/revisions"}],"predecessor-version":[{"id":16220,"href":"https:\/\/canverditicaret.com\/en\/wp-json\/wp\/v2\/product\/16219\/revisions\/16220"}],"wp:featuredmedia":[{"embeddable":true,"href":"https:\/\/canverditicaret.com\/en\/wp-json\/wp\/v2\/media\/16722"}],"wp:attachment":[{"href":"https:\/\/canverditicaret.com\/en\/wp-json\/wp\/v2\/media?parent=16219"}],"wp:term":[{"taxonomy":"product_cat","embeddable":true,"href":"https:\/\/canverditicaret.com\/en\/wp-json\/wp\/v2\/product_cat?post=16219"},{"taxonomy":"product_tag","embeddable":true,"href":"https:\/\/canverditicaret.com\/en\/wp-json\/wp\/v2\/product_tag?post=16219"}],"curies":[{"name":"wp","href":"https:\/\/api.w.org\/{rel}","templated":true}]}}