{"id":16215,"date":"2024-01-27T04:32:11","date_gmt":"2024-01-27T01:32:11","guid":{"rendered":"https:\/\/canverditicaret.com\/?post_type=product&#038;p=16215"},"modified":"2025-02-16T16:06:19","modified_gmt":"2025-02-16T13:06:19","slug":"bosch-gsb-550-darbeli-matkap","status":"publish","type":"product","link":"https:\/\/canverditicaret.com\/en\/product\/bosch-gsb-550-darbeli-matkap\/","title":{"rendered":"BOSCH GSB 550 IMPACT DRILL"},"content":{"rendered":"<table class=\"table table-borderless table-layout-fixed table-striped table-hover bg-lg-c255 mb-0\">\n<tbody>\n<tr>\n<th>Width<\/th>\n<td>65.5cm<\/td>\n<\/tr>\n<tr>\n<th>Weight<\/th>\n<td>1.8kg<\/td>\n<\/tr>\n<tr>\n<th>Strength<\/th>\n<td>550 Watts<\/td>\n<\/tr>\n<tr>\n<th>Voltage<\/th>\n<td>550 Volts<\/td>\n<\/tr>\n<tr>\n<th>Torque Power<\/th>\n<td>1.5nm<\/td>\n<\/tr>\n<tr>\n<th>Engine Type<\/th>\n<td>Electric<\/td>\n<\/tr>\n<tr>\n<th>Overload Protection<\/th>\n<td>There is<\/td>\n<\/tr>\n<tr>\n<th>No Load Speed<\/th>\n<td>2800 rpm<\/td>\n<\/tr>\n<tr>\n<th>Hit Rate<\/th>\n<td>44,800 pulses\/min<\/td>\n<\/tr>\n<tr>\n<th>Torque<\/th>\n<td>1.5Nm<\/td>\n<\/tr>\n<tr>\n<th>Electronic Speed Adjustment<\/th>\n<td>There is<\/td>\n<\/tr>\n<tr>\n<th>chuck<\/th>\n<td>There is<\/td>\n<\/tr>\n<tr>\n<th>Chuck Type<\/th>\n<td>keyed<\/td>\n<\/tr>\n<tr>\n<th>Depth Bar<\/th>\n<td>There is<\/td>\n<\/tr>\n<tr>\n<th>Drilling Capacity Steel<\/th>\n<td>10mm<\/td>\n<\/tr>\n<tr>\n<th>Drilling Capacity Wood<\/th>\n<td>25mm<\/td>\n<\/tr>\n<tr>\n<th>Drilling Capacity Concrete<\/th>\n<td>13mm<\/td>\n<\/tr>\n<tr>\n<th>Drilling Capacity Brick<\/th>\n<td>13mm<\/td>\n<\/tr>\n<tr>\n<th>Right Left Turn<\/th>\n<td>There is<\/td>\n<\/tr>\n<\/tbody>\n<\/table>","protected":false},"excerpt":{"rendered":"<p>Width 65.5 cm Weight 1.8 kg Power 550 Watt Voltage 550 Volt Torque Power 1.5 nm Motor Type Electric Overload<\/p>","protected":false},"featured_media":16769,"comment_status":"open","ping_status":"closed","template":"","meta":[],"product_cat":[79],"product_tag":[],"class_list":["post-16215","product","type-product","status-publish","has-post-thumbnail","hentry","product_cat-elektrikli-el-aletleri"],"yoast_head":"<!-- This site is optimized with the Yoast SEO plugin v21.6 - https:\/\/yoast.com\/wordpress\/plugins\/seo\/ -->\n<title>BOSCH GSB 550 DARBEL\u0130 MATKAP - Can Verdi Ticaret<\/title>\n<meta name=\"robots\" content=\"index, follow, max-snippet:-1, max-image-preview:large, max-video-preview:-1\" \/>\n<link rel=\"canonical\" href=\"https:\/\/canverditicaret.com\/en\/product\/bosch-gsb-550-darbeli-matkap\/\" \/>\n<meta property=\"og:locale\" content=\"en_US\" \/>\n<meta property=\"og:type\" content=\"article\" \/>\n<meta property=\"og:title\" content=\"BOSCH GSB 550 DARBEL\u0130 MATKAP - Can Verdi Ticaret\" \/>\n<meta property=\"og:description\" content=\"Geni\u015flik 65.5 cm A\u011f\u0131rl\u0131k 1.8 kg G\u00fc\u00e7 550 Watt Voltaj 550 Volt Tork G\u00fcc\u00fc 1.5 nm Motor Tipi Elektrikli A\u015f\u0131r\u0131\" \/>\n<meta property=\"og:url\" content=\"https:\/\/canverditicaret.com\/en\/product\/bosch-gsb-550-darbeli-matkap\/\" \/>\n<meta property=\"og:site_name\" content=\"Can Verdi Ticaret\" \/>\n<meta property=\"article:modified_time\" content=\"2025-02-16T13:06:19+00:00\" \/>\n<meta property=\"og:image\" content=\"https:\/\/canverditicaret.com\/wp-content\/uploads\/2024\/01\/1000399479.png\" \/>\n\t<meta property=\"og:image:width\" content=\"1024\" \/>\n\t<meta property=\"og:image:height\" content=\"1024\" \/>\n\t<meta property=\"og:image:type\" content=\"image\/png\" \/>\n<meta name=\"twitter:card\" content=\"summary_large_image\" \/>\n<meta name=\"twitter:label1\" content=\"Est. reading time\" \/>\n\t<meta name=\"twitter:data1\" content=\"1 minute\" \/>\n<script type=\"application\/ld+json\" class=\"yoast-schema-graph\">{\"@context\":\"https:\/\/schema.org\",\"@graph\":[{\"@type\":\"WebPage\",\"@id\":\"https:\/\/canverditicaret.com\/urun\/bosch-gsb-550-darbeli-matkap\/\",\"url\":\"https:\/\/canverditicaret.com\/urun\/bosch-gsb-550-darbeli-matkap\/\",\"name\":\"BOSCH GSB 550 DARBEL\u0130 MATKAP - Can Verdi Ticaret\",\"isPartOf\":{\"@id\":\"https:\/\/canverditicaret.com\/#website\"},\"datePublished\":\"2024-01-27T01:32:11+00:00\",\"dateModified\":\"2025-02-16T13:06:19+00:00\",\"breadcrumb\":{\"@id\":\"https:\/\/canverditicaret.com\/urun\/bosch-gsb-550-darbeli-matkap\/#breadcrumb\"},\"inLanguage\":\"en-US\",\"potentialAction\":[{\"@type\":\"ReadAction\",\"target\":[\"https:\/\/canverditicaret.com\/urun\/bosch-gsb-550-darbeli-matkap\/\"]}]},{\"@type\":\"BreadcrumbList\",\"@id\":\"https:\/\/canverditicaret.com\/urun\/bosch-gsb-550-darbeli-matkap\/#breadcrumb\",\"itemListElement\":[{\"@type\":\"ListItem\",\"position\":1,\"name\":\"Anasayfa\",\"item\":\"https:\/\/canverditicaret.com\/\"},{\"@type\":\"ListItem\",\"position\":2,\"name\":\"Ma\u011faza\",\"item\":\"https:\/\/canverditicaret.com\/shop\/\"},{\"@type\":\"ListItem\",\"position\":3,\"name\":\"BOSCH GSB 550 DARBEL\u0130 MATKAP\"}]},{\"@type\":\"WebSite\",\"@id\":\"https:\/\/canverditicaret.com\/#website\",\"url\":\"https:\/\/canverditicaret.com\/\",\"name\":\"Can Verdi Ticaret\",\"description\":\"Can Verdi Ticaret\",\"potentialAction\":[{\"@type\":\"SearchAction\",\"target\":{\"@type\":\"EntryPoint\",\"urlTemplate\":\"https:\/\/canverditicaret.com\/?s={search_term_string}\"},\"query-input\":\"required name=search_term_string\"}],\"inLanguage\":\"en-US\"}]}<\/script>\n<!-- \/ Yoast SEO plugin. -->","yoast_head_json":{"title":"BOSCH GSB 550 DARBEL\u0130 MATKAP - Can Verdi Ticaret","robots":{"index":"index","follow":"follow","max-snippet":"max-snippet:-1","max-image-preview":"max-image-preview:large","max-video-preview":"max-video-preview:-1"},"canonical":"https:\/\/canverditicaret.com\/en\/product\/bosch-gsb-550-darbeli-matkap\/","og_locale":"en_US","og_type":"article","og_title":"BOSCH GSB 550 DARBEL\u0130 MATKAP - Can Verdi Ticaret","og_description":"Geni\u015flik 65.5 cm A\u011f\u0131rl\u0131k 1.8 kg G\u00fc\u00e7 550 Watt Voltaj 550 Volt Tork G\u00fcc\u00fc 1.5 nm Motor Tipi Elektrikli A\u015f\u0131r\u0131","og_url":"https:\/\/canverditicaret.com\/en\/product\/bosch-gsb-550-darbeli-matkap\/","og_site_name":"Can Verdi Ticaret","article_modified_time":"2025-02-16T13:06:19+00:00","og_image":[{"width":1024,"height":1024,"url":"https:\/\/canverditicaret.com\/wp-content\/uploads\/2024\/01\/1000399479.png","type":"image\/png"}],"twitter_card":"summary_large_image","twitter_misc":{"Est. reading time":"1 minute"},"schema":{"@context":"https:\/\/schema.org","@graph":[{"@type":"WebPage","@id":"https:\/\/canverditicaret.com\/urun\/bosch-gsb-550-darbeli-matkap\/","url":"https:\/\/canverditicaret.com\/urun\/bosch-gsb-550-darbeli-matkap\/","name":"BOSCH GSB 550 DARBEL\u0130 MATKAP - Can Verdi Ticaret","isPartOf":{"@id":"https:\/\/canverditicaret.com\/#website"},"datePublished":"2024-01-27T01:32:11+00:00","dateModified":"2025-02-16T13:06:19+00:00","breadcrumb":{"@id":"https:\/\/canverditicaret.com\/urun\/bosch-gsb-550-darbeli-matkap\/#breadcrumb"},"inLanguage":"en-US","potentialAction":[{"@type":"ReadAction","target":["https:\/\/canverditicaret.com\/urun\/bosch-gsb-550-darbeli-matkap\/"]}]},{"@type":"BreadcrumbList","@id":"https:\/\/canverditicaret.com\/urun\/bosch-gsb-550-darbeli-matkap\/#breadcrumb","itemListElement":[{"@type":"ListItem","position":1,"name":"Anasayfa","item":"https:\/\/canverditicaret.com\/"},{"@type":"ListItem","position":2,"name":"Ma\u011faza","item":"https:\/\/canverditicaret.com\/shop\/"},{"@type":"ListItem","position":3,"name":"BOSCH GSB 550 DARBEL\u0130 MATKAP"}]},{"@type":"WebSite","@id":"https:\/\/canverditicaret.com\/#website","url":"https:\/\/canverditicaret.com\/","name":"Can Verdi Ticaret","description":"Can Verdi Ticaret","potentialAction":[{"@type":"SearchAction","target":{"@type":"EntryPoint","urlTemplate":"https:\/\/canverditicaret.com\/?s={search_term_string}"},"query-input":"required name=search_term_string"}],"inLanguage":"en-US"}]}},"_links":{"self":[{"href":"https:\/\/canverditicaret.com\/en\/wp-json\/wp\/v2\/product\/16215","targetHints":{"allow":["GET"]}}],"collection":[{"href":"https:\/\/canverditicaret.com\/en\/wp-json\/wp\/v2\/product"}],"about":[{"href":"https:\/\/canverditicaret.com\/en\/wp-json\/wp\/v2\/types\/product"}],"replies":[{"embeddable":true,"href":"https:\/\/canverditicaret.com\/en\/wp-json\/wp\/v2\/comments?post=16215"}],"version-history":[{"count":1,"href":"https:\/\/canverditicaret.com\/en\/wp-json\/wp\/v2\/product\/16215\/revisions"}],"predecessor-version":[{"id":16216,"href":"https:\/\/canverditicaret.com\/en\/wp-json\/wp\/v2\/product\/16215\/revisions\/16216"}],"wp:featuredmedia":[{"embeddable":true,"href":"https:\/\/canverditicaret.com\/en\/wp-json\/wp\/v2\/media\/16769"}],"wp:attachment":[{"href":"https:\/\/canverditicaret.com\/en\/wp-json\/wp\/v2\/media?parent=16215"}],"wp:term":[{"taxonomy":"product_cat","embeddable":true,"href":"https:\/\/canverditicaret.com\/en\/wp-json\/wp\/v2\/product_cat?post=16215"},{"taxonomy":"product_tag","embeddable":true,"href":"https:\/\/canverditicaret.com\/en\/wp-json\/wp\/v2\/product_tag?post=16215"}],"curies":[{"name":"wp","href":"https:\/\/api.w.org\/{rel}","templated":true}]}}