{"id":16213,"date":"2024-01-27T04:45:48","date_gmt":"2024-01-27T01:45:48","guid":{"rendered":"https:\/\/canverditicaret.com\/?post_type=product&#038;p=16213"},"modified":"2025-02-16T16:06:23","modified_gmt":"2025-02-16T13:06:23","slug":"bosch-gsb-18v-90-c-solo-darb-delme-vid","status":"publish","type":"product","link":"https:\/\/canverditicaret.com\/en\/product\/bosch-gsb-18v-90-c-solo-darb-delme-vid\/","title":{"rendered":"BOSCH GSB 18V-90 C SOLO DARB DRILLING\/DRILLING"},"content":{"rendered":"<table class=\"table table-borderless table-layout-fixed table-striped table-hover bg-lg-c255 mb-0\">\n<tbody>\n<tr>\n<th>Width<\/th>\n<td>23.1cm<\/td>\n<\/tr>\n<tr>\n<th>Length<\/th>\n<td>15.1cm<\/td>\n<\/tr>\n<tr>\n<th>Height<\/th>\n<td>9.5cm<\/td>\n<\/tr>\n<tr>\n<th>Weight<\/th>\n<td>1.182kg<\/td>\n<\/tr>\n<tr>\n<th>chuck<\/th>\n<td>13mm<\/td>\n<\/tr>\n<tr>\n<th>Carrying Bag<\/th>\n<td>No<\/td>\n<\/tr>\n<tr>\n<th>Voltage<\/th>\n<td>18 Volts<\/td>\n<\/tr>\n<\/tbody>\n<\/table>","protected":false},"excerpt":{"rendered":"<p>Width 23.1 cm Length 15.1 cm Height 9.5 cm Weight 1.182 kg Chuck 13 mm Carrying Case No Voltage 18<\/p>","protected":false},"featured_media":16553,"comment_status":"open","ping_status":"closed","template":"","meta":[],"product_cat":[79],"product_tag":[],"class_list":["post-16213","product","type-product","status-publish","has-post-thumbnail","hentry","product_cat-elektrikli-el-aletleri"],"yoast_head":"<!-- This site is optimized with the Yoast SEO plugin v21.6 - https:\/\/yoast.com\/wordpress\/plugins\/seo\/ -->\n<title>BOSCH GSB 18V-90 C SOLO DARB DELME\/V\u0130D - Can Verdi Ticaret<\/title>\n<meta name=\"robots\" content=\"index, follow, max-snippet:-1, max-image-preview:large, max-video-preview:-1\" \/>\n<link rel=\"canonical\" href=\"https:\/\/canverditicaret.com\/en\/product\/bosch-gsb-18v-90-c-solo-darb-delme-vid\/\" \/>\n<meta property=\"og:locale\" content=\"en_US\" \/>\n<meta property=\"og:type\" content=\"article\" \/>\n<meta property=\"og:title\" content=\"BOSCH GSB 18V-90 C SOLO DARB DELME\/V\u0130D - Can Verdi Ticaret\" \/>\n<meta property=\"og:description\" content=\"Geni\u015flik 23.1 cm Uzunluk 15.1 cm Y\u00fckseklik 9.5 cm A\u011f\u0131rl\u0131k 1.182 kg Mandren 13 mm Ta\u015f\u0131ma \u00c7antas\u0131 Hay\u0131r Voltaj 18\" \/>\n<meta property=\"og:url\" content=\"https:\/\/canverditicaret.com\/en\/product\/bosch-gsb-18v-90-c-solo-darb-delme-vid\/\" \/>\n<meta property=\"og:site_name\" content=\"Can Verdi Ticaret\" \/>\n<meta property=\"article:modified_time\" content=\"2025-02-16T13:06:23+00:00\" \/>\n<meta property=\"og:image\" content=\"https:\/\/canverditicaret.com\/wp-content\/uploads\/2024\/01\/1000785005.png\" \/>\n\t<meta property=\"og:image:width\" content=\"1024\" \/>\n\t<meta property=\"og:image:height\" content=\"1024\" \/>\n\t<meta property=\"og:image:type\" content=\"image\/png\" \/>\n<meta name=\"twitter:card\" content=\"summary_large_image\" \/>\n<meta name=\"twitter:label1\" content=\"Est. reading time\" \/>\n\t<meta name=\"twitter:data1\" content=\"1 minute\" \/>\n<script type=\"application\/ld+json\" class=\"yoast-schema-graph\">{\"@context\":\"https:\/\/schema.org\",\"@graph\":[{\"@type\":\"WebPage\",\"@id\":\"https:\/\/canverditicaret.com\/urun\/bosch-gsb-18v-90-c-solo-darb-delme-vid\/\",\"url\":\"https:\/\/canverditicaret.com\/urun\/bosch-gsb-18v-90-c-solo-darb-delme-vid\/\",\"name\":\"BOSCH GSB 18V-90 C SOLO DARB DELME\/V\u0130D - Can Verdi Ticaret\",\"isPartOf\":{\"@id\":\"https:\/\/canverditicaret.com\/#website\"},\"datePublished\":\"2024-01-27T01:45:48+00:00\",\"dateModified\":\"2025-02-16T13:06:23+00:00\",\"breadcrumb\":{\"@id\":\"https:\/\/canverditicaret.com\/urun\/bosch-gsb-18v-90-c-solo-darb-delme-vid\/#breadcrumb\"},\"inLanguage\":\"en-US\",\"potentialAction\":[{\"@type\":\"ReadAction\",\"target\":[\"https:\/\/canverditicaret.com\/urun\/bosch-gsb-18v-90-c-solo-darb-delme-vid\/\"]}]},{\"@type\":\"BreadcrumbList\",\"@id\":\"https:\/\/canverditicaret.com\/urun\/bosch-gsb-18v-90-c-solo-darb-delme-vid\/#breadcrumb\",\"itemListElement\":[{\"@type\":\"ListItem\",\"position\":1,\"name\":\"Anasayfa\",\"item\":\"https:\/\/canverditicaret.com\/\"},{\"@type\":\"ListItem\",\"position\":2,\"name\":\"Ma\u011faza\",\"item\":\"https:\/\/canverditicaret.com\/shop\/\"},{\"@type\":\"ListItem\",\"position\":3,\"name\":\"BOSCH GSB 18V-90 C SOLO DARB DELME\/V\u0130D\"}]},{\"@type\":\"WebSite\",\"@id\":\"https:\/\/canverditicaret.com\/#website\",\"url\":\"https:\/\/canverditicaret.com\/\",\"name\":\"Can Verdi Ticaret\",\"description\":\"Can Verdi Ticaret\",\"potentialAction\":[{\"@type\":\"SearchAction\",\"target\":{\"@type\":\"EntryPoint\",\"urlTemplate\":\"https:\/\/canverditicaret.com\/?s={search_term_string}\"},\"query-input\":\"required name=search_term_string\"}],\"inLanguage\":\"en-US\"}]}<\/script>\n<!-- \/ Yoast SEO plugin. -->","yoast_head_json":{"title":"BOSCH GSB 18V-90 C SOLO DARB DELME\/V\u0130D - Can Verdi Ticaret","robots":{"index":"index","follow":"follow","max-snippet":"max-snippet:-1","max-image-preview":"max-image-preview:large","max-video-preview":"max-video-preview:-1"},"canonical":"https:\/\/canverditicaret.com\/en\/product\/bosch-gsb-18v-90-c-solo-darb-delme-vid\/","og_locale":"en_US","og_type":"article","og_title":"BOSCH GSB 18V-90 C SOLO DARB DELME\/V\u0130D - Can Verdi Ticaret","og_description":"Geni\u015flik 23.1 cm Uzunluk 15.1 cm Y\u00fckseklik 9.5 cm A\u011f\u0131rl\u0131k 1.182 kg Mandren 13 mm Ta\u015f\u0131ma \u00c7antas\u0131 Hay\u0131r Voltaj 18","og_url":"https:\/\/canverditicaret.com\/en\/product\/bosch-gsb-18v-90-c-solo-darb-delme-vid\/","og_site_name":"Can Verdi Ticaret","article_modified_time":"2025-02-16T13:06:23+00:00","og_image":[{"width":1024,"height":1024,"url":"https:\/\/canverditicaret.com\/wp-content\/uploads\/2024\/01\/1000785005.png","type":"image\/png"}],"twitter_card":"summary_large_image","twitter_misc":{"Est. reading time":"1 minute"},"schema":{"@context":"https:\/\/schema.org","@graph":[{"@type":"WebPage","@id":"https:\/\/canverditicaret.com\/urun\/bosch-gsb-18v-90-c-solo-darb-delme-vid\/","url":"https:\/\/canverditicaret.com\/urun\/bosch-gsb-18v-90-c-solo-darb-delme-vid\/","name":"BOSCH GSB 18V-90 C SOLO DARB DELME\/V\u0130D - Can Verdi Ticaret","isPartOf":{"@id":"https:\/\/canverditicaret.com\/#website"},"datePublished":"2024-01-27T01:45:48+00:00","dateModified":"2025-02-16T13:06:23+00:00","breadcrumb":{"@id":"https:\/\/canverditicaret.com\/urun\/bosch-gsb-18v-90-c-solo-darb-delme-vid\/#breadcrumb"},"inLanguage":"en-US","potentialAction":[{"@type":"ReadAction","target":["https:\/\/canverditicaret.com\/urun\/bosch-gsb-18v-90-c-solo-darb-delme-vid\/"]}]},{"@type":"BreadcrumbList","@id":"https:\/\/canverditicaret.com\/urun\/bosch-gsb-18v-90-c-solo-darb-delme-vid\/#breadcrumb","itemListElement":[{"@type":"ListItem","position":1,"name":"Anasayfa","item":"https:\/\/canverditicaret.com\/"},{"@type":"ListItem","position":2,"name":"Ma\u011faza","item":"https:\/\/canverditicaret.com\/shop\/"},{"@type":"ListItem","position":3,"name":"BOSCH GSB 18V-90 C SOLO DARB DELME\/V\u0130D"}]},{"@type":"WebSite","@id":"https:\/\/canverditicaret.com\/#website","url":"https:\/\/canverditicaret.com\/","name":"Can Verdi Ticaret","description":"Can Verdi Ticaret","potentialAction":[{"@type":"SearchAction","target":{"@type":"EntryPoint","urlTemplate":"https:\/\/canverditicaret.com\/?s={search_term_string}"},"query-input":"required name=search_term_string"}],"inLanguage":"en-US"}]}},"_links":{"self":[{"href":"https:\/\/canverditicaret.com\/en\/wp-json\/wp\/v2\/product\/16213","targetHints":{"allow":["GET"]}}],"collection":[{"href":"https:\/\/canverditicaret.com\/en\/wp-json\/wp\/v2\/product"}],"about":[{"href":"https:\/\/canverditicaret.com\/en\/wp-json\/wp\/v2\/types\/product"}],"replies":[{"embeddable":true,"href":"https:\/\/canverditicaret.com\/en\/wp-json\/wp\/v2\/comments?post=16213"}],"version-history":[{"count":1,"href":"https:\/\/canverditicaret.com\/en\/wp-json\/wp\/v2\/product\/16213\/revisions"}],"predecessor-version":[{"id":16214,"href":"https:\/\/canverditicaret.com\/en\/wp-json\/wp\/v2\/product\/16213\/revisions\/16214"}],"wp:featuredmedia":[{"embeddable":true,"href":"https:\/\/canverditicaret.com\/en\/wp-json\/wp\/v2\/media\/16553"}],"wp:attachment":[{"href":"https:\/\/canverditicaret.com\/en\/wp-json\/wp\/v2\/media?parent=16213"}],"wp:term":[{"taxonomy":"product_cat","embeddable":true,"href":"https:\/\/canverditicaret.com\/en\/wp-json\/wp\/v2\/product_cat?post=16213"},{"taxonomy":"product_tag","embeddable":true,"href":"https:\/\/canverditicaret.com\/en\/wp-json\/wp\/v2\/product_tag?post=16213"}],"curies":[{"name":"wp","href":"https:\/\/api.w.org\/{rel}","templated":true}]}}