{"id":16199,"date":"2024-01-27T03:29:55","date_gmt":"2024-01-27T00:29:55","guid":{"rendered":"https:\/\/canverditicaret.com\/?post_type=product&#038;p=16199"},"modified":"2025-02-16T16:06:12","modified_gmt":"2025-02-16T13:06:12","slug":"bosch-gsb-120li-cift-akulu-matkap","status":"publish","type":"product","link":"https:\/\/canverditicaret.com\/en\/product\/bosch-gsb-120li-cift-akulu-matkap\/","title":{"rendered":"BOSCH GSB 120LI DOUBLE CORDLESS DRILL"},"content":{"rendered":"<table class=\"table table-borderless table-layout-fixed table-striped table-hover bg-lg-c255 mb-0\">\n<tbody>\n<tr>\n<th>Flow<\/th>\n<td>2 oh<\/td>\n<\/tr>\n<tr>\n<th>Voltage<\/th>\n<td>12 Volts<\/td>\n<\/tr>\n<tr>\n<th>Width<\/th>\n<td>29.7cm<\/td>\n<\/tr>\n<tr>\n<th>Height<\/th>\n<td>9cm<\/td>\n<\/tr>\n<tr>\n<th>Depth<\/th>\n<td>32.4cm<\/td>\n<\/tr>\n<tr>\n<th>Weight<\/th>\n<td>2.5kg<\/td>\n<\/tr>\n<tr>\n<th>Model<\/th>\n<td>pulsed<\/td>\n<\/tr>\n<tr>\n<th>Power Cluster Range<\/th>\n<td>None<\/td>\n<\/tr>\n<tr>\n<th>No Load Speed<\/th>\n<td>1300rpm<\/td>\n<\/tr>\n<tr>\n<th>Drilling Capacity Steel<\/th>\n<td>6mm<\/td>\n<\/tr>\n<tr>\n<th>Drilling Capacity Wood<\/th>\n<td>19mm<\/td>\n<\/tr>\n<tr>\n<th>Drilling Capacity Concrete<\/th>\n<td>8mm<\/td>\n<\/tr>\n<tr>\n<th>Hammer Drilling<\/th>\n<td>There is<\/td>\n<\/tr>\n<tr>\n<th>Number of Batteries<\/th>\n<td>2 Pieces<\/td>\n<\/tr>\n<tr>\n<th>Carrying Bag<\/th>\n<td>There is<\/td>\n<\/tr>\n<tr>\n<th>Rubber Grip<\/th>\n<td>There is<\/td>\n<\/tr>\n<tr>\n<th>Brushless Engine<\/th>\n<td>There is<\/td>\n<\/tr>\n<tr>\n<th>With LED Light<\/th>\n<td>No<\/td>\n<\/tr>\n<tr>\n<th>Overload Protection<\/th>\n<td>There is<\/td>\n<\/tr>\n<tr>\n<th>Package Included<\/th>\n<td>Carrying Bag \/ Product<\/td>\n<\/tr>\n<tr>\n<th>Model<\/th>\n<td>Hammer Drills<\/td>\n<\/tr>\n<\/tbody>\n<\/table>","protected":false},"excerpt":{"rendered":"<p>Current 2 ah Voltage 12 Volt Width 29.7 cm Height 9 cm Depth 32.4 cm Weight 2.5 kg Model Pulsed<\/p>","protected":false},"featured_media":16273,"comment_status":"open","ping_status":"closed","template":"","meta":[],"product_cat":[79],"product_tag":[],"class_list":["post-16199","product","type-product","status-publish","has-post-thumbnail","hentry","product_cat-elektrikli-el-aletleri"],"yoast_head":"<!-- This site is optimized with the Yoast SEO plugin v21.6 - https:\/\/yoast.com\/wordpress\/plugins\/seo\/ -->\n<title>BOSCH GSB 120LI \u00c7\u0130FT AK\u00dcL\u00dc MATKAP - Can Verdi Ticaret<\/title>\n<meta name=\"robots\" content=\"index, follow, max-snippet:-1, max-image-preview:large, max-video-preview:-1\" \/>\n<link rel=\"canonical\" href=\"https:\/\/canverditicaret.com\/en\/product\/bosch-gsb-120li-cift-akulu-matkap\/\" \/>\n<meta property=\"og:locale\" content=\"en_US\" \/>\n<meta property=\"og:type\" content=\"article\" \/>\n<meta property=\"og:title\" content=\"BOSCH GSB 120LI \u00c7\u0130FT AK\u00dcL\u00dc MATKAP - Can Verdi Ticaret\" \/>\n<meta property=\"og:description\" content=\"Ak\u0131m 2 ah Voltaj 12 Volt Geni\u015flik 29.7 cm Y\u00fckseklik 9 cm Derinlik 32.4 cm A\u011f\u0131rl\u0131k 2.5 kg Modeli Darbeli\" \/>\n<meta property=\"og:url\" content=\"https:\/\/canverditicaret.com\/en\/product\/bosch-gsb-120li-cift-akulu-matkap\/\" \/>\n<meta property=\"og:site_name\" content=\"Can Verdi Ticaret\" \/>\n<meta property=\"article:modified_time\" content=\"2025-02-16T13:06:12+00:00\" \/>\n<meta property=\"og:image\" content=\"https:\/\/canverditicaret.com\/wp-content\/uploads\/2024\/01\/1000182060a.png\" \/>\n\t<meta property=\"og:image:width\" content=\"1024\" \/>\n\t<meta property=\"og:image:height\" content=\"1024\" \/>\n\t<meta property=\"og:image:type\" content=\"image\/png\" \/>\n<meta name=\"twitter:card\" content=\"summary_large_image\" \/>\n<meta name=\"twitter:label1\" content=\"Est. reading time\" \/>\n\t<meta name=\"twitter:data1\" content=\"1 minute\" \/>\n<script type=\"application\/ld+json\" class=\"yoast-schema-graph\">{\"@context\":\"https:\/\/schema.org\",\"@graph\":[{\"@type\":\"WebPage\",\"@id\":\"https:\/\/canverditicaret.com\/urun\/bosch-gsb-120li-cift-akulu-matkap\/\",\"url\":\"https:\/\/canverditicaret.com\/urun\/bosch-gsb-120li-cift-akulu-matkap\/\",\"name\":\"BOSCH GSB 120LI \u00c7\u0130FT AK\u00dcL\u00dc MATKAP - Can Verdi Ticaret\",\"isPartOf\":{\"@id\":\"https:\/\/canverditicaret.com\/#website\"},\"datePublished\":\"2024-01-27T00:29:55+00:00\",\"dateModified\":\"2025-02-16T13:06:12+00:00\",\"breadcrumb\":{\"@id\":\"https:\/\/canverditicaret.com\/urun\/bosch-gsb-120li-cift-akulu-matkap\/#breadcrumb\"},\"inLanguage\":\"en-US\",\"potentialAction\":[{\"@type\":\"ReadAction\",\"target\":[\"https:\/\/canverditicaret.com\/urun\/bosch-gsb-120li-cift-akulu-matkap\/\"]}]},{\"@type\":\"BreadcrumbList\",\"@id\":\"https:\/\/canverditicaret.com\/urun\/bosch-gsb-120li-cift-akulu-matkap\/#breadcrumb\",\"itemListElement\":[{\"@type\":\"ListItem\",\"position\":1,\"name\":\"Anasayfa\",\"item\":\"https:\/\/canverditicaret.com\/\"},{\"@type\":\"ListItem\",\"position\":2,\"name\":\"Ma\u011faza\",\"item\":\"https:\/\/canverditicaret.com\/shop\/\"},{\"@type\":\"ListItem\",\"position\":3,\"name\":\"BOSCH GSB 120LI \u00c7\u0130FT AK\u00dcL\u00dc MATKAP\"}]},{\"@type\":\"WebSite\",\"@id\":\"https:\/\/canverditicaret.com\/#website\",\"url\":\"https:\/\/canverditicaret.com\/\",\"name\":\"Can Verdi Ticaret\",\"description\":\"Can Verdi Ticaret\",\"potentialAction\":[{\"@type\":\"SearchAction\",\"target\":{\"@type\":\"EntryPoint\",\"urlTemplate\":\"https:\/\/canverditicaret.com\/?s={search_term_string}\"},\"query-input\":\"required name=search_term_string\"}],\"inLanguage\":\"en-US\"}]}<\/script>\n<!-- \/ Yoast SEO plugin. -->","yoast_head_json":{"title":"BOSCH GSB 120LI \u00c7\u0130FT AK\u00dcL\u00dc MATKAP - Can Verdi Ticaret","robots":{"index":"index","follow":"follow","max-snippet":"max-snippet:-1","max-image-preview":"max-image-preview:large","max-video-preview":"max-video-preview:-1"},"canonical":"https:\/\/canverditicaret.com\/en\/product\/bosch-gsb-120li-cift-akulu-matkap\/","og_locale":"en_US","og_type":"article","og_title":"BOSCH GSB 120LI \u00c7\u0130FT AK\u00dcL\u00dc MATKAP - Can Verdi Ticaret","og_description":"Ak\u0131m 2 ah Voltaj 12 Volt Geni\u015flik 29.7 cm Y\u00fckseklik 9 cm Derinlik 32.4 cm A\u011f\u0131rl\u0131k 2.5 kg Modeli Darbeli","og_url":"https:\/\/canverditicaret.com\/en\/product\/bosch-gsb-120li-cift-akulu-matkap\/","og_site_name":"Can Verdi Ticaret","article_modified_time":"2025-02-16T13:06:12+00:00","og_image":[{"width":1024,"height":1024,"url":"https:\/\/canverditicaret.com\/wp-content\/uploads\/2024\/01\/1000182060a.png","type":"image\/png"}],"twitter_card":"summary_large_image","twitter_misc":{"Est. reading time":"1 minute"},"schema":{"@context":"https:\/\/schema.org","@graph":[{"@type":"WebPage","@id":"https:\/\/canverditicaret.com\/urun\/bosch-gsb-120li-cift-akulu-matkap\/","url":"https:\/\/canverditicaret.com\/urun\/bosch-gsb-120li-cift-akulu-matkap\/","name":"BOSCH GSB 120LI \u00c7\u0130FT AK\u00dcL\u00dc MATKAP - Can Verdi Ticaret","isPartOf":{"@id":"https:\/\/canverditicaret.com\/#website"},"datePublished":"2024-01-27T00:29:55+00:00","dateModified":"2025-02-16T13:06:12+00:00","breadcrumb":{"@id":"https:\/\/canverditicaret.com\/urun\/bosch-gsb-120li-cift-akulu-matkap\/#breadcrumb"},"inLanguage":"en-US","potentialAction":[{"@type":"ReadAction","target":["https:\/\/canverditicaret.com\/urun\/bosch-gsb-120li-cift-akulu-matkap\/"]}]},{"@type":"BreadcrumbList","@id":"https:\/\/canverditicaret.com\/urun\/bosch-gsb-120li-cift-akulu-matkap\/#breadcrumb","itemListElement":[{"@type":"ListItem","position":1,"name":"Anasayfa","item":"https:\/\/canverditicaret.com\/"},{"@type":"ListItem","position":2,"name":"Ma\u011faza","item":"https:\/\/canverditicaret.com\/shop\/"},{"@type":"ListItem","position":3,"name":"BOSCH GSB 120LI \u00c7\u0130FT AK\u00dcL\u00dc MATKAP"}]},{"@type":"WebSite","@id":"https:\/\/canverditicaret.com\/#website","url":"https:\/\/canverditicaret.com\/","name":"Can Verdi Ticaret","description":"Can Verdi Ticaret","potentialAction":[{"@type":"SearchAction","target":{"@type":"EntryPoint","urlTemplate":"https:\/\/canverditicaret.com\/?s={search_term_string}"},"query-input":"required name=search_term_string"}],"inLanguage":"en-US"}]}},"_links":{"self":[{"href":"https:\/\/canverditicaret.com\/en\/wp-json\/wp\/v2\/product\/16199","targetHints":{"allow":["GET"]}}],"collection":[{"href":"https:\/\/canverditicaret.com\/en\/wp-json\/wp\/v2\/product"}],"about":[{"href":"https:\/\/canverditicaret.com\/en\/wp-json\/wp\/v2\/types\/product"}],"replies":[{"embeddable":true,"href":"https:\/\/canverditicaret.com\/en\/wp-json\/wp\/v2\/comments?post=16199"}],"version-history":[{"count":1,"href":"https:\/\/canverditicaret.com\/en\/wp-json\/wp\/v2\/product\/16199\/revisions"}],"predecessor-version":[{"id":16200,"href":"https:\/\/canverditicaret.com\/en\/wp-json\/wp\/v2\/product\/16199\/revisions\/16200"}],"wp:featuredmedia":[{"embeddable":true,"href":"https:\/\/canverditicaret.com\/en\/wp-json\/wp\/v2\/media\/16273"}],"wp:attachment":[{"href":"https:\/\/canverditicaret.com\/en\/wp-json\/wp\/v2\/media?parent=16199"}],"wp:term":[{"taxonomy":"product_cat","embeddable":true,"href":"https:\/\/canverditicaret.com\/en\/wp-json\/wp\/v2\/product_cat?post=16199"},{"taxonomy":"product_tag","embeddable":true,"href":"https:\/\/canverditicaret.com\/en\/wp-json\/wp\/v2\/product_tag?post=16199"}],"curies":[{"name":"wp","href":"https:\/\/api.w.org\/{rel}","templated":true}]}}