{"id":16197,"date":"2024-01-27T03:35:40","date_gmt":"2024-01-27T00:35:40","guid":{"rendered":"https:\/\/canverditicaret.com\/?post_type=product&#038;p=16197"},"modified":"2025-02-16T16:06:13","modified_gmt":"2025-02-16T13:06:13","slug":"bosch-gsb-gdx18v-baslangic-seti-komursuz","status":"publish","type":"product","link":"https:\/\/canverditicaret.com\/en\/product\/bosch-gsb-gdx18v-baslangic-seti-komursuz\/","title":{"rendered":"BOSCH GSB + GDX+18V STARTER SET WITHOUT COAL"},"content":{"rendered":"<table class=\"table table-borderless table-layout-fixed table-striped table-hover bg-lg-c255 mb-0\">\n<tbody>\n<tr>\n<th>Drilling Capacity Steel<\/th>\n<td>13mm<\/td>\n<\/tr>\n<tr>\n<th>Drilling Capacity Wood<\/th>\n<td>35mm<\/td>\n<\/tr>\n<tr>\n<th>Pulse Function<\/th>\n<td>0 \u2013 460 \/ 0 \u2013 1,800 rpm<\/td>\n<\/tr>\n<tr>\n<th>Torque<\/th>\n<td>50nm<\/td>\n<\/tr>\n<tr>\n<th>No Load Speed<\/th>\n<td>1800 rpm<\/td>\n<\/tr>\n<tr>\n<th>Pulse Min<\/th>\n<td>27000 blows\/min<\/td>\n<\/tr>\n<tr>\n<th>chuck<\/th>\n<td>10mm<\/td>\n<\/tr>\n<tr>\n<th>Chuck type<\/th>\n<td>Automatic<\/td>\n<\/tr>\n<tr>\n<th>Drilling Capacity Concrete<\/th>\n<td>13mm<\/td>\n<\/tr>\n<tr>\n<th>Drilling Capacity Brick<\/th>\n<td>13mm<\/td>\n<\/tr>\n<tr>\n<th>Battery Type<\/th>\n<td>Li-On<\/td>\n<\/tr>\n<tr>\n<th>Number of Batteries<\/th>\n<td>1 Piece<\/td>\n<\/tr>\n<tr>\n<th>Right and Left Turn<\/th>\n<td>Yes<\/td>\n<\/tr>\n<tr>\n<th>Carrying Bag<\/th>\n<td>Yes<\/td>\n<\/tr>\n<tr>\n<th>Side Handle<\/th>\n<td>There is<\/td>\n<\/tr>\n<tr>\n<th>With LED Light<\/th>\n<td>Yes<\/td>\n<\/tr>\n<tr>\n<th>Strength<\/th>\n<td>18 Watts<\/td>\n<\/tr>\n<tr>\n<th>Package Included<\/th>\n<td>180 Li Solo+gsb 18v-50li Solo+gws 180 Li Solo+ Starter Set+bag<\/td>\n<\/tr>\n<tr>\n<th>Colour<\/th>\n<td>Blue<\/td>\n<\/tr>\n<tr>\n<th>Weight<\/th>\n<td>1.6kg<\/td>\n<\/tr>\n<\/tbody>\n<\/table>","protected":false},"excerpt":{"rendered":"<p>Drilling Capacity Steel 13 mm Drilling Capacity Wood 35 mm Impact Function 0 \u2013 460 \/ 0 \u2013 1,800 rpm<\/p>","protected":false},"featured_media":16445,"comment_status":"open","ping_status":"closed","template":"","meta":[],"product_cat":[79],"product_tag":[],"class_list":["post-16197","product","type-product","status-publish","has-post-thumbnail","hentry","product_cat-elektrikli-el-aletleri"],"yoast_head":"<!-- This site is optimized with the Yoast SEO plugin v21.6 - https:\/\/yoast.com\/wordpress\/plugins\/seo\/ -->\n<title>BOSCH GSB + GDX+18V BA\u015eLANGI\u00c7 SET\u0130 K\u00d6M\u00dcRS\u00dcZ - Can Verdi Ticaret<\/title>\n<meta name=\"robots\" content=\"index, follow, max-snippet:-1, max-image-preview:large, max-video-preview:-1\" \/>\n<link rel=\"canonical\" href=\"https:\/\/canverditicaret.com\/en\/product\/bosch-gsb-gdx18v-baslangic-seti-komursuz\/\" \/>\n<meta property=\"og:locale\" content=\"en_US\" \/>\n<meta property=\"og:type\" content=\"article\" \/>\n<meta property=\"og:title\" content=\"BOSCH GSB + GDX+18V BA\u015eLANGI\u00c7 SET\u0130 K\u00d6M\u00dcRS\u00dcZ - Can Verdi Ticaret\" \/>\n<meta property=\"og:description\" content=\"Delme Kapasitesi \u00c7elik 13 mm Delme Kapasitesi Ah\u015fap 35 mm Darbe Fonksiyonu 0 \u2013 460 \/ 0 \u2013 1.800 dev\/dak\" \/>\n<meta property=\"og:url\" content=\"https:\/\/canverditicaret.com\/en\/product\/bosch-gsb-gdx18v-baslangic-seti-komursuz\/\" \/>\n<meta property=\"og:site_name\" content=\"Can Verdi Ticaret\" \/>\n<meta property=\"article:modified_time\" content=\"2025-02-16T13:06:13+00:00\" \/>\n<meta property=\"og:image\" content=\"https:\/\/canverditicaret.com\/wp-content\/uploads\/2024\/01\/1000434553.png\" \/>\n\t<meta property=\"og:image:width\" content=\"1024\" \/>\n\t<meta property=\"og:image:height\" content=\"1024\" \/>\n\t<meta property=\"og:image:type\" content=\"image\/png\" \/>\n<meta name=\"twitter:card\" content=\"summary_large_image\" \/>\n<meta name=\"twitter:label1\" content=\"Est. reading time\" \/>\n\t<meta name=\"twitter:data1\" content=\"1 minute\" \/>\n<script type=\"application\/ld+json\" class=\"yoast-schema-graph\">{\"@context\":\"https:\/\/schema.org\",\"@graph\":[{\"@type\":\"WebPage\",\"@id\":\"https:\/\/canverditicaret.com\/urun\/bosch-gsb-gdx18v-baslangic-seti-komursuz\/\",\"url\":\"https:\/\/canverditicaret.com\/urun\/bosch-gsb-gdx18v-baslangic-seti-komursuz\/\",\"name\":\"BOSCH GSB + GDX+18V BA\u015eLANGI\u00c7 SET\u0130 K\u00d6M\u00dcRS\u00dcZ - Can Verdi Ticaret\",\"isPartOf\":{\"@id\":\"https:\/\/canverditicaret.com\/#website\"},\"datePublished\":\"2024-01-27T00:35:40+00:00\",\"dateModified\":\"2025-02-16T13:06:13+00:00\",\"breadcrumb\":{\"@id\":\"https:\/\/canverditicaret.com\/urun\/bosch-gsb-gdx18v-baslangic-seti-komursuz\/#breadcrumb\"},\"inLanguage\":\"en-US\",\"potentialAction\":[{\"@type\":\"ReadAction\",\"target\":[\"https:\/\/canverditicaret.com\/urun\/bosch-gsb-gdx18v-baslangic-seti-komursuz\/\"]}]},{\"@type\":\"BreadcrumbList\",\"@id\":\"https:\/\/canverditicaret.com\/urun\/bosch-gsb-gdx18v-baslangic-seti-komursuz\/#breadcrumb\",\"itemListElement\":[{\"@type\":\"ListItem\",\"position\":1,\"name\":\"Anasayfa\",\"item\":\"https:\/\/canverditicaret.com\/\"},{\"@type\":\"ListItem\",\"position\":2,\"name\":\"Ma\u011faza\",\"item\":\"https:\/\/canverditicaret.com\/shop\/\"},{\"@type\":\"ListItem\",\"position\":3,\"name\":\"BOSCH GSB + GDX+18V BA\u015eLANGI\u00c7 SET\u0130 K\u00d6M\u00dcRS\u00dcZ\"}]},{\"@type\":\"WebSite\",\"@id\":\"https:\/\/canverditicaret.com\/#website\",\"url\":\"https:\/\/canverditicaret.com\/\",\"name\":\"Can Verdi Ticaret\",\"description\":\"Can Verdi Ticaret\",\"potentialAction\":[{\"@type\":\"SearchAction\",\"target\":{\"@type\":\"EntryPoint\",\"urlTemplate\":\"https:\/\/canverditicaret.com\/?s={search_term_string}\"},\"query-input\":\"required name=search_term_string\"}],\"inLanguage\":\"en-US\"}]}<\/script>\n<!-- \/ Yoast SEO plugin. -->","yoast_head_json":{"title":"BOSCH GSB + GDX+18V BA\u015eLANGI\u00c7 SET\u0130 K\u00d6M\u00dcRS\u00dcZ - Can Verdi Ticaret","robots":{"index":"index","follow":"follow","max-snippet":"max-snippet:-1","max-image-preview":"max-image-preview:large","max-video-preview":"max-video-preview:-1"},"canonical":"https:\/\/canverditicaret.com\/en\/product\/bosch-gsb-gdx18v-baslangic-seti-komursuz\/","og_locale":"en_US","og_type":"article","og_title":"BOSCH GSB + GDX+18V BA\u015eLANGI\u00c7 SET\u0130 K\u00d6M\u00dcRS\u00dcZ - Can Verdi Ticaret","og_description":"Delme Kapasitesi \u00c7elik 13 mm Delme Kapasitesi Ah\u015fap 35 mm Darbe Fonksiyonu 0 \u2013 460 \/ 0 \u2013 1.800 dev\/dak","og_url":"https:\/\/canverditicaret.com\/en\/product\/bosch-gsb-gdx18v-baslangic-seti-komursuz\/","og_site_name":"Can Verdi Ticaret","article_modified_time":"2025-02-16T13:06:13+00:00","og_image":[{"width":1024,"height":1024,"url":"https:\/\/canverditicaret.com\/wp-content\/uploads\/2024\/01\/1000434553.png","type":"image\/png"}],"twitter_card":"summary_large_image","twitter_misc":{"Est. reading time":"1 minute"},"schema":{"@context":"https:\/\/schema.org","@graph":[{"@type":"WebPage","@id":"https:\/\/canverditicaret.com\/urun\/bosch-gsb-gdx18v-baslangic-seti-komursuz\/","url":"https:\/\/canverditicaret.com\/urun\/bosch-gsb-gdx18v-baslangic-seti-komursuz\/","name":"BOSCH GSB + GDX+18V BA\u015eLANGI\u00c7 SET\u0130 K\u00d6M\u00dcRS\u00dcZ - Can Verdi Ticaret","isPartOf":{"@id":"https:\/\/canverditicaret.com\/#website"},"datePublished":"2024-01-27T00:35:40+00:00","dateModified":"2025-02-16T13:06:13+00:00","breadcrumb":{"@id":"https:\/\/canverditicaret.com\/urun\/bosch-gsb-gdx18v-baslangic-seti-komursuz\/#breadcrumb"},"inLanguage":"en-US","potentialAction":[{"@type":"ReadAction","target":["https:\/\/canverditicaret.com\/urun\/bosch-gsb-gdx18v-baslangic-seti-komursuz\/"]}]},{"@type":"BreadcrumbList","@id":"https:\/\/canverditicaret.com\/urun\/bosch-gsb-gdx18v-baslangic-seti-komursuz\/#breadcrumb","itemListElement":[{"@type":"ListItem","position":1,"name":"Anasayfa","item":"https:\/\/canverditicaret.com\/"},{"@type":"ListItem","position":2,"name":"Ma\u011faza","item":"https:\/\/canverditicaret.com\/shop\/"},{"@type":"ListItem","position":3,"name":"BOSCH GSB + GDX+18V BA\u015eLANGI\u00c7 SET\u0130 K\u00d6M\u00dcRS\u00dcZ"}]},{"@type":"WebSite","@id":"https:\/\/canverditicaret.com\/#website","url":"https:\/\/canverditicaret.com\/","name":"Can Verdi Ticaret","description":"Can Verdi Ticaret","potentialAction":[{"@type":"SearchAction","target":{"@type":"EntryPoint","urlTemplate":"https:\/\/canverditicaret.com\/?s={search_term_string}"},"query-input":"required name=search_term_string"}],"inLanguage":"en-US"}]}},"_links":{"self":[{"href":"https:\/\/canverditicaret.com\/en\/wp-json\/wp\/v2\/product\/16197","targetHints":{"allow":["GET"]}}],"collection":[{"href":"https:\/\/canverditicaret.com\/en\/wp-json\/wp\/v2\/product"}],"about":[{"href":"https:\/\/canverditicaret.com\/en\/wp-json\/wp\/v2\/types\/product"}],"replies":[{"embeddable":true,"href":"https:\/\/canverditicaret.com\/en\/wp-json\/wp\/v2\/comments?post=16197"}],"version-history":[{"count":1,"href":"https:\/\/canverditicaret.com\/en\/wp-json\/wp\/v2\/product\/16197\/revisions"}],"predecessor-version":[{"id":16198,"href":"https:\/\/canverditicaret.com\/en\/wp-json\/wp\/v2\/product\/16197\/revisions\/16198"}],"wp:featuredmedia":[{"embeddable":true,"href":"https:\/\/canverditicaret.com\/en\/wp-json\/wp\/v2\/media\/16445"}],"wp:attachment":[{"href":"https:\/\/canverditicaret.com\/en\/wp-json\/wp\/v2\/media?parent=16197"}],"wp:term":[{"taxonomy":"product_cat","embeddable":true,"href":"https:\/\/canverditicaret.com\/en\/wp-json\/wp\/v2\/product_cat?post=16197"},{"taxonomy":"product_tag","embeddable":true,"href":"https:\/\/canverditicaret.com\/en\/wp-json\/wp\/v2\/product_tag?post=16197"}],"curies":[{"name":"wp","href":"https:\/\/api.w.org\/{rel}","templated":true}]}}