{"id":16185,"date":"2024-01-27T03:52:27","date_gmt":"2024-01-27T00:52:27","guid":{"rendered":"https:\/\/canverditicaret.com\/?post_type=product&#038;p=16185"},"modified":"2025-02-16T16:06:15","modified_gmt":"2025-02-16T13:06:15","slug":"bosch-gof-130-freze","status":"publish","type":"product","link":"https:\/\/canverditicaret.com\/en\/product\/bosch-gof-130-freze\/","title":{"rendered":"BOSCH GOF 130 MILLING"},"content":{"rendered":"<table class=\"table table-borderless table-layout-fixed table-striped table-hover bg-lg-c255 mb-0\">\n<tbody>\n<tr>\n<th>Width<\/th>\n<td>15.2cm<\/td>\n<\/tr>\n<tr>\n<th>Height<\/th>\n<td>27.7cm<\/td>\n<\/tr>\n<tr>\n<th>Depth<\/th>\n<td>27.2cm<\/td>\n<\/tr>\n<tr>\n<th>Weight<\/th>\n<td>3.72kg<\/td>\n<\/tr>\n<tr>\n<th>Engine Type<\/th>\n<td>Electric<\/td>\n<\/tr>\n<tr>\n<th>Variable Speed<\/th>\n<td>No<\/td>\n<\/tr>\n<tr>\n<th>Depth Adjustment<\/th>\n<td>No<\/td>\n<\/tr>\n<tr>\n<th>Angle Adjustment<\/th>\n<td>No<\/td>\n<\/tr>\n<tr>\n<th>Height Adjustment<\/th>\n<td>No<\/td>\n<\/tr>\n<tr>\n<th>Model<\/th>\n<td>Mini Milling<\/td>\n<\/tr>\n<tr>\n<th>Usage Surface<\/th>\n<td>Wood<\/td>\n<\/tr>\n<tr>\n<th>No Load Speed<\/th>\n<td>28000 rpm<\/td>\n<\/tr>\n<tr>\n<th>Diving Depth<\/th>\n<td>6mm<\/td>\n<\/tr>\n<tr>\n<th>Dust Extraction<\/th>\n<td>Yes<\/td>\n<\/tr>\n<tr>\n<th>Locking Shaft<\/th>\n<td>No<\/td>\n<\/tr>\n<tr>\n<th>Carrying Bag<\/th>\n<td>No<\/td>\n<\/tr>\n<tr>\n<th>Strength<\/th>\n<td>1300 Watts<\/td>\n<\/tr>\n<\/tbody>\n<\/table>","protected":false},"excerpt":{"rendered":"<p>Width 15.2 cm Height 27.7 cm Depth 27.2 cm Weight 3.72 kg Motor Type Electric Variable Speed No Depth Adjustment<\/p>","protected":false},"featured_media":16492,"comment_status":"open","ping_status":"closed","template":"","meta":[],"product_cat":[79],"product_tag":[],"class_list":["post-16185","product","type-product","status-publish","has-post-thumbnail","hentry","product_cat-elektrikli-el-aletleri"],"yoast_head":"<!-- This site is optimized with the Yoast SEO plugin v21.6 - https:\/\/yoast.com\/wordpress\/plugins\/seo\/ -->\n<title>BOSCH GOF 130 FREZE - Can Verdi Ticaret<\/title>\n<meta name=\"robots\" content=\"index, follow, max-snippet:-1, max-image-preview:large, max-video-preview:-1\" \/>\n<link rel=\"canonical\" href=\"https:\/\/canverditicaret.com\/en\/product\/bosch-gof-130-freze\/\" \/>\n<meta property=\"og:locale\" content=\"en_US\" \/>\n<meta property=\"og:type\" content=\"article\" \/>\n<meta property=\"og:title\" content=\"BOSCH GOF 130 FREZE - Can Verdi Ticaret\" \/>\n<meta property=\"og:description\" content=\"Geni\u015flik 15.2 cm Y\u00fckseklik 27.7 cm Derinlik 27.2 cm A\u011f\u0131rl\u0131k 3.72 kg Motor Tipi Elektrikli De\u011fi\u015fken H\u0131z Hay\u0131r Derinlik Ayar\u0131\" \/>\n<meta property=\"og:url\" content=\"https:\/\/canverditicaret.com\/en\/product\/bosch-gof-130-freze\/\" \/>\n<meta property=\"og:site_name\" content=\"Can Verdi Ticaret\" \/>\n<meta property=\"article:modified_time\" content=\"2025-02-16T13:06:15+00:00\" \/>\n<meta property=\"og:image\" content=\"https:\/\/canverditicaret.com\/wp-content\/uploads\/2024\/01\/1000594317.png\" \/>\n\t<meta property=\"og:image:width\" content=\"1024\" \/>\n\t<meta property=\"og:image:height\" content=\"1024\" \/>\n\t<meta property=\"og:image:type\" content=\"image\/png\" \/>\n<meta name=\"twitter:card\" content=\"summary_large_image\" \/>\n<meta name=\"twitter:label1\" content=\"Est. reading time\" \/>\n\t<meta name=\"twitter:data1\" content=\"1 minute\" \/>\n<script type=\"application\/ld+json\" class=\"yoast-schema-graph\">{\"@context\":\"https:\/\/schema.org\",\"@graph\":[{\"@type\":\"WebPage\",\"@id\":\"https:\/\/canverditicaret.com\/urun\/bosch-gof-130-freze\/\",\"url\":\"https:\/\/canverditicaret.com\/urun\/bosch-gof-130-freze\/\",\"name\":\"BOSCH GOF 130 FREZE - Can Verdi Ticaret\",\"isPartOf\":{\"@id\":\"https:\/\/canverditicaret.com\/#website\"},\"datePublished\":\"2024-01-27T00:52:27+00:00\",\"dateModified\":\"2025-02-16T13:06:15+00:00\",\"breadcrumb\":{\"@id\":\"https:\/\/canverditicaret.com\/urun\/bosch-gof-130-freze\/#breadcrumb\"},\"inLanguage\":\"en-US\",\"potentialAction\":[{\"@type\":\"ReadAction\",\"target\":[\"https:\/\/canverditicaret.com\/urun\/bosch-gof-130-freze\/\"]}]},{\"@type\":\"BreadcrumbList\",\"@id\":\"https:\/\/canverditicaret.com\/urun\/bosch-gof-130-freze\/#breadcrumb\",\"itemListElement\":[{\"@type\":\"ListItem\",\"position\":1,\"name\":\"Anasayfa\",\"item\":\"https:\/\/canverditicaret.com\/\"},{\"@type\":\"ListItem\",\"position\":2,\"name\":\"Ma\u011faza\",\"item\":\"https:\/\/canverditicaret.com\/shop\/\"},{\"@type\":\"ListItem\",\"position\":3,\"name\":\"BOSCH GOF 130 FREZE\"}]},{\"@type\":\"WebSite\",\"@id\":\"https:\/\/canverditicaret.com\/#website\",\"url\":\"https:\/\/canverditicaret.com\/\",\"name\":\"Can Verdi Ticaret\",\"description\":\"Can Verdi Ticaret\",\"potentialAction\":[{\"@type\":\"SearchAction\",\"target\":{\"@type\":\"EntryPoint\",\"urlTemplate\":\"https:\/\/canverditicaret.com\/?s={search_term_string}\"},\"query-input\":\"required name=search_term_string\"}],\"inLanguage\":\"en-US\"}]}<\/script>\n<!-- \/ Yoast SEO plugin. -->","yoast_head_json":{"title":"BOSCH GOF 130 FREZE - Can Verdi Ticaret","robots":{"index":"index","follow":"follow","max-snippet":"max-snippet:-1","max-image-preview":"max-image-preview:large","max-video-preview":"max-video-preview:-1"},"canonical":"https:\/\/canverditicaret.com\/en\/product\/bosch-gof-130-freze\/","og_locale":"en_US","og_type":"article","og_title":"BOSCH GOF 130 FREZE - Can Verdi Ticaret","og_description":"Geni\u015flik 15.2 cm Y\u00fckseklik 27.7 cm Derinlik 27.2 cm A\u011f\u0131rl\u0131k 3.72 kg Motor Tipi Elektrikli De\u011fi\u015fken H\u0131z Hay\u0131r Derinlik Ayar\u0131","og_url":"https:\/\/canverditicaret.com\/en\/product\/bosch-gof-130-freze\/","og_site_name":"Can Verdi Ticaret","article_modified_time":"2025-02-16T13:06:15+00:00","og_image":[{"width":1024,"height":1024,"url":"https:\/\/canverditicaret.com\/wp-content\/uploads\/2024\/01\/1000594317.png","type":"image\/png"}],"twitter_card":"summary_large_image","twitter_misc":{"Est. reading time":"1 minute"},"schema":{"@context":"https:\/\/schema.org","@graph":[{"@type":"WebPage","@id":"https:\/\/canverditicaret.com\/urun\/bosch-gof-130-freze\/","url":"https:\/\/canverditicaret.com\/urun\/bosch-gof-130-freze\/","name":"BOSCH GOF 130 FREZE - Can Verdi Ticaret","isPartOf":{"@id":"https:\/\/canverditicaret.com\/#website"},"datePublished":"2024-01-27T00:52:27+00:00","dateModified":"2025-02-16T13:06:15+00:00","breadcrumb":{"@id":"https:\/\/canverditicaret.com\/urun\/bosch-gof-130-freze\/#breadcrumb"},"inLanguage":"en-US","potentialAction":[{"@type":"ReadAction","target":["https:\/\/canverditicaret.com\/urun\/bosch-gof-130-freze\/"]}]},{"@type":"BreadcrumbList","@id":"https:\/\/canverditicaret.com\/urun\/bosch-gof-130-freze\/#breadcrumb","itemListElement":[{"@type":"ListItem","position":1,"name":"Anasayfa","item":"https:\/\/canverditicaret.com\/"},{"@type":"ListItem","position":2,"name":"Ma\u011faza","item":"https:\/\/canverditicaret.com\/shop\/"},{"@type":"ListItem","position":3,"name":"BOSCH GOF 130 FREZE"}]},{"@type":"WebSite","@id":"https:\/\/canverditicaret.com\/#website","url":"https:\/\/canverditicaret.com\/","name":"Can Verdi Ticaret","description":"Can Verdi Ticaret","potentialAction":[{"@type":"SearchAction","target":{"@type":"EntryPoint","urlTemplate":"https:\/\/canverditicaret.com\/?s={search_term_string}"},"query-input":"required name=search_term_string"}],"inLanguage":"en-US"}]}},"_links":{"self":[{"href":"https:\/\/canverditicaret.com\/en\/wp-json\/wp\/v2\/product\/16185","targetHints":{"allow":["GET"]}}],"collection":[{"href":"https:\/\/canverditicaret.com\/en\/wp-json\/wp\/v2\/product"}],"about":[{"href":"https:\/\/canverditicaret.com\/en\/wp-json\/wp\/v2\/types\/product"}],"replies":[{"embeddable":true,"href":"https:\/\/canverditicaret.com\/en\/wp-json\/wp\/v2\/comments?post=16185"}],"version-history":[{"count":1,"href":"https:\/\/canverditicaret.com\/en\/wp-json\/wp\/v2\/product\/16185\/revisions"}],"predecessor-version":[{"id":16186,"href":"https:\/\/canverditicaret.com\/en\/wp-json\/wp\/v2\/product\/16185\/revisions\/16186"}],"wp:featuredmedia":[{"embeddable":true,"href":"https:\/\/canverditicaret.com\/en\/wp-json\/wp\/v2\/media\/16492"}],"wp:attachment":[{"href":"https:\/\/canverditicaret.com\/en\/wp-json\/wp\/v2\/media?parent=16185"}],"wp:term":[{"taxonomy":"product_cat","embeddable":true,"href":"https:\/\/canverditicaret.com\/en\/wp-json\/wp\/v2\/product_cat?post=16185"},{"taxonomy":"product_tag","embeddable":true,"href":"https:\/\/canverditicaret.com\/en\/wp-json\/wp\/v2\/product_tag?post=16185"}],"curies":[{"name":"wp","href":"https:\/\/api.w.org\/{rel}","templated":true}]}}