{"id":16181,"date":"2024-01-27T03:52:11","date_gmt":"2024-01-27T00:52:11","guid":{"rendered":"https:\/\/canverditicaret.com\/?post_type=product&#038;p=16181"},"modified":"2025-02-16T16:06:15","modified_gmt":"2025-02-16T13:06:15","slug":"bosch-glm-40-lazermetre","status":"publish","type":"product","link":"https:\/\/canverditicaret.com\/en\/product\/bosch-glm-40-lazermetre\/","title":{"rendered":"BOSCH GLM 40 LASERMETER"},"content":{"rendered":"<table class=\"table table-borderless table-layout-fixed table-striped table-hover bg-lg-c255 mb-0\">\n<tbody>\n<tr>\n<th>Height<\/th>\n<td>15.9cm<\/td>\n<\/tr>\n<tr>\n<th>Width<\/th>\n<td>6.5cm<\/td>\n<\/tr>\n<tr>\n<th>Depth<\/th>\n<td>12.6cm<\/td>\n<\/tr>\n<tr>\n<th>Weight<\/th>\n<td>7kg<\/td>\n<\/tr>\n<tr>\n<th>Operating Range<\/th>\n<td>0.15-40 Meters<\/td>\n<\/tr>\n<tr>\n<th>Laser Diode<\/th>\n<td>635 Nm, &lt; 1 mw<\/td>\n<\/tr>\n<tr>\n<th>Laser Class<\/th>\n<td>2<\/td>\n<\/tr>\n<tr>\n<th>Measuring Time<\/th>\n<td>5 sec<\/td>\n<\/tr>\n<tr>\n<th>Measurement Accuracy<\/th>\n<td>\u00b11.5mm<\/td>\n<\/tr>\n<tr>\n<th>Units of Measurement<\/th>\n<td>m<\/td>\n<\/tr>\n<tr>\n<th>Magnification<\/th>\n<td>None<\/td>\n<\/tr>\n<tr>\n<th>Field of view<\/th>\n<td>40m<\/td>\n<\/tr>\n<tr>\n<th>Water Resistance<\/th>\n<td>No<\/td>\n<\/tr>\n<tr>\n<th>Standard Deviation<\/th>\n<td>\u00b11.5mm<\/td>\n<\/tr>\n<tr>\n<th>Shortest Focus<\/th>\n<td>None<\/td>\n<\/tr>\n<tr>\n<th>Self-Levelling Time Type<\/th>\n<td>None<\/td>\n<\/tr>\n<tr>\n<th>Battery<\/th>\n<td>2 x 1.5-V-LR03 (AAA)<\/td>\n<\/tr>\n<tr>\n<th>Angular Sensitivity<\/th>\n<td>\u00b11mm\/m<\/td>\n<\/tr>\n<tr>\n<th>Pendulum<\/th>\n<td>None<\/td>\n<\/tr>\n<tr>\n<th>Pendulum Lock<\/th>\n<td>None<\/td>\n<\/tr>\n<tr>\n<th>Laser Beams<\/th>\n<td>Red<\/td>\n<\/tr>\n<tr>\n<th>Operating Range Without Receiver<\/th>\n<td>0.15 \u2013 40m<\/td>\n<\/tr>\n<tr>\n<th>Fixing<\/th>\n<td>None<\/td>\n<\/tr>\n<tr>\n<th>Working Range with Target Board<\/th>\n<td>None<\/td>\n<\/tr>\n<tr>\n<th>Automatic<\/th>\n<td>None<\/td>\n<\/tr>\n<tr>\n<th>Dust And Spray Water Protection<\/th>\n<td>IP54<\/td>\n<\/tr>\n<tr>\n<th>Working Time Maximum 2<\/th>\n<td>4 hours<\/td>\n<\/tr>\n<tr>\n<th>Carrying Bag<\/th>\n<td>Yes<\/td>\n<\/tr>\n<tr>\n<th>Optical Zoom<\/th>\n<td>None<\/td>\n<\/tr>\n<tr>\n<th>Standing Height<\/th>\n<td>1cm<\/td>\n<\/tr>\n<tr>\n<th>with camera<\/th>\n<td>No<\/td>\n<\/tr>\n<tr>\n<th>Water Terzili<\/th>\n<td>No<\/td>\n<\/tr>\n<tr>\n<th>Mini<\/th>\n<td>No<\/td>\n<\/tr>\n<tr>\n<th>Purpose of usage<\/th>\n<td>Soil<\/td>\n<\/tr>\n<tr>\n<th>3D<\/th>\n<td>No<\/td>\n<\/tr>\n<tr>\n<th>Package Included<\/th>\n<td>1<\/td>\n<\/tr>\n<\/tbody>\n<\/table>","protected":false},"excerpt":{"rendered":"<p>Height 15.9 cm Width 6.5 cm Depth 12.6 cm Weight 7 kg Working Range 0.15-40 Meters Laser Diode 635 Nm,<\/p>","protected":false},"featured_media":16494,"comment_status":"open","ping_status":"closed","template":"","meta":[],"product_cat":[79],"product_tag":[],"class_list":["post-16181","product","type-product","status-publish","has-post-thumbnail","hentry","product_cat-elektrikli-el-aletleri"],"yoast_head":"<!-- This site is optimized with the Yoast SEO plugin v21.6 - https:\/\/yoast.com\/wordpress\/plugins\/seo\/ -->\n<title>BOSCH GLM 40 LAZERMETRE - Can Verdi Ticaret<\/title>\n<meta name=\"robots\" content=\"index, follow, max-snippet:-1, max-image-preview:large, max-video-preview:-1\" \/>\n<link rel=\"canonical\" href=\"https:\/\/canverditicaret.com\/en\/product\/bosch-glm-40-lazermetre\/\" \/>\n<meta property=\"og:locale\" content=\"en_US\" \/>\n<meta property=\"og:type\" content=\"article\" \/>\n<meta property=\"og:title\" content=\"BOSCH GLM 40 LAZERMETRE - Can Verdi Ticaret\" \/>\n<meta property=\"og:description\" content=\"Y\u00fckseklik 15.9 cm Geni\u015flik 6.5 cm Derinlik 12.6 cm A\u011f\u0131rl\u0131k 7 kg \u00c7al\u0131\u015fma Aral\u0131\u011f\u0131 0.15-40 Metre Lazer Diyodu 635 Nm,\" \/>\n<meta property=\"og:url\" content=\"https:\/\/canverditicaret.com\/en\/product\/bosch-glm-40-lazermetre\/\" \/>\n<meta property=\"og:site_name\" content=\"Can Verdi Ticaret\" \/>\n<meta property=\"article:modified_time\" content=\"2025-02-16T13:06:15+00:00\" \/>\n<meta property=\"og:image\" content=\"https:\/\/canverditicaret.com\/wp-content\/uploads\/2024\/01\/1000605487.png\" \/>\n\t<meta property=\"og:image:width\" content=\"1024\" \/>\n\t<meta property=\"og:image:height\" content=\"1024\" \/>\n\t<meta property=\"og:image:type\" content=\"image\/png\" \/>\n<meta name=\"twitter:card\" content=\"summary_large_image\" \/>\n<meta name=\"twitter:label1\" content=\"Est. reading time\" \/>\n\t<meta name=\"twitter:data1\" content=\"1 minute\" \/>\n<script type=\"application\/ld+json\" class=\"yoast-schema-graph\">{\"@context\":\"https:\/\/schema.org\",\"@graph\":[{\"@type\":\"WebPage\",\"@id\":\"https:\/\/canverditicaret.com\/urun\/bosch-glm-40-lazermetre\/\",\"url\":\"https:\/\/canverditicaret.com\/urun\/bosch-glm-40-lazermetre\/\",\"name\":\"BOSCH GLM 40 LAZERMETRE - Can Verdi Ticaret\",\"isPartOf\":{\"@id\":\"https:\/\/canverditicaret.com\/#website\"},\"datePublished\":\"2024-01-27T00:52:11+00:00\",\"dateModified\":\"2025-02-16T13:06:15+00:00\",\"breadcrumb\":{\"@id\":\"https:\/\/canverditicaret.com\/urun\/bosch-glm-40-lazermetre\/#breadcrumb\"},\"inLanguage\":\"en-US\",\"potentialAction\":[{\"@type\":\"ReadAction\",\"target\":[\"https:\/\/canverditicaret.com\/urun\/bosch-glm-40-lazermetre\/\"]}]},{\"@type\":\"BreadcrumbList\",\"@id\":\"https:\/\/canverditicaret.com\/urun\/bosch-glm-40-lazermetre\/#breadcrumb\",\"itemListElement\":[{\"@type\":\"ListItem\",\"position\":1,\"name\":\"Anasayfa\",\"item\":\"https:\/\/canverditicaret.com\/\"},{\"@type\":\"ListItem\",\"position\":2,\"name\":\"Ma\u011faza\",\"item\":\"https:\/\/canverditicaret.com\/shop\/\"},{\"@type\":\"ListItem\",\"position\":3,\"name\":\"BOSCH GLM 40 LAZERMETRE\"}]},{\"@type\":\"WebSite\",\"@id\":\"https:\/\/canverditicaret.com\/#website\",\"url\":\"https:\/\/canverditicaret.com\/\",\"name\":\"Can Verdi Ticaret\",\"description\":\"Can Verdi Ticaret\",\"potentialAction\":[{\"@type\":\"SearchAction\",\"target\":{\"@type\":\"EntryPoint\",\"urlTemplate\":\"https:\/\/canverditicaret.com\/?s={search_term_string}\"},\"query-input\":\"required name=search_term_string\"}],\"inLanguage\":\"en-US\"}]}<\/script>\n<!-- \/ Yoast SEO plugin. -->","yoast_head_json":{"title":"BOSCH GLM 40 LAZERMETRE - Can Verdi Ticaret","robots":{"index":"index","follow":"follow","max-snippet":"max-snippet:-1","max-image-preview":"max-image-preview:large","max-video-preview":"max-video-preview:-1"},"canonical":"https:\/\/canverditicaret.com\/en\/product\/bosch-glm-40-lazermetre\/","og_locale":"en_US","og_type":"article","og_title":"BOSCH GLM 40 LAZERMETRE - Can Verdi Ticaret","og_description":"Y\u00fckseklik 15.9 cm Geni\u015flik 6.5 cm Derinlik 12.6 cm A\u011f\u0131rl\u0131k 7 kg \u00c7al\u0131\u015fma Aral\u0131\u011f\u0131 0.15-40 Metre Lazer Diyodu 635 Nm,","og_url":"https:\/\/canverditicaret.com\/en\/product\/bosch-glm-40-lazermetre\/","og_site_name":"Can Verdi Ticaret","article_modified_time":"2025-02-16T13:06:15+00:00","og_image":[{"width":1024,"height":1024,"url":"https:\/\/canverditicaret.com\/wp-content\/uploads\/2024\/01\/1000605487.png","type":"image\/png"}],"twitter_card":"summary_large_image","twitter_misc":{"Est. reading time":"1 minute"},"schema":{"@context":"https:\/\/schema.org","@graph":[{"@type":"WebPage","@id":"https:\/\/canverditicaret.com\/urun\/bosch-glm-40-lazermetre\/","url":"https:\/\/canverditicaret.com\/urun\/bosch-glm-40-lazermetre\/","name":"BOSCH GLM 40 LAZERMETRE - Can Verdi Ticaret","isPartOf":{"@id":"https:\/\/canverditicaret.com\/#website"},"datePublished":"2024-01-27T00:52:11+00:00","dateModified":"2025-02-16T13:06:15+00:00","breadcrumb":{"@id":"https:\/\/canverditicaret.com\/urun\/bosch-glm-40-lazermetre\/#breadcrumb"},"inLanguage":"en-US","potentialAction":[{"@type":"ReadAction","target":["https:\/\/canverditicaret.com\/urun\/bosch-glm-40-lazermetre\/"]}]},{"@type":"BreadcrumbList","@id":"https:\/\/canverditicaret.com\/urun\/bosch-glm-40-lazermetre\/#breadcrumb","itemListElement":[{"@type":"ListItem","position":1,"name":"Anasayfa","item":"https:\/\/canverditicaret.com\/"},{"@type":"ListItem","position":2,"name":"Ma\u011faza","item":"https:\/\/canverditicaret.com\/shop\/"},{"@type":"ListItem","position":3,"name":"BOSCH GLM 40 LAZERMETRE"}]},{"@type":"WebSite","@id":"https:\/\/canverditicaret.com\/#website","url":"https:\/\/canverditicaret.com\/","name":"Can Verdi Ticaret","description":"Can Verdi Ticaret","potentialAction":[{"@type":"SearchAction","target":{"@type":"EntryPoint","urlTemplate":"https:\/\/canverditicaret.com\/?s={search_term_string}"},"query-input":"required name=search_term_string"}],"inLanguage":"en-US"}]}},"_links":{"self":[{"href":"https:\/\/canverditicaret.com\/en\/wp-json\/wp\/v2\/product\/16181","targetHints":{"allow":["GET"]}}],"collection":[{"href":"https:\/\/canverditicaret.com\/en\/wp-json\/wp\/v2\/product"}],"about":[{"href":"https:\/\/canverditicaret.com\/en\/wp-json\/wp\/v2\/types\/product"}],"replies":[{"embeddable":true,"href":"https:\/\/canverditicaret.com\/en\/wp-json\/wp\/v2\/comments?post=16181"}],"version-history":[{"count":1,"href":"https:\/\/canverditicaret.com\/en\/wp-json\/wp\/v2\/product\/16181\/revisions"}],"predecessor-version":[{"id":16182,"href":"https:\/\/canverditicaret.com\/en\/wp-json\/wp\/v2\/product\/16181\/revisions\/16182"}],"wp:featuredmedia":[{"embeddable":true,"href":"https:\/\/canverditicaret.com\/en\/wp-json\/wp\/v2\/media\/16494"}],"wp:attachment":[{"href":"https:\/\/canverditicaret.com\/en\/wp-json\/wp\/v2\/media?parent=16181"}],"wp:term":[{"taxonomy":"product_cat","embeddable":true,"href":"https:\/\/canverditicaret.com\/en\/wp-json\/wp\/v2\/product_cat?post=16181"},{"taxonomy":"product_tag","embeddable":true,"href":"https:\/\/canverditicaret.com\/en\/wp-json\/wp\/v2\/product_tag?post=16181"}],"curies":[{"name":"wp","href":"https:\/\/api.w.org\/{rel}","templated":true}]}}