{"id":16173,"date":"2024-01-27T03:29:11","date_gmt":"2024-01-27T00:29:11","guid":{"rendered":"https:\/\/canverditicaret.com\/?post_type=product&#038;p=16173"},"modified":"2025-05-09T22:49:59","modified_gmt":"2025-05-09T19:49:59","slug":"bosch-gks190-daire-testere-1400w","status":"publish","type":"product","link":"https:\/\/canverditicaret.com\/en\/product\/bosch-gks190-daire-testere-1400w\/","title":{"rendered":"BOSCH GKS190 CIRCULAR SAW 1400W"},"content":{"rendered":"<table class=\"table table-borderless table-layout-fixed table-striped table-hover bg-lg-c255 mb-0\">\n<tbody>\n<tr>\n<th>Strength<\/th>\n<td>1400 Watts<\/td>\n<\/tr>\n<tr>\n<th>Usage Type<\/th>\n<td>wired<\/td>\n<\/tr>\n<tr>\n<th>Working Type<\/th>\n<td>Electric<\/td>\n<\/tr>\n<tr>\n<th>Battery Option<\/th>\n<td>without battery<\/td>\n<\/tr>\n<tr>\n<th>Lighting<\/th>\n<td>None<\/td>\n<\/tr>\n<tr>\n<th>Bench Type<\/th>\n<td>No<\/td>\n<\/tr>\n<tr>\n<th>pandullu<\/th>\n<td>No<\/td>\n<\/tr>\n<tr>\n<th>Max Idle Speed<\/th>\n<td>1 rpm<\/td>\n<\/tr>\n<tr>\n<th>No Load Speed<\/th>\n<td>5500 rpm<\/td>\n<\/tr>\n<tr>\n<th>Blade Diameter<\/th>\n<td>190mm<\/td>\n<\/tr>\n<tr>\n<th>Cutting Depth<\/th>\n<td>1mm<\/td>\n<\/tr>\n<tr>\n<th>Cutting Depth Wood<\/th>\n<td>1mm<\/td>\n<\/tr>\n<tr>\n<th>Cutting Depth Steel<\/th>\n<td>1mm<\/td>\n<\/tr>\n<tr>\n<th>Bevel Cutting<\/th>\n<td>Yes<\/td>\n<\/tr>\n<tr>\n<th>Locking Shaft<\/th>\n<td>Yes<\/td>\n<\/tr>\n<tr>\n<th>Tooth type<\/th>\n<td>1<\/td>\n<\/tr>\n<tr>\n<th>Weight<\/th>\n<td>4.2kg<\/td>\n<\/tr>\n<tr>\n<th>Colour<\/th>\n<td>Blue<\/td>\n<\/tr>\n<\/tbody>\n<\/table>","protected":false},"excerpt":{"rendered":"<p>Power 1400 Watt Usage Type Corded Working Type Electric Battery Option Without Battery Lighting No Bench Type No With Pendulum No Max<\/p>","protected":false},"featured_media":16279,"comment_status":"open","ping_status":"closed","template":"","meta":[],"product_cat":[79],"product_tag":[],"class_list":["post-16173","product","type-product","status-publish","has-post-thumbnail","hentry","product_cat-elektrikli-el-aletleri"],"yoast_head":"<!-- This site is optimized with the Yoast SEO plugin v21.6 - https:\/\/yoast.com\/wordpress\/plugins\/seo\/ -->\n<title>BOSCH GKS190 DAIRE TESTERE 1400W - Can Verdi Ticaret<\/title>\n<meta name=\"description\" content=\"Bosch GKS 190 Daire Testere, 1400 W g\u00fcc\u00fc ve 190 mm b\u0131\u00e7ak \u00e7ap\u0131yla ah\u015fap kesiminde y\u00fcksek performans sunar. 70 mm kesme derinli\u011fi ve 56\u00b0 e\u011fim a\u00e7\u0131s\u0131yla esnek kullan\u0131m sa\u011flar. Kompakt tasar\u0131m\u0131 ve turbo fan \u00f6zelli\u011fiyle profesyonel i\u015flerinizde ideal \u00e7\u00f6z\u00fcmd\u00fcr.\" \/>\n<meta name=\"robots\" content=\"index, follow, max-snippet:-1, max-image-preview:large, max-video-preview:-1\" \/>\n<link rel=\"canonical\" href=\"https:\/\/canverditicaret.com\/en\/product\/bosch-gks190-daire-testere-1400w\/\" \/>\n<meta property=\"og:locale\" content=\"en_US\" \/>\n<meta property=\"og:type\" content=\"article\" \/>\n<meta property=\"og:title\" content=\"BOSCH GKS190 DAIRE TESTERE 1400W - Can Verdi Ticaret\" \/>\n<meta property=\"og:description\" content=\"Bosch GKS 190 Daire Testere, 1400 W g\u00fcc\u00fc ve 190 mm b\u0131\u00e7ak \u00e7ap\u0131yla ah\u015fap kesiminde y\u00fcksek performans sunar. 70 mm kesme derinli\u011fi ve 56\u00b0 e\u011fim a\u00e7\u0131s\u0131yla esnek kullan\u0131m sa\u011flar. Kompakt tasar\u0131m\u0131 ve turbo fan \u00f6zelli\u011fiyle profesyonel i\u015flerinizde ideal \u00e7\u00f6z\u00fcmd\u00fcr.\" \/>\n<meta property=\"og:url\" content=\"https:\/\/canverditicaret.com\/en\/product\/bosch-gks190-daire-testere-1400w\/\" \/>\n<meta property=\"og:site_name\" content=\"Can Verdi Ticaret\" \/>\n<meta property=\"article:modified_time\" content=\"2025-05-09T19:49:59+00:00\" \/>\n<meta property=\"og:image\" content=\"https:\/\/canverditicaret.com\/wp-content\/uploads\/2024\/01\/1000182068.png\" \/>\n\t<meta property=\"og:image:width\" content=\"1024\" \/>\n\t<meta property=\"og:image:height\" content=\"1024\" \/>\n\t<meta property=\"og:image:type\" content=\"image\/png\" \/>\n<meta name=\"twitter:card\" content=\"summary_large_image\" \/>\n<meta name=\"twitter:label1\" content=\"Est. reading time\" \/>\n\t<meta name=\"twitter:data1\" content=\"1 minute\" \/>\n<script type=\"application\/ld+json\" class=\"yoast-schema-graph\">{\"@context\":\"https:\/\/schema.org\",\"@graph\":[{\"@type\":\"WebPage\",\"@id\":\"https:\/\/canverditicaret.com\/urun\/bosch-gks190-daire-testere-1400w\/\",\"url\":\"https:\/\/canverditicaret.com\/urun\/bosch-gks190-daire-testere-1400w\/\",\"name\":\"BOSCH GKS190 DAIRE TESTERE 1400W - Can Verdi Ticaret\",\"isPartOf\":{\"@id\":\"https:\/\/canverditicaret.com\/#website\"},\"datePublished\":\"2024-01-27T00:29:11+00:00\",\"dateModified\":\"2025-05-09T19:49:59+00:00\",\"description\":\"Bosch GKS 190 Daire Testere, 1400 W g\u00fcc\u00fc ve 190 mm b\u0131\u00e7ak \u00e7ap\u0131yla ah\u015fap kesiminde y\u00fcksek performans sunar. 70 mm kesme derinli\u011fi ve 56\u00b0 e\u011fim a\u00e7\u0131s\u0131yla esnek kullan\u0131m sa\u011flar. Kompakt tasar\u0131m\u0131 ve turbo fan \u00f6zelli\u011fiyle profesyonel i\u015flerinizde ideal \u00e7\u00f6z\u00fcmd\u00fcr.\",\"breadcrumb\":{\"@id\":\"https:\/\/canverditicaret.com\/urun\/bosch-gks190-daire-testere-1400w\/#breadcrumb\"},\"inLanguage\":\"en-US\",\"potentialAction\":[{\"@type\":\"ReadAction\",\"target\":[\"https:\/\/canverditicaret.com\/urun\/bosch-gks190-daire-testere-1400w\/\"]}]},{\"@type\":\"BreadcrumbList\",\"@id\":\"https:\/\/canverditicaret.com\/urun\/bosch-gks190-daire-testere-1400w\/#breadcrumb\",\"itemListElement\":[{\"@type\":\"ListItem\",\"position\":1,\"name\":\"Anasayfa\",\"item\":\"https:\/\/canverditicaret.com\/\"},{\"@type\":\"ListItem\",\"position\":2,\"name\":\"Ma\u011faza\",\"item\":\"https:\/\/canverditicaret.com\/shop\/\"},{\"@type\":\"ListItem\",\"position\":3,\"name\":\"BOSCH GKS190 DAIRE TESTERE 1400W\"}]},{\"@type\":\"WebSite\",\"@id\":\"https:\/\/canverditicaret.com\/#website\",\"url\":\"https:\/\/canverditicaret.com\/\",\"name\":\"Can Verdi Ticaret\",\"description\":\"Can Verdi Ticaret\",\"potentialAction\":[{\"@type\":\"SearchAction\",\"target\":{\"@type\":\"EntryPoint\",\"urlTemplate\":\"https:\/\/canverditicaret.com\/?s={search_term_string}\"},\"query-input\":\"required name=search_term_string\"}],\"inLanguage\":\"en-US\"}]}<\/script>\n<!-- \/ Yoast SEO plugin. -->","yoast_head_json":{"title":"BOSCH GKS190 DAIRE TESTERE 1400W - Can Verdi Ticaret","description":"Bosch GKS 190 Daire Testere, 1400 W g\u00fcc\u00fc ve 190 mm b\u0131\u00e7ak \u00e7ap\u0131yla ah\u015fap kesiminde y\u00fcksek performans sunar. 70 mm kesme derinli\u011fi ve 56\u00b0 e\u011fim a\u00e7\u0131s\u0131yla esnek kullan\u0131m sa\u011flar. Kompakt tasar\u0131m\u0131 ve turbo fan \u00f6zelli\u011fiyle profesyonel i\u015flerinizde ideal \u00e7\u00f6z\u00fcmd\u00fcr.","robots":{"index":"index","follow":"follow","max-snippet":"max-snippet:-1","max-image-preview":"max-image-preview:large","max-video-preview":"max-video-preview:-1"},"canonical":"https:\/\/canverditicaret.com\/en\/product\/bosch-gks190-daire-testere-1400w\/","og_locale":"en_US","og_type":"article","og_title":"BOSCH GKS190 DAIRE TESTERE 1400W - Can Verdi Ticaret","og_description":"Bosch GKS 190 Daire Testere, 1400 W g\u00fcc\u00fc ve 190 mm b\u0131\u00e7ak \u00e7ap\u0131yla ah\u015fap kesiminde y\u00fcksek performans sunar. 70 mm kesme derinli\u011fi ve 56\u00b0 e\u011fim a\u00e7\u0131s\u0131yla esnek kullan\u0131m sa\u011flar. Kompakt tasar\u0131m\u0131 ve turbo fan \u00f6zelli\u011fiyle profesyonel i\u015flerinizde ideal \u00e7\u00f6z\u00fcmd\u00fcr.","og_url":"https:\/\/canverditicaret.com\/en\/product\/bosch-gks190-daire-testere-1400w\/","og_site_name":"Can Verdi Ticaret","article_modified_time":"2025-05-09T19:49:59+00:00","og_image":[{"width":1024,"height":1024,"url":"https:\/\/canverditicaret.com\/wp-content\/uploads\/2024\/01\/1000182068.png","type":"image\/png"}],"twitter_card":"summary_large_image","twitter_misc":{"Est. reading time":"1 minute"},"schema":{"@context":"https:\/\/schema.org","@graph":[{"@type":"WebPage","@id":"https:\/\/canverditicaret.com\/urun\/bosch-gks190-daire-testere-1400w\/","url":"https:\/\/canverditicaret.com\/urun\/bosch-gks190-daire-testere-1400w\/","name":"BOSCH GKS190 DAIRE TESTERE 1400W - Can Verdi Ticaret","isPartOf":{"@id":"https:\/\/canverditicaret.com\/#website"},"datePublished":"2024-01-27T00:29:11+00:00","dateModified":"2025-05-09T19:49:59+00:00","description":"Bosch GKS 190 Daire Testere, 1400 W g\u00fcc\u00fc ve 190 mm b\u0131\u00e7ak \u00e7ap\u0131yla ah\u015fap kesiminde y\u00fcksek performans sunar. 70 mm kesme derinli\u011fi ve 56\u00b0 e\u011fim a\u00e7\u0131s\u0131yla esnek kullan\u0131m sa\u011flar. Kompakt tasar\u0131m\u0131 ve turbo fan \u00f6zelli\u011fiyle profesyonel i\u015flerinizde ideal \u00e7\u00f6z\u00fcmd\u00fcr.","breadcrumb":{"@id":"https:\/\/canverditicaret.com\/urun\/bosch-gks190-daire-testere-1400w\/#breadcrumb"},"inLanguage":"en-US","potentialAction":[{"@type":"ReadAction","target":["https:\/\/canverditicaret.com\/urun\/bosch-gks190-daire-testere-1400w\/"]}]},{"@type":"BreadcrumbList","@id":"https:\/\/canverditicaret.com\/urun\/bosch-gks190-daire-testere-1400w\/#breadcrumb","itemListElement":[{"@type":"ListItem","position":1,"name":"Anasayfa","item":"https:\/\/canverditicaret.com\/"},{"@type":"ListItem","position":2,"name":"Ma\u011faza","item":"https:\/\/canverditicaret.com\/shop\/"},{"@type":"ListItem","position":3,"name":"BOSCH GKS190 DAIRE TESTERE 1400W"}]},{"@type":"WebSite","@id":"https:\/\/canverditicaret.com\/#website","url":"https:\/\/canverditicaret.com\/","name":"Can Verdi Ticaret","description":"Can Verdi Ticaret","potentialAction":[{"@type":"SearchAction","target":{"@type":"EntryPoint","urlTemplate":"https:\/\/canverditicaret.com\/?s={search_term_string}"},"query-input":"required name=search_term_string"}],"inLanguage":"en-US"}]}},"_links":{"self":[{"href":"https:\/\/canverditicaret.com\/en\/wp-json\/wp\/v2\/product\/16173","targetHints":{"allow":["GET"]}}],"collection":[{"href":"https:\/\/canverditicaret.com\/en\/wp-json\/wp\/v2\/product"}],"about":[{"href":"https:\/\/canverditicaret.com\/en\/wp-json\/wp\/v2\/types\/product"}],"replies":[{"embeddable":true,"href":"https:\/\/canverditicaret.com\/en\/wp-json\/wp\/v2\/comments?post=16173"}],"version-history":[{"count":1,"href":"https:\/\/canverditicaret.com\/en\/wp-json\/wp\/v2\/product\/16173\/revisions"}],"predecessor-version":[{"id":16174,"href":"https:\/\/canverditicaret.com\/en\/wp-json\/wp\/v2\/product\/16173\/revisions\/16174"}],"wp:featuredmedia":[{"embeddable":true,"href":"https:\/\/canverditicaret.com\/en\/wp-json\/wp\/v2\/media\/16279"}],"wp:attachment":[{"href":"https:\/\/canverditicaret.com\/en\/wp-json\/wp\/v2\/media?parent=16173"}],"wp:term":[{"taxonomy":"product_cat","embeddable":true,"href":"https:\/\/canverditicaret.com\/en\/wp-json\/wp\/v2\/product_cat?post=16173"},{"taxonomy":"product_tag","embeddable":true,"href":"https:\/\/canverditicaret.com\/en\/wp-json\/wp\/v2\/product_tag?post=16173"}],"curies":[{"name":"wp","href":"https:\/\/api.w.org\/{rel}","templated":true}]}}