{"id":16169,"date":"2024-01-27T03:32:46","date_gmt":"2024-01-27T00:32:46","guid":{"rendered":"https:\/\/canverditicaret.com\/?post_type=product&#038;p=16169"},"modified":"2025-02-16T16:06:13","modified_gmt":"2025-02-16T13:06:13","slug":"bosch-gks-18v-57-solo-daire-testere","status":"publish","type":"product","link":"https:\/\/canverditicaret.com\/en\/product\/bosch-gks-18v-57-solo-daire-testere\/","title":{"rendered":"BOSCH GKS 18V-57 SOLO CIRCULAR SAW"},"content":{"rendered":"<table class=\"table table-borderless table-layout-fixed table-striped table-hover bg-lg-c255 mb-0\">\n<tbody>\n<tr>\n<th>Height<\/th>\n<td>39.4cm<\/td>\n<\/tr>\n<tr>\n<th>Width<\/th>\n<td>28.3cm<\/td>\n<\/tr>\n<tr>\n<th>Depth<\/th>\n<td>25.8cm<\/td>\n<\/tr>\n<tr>\n<th>Lighting<\/th>\n<td>None<\/td>\n<\/tr>\n<tr>\n<th>Bench Type<\/th>\n<td>No<\/td>\n<\/tr>\n<tr>\n<th>No Load Speed<\/th>\n<td>3400 rpm<\/td>\n<\/tr>\n<tr>\n<th>Blade Diameter<\/th>\n<td>165mm<\/td>\n<\/tr>\n<tr>\n<th>Protective Cover<\/th>\n<td>Yes<\/td>\n<\/tr>\n<tr>\n<th>Locking Shaft<\/th>\n<td>Yes<\/td>\n<\/tr>\n<tr>\n<th>Safety Lock<\/th>\n<td>Yes<\/td>\n<\/tr>\n<tr>\n<th>Colour<\/th>\n<td>Blue<\/td>\n<\/tr>\n<tr>\n<th>Voltage<\/th>\n<td>18 Volts<\/td>\n<\/tr>\n<\/tbody>\n<\/table>","protected":false},"excerpt":{"rendered":"<p>Height 39.4 cm Width 28.3 cm Depth 25.8 cm Lighting No Bench Type No No-Load Speed 3400 rpm Blade Diameter<\/p>","protected":false},"featured_media":16459,"comment_status":"open","ping_status":"closed","template":"","meta":[],"product_cat":[79],"product_tag":[],"class_list":["post-16169","product","type-product","status-publish","has-post-thumbnail","hentry","product_cat-elektrikli-el-aletleri"],"yoast_head":"<!-- This site is optimized with the Yoast SEO plugin v21.6 - https:\/\/yoast.com\/wordpress\/plugins\/seo\/ -->\n<title>BOSCH GKS 18V-57 SOLO DA\u0130RE TESTERE - Can Verdi Ticaret<\/title>\n<meta name=\"robots\" content=\"index, follow, max-snippet:-1, max-image-preview:large, max-video-preview:-1\" \/>\n<link rel=\"canonical\" href=\"https:\/\/canverditicaret.com\/en\/product\/bosch-gks-18v-57-solo-daire-testere\/\" \/>\n<meta property=\"og:locale\" content=\"en_US\" \/>\n<meta property=\"og:type\" content=\"article\" \/>\n<meta property=\"og:title\" content=\"BOSCH GKS 18V-57 SOLO DA\u0130RE TESTERE - Can Verdi Ticaret\" \/>\n<meta property=\"og:description\" content=\"Y\u00fckseklik 39.4 cm Geni\u015flik 28.3 cm Derinlik 25.8 cm Ayd\u0131nlatma Yok Tezgah Tipi Hay\u0131r Y\u00fcks\u00fcz H\u0131z\u0131 3400 dev\/dk B\u0131\u00e7ak \u00c7ap\u0131\" \/>\n<meta property=\"og:url\" content=\"https:\/\/canverditicaret.com\/en\/product\/bosch-gks-18v-57-solo-daire-testere\/\" \/>\n<meta property=\"og:site_name\" content=\"Can Verdi Ticaret\" \/>\n<meta property=\"article:modified_time\" content=\"2025-02-16T13:06:13+00:00\" \/>\n<meta property=\"og:image\" content=\"https:\/\/canverditicaret.com\/wp-content\/uploads\/2024\/01\/1000447712.png\" \/>\n\t<meta property=\"og:image:width\" content=\"1024\" \/>\n\t<meta property=\"og:image:height\" content=\"1024\" \/>\n\t<meta property=\"og:image:type\" content=\"image\/png\" \/>\n<meta name=\"twitter:card\" content=\"summary_large_image\" \/>\n<meta name=\"twitter:label1\" content=\"Est. reading time\" \/>\n\t<meta name=\"twitter:data1\" content=\"1 minute\" \/>\n<script type=\"application\/ld+json\" class=\"yoast-schema-graph\">{\"@context\":\"https:\/\/schema.org\",\"@graph\":[{\"@type\":\"WebPage\",\"@id\":\"https:\/\/canverditicaret.com\/urun\/bosch-gks-18v-57-solo-daire-testere\/\",\"url\":\"https:\/\/canverditicaret.com\/urun\/bosch-gks-18v-57-solo-daire-testere\/\",\"name\":\"BOSCH GKS 18V-57 SOLO DA\u0130RE TESTERE - Can Verdi Ticaret\",\"isPartOf\":{\"@id\":\"https:\/\/canverditicaret.com\/#website\"},\"datePublished\":\"2024-01-27T00:32:46+00:00\",\"dateModified\":\"2025-02-16T13:06:13+00:00\",\"breadcrumb\":{\"@id\":\"https:\/\/canverditicaret.com\/urun\/bosch-gks-18v-57-solo-daire-testere\/#breadcrumb\"},\"inLanguage\":\"en-US\",\"potentialAction\":[{\"@type\":\"ReadAction\",\"target\":[\"https:\/\/canverditicaret.com\/urun\/bosch-gks-18v-57-solo-daire-testere\/\"]}]},{\"@type\":\"BreadcrumbList\",\"@id\":\"https:\/\/canverditicaret.com\/urun\/bosch-gks-18v-57-solo-daire-testere\/#breadcrumb\",\"itemListElement\":[{\"@type\":\"ListItem\",\"position\":1,\"name\":\"Anasayfa\",\"item\":\"https:\/\/canverditicaret.com\/\"},{\"@type\":\"ListItem\",\"position\":2,\"name\":\"Ma\u011faza\",\"item\":\"https:\/\/canverditicaret.com\/shop\/\"},{\"@type\":\"ListItem\",\"position\":3,\"name\":\"BOSCH GKS 18V-57 SOLO DA\u0130RE TESTERE\"}]},{\"@type\":\"WebSite\",\"@id\":\"https:\/\/canverditicaret.com\/#website\",\"url\":\"https:\/\/canverditicaret.com\/\",\"name\":\"Can Verdi Ticaret\",\"description\":\"Can Verdi Ticaret\",\"potentialAction\":[{\"@type\":\"SearchAction\",\"target\":{\"@type\":\"EntryPoint\",\"urlTemplate\":\"https:\/\/canverditicaret.com\/?s={search_term_string}\"},\"query-input\":\"required name=search_term_string\"}],\"inLanguage\":\"en-US\"}]}<\/script>\n<!-- \/ Yoast SEO plugin. -->","yoast_head_json":{"title":"BOSCH GKS 18V-57 SOLO DA\u0130RE TESTERE - Can Verdi Ticaret","robots":{"index":"index","follow":"follow","max-snippet":"max-snippet:-1","max-image-preview":"max-image-preview:large","max-video-preview":"max-video-preview:-1"},"canonical":"https:\/\/canverditicaret.com\/en\/product\/bosch-gks-18v-57-solo-daire-testere\/","og_locale":"en_US","og_type":"article","og_title":"BOSCH GKS 18V-57 SOLO DA\u0130RE TESTERE - Can Verdi Ticaret","og_description":"Y\u00fckseklik 39.4 cm Geni\u015flik 28.3 cm Derinlik 25.8 cm Ayd\u0131nlatma Yok Tezgah Tipi Hay\u0131r Y\u00fcks\u00fcz H\u0131z\u0131 3400 dev\/dk B\u0131\u00e7ak \u00c7ap\u0131","og_url":"https:\/\/canverditicaret.com\/en\/product\/bosch-gks-18v-57-solo-daire-testere\/","og_site_name":"Can Verdi Ticaret","article_modified_time":"2025-02-16T13:06:13+00:00","og_image":[{"width":1024,"height":1024,"url":"https:\/\/canverditicaret.com\/wp-content\/uploads\/2024\/01\/1000447712.png","type":"image\/png"}],"twitter_card":"summary_large_image","twitter_misc":{"Est. reading time":"1 minute"},"schema":{"@context":"https:\/\/schema.org","@graph":[{"@type":"WebPage","@id":"https:\/\/canverditicaret.com\/urun\/bosch-gks-18v-57-solo-daire-testere\/","url":"https:\/\/canverditicaret.com\/urun\/bosch-gks-18v-57-solo-daire-testere\/","name":"BOSCH GKS 18V-57 SOLO DA\u0130RE TESTERE - Can Verdi Ticaret","isPartOf":{"@id":"https:\/\/canverditicaret.com\/#website"},"datePublished":"2024-01-27T00:32:46+00:00","dateModified":"2025-02-16T13:06:13+00:00","breadcrumb":{"@id":"https:\/\/canverditicaret.com\/urun\/bosch-gks-18v-57-solo-daire-testere\/#breadcrumb"},"inLanguage":"en-US","potentialAction":[{"@type":"ReadAction","target":["https:\/\/canverditicaret.com\/urun\/bosch-gks-18v-57-solo-daire-testere\/"]}]},{"@type":"BreadcrumbList","@id":"https:\/\/canverditicaret.com\/urun\/bosch-gks-18v-57-solo-daire-testere\/#breadcrumb","itemListElement":[{"@type":"ListItem","position":1,"name":"Anasayfa","item":"https:\/\/canverditicaret.com\/"},{"@type":"ListItem","position":2,"name":"Ma\u011faza","item":"https:\/\/canverditicaret.com\/shop\/"},{"@type":"ListItem","position":3,"name":"BOSCH GKS 18V-57 SOLO DA\u0130RE TESTERE"}]},{"@type":"WebSite","@id":"https:\/\/canverditicaret.com\/#website","url":"https:\/\/canverditicaret.com\/","name":"Can Verdi Ticaret","description":"Can Verdi Ticaret","potentialAction":[{"@type":"SearchAction","target":{"@type":"EntryPoint","urlTemplate":"https:\/\/canverditicaret.com\/?s={search_term_string}"},"query-input":"required name=search_term_string"}],"inLanguage":"en-US"}]}},"_links":{"self":[{"href":"https:\/\/canverditicaret.com\/en\/wp-json\/wp\/v2\/product\/16169","targetHints":{"allow":["GET"]}}],"collection":[{"href":"https:\/\/canverditicaret.com\/en\/wp-json\/wp\/v2\/product"}],"about":[{"href":"https:\/\/canverditicaret.com\/en\/wp-json\/wp\/v2\/types\/product"}],"replies":[{"embeddable":true,"href":"https:\/\/canverditicaret.com\/en\/wp-json\/wp\/v2\/comments?post=16169"}],"version-history":[{"count":1,"href":"https:\/\/canverditicaret.com\/en\/wp-json\/wp\/v2\/product\/16169\/revisions"}],"predecessor-version":[{"id":16170,"href":"https:\/\/canverditicaret.com\/en\/wp-json\/wp\/v2\/product\/16169\/revisions\/16170"}],"wp:featuredmedia":[{"embeddable":true,"href":"https:\/\/canverditicaret.com\/en\/wp-json\/wp\/v2\/media\/16459"}],"wp:attachment":[{"href":"https:\/\/canverditicaret.com\/en\/wp-json\/wp\/v2\/media?parent=16169"}],"wp:term":[{"taxonomy":"product_cat","embeddable":true,"href":"https:\/\/canverditicaret.com\/en\/wp-json\/wp\/v2\/product_cat?post=16169"},{"taxonomy":"product_tag","embeddable":true,"href":"https:\/\/canverditicaret.com\/en\/wp-json\/wp\/v2\/product_tag?post=16169"}],"curies":[{"name":"wp","href":"https:\/\/api.w.org\/{rel}","templated":true}]}}