{"id":16165,"date":"2024-01-27T03:54:58","date_gmt":"2024-01-27T00:54:58","guid":{"rendered":"https:\/\/canverditicaret.com\/?post_type=product&#038;p=16165"},"modified":"2025-02-16T16:06:16","modified_gmt":"2025-02-16T13:06:16","slug":"bosch-gho-6500-planya","status":"publish","type":"product","link":"https:\/\/canverditicaret.com\/en\/product\/bosch-gho-6500-planya\/","title":{"rendered":"BOSCH GHO 6500 PLANER"},"content":{"rendered":"<table class=\"table table-borderless table-layout-fixed table-striped table-hover bg-lg-c255 mb-0\">\n<tbody>\n<tr>\n<th>Planing Width<\/th>\n<td>82mm<\/td>\n<\/tr>\n<tr>\n<th>No Load Speed<\/th>\n<td>16500rpm<\/td>\n<\/tr>\n<tr>\n<th>Variable Speed Adjustment<\/th>\n<td>No<\/td>\n<\/tr>\n<tr>\n<th>Dust Extraction Adapter<\/th>\n<td>Yes<\/td>\n<\/tr>\n<tr>\n<th>Spindle Lock<\/th>\n<td>Yes<\/td>\n<\/tr>\n<tr>\n<th>Carrying Bag<\/th>\n<td>No<\/td>\n<\/tr>\n<tr>\n<th>illuminated<\/th>\n<td>No<\/td>\n<\/tr>\n<tr>\n<th>Double Blade<\/th>\n<td>No<\/td>\n<\/tr>\n<tr>\n<th>Dual Battery<\/th>\n<td>No<\/td>\n<\/tr>\n<tr>\n<th>Strength<\/th>\n<td>650 Watts<\/td>\n<\/tr>\n<tr>\n<th>Weight<\/th>\n<td>2.8kg<\/td>\n<\/tr>\n<\/tbody>\n<\/table>","protected":false},"excerpt":{"rendered":"<p>Planer Width 82 mm No-Load Speed 16500 rpm Variable Speed Adjustment No Dust Extraction Adapter Yes Spindle Lock Yes<\/p>","protected":false},"featured_media":16474,"comment_status":"open","ping_status":"closed","template":"","meta":[],"product_cat":[79],"product_tag":[],"class_list":["post-16165","product","type-product","status-publish","has-post-thumbnail","hentry","product_cat-elektrikli-el-aletleri"],"yoast_head":"<!-- This site is optimized with the Yoast SEO plugin v21.6 - https:\/\/yoast.com\/wordpress\/plugins\/seo\/ -->\n<title>BOSCH GHO 6500 PLANYA - Can Verdi Ticaret<\/title>\n<meta name=\"robots\" content=\"index, follow, max-snippet:-1, max-image-preview:large, max-video-preview:-1\" \/>\n<link rel=\"canonical\" href=\"https:\/\/canverditicaret.com\/en\/product\/bosch-gho-6500-planya\/\" \/>\n<meta property=\"og:locale\" content=\"en_US\" \/>\n<meta property=\"og:type\" content=\"article\" \/>\n<meta property=\"og:title\" content=\"BOSCH GHO 6500 PLANYA - Can Verdi Ticaret\" \/>\n<meta property=\"og:description\" content=\"Planya Geni\u015fli\u011fi 82 mm Y\u00fcks\u00fcz Devir H\u0131z\u0131 16500 rpm De\u011fi\u015fken H\u0131z Ayar\u0131 Hay\u0131r Toz Emme Adapt\u00f6r\u00fc Evet Mil Kilidi Evet\" \/>\n<meta property=\"og:url\" content=\"https:\/\/canverditicaret.com\/en\/product\/bosch-gho-6500-planya\/\" \/>\n<meta property=\"og:site_name\" content=\"Can Verdi Ticaret\" \/>\n<meta property=\"article:modified_time\" content=\"2025-02-16T13:06:16+00:00\" \/>\n<meta property=\"og:image\" content=\"https:\/\/canverditicaret.com\/wp-content\/uploads\/2024\/01\/1000447764.png\" \/>\n\t<meta property=\"og:image:width\" content=\"1024\" \/>\n\t<meta property=\"og:image:height\" content=\"1024\" \/>\n\t<meta property=\"og:image:type\" content=\"image\/png\" \/>\n<meta name=\"twitter:card\" content=\"summary_large_image\" \/>\n<meta name=\"twitter:label1\" content=\"Est. reading time\" \/>\n\t<meta name=\"twitter:data1\" content=\"1 minute\" \/>\n<script type=\"application\/ld+json\" class=\"yoast-schema-graph\">{\"@context\":\"https:\/\/schema.org\",\"@graph\":[{\"@type\":\"WebPage\",\"@id\":\"https:\/\/canverditicaret.com\/urun\/bosch-gho-6500-planya\/\",\"url\":\"https:\/\/canverditicaret.com\/urun\/bosch-gho-6500-planya\/\",\"name\":\"BOSCH GHO 6500 PLANYA - Can Verdi Ticaret\",\"isPartOf\":{\"@id\":\"https:\/\/canverditicaret.com\/#website\"},\"datePublished\":\"2024-01-27T00:54:58+00:00\",\"dateModified\":\"2025-02-16T13:06:16+00:00\",\"breadcrumb\":{\"@id\":\"https:\/\/canverditicaret.com\/urun\/bosch-gho-6500-planya\/#breadcrumb\"},\"inLanguage\":\"en-US\",\"potentialAction\":[{\"@type\":\"ReadAction\",\"target\":[\"https:\/\/canverditicaret.com\/urun\/bosch-gho-6500-planya\/\"]}]},{\"@type\":\"BreadcrumbList\",\"@id\":\"https:\/\/canverditicaret.com\/urun\/bosch-gho-6500-planya\/#breadcrumb\",\"itemListElement\":[{\"@type\":\"ListItem\",\"position\":1,\"name\":\"Anasayfa\",\"item\":\"https:\/\/canverditicaret.com\/\"},{\"@type\":\"ListItem\",\"position\":2,\"name\":\"Ma\u011faza\",\"item\":\"https:\/\/canverditicaret.com\/shop\/\"},{\"@type\":\"ListItem\",\"position\":3,\"name\":\"BOSCH GHO 6500 PLANYA\"}]},{\"@type\":\"WebSite\",\"@id\":\"https:\/\/canverditicaret.com\/#website\",\"url\":\"https:\/\/canverditicaret.com\/\",\"name\":\"Can Verdi Ticaret\",\"description\":\"Can Verdi Ticaret\",\"potentialAction\":[{\"@type\":\"SearchAction\",\"target\":{\"@type\":\"EntryPoint\",\"urlTemplate\":\"https:\/\/canverditicaret.com\/?s={search_term_string}\"},\"query-input\":\"required name=search_term_string\"}],\"inLanguage\":\"en-US\"}]}<\/script>\n<!-- \/ Yoast SEO plugin. -->","yoast_head_json":{"title":"BOSCH GHO 6500 PLANYA - Can Verdi Ticaret","robots":{"index":"index","follow":"follow","max-snippet":"max-snippet:-1","max-image-preview":"max-image-preview:large","max-video-preview":"max-video-preview:-1"},"canonical":"https:\/\/canverditicaret.com\/en\/product\/bosch-gho-6500-planya\/","og_locale":"en_US","og_type":"article","og_title":"BOSCH GHO 6500 PLANYA - Can Verdi Ticaret","og_description":"Planya Geni\u015fli\u011fi 82 mm Y\u00fcks\u00fcz Devir H\u0131z\u0131 16500 rpm De\u011fi\u015fken H\u0131z Ayar\u0131 Hay\u0131r Toz Emme Adapt\u00f6r\u00fc Evet Mil Kilidi Evet","og_url":"https:\/\/canverditicaret.com\/en\/product\/bosch-gho-6500-planya\/","og_site_name":"Can Verdi Ticaret","article_modified_time":"2025-02-16T13:06:16+00:00","og_image":[{"width":1024,"height":1024,"url":"https:\/\/canverditicaret.com\/wp-content\/uploads\/2024\/01\/1000447764.png","type":"image\/png"}],"twitter_card":"summary_large_image","twitter_misc":{"Est. reading time":"1 minute"},"schema":{"@context":"https:\/\/schema.org","@graph":[{"@type":"WebPage","@id":"https:\/\/canverditicaret.com\/urun\/bosch-gho-6500-planya\/","url":"https:\/\/canverditicaret.com\/urun\/bosch-gho-6500-planya\/","name":"BOSCH GHO 6500 PLANYA - Can Verdi Ticaret","isPartOf":{"@id":"https:\/\/canverditicaret.com\/#website"},"datePublished":"2024-01-27T00:54:58+00:00","dateModified":"2025-02-16T13:06:16+00:00","breadcrumb":{"@id":"https:\/\/canverditicaret.com\/urun\/bosch-gho-6500-planya\/#breadcrumb"},"inLanguage":"en-US","potentialAction":[{"@type":"ReadAction","target":["https:\/\/canverditicaret.com\/urun\/bosch-gho-6500-planya\/"]}]},{"@type":"BreadcrumbList","@id":"https:\/\/canverditicaret.com\/urun\/bosch-gho-6500-planya\/#breadcrumb","itemListElement":[{"@type":"ListItem","position":1,"name":"Anasayfa","item":"https:\/\/canverditicaret.com\/"},{"@type":"ListItem","position":2,"name":"Ma\u011faza","item":"https:\/\/canverditicaret.com\/shop\/"},{"@type":"ListItem","position":3,"name":"BOSCH GHO 6500 PLANYA"}]},{"@type":"WebSite","@id":"https:\/\/canverditicaret.com\/#website","url":"https:\/\/canverditicaret.com\/","name":"Can Verdi Ticaret","description":"Can Verdi Ticaret","potentialAction":[{"@type":"SearchAction","target":{"@type":"EntryPoint","urlTemplate":"https:\/\/canverditicaret.com\/?s={search_term_string}"},"query-input":"required name=search_term_string"}],"inLanguage":"en-US"}]}},"_links":{"self":[{"href":"https:\/\/canverditicaret.com\/en\/wp-json\/wp\/v2\/product\/16165","targetHints":{"allow":["GET"]}}],"collection":[{"href":"https:\/\/canverditicaret.com\/en\/wp-json\/wp\/v2\/product"}],"about":[{"href":"https:\/\/canverditicaret.com\/en\/wp-json\/wp\/v2\/types\/product"}],"replies":[{"embeddable":true,"href":"https:\/\/canverditicaret.com\/en\/wp-json\/wp\/v2\/comments?post=16165"}],"version-history":[{"count":1,"href":"https:\/\/canverditicaret.com\/en\/wp-json\/wp\/v2\/product\/16165\/revisions"}],"predecessor-version":[{"id":16166,"href":"https:\/\/canverditicaret.com\/en\/wp-json\/wp\/v2\/product\/16165\/revisions\/16166"}],"wp:featuredmedia":[{"embeddable":true,"href":"https:\/\/canverditicaret.com\/en\/wp-json\/wp\/v2\/media\/16474"}],"wp:attachment":[{"href":"https:\/\/canverditicaret.com\/en\/wp-json\/wp\/v2\/media?parent=16165"}],"wp:term":[{"taxonomy":"product_cat","embeddable":true,"href":"https:\/\/canverditicaret.com\/en\/wp-json\/wp\/v2\/product_cat?post=16165"},{"taxonomy":"product_tag","embeddable":true,"href":"https:\/\/canverditicaret.com\/en\/wp-json\/wp\/v2\/product_tag?post=16165"}],"curies":[{"name":"wp","href":"https:\/\/api.w.org\/{rel}","templated":true}]}}