{"id":16143,"date":"2024-01-27T03:53:01","date_gmt":"2024-01-27T00:53:01","guid":{"rendered":"https:\/\/canverditicaret.com\/?post_type=product&#038;p=16143"},"modified":"2025-02-16T16:06:15","modified_gmt":"2025-02-16T13:06:15","slug":"bosch-gds-18v-400-solo-darbeli-somun-sikma-makinesi","status":"publish","type":"product","link":"https:\/\/canverditicaret.com\/en\/product\/bosch-gds-18v-400-solo-darbeli-somun-sikma-makinesi\/","title":{"rendered":"BOSCH GDS 18V-400 SOLO IMPACT WINNER"},"content":{"rendered":"<table class=\"table\">\n<thead>\n<tr>\n<th colspan=\"2\">\n<h3 class=\"headline headline__redesign--blue fs16 bsBold\">Additional data<\/h3>\n<\/th>\n<\/tr>\n<\/thead>\n<tbody>\n<tr>\n<td>battery voltage<\/td>\n<td>18.0V<\/td>\n<\/tr>\n<tr>\n<td>Torque, max.*<\/td>\n<td>400Nm<\/td>\n<\/tr>\n<tr>\n<td>Idle speed*<\/td>\n<td>0-2,500 rpm<\/td>\n<\/tr>\n<tr>\n<td>Tip entry<\/td>\n<td>1\/2\u201d Square, 1\/2\u201d square friction ring and through hole<\/td>\n<\/tr>\n<tr>\n<td>Weight without battery*<\/td>\n<td>1.25kg<\/td>\n<\/tr>\n<tr>\n<td>Number of blows<\/td>\n<td>0-3,700 blows\/min<\/td>\n<\/tr>\n<tr>\n<td>Idle speed (1st gear)*<\/td>\n<td>0-0 rpm<\/td>\n<\/tr>\n<tr>\n<td>Idle speed (2nd gear)*<\/td>\n<td>0-0 rpm<\/td>\n<\/tr>\n<tr>\n<td>Idle speed (3rd gear)*<\/td>\n<td>0-0 rpm<\/td>\n<\/tr>\n<tr>\n<td>Starting torque, max.<\/td>\n<td>600Nm<\/td>\n<\/tr>\n<\/tbody>\n<\/table>\n<table class=\"table\">\n<colgroup>\n<col class=\"col-xs-5\" \/>\n<col class=\"col-xs-3\" \/><\/colgroup>\n<thead>\n<tr>\n<th colspan=\"2\">\n<h3 class=\"headline headline__redesign--blue fs16 bsBold\">Screwing diameter<\/h3>\n<\/th>\n<\/tr>\n<\/thead>\n<tbody>\n<tr>\n<td>thick size<\/td>\n<td>M 10 \u2013 M 20<\/td>\n<\/tr>\n<\/tbody>\n<\/table>\n<table class=\"table\">\n<colgroup>\n<col class=\"col-xs-5\" \/>\n<col class=\"col-xs-3\" \/><\/colgroup>\n<thead>\n<tr>\n<th colspan=\"2\">\n<h3 class=\"headline headline__redesign--blue fs16 bsBold\">Total vibration value (tightening screws and nuts with the maximum allowable size)<\/h3>\n<\/th>\n<\/tr>\n<\/thead>\n<tbody>\n<tr>\n<td>Vibration emission value Ah<\/td>\n<td>10 m\/s\u00b2<\/td>\n<\/tr>\n<tr>\n<td>Uncertainty K<\/td>\n<td>1.5 m\/s\u00b2<\/td>\n<\/tr>\n<\/tbody>\n<\/table>\n<table class=\"table\">\n<colgroup>\n<col class=\"col-xs-5\" \/>\n<col class=\"col-xs-3\" \/><\/colgroup>\n<thead>\n<tr>\n<th colspan=\"2\">\n<h3 class=\"headline headline__redesign--blue fs16 bsBold\">Tightening screws and nuts to the maximum permissible size<\/h3>\n<\/th>\n<\/tr>\n<\/thead>\n<tbody>\n<tr>\n<td>Vibration emission value Ah<\/td>\n<td>10 m\/s\u00b2<\/td>\n<\/tr>\n<tr>\n<td>Uncertainty K<\/td>\n<td>1.5 m\/s\u00b2<\/td>\n<\/tr>\n<\/tbody>\n<\/table>","protected":false},"excerpt":{"rendered":"<p>Additional data Battery voltage 18.0 V Torque, max.* 400 Nm Idle speed* 0-2,500 rpm Bit entry 1\/2\u201d Square, 1\/2\u2033<\/p>","protected":false},"featured_media":16490,"comment_status":"open","ping_status":"closed","template":"","meta":[],"product_cat":[79],"product_tag":[],"class_list":["post-16143","product","type-product","status-publish","has-post-thumbnail","hentry","product_cat-elektrikli-el-aletleri"],"yoast_head":"<!-- This site is optimized with the Yoast SEO plugin v21.6 - https:\/\/yoast.com\/wordpress\/plugins\/seo\/ -->\n<title>BOSCH GDS 18V-400 SOLO DARBEL\u0130 SOMUN SIKMA MAK\u0130NES\u0130 - Can Verdi Ticaret<\/title>\n<meta name=\"robots\" content=\"index, follow, max-snippet:-1, max-image-preview:large, max-video-preview:-1\" \/>\n<link rel=\"canonical\" href=\"https:\/\/canverditicaret.com\/en\/product\/bosch-gds-18v-400-solo-darbeli-somun-sikma-makinesi\/\" \/>\n<meta property=\"og:locale\" content=\"en_US\" \/>\n<meta property=\"og:type\" content=\"article\" \/>\n<meta property=\"og:title\" content=\"BOSCH GDS 18V-400 SOLO DARBEL\u0130 SOMUN SIKMA MAK\u0130NES\u0130 - Can Verdi Ticaret\" \/>\n<meta property=\"og:description\" content=\"Ek veriler Ak\u00fc gerilimi 18,0 V Tork, maks.* 400 Nm R\u00f6lanti devir say\u0131s\u0131* 0-2.500 dev\/dak U\u00e7 giri\u015fi 1\/2&#8221; Kare, 1\/2&#8243;\" \/>\n<meta property=\"og:url\" content=\"https:\/\/canverditicaret.com\/en\/product\/bosch-gds-18v-400-solo-darbeli-somun-sikma-makinesi\/\" \/>\n<meta property=\"og:site_name\" content=\"Can Verdi Ticaret\" \/>\n<meta property=\"article:modified_time\" content=\"2025-02-16T13:06:15+00:00\" \/>\n<meta property=\"og:image\" content=\"https:\/\/canverditicaret.com\/wp-content\/uploads\/2024\/01\/1000593309.png\" \/>\n\t<meta property=\"og:image:width\" content=\"1024\" \/>\n\t<meta property=\"og:image:height\" content=\"1024\" \/>\n\t<meta property=\"og:image:type\" content=\"image\/png\" \/>\n<meta name=\"twitter:card\" content=\"summary_large_image\" \/>\n<meta name=\"twitter:label1\" content=\"Est. reading time\" \/>\n\t<meta name=\"twitter:data1\" content=\"1 minute\" \/>\n<script type=\"application\/ld+json\" class=\"yoast-schema-graph\">{\"@context\":\"https:\/\/schema.org\",\"@graph\":[{\"@type\":\"WebPage\",\"@id\":\"https:\/\/canverditicaret.com\/urun\/bosch-gds-18v-400-solo-darbeli-somun-sikma-makinesi\/\",\"url\":\"https:\/\/canverditicaret.com\/urun\/bosch-gds-18v-400-solo-darbeli-somun-sikma-makinesi\/\",\"name\":\"BOSCH GDS 18V-400 SOLO DARBEL\u0130 SOMUN SIKMA MAK\u0130NES\u0130 - Can Verdi Ticaret\",\"isPartOf\":{\"@id\":\"https:\/\/canverditicaret.com\/#website\"},\"datePublished\":\"2024-01-27T00:53:01+00:00\",\"dateModified\":\"2025-02-16T13:06:15+00:00\",\"breadcrumb\":{\"@id\":\"https:\/\/canverditicaret.com\/urun\/bosch-gds-18v-400-solo-darbeli-somun-sikma-makinesi\/#breadcrumb\"},\"inLanguage\":\"en-US\",\"potentialAction\":[{\"@type\":\"ReadAction\",\"target\":[\"https:\/\/canverditicaret.com\/urun\/bosch-gds-18v-400-solo-darbeli-somun-sikma-makinesi\/\"]}]},{\"@type\":\"BreadcrumbList\",\"@id\":\"https:\/\/canverditicaret.com\/urun\/bosch-gds-18v-400-solo-darbeli-somun-sikma-makinesi\/#breadcrumb\",\"itemListElement\":[{\"@type\":\"ListItem\",\"position\":1,\"name\":\"Anasayfa\",\"item\":\"https:\/\/canverditicaret.com\/\"},{\"@type\":\"ListItem\",\"position\":2,\"name\":\"Ma\u011faza\",\"item\":\"https:\/\/canverditicaret.com\/shop\/\"},{\"@type\":\"ListItem\",\"position\":3,\"name\":\"BOSCH GDS 18V-400 SOLO DARBEL\u0130 SOMUN SIKMA MAK\u0130NES\u0130\"}]},{\"@type\":\"WebSite\",\"@id\":\"https:\/\/canverditicaret.com\/#website\",\"url\":\"https:\/\/canverditicaret.com\/\",\"name\":\"Can Verdi Ticaret\",\"description\":\"Can Verdi Ticaret\",\"potentialAction\":[{\"@type\":\"SearchAction\",\"target\":{\"@type\":\"EntryPoint\",\"urlTemplate\":\"https:\/\/canverditicaret.com\/?s={search_term_string}\"},\"query-input\":\"required name=search_term_string\"}],\"inLanguage\":\"en-US\"}]}<\/script>\n<!-- \/ Yoast SEO plugin. -->","yoast_head_json":{"title":"BOSCH GDS 18V-400 SOLO DARBEL\u0130 SOMUN SIKMA MAK\u0130NES\u0130 - Can Verdi Ticaret","robots":{"index":"index","follow":"follow","max-snippet":"max-snippet:-1","max-image-preview":"max-image-preview:large","max-video-preview":"max-video-preview:-1"},"canonical":"https:\/\/canverditicaret.com\/en\/product\/bosch-gds-18v-400-solo-darbeli-somun-sikma-makinesi\/","og_locale":"en_US","og_type":"article","og_title":"BOSCH GDS 18V-400 SOLO DARBEL\u0130 SOMUN SIKMA MAK\u0130NES\u0130 - Can Verdi Ticaret","og_description":"Ek veriler Ak\u00fc gerilimi 18,0 V Tork, maks.* 400 Nm R\u00f6lanti devir say\u0131s\u0131* 0-2.500 dev\/dak U\u00e7 giri\u015fi 1\/2&#8221; Kare, 1\/2&#8243;","og_url":"https:\/\/canverditicaret.com\/en\/product\/bosch-gds-18v-400-solo-darbeli-somun-sikma-makinesi\/","og_site_name":"Can Verdi Ticaret","article_modified_time":"2025-02-16T13:06:15+00:00","og_image":[{"width":1024,"height":1024,"url":"https:\/\/canverditicaret.com\/wp-content\/uploads\/2024\/01\/1000593309.png","type":"image\/png"}],"twitter_card":"summary_large_image","twitter_misc":{"Est. reading time":"1 minute"},"schema":{"@context":"https:\/\/schema.org","@graph":[{"@type":"WebPage","@id":"https:\/\/canverditicaret.com\/urun\/bosch-gds-18v-400-solo-darbeli-somun-sikma-makinesi\/","url":"https:\/\/canverditicaret.com\/urun\/bosch-gds-18v-400-solo-darbeli-somun-sikma-makinesi\/","name":"BOSCH GDS 18V-400 SOLO DARBEL\u0130 SOMUN SIKMA MAK\u0130NES\u0130 - Can Verdi Ticaret","isPartOf":{"@id":"https:\/\/canverditicaret.com\/#website"},"datePublished":"2024-01-27T00:53:01+00:00","dateModified":"2025-02-16T13:06:15+00:00","breadcrumb":{"@id":"https:\/\/canverditicaret.com\/urun\/bosch-gds-18v-400-solo-darbeli-somun-sikma-makinesi\/#breadcrumb"},"inLanguage":"en-US","potentialAction":[{"@type":"ReadAction","target":["https:\/\/canverditicaret.com\/urun\/bosch-gds-18v-400-solo-darbeli-somun-sikma-makinesi\/"]}]},{"@type":"BreadcrumbList","@id":"https:\/\/canverditicaret.com\/urun\/bosch-gds-18v-400-solo-darbeli-somun-sikma-makinesi\/#breadcrumb","itemListElement":[{"@type":"ListItem","position":1,"name":"Anasayfa","item":"https:\/\/canverditicaret.com\/"},{"@type":"ListItem","position":2,"name":"Ma\u011faza","item":"https:\/\/canverditicaret.com\/shop\/"},{"@type":"ListItem","position":3,"name":"BOSCH GDS 18V-400 SOLO DARBEL\u0130 SOMUN SIKMA MAK\u0130NES\u0130"}]},{"@type":"WebSite","@id":"https:\/\/canverditicaret.com\/#website","url":"https:\/\/canverditicaret.com\/","name":"Can Verdi Ticaret","description":"Can Verdi Ticaret","potentialAction":[{"@type":"SearchAction","target":{"@type":"EntryPoint","urlTemplate":"https:\/\/canverditicaret.com\/?s={search_term_string}"},"query-input":"required name=search_term_string"}],"inLanguage":"en-US"}]}},"_links":{"self":[{"href":"https:\/\/canverditicaret.com\/en\/wp-json\/wp\/v2\/product\/16143","targetHints":{"allow":["GET"]}}],"collection":[{"href":"https:\/\/canverditicaret.com\/en\/wp-json\/wp\/v2\/product"}],"about":[{"href":"https:\/\/canverditicaret.com\/en\/wp-json\/wp\/v2\/types\/product"}],"replies":[{"embeddable":true,"href":"https:\/\/canverditicaret.com\/en\/wp-json\/wp\/v2\/comments?post=16143"}],"version-history":[{"count":2,"href":"https:\/\/canverditicaret.com\/en\/wp-json\/wp\/v2\/product\/16143\/revisions"}],"predecessor-version":[{"id":16589,"href":"https:\/\/canverditicaret.com\/en\/wp-json\/wp\/v2\/product\/16143\/revisions\/16589"}],"wp:featuredmedia":[{"embeddable":true,"href":"https:\/\/canverditicaret.com\/en\/wp-json\/wp\/v2\/media\/16490"}],"wp:attachment":[{"href":"https:\/\/canverditicaret.com\/en\/wp-json\/wp\/v2\/media?parent=16143"}],"wp:term":[{"taxonomy":"product_cat","embeddable":true,"href":"https:\/\/canverditicaret.com\/en\/wp-json\/wp\/v2\/product_cat?post=16143"},{"taxonomy":"product_tag","embeddable":true,"href":"https:\/\/canverditicaret.com\/en\/wp-json\/wp\/v2\/product_tag?post=16143"}],"curies":[{"name":"wp","href":"https:\/\/api.w.org\/{rel}","templated":true}]}}