{"id":16137,"date":"2024-01-27T03:46:51","date_gmt":"2024-01-27T00:46:51","guid":{"rendered":"https:\/\/canverditicaret.com\/?post_type=product&#038;p=16137"},"modified":"2025-02-16T16:06:15","modified_gmt":"2025-02-16T13:06:15","slug":"bosch-gdr-12v-110-akulu-darbeli-somun-sikma-makinesi","status":"publish","type":"product","link":"https:\/\/canverditicaret.com\/en\/product\/bosch-gdr-12v-110-akulu-darbeli-somun-sikma-makinesi\/","title":{"rendered":"BOSCH GDR 12V 110 BATTERY OPERATED IMPACT WINNER"},"content":{"rendered":"<table class=\"table\">\n<thead>\n<tr>\n<th colspan=\"2\">\n<h3 class=\"headline headline__redesign--blue fs16 bsBold\">Additional data<\/h3>\n<\/th>\n<\/tr>\n<\/thead>\n<tbody>\n<tr>\n<td>Torque, max.*<\/td>\n<td>110Nm<\/td>\n<\/tr>\n<tr>\n<td>battery voltage<\/td>\n<td>12.0V<\/td>\n<\/tr>\n<tr>\n<td>Idle speed*<\/td>\n<td>0-1,200 rpm<\/td>\n<\/tr>\n<tr>\n<td>Weight with battery*<\/td>\n<td>0.9kg<\/td>\n<\/tr>\n<tr>\n<td>Tip entry<\/td>\n<td>1\/4\u2033 hexagon Uni<\/td>\n<\/tr>\n<tr>\n<td>Idle speed (1st gear)*<\/td>\n<td>0-1,200 rpm<\/td>\n<\/tr>\n<tr>\n<td>Idle speed (2nd gear)*<\/td>\n<td>0-2,600 rpm<\/td>\n<\/tr>\n<tr>\n<td>Torque stages<\/td>\n<td>2<\/td>\n<\/tr>\n<tr>\n<td>Number of blows<\/td>\n<td>0-3,100 pulses\/min<\/td>\n<\/tr>\n<tr>\n<td>Number of pulses (1st gear)*<\/td>\n<td>0-2,700 blows\/min<\/td>\n<\/tr>\n<tr>\n<td>Number of pulses (2nd gear)*<\/td>\n<td>0-3,100 pulses\/min<\/td>\n<\/tr>\n<\/tbody>\n<\/table>\n<table class=\"table\">\n<colgroup>\n<col class=\"col-xs-5\" \/>\n<col class=\"col-xs-3\" \/><\/colgroup>\n<thead>\n<tr>\n<th colspan=\"2\">\n<h3 class=\"headline headline__redesign--blue fs16 bsBold\">Screwing diameter<\/h3>\n<\/th>\n<\/tr>\n<\/thead>\n<tbody>\n<tr>\n<td>thick size<\/td>\n<td>M4 \u2013 M12<\/td>\n<\/tr>\n<\/tbody>\n<\/table>\n<table class=\"table\">\n<colgroup>\n<col class=\"col-xs-5\" \/>\n<col class=\"col-xs-3\" \/><\/colgroup>\n<thead>\n<tr>\n<th colspan=\"2\">\n<h3 class=\"headline headline__redesign--blue fs16 bsBold\">Total vibration value (tightening screws and nuts with the maximum allowable size)<\/h3>\n<\/th>\n<\/tr>\n<\/thead>\n<tbody>\n<tr>\n<td>Vibration emission value Ah<\/td>\n<td>10 m\/s\u00b2<\/td>\n<\/tr>\n<tr>\n<td>Uncertainty K<\/td>\n<td>1.5 m\/s\u00b2<\/td>\n<\/tr>\n<\/tbody>\n<\/table>\n<table class=\"table\">\n<colgroup>\n<col class=\"col-xs-5\" \/>\n<col class=\"col-xs-3\" \/><\/colgroup>\n<thead>\n<tr>\n<th colspan=\"2\">\n<h3 class=\"headline headline__redesign--blue fs16 bsBold\">Tightening screws and nuts to the maximum permissible size<\/h3>\n<\/th>\n<\/tr>\n<\/thead>\n<tbody>\n<tr>\n<td>Vibration emission value Ah<\/td>\n<td>10 m\/s\u00b2<\/td>\n<\/tr>\n<tr>\n<td>Uncertainty K<\/td>\n<td>1.5 m\/s\u00b2<\/td>\n<\/tr>\n<\/tbody>\n<\/table>","protected":false},"excerpt":{"rendered":"<p>Additional data Torque, max.* 110 Nm Battery voltage 12.0 V Idle speed* 0-1,200 rpm Weight with battery* 0.9<\/p>","protected":false},"featured_media":16499,"comment_status":"open","ping_status":"closed","template":"","meta":[],"product_cat":[79],"product_tag":[],"class_list":["post-16137","product","type-product","status-publish","has-post-thumbnail","hentry","product_cat-elektrikli-el-aletleri"],"yoast_head":"<!-- This site is optimized with the Yoast SEO plugin v21.6 - https:\/\/yoast.com\/wordpress\/plugins\/seo\/ -->\n<title>BOSCH GDR 12V 110 AK\u00dcL\u00dc DARBEL\u0130 SOMUN SIKMA MAK\u0130NES\u0130 - Can Verdi Ticaret<\/title>\n<meta name=\"robots\" content=\"index, follow, max-snippet:-1, max-image-preview:large, max-video-preview:-1\" \/>\n<link rel=\"canonical\" href=\"https:\/\/canverditicaret.com\/en\/product\/bosch-gdr-12v-110-akulu-darbeli-somun-sikma-makinesi\/\" \/>\n<meta property=\"og:locale\" content=\"en_US\" \/>\n<meta property=\"og:type\" content=\"article\" \/>\n<meta property=\"og:title\" content=\"BOSCH GDR 12V 110 AK\u00dcL\u00dc DARBEL\u0130 SOMUN SIKMA MAK\u0130NES\u0130 - Can Verdi Ticaret\" \/>\n<meta property=\"og:description\" content=\"Ek veriler Tork, maks.* 110 Nm Ak\u00fc gerilimi 12,0 V R\u00f6lanti devir say\u0131s\u0131* 0-1.200 dev\/dak Ak\u00fc ile birlikte a\u011f\u0131rl\u0131\u011f\u0131* 0,9\" \/>\n<meta property=\"og:url\" content=\"https:\/\/canverditicaret.com\/en\/product\/bosch-gdr-12v-110-akulu-darbeli-somun-sikma-makinesi\/\" \/>\n<meta property=\"og:site_name\" content=\"Can Verdi Ticaret\" \/>\n<meta property=\"article:modified_time\" content=\"2025-02-16T13:06:15+00:00\" \/>\n<meta property=\"og:image\" content=\"https:\/\/canverditicaret.com\/wp-content\/uploads\/2024\/01\/1000784985.png\" \/>\n\t<meta property=\"og:image:width\" content=\"1024\" \/>\n\t<meta property=\"og:image:height\" content=\"1024\" \/>\n\t<meta property=\"og:image:type\" content=\"image\/png\" \/>\n<meta name=\"twitter:card\" content=\"summary_large_image\" \/>\n<meta name=\"twitter:label1\" content=\"Est. reading time\" \/>\n\t<meta name=\"twitter:data1\" content=\"1 minute\" \/>\n<script type=\"application\/ld+json\" class=\"yoast-schema-graph\">{\"@context\":\"https:\/\/schema.org\",\"@graph\":[{\"@type\":\"WebPage\",\"@id\":\"https:\/\/canverditicaret.com\/urun\/bosch-gdr-12v-110-akulu-darbeli-somun-sikma-makinesi\/\",\"url\":\"https:\/\/canverditicaret.com\/urun\/bosch-gdr-12v-110-akulu-darbeli-somun-sikma-makinesi\/\",\"name\":\"BOSCH GDR 12V 110 AK\u00dcL\u00dc DARBEL\u0130 SOMUN SIKMA MAK\u0130NES\u0130 - Can Verdi Ticaret\",\"isPartOf\":{\"@id\":\"https:\/\/canverditicaret.com\/#website\"},\"datePublished\":\"2024-01-27T00:46:51+00:00\",\"dateModified\":\"2025-02-16T13:06:15+00:00\",\"breadcrumb\":{\"@id\":\"https:\/\/canverditicaret.com\/urun\/bosch-gdr-12v-110-akulu-darbeli-somun-sikma-makinesi\/#breadcrumb\"},\"inLanguage\":\"en-US\",\"potentialAction\":[{\"@type\":\"ReadAction\",\"target\":[\"https:\/\/canverditicaret.com\/urun\/bosch-gdr-12v-110-akulu-darbeli-somun-sikma-makinesi\/\"]}]},{\"@type\":\"BreadcrumbList\",\"@id\":\"https:\/\/canverditicaret.com\/urun\/bosch-gdr-12v-110-akulu-darbeli-somun-sikma-makinesi\/#breadcrumb\",\"itemListElement\":[{\"@type\":\"ListItem\",\"position\":1,\"name\":\"Anasayfa\",\"item\":\"https:\/\/canverditicaret.com\/\"},{\"@type\":\"ListItem\",\"position\":2,\"name\":\"Ma\u011faza\",\"item\":\"https:\/\/canverditicaret.com\/shop\/\"},{\"@type\":\"ListItem\",\"position\":3,\"name\":\"BOSCH GDR 12V 110 AK\u00dcL\u00dc DARBEL\u0130 SOMUN SIKMA MAK\u0130NES\u0130\"}]},{\"@type\":\"WebSite\",\"@id\":\"https:\/\/canverditicaret.com\/#website\",\"url\":\"https:\/\/canverditicaret.com\/\",\"name\":\"Can Verdi Ticaret\",\"description\":\"Can Verdi Ticaret\",\"potentialAction\":[{\"@type\":\"SearchAction\",\"target\":{\"@type\":\"EntryPoint\",\"urlTemplate\":\"https:\/\/canverditicaret.com\/?s={search_term_string}\"},\"query-input\":\"required name=search_term_string\"}],\"inLanguage\":\"en-US\"}]}<\/script>\n<!-- \/ Yoast SEO plugin. -->","yoast_head_json":{"title":"BOSCH GDR 12V 110 AK\u00dcL\u00dc DARBEL\u0130 SOMUN SIKMA MAK\u0130NES\u0130 - Can Verdi Ticaret","robots":{"index":"index","follow":"follow","max-snippet":"max-snippet:-1","max-image-preview":"max-image-preview:large","max-video-preview":"max-video-preview:-1"},"canonical":"https:\/\/canverditicaret.com\/en\/product\/bosch-gdr-12v-110-akulu-darbeli-somun-sikma-makinesi\/","og_locale":"en_US","og_type":"article","og_title":"BOSCH GDR 12V 110 AK\u00dcL\u00dc DARBEL\u0130 SOMUN SIKMA MAK\u0130NES\u0130 - Can Verdi Ticaret","og_description":"Ek veriler Tork, maks.* 110 Nm Ak\u00fc gerilimi 12,0 V R\u00f6lanti devir say\u0131s\u0131* 0-1.200 dev\/dak Ak\u00fc ile birlikte a\u011f\u0131rl\u0131\u011f\u0131* 0,9","og_url":"https:\/\/canverditicaret.com\/en\/product\/bosch-gdr-12v-110-akulu-darbeli-somun-sikma-makinesi\/","og_site_name":"Can Verdi Ticaret","article_modified_time":"2025-02-16T13:06:15+00:00","og_image":[{"width":1024,"height":1024,"url":"https:\/\/canverditicaret.com\/wp-content\/uploads\/2024\/01\/1000784985.png","type":"image\/png"}],"twitter_card":"summary_large_image","twitter_misc":{"Est. reading time":"1 minute"},"schema":{"@context":"https:\/\/schema.org","@graph":[{"@type":"WebPage","@id":"https:\/\/canverditicaret.com\/urun\/bosch-gdr-12v-110-akulu-darbeli-somun-sikma-makinesi\/","url":"https:\/\/canverditicaret.com\/urun\/bosch-gdr-12v-110-akulu-darbeli-somun-sikma-makinesi\/","name":"BOSCH GDR 12V 110 AK\u00dcL\u00dc DARBEL\u0130 SOMUN SIKMA MAK\u0130NES\u0130 - Can Verdi Ticaret","isPartOf":{"@id":"https:\/\/canverditicaret.com\/#website"},"datePublished":"2024-01-27T00:46:51+00:00","dateModified":"2025-02-16T13:06:15+00:00","breadcrumb":{"@id":"https:\/\/canverditicaret.com\/urun\/bosch-gdr-12v-110-akulu-darbeli-somun-sikma-makinesi\/#breadcrumb"},"inLanguage":"en-US","potentialAction":[{"@type":"ReadAction","target":["https:\/\/canverditicaret.com\/urun\/bosch-gdr-12v-110-akulu-darbeli-somun-sikma-makinesi\/"]}]},{"@type":"BreadcrumbList","@id":"https:\/\/canverditicaret.com\/urun\/bosch-gdr-12v-110-akulu-darbeli-somun-sikma-makinesi\/#breadcrumb","itemListElement":[{"@type":"ListItem","position":1,"name":"Anasayfa","item":"https:\/\/canverditicaret.com\/"},{"@type":"ListItem","position":2,"name":"Ma\u011faza","item":"https:\/\/canverditicaret.com\/shop\/"},{"@type":"ListItem","position":3,"name":"BOSCH GDR 12V 110 AK\u00dcL\u00dc DARBEL\u0130 SOMUN SIKMA MAK\u0130NES\u0130"}]},{"@type":"WebSite","@id":"https:\/\/canverditicaret.com\/#website","url":"https:\/\/canverditicaret.com\/","name":"Can Verdi Ticaret","description":"Can Verdi Ticaret","potentialAction":[{"@type":"SearchAction","target":{"@type":"EntryPoint","urlTemplate":"https:\/\/canverditicaret.com\/?s={search_term_string}"},"query-input":"required name=search_term_string"}],"inLanguage":"en-US"}]}},"_links":{"self":[{"href":"https:\/\/canverditicaret.com\/en\/wp-json\/wp\/v2\/product\/16137","targetHints":{"allow":["GET"]}}],"collection":[{"href":"https:\/\/canverditicaret.com\/en\/wp-json\/wp\/v2\/product"}],"about":[{"href":"https:\/\/canverditicaret.com\/en\/wp-json\/wp\/v2\/types\/product"}],"replies":[{"embeddable":true,"href":"https:\/\/canverditicaret.com\/en\/wp-json\/wp\/v2\/comments?post=16137"}],"version-history":[{"count":2,"href":"https:\/\/canverditicaret.com\/en\/wp-json\/wp\/v2\/product\/16137\/revisions"}],"predecessor-version":[{"id":16576,"href":"https:\/\/canverditicaret.com\/en\/wp-json\/wp\/v2\/product\/16137\/revisions\/16576"}],"wp:featuredmedia":[{"embeddable":true,"href":"https:\/\/canverditicaret.com\/en\/wp-json\/wp\/v2\/media\/16499"}],"wp:attachment":[{"href":"https:\/\/canverditicaret.com\/en\/wp-json\/wp\/v2\/media?parent=16137"}],"wp:term":[{"taxonomy":"product_cat","embeddable":true,"href":"https:\/\/canverditicaret.com\/en\/wp-json\/wp\/v2\/product_cat?post=16137"},{"taxonomy":"product_tag","embeddable":true,"href":"https:\/\/canverditicaret.com\/en\/wp-json\/wp\/v2\/product_tag?post=16137"}],"curies":[{"name":"wp","href":"https:\/\/api.w.org\/{rel}","templated":true}]}}