{"id":16133,"date":"2024-01-27T03:32:08","date_gmt":"2024-01-27T00:32:08","guid":{"rendered":"https:\/\/canverditicaret.com\/?post_type=product&#038;p=16133"},"modified":"2025-05-09T22:30:40","modified_gmt":"2025-05-09T19:30:40","slug":"bosch-gco-14-24-j-profil-kesme-makinesi","status":"publish","type":"product","link":"https:\/\/canverditicaret.com\/en\/product\/bosch-gco-14-24-j-profil-kesme-makinesi\/","title":{"rendered":"BOSCH GCO 14-24 J PROFILE CUTTING MACHINE"},"content":{"rendered":"<table class=\"table\">\n<tbody>\n<tr>\n<td>Rated input power<\/td>\n<td>2.400W<\/td>\n<\/tr>\n<tr>\n<td>Cutting disc diameter<\/td>\n<td>355mm<\/td>\n<\/tr>\n<tr>\n<td>Cutting disc hub diameter<\/td>\n<td>25.4mm<\/td>\n<\/tr>\n<tr>\n<td>Idle speed*<\/td>\n<td>3,800 rpm<\/td>\n<\/tr>\n<tr>\n<td>Cutting capacity, rectangular 0\u00ba<\/td>\n<td>100x196mm<\/td>\n<\/tr>\n<tr>\n<td>Cutting capacity, square 0\u00ba<\/td>\n<td>119x119mm<\/td>\n<\/tr>\n<tr>\n<td>Cutting capacity, L profile 0\u00ba<\/td>\n<td>130x130mm<\/td>\n<\/tr>\n<tr>\n<td>Weight*<\/td>\n<td>18.1kg<\/td>\n<\/tr>\n<tr>\n<td>Cutting capacity, rectangular 45\u00ba miter<\/td>\n<td>107 x 115 mm<\/td>\n<\/tr>\n<tr>\n<td>Cutting capacity, square 45\u00ba miter<\/td>\n<td>110x110mm<\/td>\n<\/tr>\n<tr>\n<td>Cutting capacity, L profile 45\u00ba miter<\/td>\n<td>115x115mm<\/td>\n<\/tr>\n<tr>\n<td>Set dimensions (width x length x height)<\/td>\n<td>256 x 520 x 400mm<\/td>\n<\/tr>\n<\/tbody>\n<\/table>\n<table class=\"table\">\n<colgroup>\n<col class=\"col-xs-5\" \/>\n<col class=\"col-xs-3\" \/><\/colgroup>\n<thead>\n<tr>\n<th colspan=\"2\">\n<h3 class=\"headline headline__redesign--blue fs16 bsBold\">Noise\/Vibration information<\/h3>\n<\/th>\n<\/tr>\n<\/thead>\n<tbody>\n<tr>\n<td>Sound pressure level<\/td>\n<td>100.5dB(A)<\/td>\n<\/tr>\n<tr>\n<td>sound power level<\/td>\n<td>113dB(A)<\/td>\n<\/tr>\n<tr>\n<td>Tolerance K<\/td>\n<td>3dB<\/td>\n<\/tr>\n<\/tbody>\n<\/table>","protected":false},"excerpt":{"rendered":"<p>Rated input power 2,400 W Cutting disc diameter 355 mm Cutting disc hub diameter 25.4 mm Idle speed* 3,800<\/p>","protected":false},"featured_media":16460,"comment_status":"open","ping_status":"closed","template":"","meta":[],"product_cat":[79],"product_tag":[],"class_list":["post-16133","product","type-product","status-publish","has-post-thumbnail","hentry","product_cat-elektrikli-el-aletleri"],"yoast_head":"<!-- This site is optimized with the Yoast SEO plugin v21.6 - https:\/\/yoast.com\/wordpress\/plugins\/seo\/ -->\n<title>BOSCH GCO 14-24 J PROF\u0130L KESME MAK\u0130NES\u0130 - Can Verdi Ticaret<\/title>\n<meta name=\"description\" content=\"BOSCH GCO 14-24 J Profil Kesme Makinesi, y\u00fcksek performansl\u0131 2400 W motoru ile metal kesim i\u015flemlerinde maksimum verimlilik sunar. Dayan\u0131kl\u0131 yap\u0131s\u0131, kolay ta\u015f\u0131nabilirli\u011fi ve hassas kesim kabiliyetiyle profesyonel kullan\u0131c\u0131lar i\u00e7in ideal bir \u00e7\u00f6z\u00fcmd\u00fcr.\" \/>\n<meta name=\"robots\" content=\"index, follow, max-snippet:-1, max-image-preview:large, max-video-preview:-1\" \/>\n<link rel=\"canonical\" href=\"https:\/\/canverditicaret.com\/en\/product\/bosch-gco-14-24-j-profil-kesme-makinesi\/\" \/>\n<meta property=\"og:locale\" content=\"en_US\" \/>\n<meta property=\"og:type\" content=\"article\" \/>\n<meta property=\"og:title\" content=\"BOSCH GCO 14-24 J PROF\u0130L KESME MAK\u0130NES\u0130 - Can Verdi Ticaret\" \/>\n<meta property=\"og:description\" content=\"BOSCH GCO 14-24 J Profil Kesme Makinesi, y\u00fcksek performansl\u0131 2400 W motoru ile metal kesim i\u015flemlerinde maksimum verimlilik sunar. Dayan\u0131kl\u0131 yap\u0131s\u0131, kolay ta\u015f\u0131nabilirli\u011fi ve hassas kesim kabiliyetiyle profesyonel kullan\u0131c\u0131lar i\u00e7in ideal bir \u00e7\u00f6z\u00fcmd\u00fcr.\" \/>\n<meta property=\"og:url\" content=\"https:\/\/canverditicaret.com\/en\/product\/bosch-gco-14-24-j-profil-kesme-makinesi\/\" \/>\n<meta property=\"og:site_name\" content=\"Can Verdi Ticaret\" \/>\n<meta property=\"article:modified_time\" content=\"2025-05-09T19:30:40+00:00\" \/>\n<meta property=\"og:image\" content=\"https:\/\/canverditicaret.com\/wp-content\/uploads\/2024\/01\/1000447717.png\" \/>\n\t<meta property=\"og:image:width\" content=\"1024\" \/>\n\t<meta property=\"og:image:height\" content=\"1024\" \/>\n\t<meta property=\"og:image:type\" content=\"image\/png\" \/>\n<meta name=\"twitter:card\" content=\"summary_large_image\" \/>\n<meta name=\"twitter:label1\" content=\"Est. reading time\" \/>\n\t<meta name=\"twitter:data1\" content=\"1 minute\" \/>\n<script type=\"application\/ld+json\" class=\"yoast-schema-graph\">{\"@context\":\"https:\/\/schema.org\",\"@graph\":[{\"@type\":\"WebPage\",\"@id\":\"https:\/\/canverditicaret.com\/urun\/bosch-gco-14-24-j-profil-kesme-makinesi\/\",\"url\":\"https:\/\/canverditicaret.com\/urun\/bosch-gco-14-24-j-profil-kesme-makinesi\/\",\"name\":\"BOSCH GCO 14-24 J PROF\u0130L KESME MAK\u0130NES\u0130 - Can Verdi Ticaret\",\"isPartOf\":{\"@id\":\"https:\/\/canverditicaret.com\/#website\"},\"datePublished\":\"2024-01-27T00:32:08+00:00\",\"dateModified\":\"2025-05-09T19:30:40+00:00\",\"description\":\"BOSCH GCO 14-24 J Profil Kesme Makinesi, y\u00fcksek performansl\u0131 2400 W motoru ile metal kesim i\u015flemlerinde maksimum verimlilik sunar. Dayan\u0131kl\u0131 yap\u0131s\u0131, kolay ta\u015f\u0131nabilirli\u011fi ve hassas kesim kabiliyetiyle profesyonel kullan\u0131c\u0131lar i\u00e7in ideal bir \u00e7\u00f6z\u00fcmd\u00fcr.\",\"breadcrumb\":{\"@id\":\"https:\/\/canverditicaret.com\/urun\/bosch-gco-14-24-j-profil-kesme-makinesi\/#breadcrumb\"},\"inLanguage\":\"en-US\",\"potentialAction\":[{\"@type\":\"ReadAction\",\"target\":[\"https:\/\/canverditicaret.com\/urun\/bosch-gco-14-24-j-profil-kesme-makinesi\/\"]}]},{\"@type\":\"BreadcrumbList\",\"@id\":\"https:\/\/canverditicaret.com\/urun\/bosch-gco-14-24-j-profil-kesme-makinesi\/#breadcrumb\",\"itemListElement\":[{\"@type\":\"ListItem\",\"position\":1,\"name\":\"Anasayfa\",\"item\":\"https:\/\/canverditicaret.com\/\"},{\"@type\":\"ListItem\",\"position\":2,\"name\":\"Ma\u011faza\",\"item\":\"https:\/\/canverditicaret.com\/shop\/\"},{\"@type\":\"ListItem\",\"position\":3,\"name\":\"BOSCH GCO 14-24 J PROF\u0130L KESME MAK\u0130NES\u0130\"}]},{\"@type\":\"WebSite\",\"@id\":\"https:\/\/canverditicaret.com\/#website\",\"url\":\"https:\/\/canverditicaret.com\/\",\"name\":\"Can Verdi Ticaret\",\"description\":\"Can Verdi Ticaret\",\"potentialAction\":[{\"@type\":\"SearchAction\",\"target\":{\"@type\":\"EntryPoint\",\"urlTemplate\":\"https:\/\/canverditicaret.com\/?s={search_term_string}\"},\"query-input\":\"required name=search_term_string\"}],\"inLanguage\":\"en-US\"}]}<\/script>\n<!-- \/ Yoast SEO plugin. -->","yoast_head_json":{"title":"BOSCH GCO 14-24 J PROF\u0130L KESME MAK\u0130NES\u0130 - Can Verdi Ticaret","description":"BOSCH GCO 14-24 J Profil Kesme Makinesi, y\u00fcksek performansl\u0131 2400 W motoru ile metal kesim i\u015flemlerinde maksimum verimlilik sunar. Dayan\u0131kl\u0131 yap\u0131s\u0131, kolay ta\u015f\u0131nabilirli\u011fi ve hassas kesim kabiliyetiyle profesyonel kullan\u0131c\u0131lar i\u00e7in ideal bir \u00e7\u00f6z\u00fcmd\u00fcr.","robots":{"index":"index","follow":"follow","max-snippet":"max-snippet:-1","max-image-preview":"max-image-preview:large","max-video-preview":"max-video-preview:-1"},"canonical":"https:\/\/canverditicaret.com\/en\/product\/bosch-gco-14-24-j-profil-kesme-makinesi\/","og_locale":"en_US","og_type":"article","og_title":"BOSCH GCO 14-24 J PROF\u0130L KESME MAK\u0130NES\u0130 - Can Verdi Ticaret","og_description":"BOSCH GCO 14-24 J Profil Kesme Makinesi, y\u00fcksek performansl\u0131 2400 W motoru ile metal kesim i\u015flemlerinde maksimum verimlilik sunar. Dayan\u0131kl\u0131 yap\u0131s\u0131, kolay ta\u015f\u0131nabilirli\u011fi ve hassas kesim kabiliyetiyle profesyonel kullan\u0131c\u0131lar i\u00e7in ideal bir \u00e7\u00f6z\u00fcmd\u00fcr.","og_url":"https:\/\/canverditicaret.com\/en\/product\/bosch-gco-14-24-j-profil-kesme-makinesi\/","og_site_name":"Can Verdi Ticaret","article_modified_time":"2025-05-09T19:30:40+00:00","og_image":[{"width":1024,"height":1024,"url":"https:\/\/canverditicaret.com\/wp-content\/uploads\/2024\/01\/1000447717.png","type":"image\/png"}],"twitter_card":"summary_large_image","twitter_misc":{"Est. reading time":"1 minute"},"schema":{"@context":"https:\/\/schema.org","@graph":[{"@type":"WebPage","@id":"https:\/\/canverditicaret.com\/urun\/bosch-gco-14-24-j-profil-kesme-makinesi\/","url":"https:\/\/canverditicaret.com\/urun\/bosch-gco-14-24-j-profil-kesme-makinesi\/","name":"BOSCH GCO 14-24 J PROF\u0130L KESME MAK\u0130NES\u0130 - Can Verdi Ticaret","isPartOf":{"@id":"https:\/\/canverditicaret.com\/#website"},"datePublished":"2024-01-27T00:32:08+00:00","dateModified":"2025-05-09T19:30:40+00:00","description":"BOSCH GCO 14-24 J Profil Kesme Makinesi, y\u00fcksek performansl\u0131 2400 W motoru ile metal kesim i\u015flemlerinde maksimum verimlilik sunar. Dayan\u0131kl\u0131 yap\u0131s\u0131, kolay ta\u015f\u0131nabilirli\u011fi ve hassas kesim kabiliyetiyle profesyonel kullan\u0131c\u0131lar i\u00e7in ideal bir \u00e7\u00f6z\u00fcmd\u00fcr.","breadcrumb":{"@id":"https:\/\/canverditicaret.com\/urun\/bosch-gco-14-24-j-profil-kesme-makinesi\/#breadcrumb"},"inLanguage":"en-US","potentialAction":[{"@type":"ReadAction","target":["https:\/\/canverditicaret.com\/urun\/bosch-gco-14-24-j-profil-kesme-makinesi\/"]}]},{"@type":"BreadcrumbList","@id":"https:\/\/canverditicaret.com\/urun\/bosch-gco-14-24-j-profil-kesme-makinesi\/#breadcrumb","itemListElement":[{"@type":"ListItem","position":1,"name":"Anasayfa","item":"https:\/\/canverditicaret.com\/"},{"@type":"ListItem","position":2,"name":"Ma\u011faza","item":"https:\/\/canverditicaret.com\/shop\/"},{"@type":"ListItem","position":3,"name":"BOSCH GCO 14-24 J PROF\u0130L KESME MAK\u0130NES\u0130"}]},{"@type":"WebSite","@id":"https:\/\/canverditicaret.com\/#website","url":"https:\/\/canverditicaret.com\/","name":"Can Verdi Ticaret","description":"Can Verdi Ticaret","potentialAction":[{"@type":"SearchAction","target":{"@type":"EntryPoint","urlTemplate":"https:\/\/canverditicaret.com\/?s={search_term_string}"},"query-input":"required name=search_term_string"}],"inLanguage":"en-US"}]}},"_links":{"self":[{"href":"https:\/\/canverditicaret.com\/en\/wp-json\/wp\/v2\/product\/16133","targetHints":{"allow":["GET"]}}],"collection":[{"href":"https:\/\/canverditicaret.com\/en\/wp-json\/wp\/v2\/product"}],"about":[{"href":"https:\/\/canverditicaret.com\/en\/wp-json\/wp\/v2\/types\/product"}],"replies":[{"embeddable":true,"href":"https:\/\/canverditicaret.com\/en\/wp-json\/wp\/v2\/comments?post=16133"}],"version-history":[{"count":3,"href":"https:\/\/canverditicaret.com\/en\/wp-json\/wp\/v2\/product\/16133\/revisions"}],"predecessor-version":[{"id":17465,"href":"https:\/\/canverditicaret.com\/en\/wp-json\/wp\/v2\/product\/16133\/revisions\/17465"}],"wp:featuredmedia":[{"embeddable":true,"href":"https:\/\/canverditicaret.com\/en\/wp-json\/wp\/v2\/media\/16460"}],"wp:attachment":[{"href":"https:\/\/canverditicaret.com\/en\/wp-json\/wp\/v2\/media?parent=16133"}],"wp:term":[{"taxonomy":"product_cat","embeddable":true,"href":"https:\/\/canverditicaret.com\/en\/wp-json\/wp\/v2\/product_cat?post=16133"},{"taxonomy":"product_tag","embeddable":true,"href":"https:\/\/canverditicaret.com\/en\/wp-json\/wp\/v2\/product_tag?post=16133"}],"curies":[{"name":"wp","href":"https:\/\/api.w.org\/{rel}","templated":true}]}}