{"id":16129,"date":"2024-01-27T03:55:33","date_gmt":"2024-01-27T00:55:33","guid":{"rendered":"https:\/\/canverditicaret.com\/?post_type=product&#038;p=16129"},"modified":"2025-02-16T16:06:16","modified_gmt":"2025-02-16T13:06:16","slug":"bosch-gcm-18v-305-gdc-solo-gonye-kesme-makinesi","status":"publish","type":"product","link":"https:\/\/canverditicaret.com\/en\/product\/bosch-gcm-18v-305-gdc-solo-gonye-kesme-makinesi\/","title":{"rendered":"BOSCH GCM 18V-305 GDC SOLO MITER CUTTING MACHINE"},"content":{"rendered":"<table class=\"table table-borderless table-layout-fixed table-striped table-hover bg-lg-c255 mb-0\">\n<tbody>\n<tr>\n<th>Blade Diameter<\/th>\n<td>305mm<\/td>\n<\/tr>\n<tr>\n<th>No Load Speed<\/th>\n<td>4000 rpm<\/td>\n<\/tr>\n<tr>\n<th>Weight<\/th>\n<td>32.7kg<\/td>\n<\/tr>\n<\/tbody>\n<\/table>","protected":false},"excerpt":{"rendered":"<p>Blade Diameter 305 mm Unloaded Speed 4000 rpm Weight 32.7 kg<\/p>","protected":false},"featured_media":16466,"comment_status":"open","ping_status":"closed","template":"","meta":[],"product_cat":[79],"product_tag":[],"class_list":["post-16129","product","type-product","status-publish","has-post-thumbnail","hentry","product_cat-elektrikli-el-aletleri"],"yoast_head":"<!-- This site is optimized with the Yoast SEO plugin v21.6 - https:\/\/yoast.com\/wordpress\/plugins\/seo\/ -->\n<title>BOSCH GCM 18V-305 GDC SOLO G\u00d6NYE KESME MAK\u0130NES\u0130 - Can Verdi Ticaret<\/title>\n<meta name=\"robots\" content=\"index, follow, max-snippet:-1, max-image-preview:large, max-video-preview:-1\" \/>\n<link rel=\"canonical\" href=\"https:\/\/canverditicaret.com\/en\/product\/bosch-gcm-18v-305-gdc-solo-gonye-kesme-makinesi\/\" \/>\n<meta property=\"og:locale\" content=\"en_US\" \/>\n<meta property=\"og:type\" content=\"article\" \/>\n<meta property=\"og:title\" content=\"BOSCH GCM 18V-305 GDC SOLO G\u00d6NYE KESME MAK\u0130NES\u0130 - Can Verdi Ticaret\" \/>\n<meta property=\"og:description\" content=\"B\u0131\u00e7ak \u00c7ap\u0131 305 mm Y\u00fcks\u00fcz H\u0131z\u0131 4000 dev\/dk A\u011f\u0131rl\u0131k 32.7 kg\" \/>\n<meta property=\"og:url\" content=\"https:\/\/canverditicaret.com\/en\/product\/bosch-gcm-18v-305-gdc-solo-gonye-kesme-makinesi\/\" \/>\n<meta property=\"og:site_name\" content=\"Can Verdi Ticaret\" \/>\n<meta property=\"article:modified_time\" content=\"2025-02-16T13:06:16+00:00\" \/>\n<meta property=\"og:image\" content=\"https:\/\/canverditicaret.com\/wp-content\/uploads\/2024\/01\/1000447736.png\" \/>\n\t<meta property=\"og:image:width\" content=\"1024\" \/>\n\t<meta property=\"og:image:height\" content=\"1024\" \/>\n\t<meta property=\"og:image:type\" content=\"image\/png\" \/>\n<meta name=\"twitter:card\" content=\"summary_large_image\" \/>\n<meta name=\"twitter:label1\" content=\"Est. reading time\" \/>\n\t<meta name=\"twitter:data1\" content=\"1 minute\" \/>\n<script type=\"application\/ld+json\" class=\"yoast-schema-graph\">{\"@context\":\"https:\/\/schema.org\",\"@graph\":[{\"@type\":\"WebPage\",\"@id\":\"https:\/\/canverditicaret.com\/urun\/bosch-gcm-18v-305-gdc-solo-gonye-kesme-makinesi\/\",\"url\":\"https:\/\/canverditicaret.com\/urun\/bosch-gcm-18v-305-gdc-solo-gonye-kesme-makinesi\/\",\"name\":\"BOSCH GCM 18V-305 GDC SOLO G\u00d6NYE KESME MAK\u0130NES\u0130 - Can Verdi Ticaret\",\"isPartOf\":{\"@id\":\"https:\/\/canverditicaret.com\/#website\"},\"datePublished\":\"2024-01-27T00:55:33+00:00\",\"dateModified\":\"2025-02-16T13:06:16+00:00\",\"breadcrumb\":{\"@id\":\"https:\/\/canverditicaret.com\/urun\/bosch-gcm-18v-305-gdc-solo-gonye-kesme-makinesi\/#breadcrumb\"},\"inLanguage\":\"en-US\",\"potentialAction\":[{\"@type\":\"ReadAction\",\"target\":[\"https:\/\/canverditicaret.com\/urun\/bosch-gcm-18v-305-gdc-solo-gonye-kesme-makinesi\/\"]}]},{\"@type\":\"BreadcrumbList\",\"@id\":\"https:\/\/canverditicaret.com\/urun\/bosch-gcm-18v-305-gdc-solo-gonye-kesme-makinesi\/#breadcrumb\",\"itemListElement\":[{\"@type\":\"ListItem\",\"position\":1,\"name\":\"Anasayfa\",\"item\":\"https:\/\/canverditicaret.com\/\"},{\"@type\":\"ListItem\",\"position\":2,\"name\":\"Ma\u011faza\",\"item\":\"https:\/\/canverditicaret.com\/shop\/\"},{\"@type\":\"ListItem\",\"position\":3,\"name\":\"BOSCH GCM 18V-305 GDC SOLO G\u00d6NYE KESME MAK\u0130NES\u0130\"}]},{\"@type\":\"WebSite\",\"@id\":\"https:\/\/canverditicaret.com\/#website\",\"url\":\"https:\/\/canverditicaret.com\/\",\"name\":\"Can Verdi Ticaret\",\"description\":\"Can Verdi Ticaret\",\"potentialAction\":[{\"@type\":\"SearchAction\",\"target\":{\"@type\":\"EntryPoint\",\"urlTemplate\":\"https:\/\/canverditicaret.com\/?s={search_term_string}\"},\"query-input\":\"required name=search_term_string\"}],\"inLanguage\":\"en-US\"}]}<\/script>\n<!-- \/ Yoast SEO plugin. -->","yoast_head_json":{"title":"BOSCH GCM 18V-305 GDC SOLO G\u00d6NYE KESME MAK\u0130NES\u0130 - Can Verdi Ticaret","robots":{"index":"index","follow":"follow","max-snippet":"max-snippet:-1","max-image-preview":"max-image-preview:large","max-video-preview":"max-video-preview:-1"},"canonical":"https:\/\/canverditicaret.com\/en\/product\/bosch-gcm-18v-305-gdc-solo-gonye-kesme-makinesi\/","og_locale":"en_US","og_type":"article","og_title":"BOSCH GCM 18V-305 GDC SOLO G\u00d6NYE KESME MAK\u0130NES\u0130 - Can Verdi Ticaret","og_description":"B\u0131\u00e7ak \u00c7ap\u0131 305 mm Y\u00fcks\u00fcz H\u0131z\u0131 4000 dev\/dk A\u011f\u0131rl\u0131k 32.7 kg","og_url":"https:\/\/canverditicaret.com\/en\/product\/bosch-gcm-18v-305-gdc-solo-gonye-kesme-makinesi\/","og_site_name":"Can Verdi Ticaret","article_modified_time":"2025-02-16T13:06:16+00:00","og_image":[{"width":1024,"height":1024,"url":"https:\/\/canverditicaret.com\/wp-content\/uploads\/2024\/01\/1000447736.png","type":"image\/png"}],"twitter_card":"summary_large_image","twitter_misc":{"Est. reading time":"1 minute"},"schema":{"@context":"https:\/\/schema.org","@graph":[{"@type":"WebPage","@id":"https:\/\/canverditicaret.com\/urun\/bosch-gcm-18v-305-gdc-solo-gonye-kesme-makinesi\/","url":"https:\/\/canverditicaret.com\/urun\/bosch-gcm-18v-305-gdc-solo-gonye-kesme-makinesi\/","name":"BOSCH GCM 18V-305 GDC SOLO G\u00d6NYE KESME MAK\u0130NES\u0130 - Can Verdi Ticaret","isPartOf":{"@id":"https:\/\/canverditicaret.com\/#website"},"datePublished":"2024-01-27T00:55:33+00:00","dateModified":"2025-02-16T13:06:16+00:00","breadcrumb":{"@id":"https:\/\/canverditicaret.com\/urun\/bosch-gcm-18v-305-gdc-solo-gonye-kesme-makinesi\/#breadcrumb"},"inLanguage":"en-US","potentialAction":[{"@type":"ReadAction","target":["https:\/\/canverditicaret.com\/urun\/bosch-gcm-18v-305-gdc-solo-gonye-kesme-makinesi\/"]}]},{"@type":"BreadcrumbList","@id":"https:\/\/canverditicaret.com\/urun\/bosch-gcm-18v-305-gdc-solo-gonye-kesme-makinesi\/#breadcrumb","itemListElement":[{"@type":"ListItem","position":1,"name":"Anasayfa","item":"https:\/\/canverditicaret.com\/"},{"@type":"ListItem","position":2,"name":"Ma\u011faza","item":"https:\/\/canverditicaret.com\/shop\/"},{"@type":"ListItem","position":3,"name":"BOSCH GCM 18V-305 GDC SOLO G\u00d6NYE KESME MAK\u0130NES\u0130"}]},{"@type":"WebSite","@id":"https:\/\/canverditicaret.com\/#website","url":"https:\/\/canverditicaret.com\/","name":"Can Verdi Ticaret","description":"Can Verdi Ticaret","potentialAction":[{"@type":"SearchAction","target":{"@type":"EntryPoint","urlTemplate":"https:\/\/canverditicaret.com\/?s={search_term_string}"},"query-input":"required name=search_term_string"}],"inLanguage":"en-US"}]}},"_links":{"self":[{"href":"https:\/\/canverditicaret.com\/en\/wp-json\/wp\/v2\/product\/16129","targetHints":{"allow":["GET"]}}],"collection":[{"href":"https:\/\/canverditicaret.com\/en\/wp-json\/wp\/v2\/product"}],"about":[{"href":"https:\/\/canverditicaret.com\/en\/wp-json\/wp\/v2\/types\/product"}],"replies":[{"embeddable":true,"href":"https:\/\/canverditicaret.com\/en\/wp-json\/wp\/v2\/comments?post=16129"}],"version-history":[{"count":1,"href":"https:\/\/canverditicaret.com\/en\/wp-json\/wp\/v2\/product\/16129\/revisions"}],"predecessor-version":[{"id":16130,"href":"https:\/\/canverditicaret.com\/en\/wp-json\/wp\/v2\/product\/16129\/revisions\/16130"}],"wp:featuredmedia":[{"embeddable":true,"href":"https:\/\/canverditicaret.com\/en\/wp-json\/wp\/v2\/media\/16466"}],"wp:attachment":[{"href":"https:\/\/canverditicaret.com\/en\/wp-json\/wp\/v2\/media?parent=16129"}],"wp:term":[{"taxonomy":"product_cat","embeddable":true,"href":"https:\/\/canverditicaret.com\/en\/wp-json\/wp\/v2\/product_cat?post=16129"},{"taxonomy":"product_tag","embeddable":true,"href":"https:\/\/canverditicaret.com\/en\/wp-json\/wp\/v2\/product_tag?post=16129"}],"curies":[{"name":"wp","href":"https:\/\/api.w.org\/{rel}","templated":true}]}}