{"id":16127,"date":"2024-01-27T03:23:47","date_gmt":"2024-01-27T00:23:47","guid":{"rendered":"https:\/\/canverditicaret.com\/?post_type=product&#038;p=16127"},"modified":"2025-02-16T16:06:12","modified_gmt":"2025-02-16T13:06:12","slug":"bosch-gcm-12-gdl-gonye-kesme-makinesi","status":"publish","type":"product","link":"https:\/\/canverditicaret.com\/en\/product\/bosch-gcm-12-gdl-gonye-kesme-makinesi\/","title":{"rendered":"BOSCH GCM 12 GDL MITER CUTTING MACHINE"},"content":{"rendered":"<table class=\"table\">\n<colgroup>\n<col class=\"col-xs-5\" \/>\n<col class=\"col-xs-3\" \/><\/colgroup>\n<thead>\n<tr>\n<th colspan=\"2\">\n<h3 class=\"headline headline__redesign--blue fs16 bsBold\">Additional data<\/h3>\n<\/th>\n<\/tr>\n<\/thead>\n<tbody>\n<tr>\n<td>Rated input power<\/td>\n<td>2,000W<\/td>\n<\/tr>\n<tr>\n<td>Saw blade diameter<\/td>\n<td>305mm<\/td>\n<\/tr>\n<tr>\n<td>miter setting<\/td>\n<td>52\u00b0 Left \/ 60\u00b0 Right<\/td>\n<\/tr>\n<tr>\n<td>Incline adjustment<\/td>\n<td>47\u00b0 Left \/ 47\u00b0 Right<\/td>\n<\/tr>\n<tr>\n<td>Saw blade hub diameter<\/td>\n<td>30mm<\/td>\n<\/tr>\n<tr>\n<td>Cutting capacity 0\u00b0<\/td>\n<td>104 x 341mm<\/td>\n<\/tr>\n<tr>\n<td>Cutting capacity 45\u00b0 miter<\/td>\n<td>104 x 240mm<\/td>\n<\/tr>\n<tr>\n<td>Cutting capacity 45\u00b0 inclination<\/td>\n<td>51 x 341mm<\/td>\n<\/tr>\n<tr>\n<td>Set dimensions (width x length x height)<\/td>\n<td>670x1100x740mm<\/td>\n<\/tr>\n<tr>\n<td>Idle speed*<\/td>\n<td>4,000 rpm<\/td>\n<\/tr>\n<tr>\n<td>Weight*<\/td>\n<td>32.1kg<\/td>\n<\/tr>\n<\/tbody>\n<\/table>\n<table class=\"table\">\n<colgroup>\n<col class=\"col-xs-5\" \/>\n<col class=\"col-xs-3\" \/><\/colgroup>\n<thead>\n<tr>\n<th colspan=\"2\">\n<h3 class=\"headline headline__redesign--blue fs16 bsBold\">Total vibration value (Wood sawing)<\/h3>\n<\/th>\n<\/tr>\n<\/thead>\n<tbody>\n<tr>\n<td>Vibration emission value Ah<\/td>\n<td>2.5 m\/s\u00b2<\/td>\n<\/tr>\n<tr>\n<td>Uncertainty K<\/td>\n<td>1.5 m\/s\u00b2<\/td>\n<\/tr>\n<\/tbody>\n<\/table>\n<table class=\"table\">\n<colgroup>\n<col class=\"col-xs-5\" \/>\n<col class=\"col-xs-3\" \/><\/colgroup>\n<thead>\n<tr>\n<th colspan=\"2\">\n<h3 class=\"headline headline__redesign--blue fs16 bsBold\">Noise\/Vibration information<\/h3>\n<\/th>\n<\/tr>\n<\/thead>\n<tbody>\n<tr>\n<td>Sound pressure level<\/td>\n<td>93dB(A)<\/td>\n<\/tr>\n<tr>\n<td>sound power level<\/td>\n<td>106dB(A)<\/td>\n<\/tr>\n<tr>\n<td>Tolerance K<\/td>\n<td>3dB<\/td>\n<\/tr>\n<\/tbody>\n<\/table>\n<table class=\"table\">\n<colgroup>\n<col class=\"col-xs-5\" \/>\n<col class=\"col-xs-3\" \/><\/colgroup>\n<thead>\n<tr>\n<th colspan=\"2\">\n<h3 class=\"headline headline__redesign--blue fs16 bsBold\">wood sawing<\/h3>\n<\/th>\n<\/tr>\n<\/thead>\n<tbody>\n<tr>\n<td>Vibration emission value Ah<\/td>\n<td>2.5 m\/s\u00b2<\/td>\n<\/tr>\n<tr>\n<td>Uncertainty K<\/td>\n<td>1.5 m\/s\u00b2<\/td>\n<\/tr>\n<\/tbody>\n<\/table>","protected":false},"excerpt":{"rendered":"<p>Additional data Rated input power 2,000 W Saw blade diameter 305 mm Miter setting 52 \u00b0 Left \/ 60 \u00b0<\/p>","protected":false},"featured_media":16317,"comment_status":"open","ping_status":"closed","template":"","meta":[],"product_cat":[79],"product_tag":[],"class_list":["post-16127","product","type-product","status-publish","has-post-thumbnail","hentry","product_cat-elektrikli-el-aletleri"],"yoast_head":"<!-- This site is optimized with the Yoast SEO plugin v21.6 - https:\/\/yoast.com\/wordpress\/plugins\/seo\/ -->\n<title>BOSCH GCM 12 GDL G\u00d6NYE KESME MAK\u0130NES\u0130 - Can Verdi Ticaret<\/title>\n<meta name=\"robots\" content=\"index, follow, max-snippet:-1, max-image-preview:large, max-video-preview:-1\" \/>\n<link rel=\"canonical\" href=\"https:\/\/canverditicaret.com\/en\/product\/bosch-gcm-12-gdl-gonye-kesme-makinesi\/\" \/>\n<meta property=\"og:locale\" content=\"en_US\" \/>\n<meta property=\"og:type\" content=\"article\" \/>\n<meta property=\"og:title\" content=\"BOSCH GCM 12 GDL G\u00d6NYE KESME MAK\u0130NES\u0130 - Can Verdi Ticaret\" \/>\n<meta property=\"og:description\" content=\"Ek veriler Nominal giri\u015f g\u00fcc\u00fc 2.000 W Testere b\u0131\u00e7a\u011f\u0131 \u00e7ap\u0131 305 mm G\u00f6nye ayar\u0131 52 \u00b0 Sol \/ 60 \u00b0\" \/>\n<meta property=\"og:url\" content=\"https:\/\/canverditicaret.com\/en\/product\/bosch-gcm-12-gdl-gonye-kesme-makinesi\/\" \/>\n<meta property=\"og:site_name\" content=\"Can Verdi Ticaret\" \/>\n<meta property=\"article:modified_time\" content=\"2025-02-16T13:06:12+00:00\" \/>\n<meta property=\"og:image\" content=\"https:\/\/canverditicaret.com\/wp-content\/uploads\/2024\/01\/1000300375.png\" \/>\n\t<meta property=\"og:image:width\" content=\"1024\" \/>\n\t<meta property=\"og:image:height\" content=\"1024\" \/>\n\t<meta property=\"og:image:type\" content=\"image\/png\" \/>\n<meta name=\"twitter:card\" content=\"summary_large_image\" \/>\n<meta name=\"twitter:label1\" content=\"Est. reading time\" \/>\n\t<meta name=\"twitter:data1\" content=\"1 minute\" \/>\n<script type=\"application\/ld+json\" class=\"yoast-schema-graph\">{\"@context\":\"https:\/\/schema.org\",\"@graph\":[{\"@type\":\"WebPage\",\"@id\":\"https:\/\/canverditicaret.com\/urun\/bosch-gcm-12-gdl-gonye-kesme-makinesi\/\",\"url\":\"https:\/\/canverditicaret.com\/urun\/bosch-gcm-12-gdl-gonye-kesme-makinesi\/\",\"name\":\"BOSCH GCM 12 GDL G\u00d6NYE KESME MAK\u0130NES\u0130 - Can Verdi Ticaret\",\"isPartOf\":{\"@id\":\"https:\/\/canverditicaret.com\/#website\"},\"datePublished\":\"2024-01-27T00:23:47+00:00\",\"dateModified\":\"2025-02-16T13:06:12+00:00\",\"breadcrumb\":{\"@id\":\"https:\/\/canverditicaret.com\/urun\/bosch-gcm-12-gdl-gonye-kesme-makinesi\/#breadcrumb\"},\"inLanguage\":\"en-US\",\"potentialAction\":[{\"@type\":\"ReadAction\",\"target\":[\"https:\/\/canverditicaret.com\/urun\/bosch-gcm-12-gdl-gonye-kesme-makinesi\/\"]}]},{\"@type\":\"BreadcrumbList\",\"@id\":\"https:\/\/canverditicaret.com\/urun\/bosch-gcm-12-gdl-gonye-kesme-makinesi\/#breadcrumb\",\"itemListElement\":[{\"@type\":\"ListItem\",\"position\":1,\"name\":\"Anasayfa\",\"item\":\"https:\/\/canverditicaret.com\/\"},{\"@type\":\"ListItem\",\"position\":2,\"name\":\"Ma\u011faza\",\"item\":\"https:\/\/canverditicaret.com\/shop\/\"},{\"@type\":\"ListItem\",\"position\":3,\"name\":\"BOSCH GCM 12 GDL G\u00d6NYE KESME MAK\u0130NES\u0130\"}]},{\"@type\":\"WebSite\",\"@id\":\"https:\/\/canverditicaret.com\/#website\",\"url\":\"https:\/\/canverditicaret.com\/\",\"name\":\"Can Verdi Ticaret\",\"description\":\"Can Verdi Ticaret\",\"potentialAction\":[{\"@type\":\"SearchAction\",\"target\":{\"@type\":\"EntryPoint\",\"urlTemplate\":\"https:\/\/canverditicaret.com\/?s={search_term_string}\"},\"query-input\":\"required name=search_term_string\"}],\"inLanguage\":\"en-US\"}]}<\/script>\n<!-- \/ Yoast SEO plugin. -->","yoast_head_json":{"title":"BOSCH GCM 12 GDL G\u00d6NYE KESME MAK\u0130NES\u0130 - Can Verdi Ticaret","robots":{"index":"index","follow":"follow","max-snippet":"max-snippet:-1","max-image-preview":"max-image-preview:large","max-video-preview":"max-video-preview:-1"},"canonical":"https:\/\/canverditicaret.com\/en\/product\/bosch-gcm-12-gdl-gonye-kesme-makinesi\/","og_locale":"en_US","og_type":"article","og_title":"BOSCH GCM 12 GDL G\u00d6NYE KESME MAK\u0130NES\u0130 - Can Verdi Ticaret","og_description":"Ek veriler Nominal giri\u015f g\u00fcc\u00fc 2.000 W Testere b\u0131\u00e7a\u011f\u0131 \u00e7ap\u0131 305 mm G\u00f6nye ayar\u0131 52 \u00b0 Sol \/ 60 \u00b0","og_url":"https:\/\/canverditicaret.com\/en\/product\/bosch-gcm-12-gdl-gonye-kesme-makinesi\/","og_site_name":"Can Verdi Ticaret","article_modified_time":"2025-02-16T13:06:12+00:00","og_image":[{"width":1024,"height":1024,"url":"https:\/\/canverditicaret.com\/wp-content\/uploads\/2024\/01\/1000300375.png","type":"image\/png"}],"twitter_card":"summary_large_image","twitter_misc":{"Est. reading time":"1 minute"},"schema":{"@context":"https:\/\/schema.org","@graph":[{"@type":"WebPage","@id":"https:\/\/canverditicaret.com\/urun\/bosch-gcm-12-gdl-gonye-kesme-makinesi\/","url":"https:\/\/canverditicaret.com\/urun\/bosch-gcm-12-gdl-gonye-kesme-makinesi\/","name":"BOSCH GCM 12 GDL G\u00d6NYE KESME MAK\u0130NES\u0130 - Can Verdi Ticaret","isPartOf":{"@id":"https:\/\/canverditicaret.com\/#website"},"datePublished":"2024-01-27T00:23:47+00:00","dateModified":"2025-02-16T13:06:12+00:00","breadcrumb":{"@id":"https:\/\/canverditicaret.com\/urun\/bosch-gcm-12-gdl-gonye-kesme-makinesi\/#breadcrumb"},"inLanguage":"en-US","potentialAction":[{"@type":"ReadAction","target":["https:\/\/canverditicaret.com\/urun\/bosch-gcm-12-gdl-gonye-kesme-makinesi\/"]}]},{"@type":"BreadcrumbList","@id":"https:\/\/canverditicaret.com\/urun\/bosch-gcm-12-gdl-gonye-kesme-makinesi\/#breadcrumb","itemListElement":[{"@type":"ListItem","position":1,"name":"Anasayfa","item":"https:\/\/canverditicaret.com\/"},{"@type":"ListItem","position":2,"name":"Ma\u011faza","item":"https:\/\/canverditicaret.com\/shop\/"},{"@type":"ListItem","position":3,"name":"BOSCH GCM 12 GDL G\u00d6NYE KESME MAK\u0130NES\u0130"}]},{"@type":"WebSite","@id":"https:\/\/canverditicaret.com\/#website","url":"https:\/\/canverditicaret.com\/","name":"Can Verdi Ticaret","description":"Can Verdi Ticaret","potentialAction":[{"@type":"SearchAction","target":{"@type":"EntryPoint","urlTemplate":"https:\/\/canverditicaret.com\/?s={search_term_string}"},"query-input":"required name=search_term_string"}],"inLanguage":"en-US"}]}},"_links":{"self":[{"href":"https:\/\/canverditicaret.com\/en\/wp-json\/wp\/v2\/product\/16127","targetHints":{"allow":["GET"]}}],"collection":[{"href":"https:\/\/canverditicaret.com\/en\/wp-json\/wp\/v2\/product"}],"about":[{"href":"https:\/\/canverditicaret.com\/en\/wp-json\/wp\/v2\/types\/product"}],"replies":[{"embeddable":true,"href":"https:\/\/canverditicaret.com\/en\/wp-json\/wp\/v2\/comments?post=16127"}],"version-history":[{"count":2,"href":"https:\/\/canverditicaret.com\/en\/wp-json\/wp\/v2\/product\/16127\/revisions"}],"predecessor-version":[{"id":16395,"href":"https:\/\/canverditicaret.com\/en\/wp-json\/wp\/v2\/product\/16127\/revisions\/16395"}],"wp:featuredmedia":[{"embeddable":true,"href":"https:\/\/canverditicaret.com\/en\/wp-json\/wp\/v2\/media\/16317"}],"wp:attachment":[{"href":"https:\/\/canverditicaret.com\/en\/wp-json\/wp\/v2\/media?parent=16127"}],"wp:term":[{"taxonomy":"product_cat","embeddable":true,"href":"https:\/\/canverditicaret.com\/en\/wp-json\/wp\/v2\/product_cat?post=16127"},{"taxonomy":"product_tag","embeddable":true,"href":"https:\/\/canverditicaret.com\/en\/wp-json\/wp\/v2\/product_tag?post=16127"}],"curies":[{"name":"wp","href":"https:\/\/api.w.org\/{rel}","templated":true}]}}