{"id":16123,"date":"2024-01-27T03:20:52","date_gmt":"2024-01-27T00:20:52","guid":{"rendered":"https:\/\/canverditicaret.com\/?post_type=product&#038;p=16123"},"modified":"2025-02-16T16:06:11","modified_gmt":"2025-02-16T13:06:11","slug":"bosch-gcl-2-50-lazer","status":"publish","type":"product","link":"https:\/\/canverditicaret.com\/en\/product\/bosch-gcl-2-50-lazer\/","title":{"rendered":"BOSCH GCL 2-50 LASER"},"content":{"rendered":"<table class=\"table\">\n<tbody>\n<tr>\n<td>Working range with receiver, value<\/td>\n<td>50m<\/td>\n<\/tr>\n<tr>\n<td>Protection against dust and spray water<\/td>\n<td>IP 54 *** (***excluding lithium-ion battery and AA1 battery adapter)<\/td>\n<\/tr>\n<tr>\n<td>battery voltage<\/td>\n<td>12<\/td>\n<\/tr>\n<tr>\n<td>Operating range, value<\/td>\n<td>20m<\/td>\n<\/tr>\n<tr>\n<td>laser diode<\/td>\n<td>635 \u2013 650 nm<\/td>\n<\/tr>\n<tr>\n<td>operating temperature<\/td>\n<td>-10 \u2013 50 \u00b0C<\/td>\n<\/tr>\n<tr>\n<td>storage temperature<\/td>\n<td>-20 \u2013 70 \u00b0C<\/td>\n<\/tr>\n<tr>\n<td>laser class<\/td>\n<td>2<\/td>\n<\/tr>\n<tr>\n<td>Working area*<\/td>\n<td>20m<\/td>\n<\/tr>\n<tr>\n<td>Working range with receiver*<\/td>\n<td>50m<\/td>\n<\/tr>\n<tr>\n<td>Leveling precision*<\/td>\n<td>\u00b1 0.3 mm\/m* (*plus deviation due to use)<\/td>\n<\/tr>\n<tr>\n<td>Working range of laser points, max.*<\/td>\n<td>10 m (up), 10 m (down)<\/td>\n<\/tr>\n<tr>\n<td>Auto leveling area<\/td>\n<td>\u00b1 4\u00b0<\/td>\n<\/tr>\n<tr>\n<td>current supply<\/td>\n<td>12 V li-ion or 4 x 1.5 V LR6 (AA)<\/td>\n<\/tr>\n<tr>\n<td>Operating time, max.<\/td>\n<td>18 h (Lithium-Ion) and 10 h (4 x AA) in cross-line and spot operation, 25 h (Lithium-Ion) and 16 h (4 x AA) in cross-line operation, 35 h (Lithium-Ion) and 28 h (4 x AA) x AA), in line operation, 60 hours (Lithium Ion) and 32 hours (4 x AA), in spot operation<\/td>\n<\/tr>\n<tr>\n<td>static tooth<\/td>\n<td>1\/4&#8243;<\/td>\n<\/tr>\n<tr>\n<td>Weight, approx.**<\/td>\n<td>0.6kg<\/td>\n<\/tr>\n<tr>\n<td>Color of laser line<\/td>\n<td>red<\/td>\n<\/tr>\n<tr>\n<td>Color of plumb points<\/td>\n<td>red<\/td>\n<\/tr>\n<tr>\n<td>Projection<\/td>\n<td>2 dashes \/ 2 dots<\/td>\n<\/tr>\n<tr>\n<td>Vertical point sensitivity***<\/td>\n<td>\u00b1 0.7 mm\/m* (*plus deviation due to use)<\/td>\n<\/tr>\n<tr>\n<td>Compatible laser receivers<\/td>\n<td>LR 6 + 7<\/td>\n<\/tr>\n<\/tbody>\n<\/table>","protected":false},"excerpt":{"rendered":"<p>Operating range with receiver, value 50 m Protection against dust and spray water IP 54 *** (***with lithium-ion battery and<\/p>","protected":false},"featured_media":16335,"comment_status":"open","ping_status":"closed","template":"","meta":[],"product_cat":[79],"product_tag":[],"class_list":["post-16123","product","type-product","status-publish","has-post-thumbnail","hentry","product_cat-elektrikli-el-aletleri"],"yoast_head":"<!-- This site is optimized with the Yoast SEO plugin v21.6 - https:\/\/yoast.com\/wordpress\/plugins\/seo\/ -->\n<title>BOSCH GCL 2-50 LAZER - Can Verdi Ticaret<\/title>\n<meta name=\"robots\" content=\"index, follow, max-snippet:-1, max-image-preview:large, max-video-preview:-1\" \/>\n<link rel=\"canonical\" href=\"https:\/\/canverditicaret.com\/en\/product\/bosch-gcl-2-50-lazer\/\" \/>\n<meta property=\"og:locale\" content=\"en_US\" \/>\n<meta property=\"og:type\" content=\"article\" \/>\n<meta property=\"og:title\" content=\"BOSCH GCL 2-50 LAZER - Can Verdi Ticaret\" \/>\n<meta property=\"og:description\" content=\"Al\u0131c\u0131 ile \u00e7al\u0131\u015fma aral\u0131\u011f\u0131, de\u011fer 50 m Toza ve p\u00fcsk\u00fcrtme suyuna kar\u015f\u0131 koruma IP 54 *** (***lityum iyon ak\u00fc ve\" \/>\n<meta property=\"og:url\" content=\"https:\/\/canverditicaret.com\/en\/product\/bosch-gcl-2-50-lazer\/\" \/>\n<meta property=\"og:site_name\" content=\"Can Verdi Ticaret\" \/>\n<meta property=\"article:modified_time\" content=\"2025-02-16T13:06:11+00:00\" \/>\n<meta property=\"og:image\" content=\"https:\/\/canverditicaret.com\/wp-content\/uploads\/2024\/01\/1000416107.png\" \/>\n\t<meta property=\"og:image:width\" content=\"1024\" \/>\n\t<meta property=\"og:image:height\" content=\"1024\" \/>\n\t<meta property=\"og:image:type\" content=\"image\/png\" \/>\n<meta name=\"twitter:card\" content=\"summary_large_image\" \/>\n<meta name=\"twitter:label1\" content=\"Est. reading time\" \/>\n\t<meta name=\"twitter:data1\" content=\"2 minutes\" \/>\n<script type=\"application\/ld+json\" class=\"yoast-schema-graph\">{\"@context\":\"https:\/\/schema.org\",\"@graph\":[{\"@type\":\"WebPage\",\"@id\":\"https:\/\/canverditicaret.com\/urun\/bosch-gcl-2-50-lazer\/\",\"url\":\"https:\/\/canverditicaret.com\/urun\/bosch-gcl-2-50-lazer\/\",\"name\":\"BOSCH GCL 2-50 LAZER - Can Verdi Ticaret\",\"isPartOf\":{\"@id\":\"https:\/\/canverditicaret.com\/#website\"},\"datePublished\":\"2024-01-27T00:20:52+00:00\",\"dateModified\":\"2025-02-16T13:06:11+00:00\",\"breadcrumb\":{\"@id\":\"https:\/\/canverditicaret.com\/urun\/bosch-gcl-2-50-lazer\/#breadcrumb\"},\"inLanguage\":\"en-US\",\"potentialAction\":[{\"@type\":\"ReadAction\",\"target\":[\"https:\/\/canverditicaret.com\/urun\/bosch-gcl-2-50-lazer\/\"]}]},{\"@type\":\"BreadcrumbList\",\"@id\":\"https:\/\/canverditicaret.com\/urun\/bosch-gcl-2-50-lazer\/#breadcrumb\",\"itemListElement\":[{\"@type\":\"ListItem\",\"position\":1,\"name\":\"Anasayfa\",\"item\":\"https:\/\/canverditicaret.com\/\"},{\"@type\":\"ListItem\",\"position\":2,\"name\":\"Ma\u011faza\",\"item\":\"https:\/\/canverditicaret.com\/shop\/\"},{\"@type\":\"ListItem\",\"position\":3,\"name\":\"BOSCH GCL 2-50 LAZER\"}]},{\"@type\":\"WebSite\",\"@id\":\"https:\/\/canverditicaret.com\/#website\",\"url\":\"https:\/\/canverditicaret.com\/\",\"name\":\"Can Verdi Ticaret\",\"description\":\"Can Verdi Ticaret\",\"potentialAction\":[{\"@type\":\"SearchAction\",\"target\":{\"@type\":\"EntryPoint\",\"urlTemplate\":\"https:\/\/canverditicaret.com\/?s={search_term_string}\"},\"query-input\":\"required name=search_term_string\"}],\"inLanguage\":\"en-US\"}]}<\/script>\n<!-- \/ Yoast SEO plugin. -->","yoast_head_json":{"title":"BOSCH GCL 2-50 LAZER - Can Verdi Ticaret","robots":{"index":"index","follow":"follow","max-snippet":"max-snippet:-1","max-image-preview":"max-image-preview:large","max-video-preview":"max-video-preview:-1"},"canonical":"https:\/\/canverditicaret.com\/en\/product\/bosch-gcl-2-50-lazer\/","og_locale":"en_US","og_type":"article","og_title":"BOSCH GCL 2-50 LAZER - Can Verdi Ticaret","og_description":"Al\u0131c\u0131 ile \u00e7al\u0131\u015fma aral\u0131\u011f\u0131, de\u011fer 50 m Toza ve p\u00fcsk\u00fcrtme suyuna kar\u015f\u0131 koruma IP 54 *** (***lityum iyon ak\u00fc ve","og_url":"https:\/\/canverditicaret.com\/en\/product\/bosch-gcl-2-50-lazer\/","og_site_name":"Can Verdi Ticaret","article_modified_time":"2025-02-16T13:06:11+00:00","og_image":[{"width":1024,"height":1024,"url":"https:\/\/canverditicaret.com\/wp-content\/uploads\/2024\/01\/1000416107.png","type":"image\/png"}],"twitter_card":"summary_large_image","twitter_misc":{"Est. reading time":"2 minutes"},"schema":{"@context":"https:\/\/schema.org","@graph":[{"@type":"WebPage","@id":"https:\/\/canverditicaret.com\/urun\/bosch-gcl-2-50-lazer\/","url":"https:\/\/canverditicaret.com\/urun\/bosch-gcl-2-50-lazer\/","name":"BOSCH GCL 2-50 LAZER - Can Verdi Ticaret","isPartOf":{"@id":"https:\/\/canverditicaret.com\/#website"},"datePublished":"2024-01-27T00:20:52+00:00","dateModified":"2025-02-16T13:06:11+00:00","breadcrumb":{"@id":"https:\/\/canverditicaret.com\/urun\/bosch-gcl-2-50-lazer\/#breadcrumb"},"inLanguage":"en-US","potentialAction":[{"@type":"ReadAction","target":["https:\/\/canverditicaret.com\/urun\/bosch-gcl-2-50-lazer\/"]}]},{"@type":"BreadcrumbList","@id":"https:\/\/canverditicaret.com\/urun\/bosch-gcl-2-50-lazer\/#breadcrumb","itemListElement":[{"@type":"ListItem","position":1,"name":"Anasayfa","item":"https:\/\/canverditicaret.com\/"},{"@type":"ListItem","position":2,"name":"Ma\u011faza","item":"https:\/\/canverditicaret.com\/shop\/"},{"@type":"ListItem","position":3,"name":"BOSCH GCL 2-50 LAZER"}]},{"@type":"WebSite","@id":"https:\/\/canverditicaret.com\/#website","url":"https:\/\/canverditicaret.com\/","name":"Can Verdi Ticaret","description":"Can Verdi Ticaret","potentialAction":[{"@type":"SearchAction","target":{"@type":"EntryPoint","urlTemplate":"https:\/\/canverditicaret.com\/?s={search_term_string}"},"query-input":"required name=search_term_string"}],"inLanguage":"en-US"}]}},"_links":{"self":[{"href":"https:\/\/canverditicaret.com\/en\/wp-json\/wp\/v2\/product\/16123","targetHints":{"allow":["GET"]}}],"collection":[{"href":"https:\/\/canverditicaret.com\/en\/wp-json\/wp\/v2\/product"}],"about":[{"href":"https:\/\/canverditicaret.com\/en\/wp-json\/wp\/v2\/types\/product"}],"replies":[{"embeddable":true,"href":"https:\/\/canverditicaret.com\/en\/wp-json\/wp\/v2\/comments?post=16123"}],"version-history":[{"count":1,"href":"https:\/\/canverditicaret.com\/en\/wp-json\/wp\/v2\/product\/16123\/revisions"}],"predecessor-version":[{"id":16124,"href":"https:\/\/canverditicaret.com\/en\/wp-json\/wp\/v2\/product\/16123\/revisions\/16124"}],"wp:featuredmedia":[{"embeddable":true,"href":"https:\/\/canverditicaret.com\/en\/wp-json\/wp\/v2\/media\/16335"}],"wp:attachment":[{"href":"https:\/\/canverditicaret.com\/en\/wp-json\/wp\/v2\/media?parent=16123"}],"wp:term":[{"taxonomy":"product_cat","embeddable":true,"href":"https:\/\/canverditicaret.com\/en\/wp-json\/wp\/v2\/product_cat?post=16123"},{"taxonomy":"product_tag","embeddable":true,"href":"https:\/\/canverditicaret.com\/en\/wp-json\/wp\/v2\/product_tag?post=16123"}],"curies":[{"name":"wp","href":"https:\/\/api.w.org\/{rel}","templated":true}]}}