{"id":16109,"date":"2024-01-27T03:27:50","date_gmt":"2024-01-27T00:27:50","guid":{"rendered":"https:\/\/canverditicaret.com\/?post_type=product&#038;p=16109"},"modified":"2025-02-16T16:06:12","modified_gmt":"2025-02-16T13:06:12","slug":"bosch-gbh-228-f-kir-del-850w","status":"publish","type":"product","link":"https:\/\/canverditicaret.com\/en\/product\/bosch-gbh-228-f-kir-del-850w\/","title":{"rendered":"BOSCH GBH 228 F RED DEL. 850W"},"content":{"rendered":"<table class=\"table table-borderless table-layout-fixed table-striped table-hover bg-lg-c255 mb-0\">\n<tbody>\n<tr>\n<th>Height<\/th>\n<td>17.2cm<\/td>\n<\/tr>\n<tr>\n<th>Width<\/th>\n<td>40.8cm<\/td>\n<\/tr>\n<tr>\n<th>Depth<\/th>\n<td>44.2cm<\/td>\n<\/tr>\n<tr>\n<th>Weight<\/th>\n<td>5.9kg<\/td>\n<\/tr>\n<tr>\n<th>Hit Rate<\/th>\n<td>4000 blows\/min<\/td>\n<\/tr>\n<tr>\n<th>Junction Box Opening<\/th>\n<td>68mm<\/td>\n<\/tr>\n<tr>\n<th>Product Type<\/th>\n<td>Crusher and Driller<\/td>\n<\/tr>\n<tr>\n<th>Depth Bar<\/th>\n<td>None<\/td>\n<\/tr>\n<tr>\n<th>Side Handle<\/th>\n<td>There is<\/td>\n<\/tr>\n<tr>\n<th>Right Left Turn<\/th>\n<td>None<\/td>\n<\/tr>\n<tr>\n<th>Brushless Engine<\/th>\n<td>None<\/td>\n<\/tr>\n<tr>\n<th>Led Light<\/th>\n<td>No<\/td>\n<\/tr>\n<tr>\n<th>Engine Type<\/th>\n<td>Electric<\/td>\n<\/tr>\n<tr>\n<th>Overload Protection<\/th>\n<td>None<\/td>\n<\/tr>\n<tr>\n<th>Impact Power<\/th>\n<td>3.2J<\/td>\n<\/tr>\n<tr>\n<th>Number of Revolutions<\/th>\n<td>0-900 rpm<\/td>\n<\/tr>\n<tr>\n<th>Number of Blows<\/th>\n<td>0-4000 pulses\/min<\/td>\n<\/tr>\n<tr>\n<th>Tip Holder<\/th>\n<td>SDS+<\/td>\n<\/tr>\n<tr>\n<th>Maximum Drilling Capacity \u2013 Wood<\/th>\n<td>30mm<\/td>\n<\/tr>\n<tr>\n<th>Maximum Drilling Capacity \u2013 Junction Opening<\/th>\n<td>68mm<\/td>\n<\/tr>\n<tr>\n<th>Maximum Drilling Capacity \u2013 Metal<\/th>\n<td>13mm<\/td>\n<\/tr>\n<tr>\n<th>Carrying Bag<\/th>\n<td>There is<\/td>\n<\/tr>\n<tr>\n<th>Strength<\/th>\n<td>850 Watts<\/td>\n<\/tr>\n<\/tbody>\n<\/table>","protected":false},"excerpt":{"rendered":"<p>Height 17.2 cm Width 40.8 cm Depth 44.2 cm Weight 5.9 kg Impact Rate 4000 blows\/min Junction Box Opening 68 mm<\/p>","protected":false},"featured_media":16290,"comment_status":"open","ping_status":"closed","template":"","meta":[],"product_cat":[79],"product_tag":[],"class_list":["post-16109","product","type-product","status-publish","has-post-thumbnail","hentry","product_cat-elektrikli-el-aletleri"],"yoast_head":"<!-- This site is optimized with the Yoast SEO plugin v21.6 - https:\/\/yoast.com\/wordpress\/plugins\/seo\/ -->\n<title>BOSCH GBH 228 F KIR.DEL. 850W - Can Verdi Ticaret<\/title>\n<meta name=\"robots\" content=\"index, follow, max-snippet:-1, max-image-preview:large, max-video-preview:-1\" \/>\n<link rel=\"canonical\" href=\"https:\/\/canverditicaret.com\/en\/product\/bosch-gbh-228-f-kir-del-850w\/\" \/>\n<meta property=\"og:locale\" content=\"en_US\" \/>\n<meta property=\"og:type\" content=\"article\" \/>\n<meta property=\"og:title\" content=\"BOSCH GBH 228 F KIR.DEL. 850W - Can Verdi Ticaret\" \/>\n<meta property=\"og:description\" content=\"Y\u00fckseklik 17.2 cm Geni\u015flik 40.8 cm Derinlik 44.2 cm A\u011f\u0131rl\u0131k 5.9 kg Darbe Oran\u0131 4000 darbe\/dk Buat A\u00e7ma 68 mm\" \/>\n<meta property=\"og:url\" content=\"https:\/\/canverditicaret.com\/en\/product\/bosch-gbh-228-f-kir-del-850w\/\" \/>\n<meta property=\"og:site_name\" content=\"Can Verdi Ticaret\" \/>\n<meta property=\"article:modified_time\" content=\"2025-02-16T13:06:12+00:00\" \/>\n<meta property=\"og:image\" content=\"https:\/\/canverditicaret.com\/wp-content\/uploads\/2024\/01\/1000182076a.png\" \/>\n\t<meta property=\"og:image:width\" content=\"1024\" \/>\n\t<meta property=\"og:image:height\" content=\"1024\" \/>\n\t<meta property=\"og:image:type\" content=\"image\/png\" \/>\n<meta name=\"twitter:card\" content=\"summary_large_image\" \/>\n<meta name=\"twitter:label1\" content=\"Est. reading time\" \/>\n\t<meta name=\"twitter:data1\" content=\"1 minute\" \/>\n<script type=\"application\/ld+json\" class=\"yoast-schema-graph\">{\"@context\":\"https:\/\/schema.org\",\"@graph\":[{\"@type\":\"WebPage\",\"@id\":\"https:\/\/canverditicaret.com\/urun\/bosch-gbh-228-f-kir-del-850w\/\",\"url\":\"https:\/\/canverditicaret.com\/urun\/bosch-gbh-228-f-kir-del-850w\/\",\"name\":\"BOSCH GBH 228 F KIR.DEL. 850W - Can Verdi Ticaret\",\"isPartOf\":{\"@id\":\"https:\/\/canverditicaret.com\/#website\"},\"datePublished\":\"2024-01-27T00:27:50+00:00\",\"dateModified\":\"2025-02-16T13:06:12+00:00\",\"breadcrumb\":{\"@id\":\"https:\/\/canverditicaret.com\/urun\/bosch-gbh-228-f-kir-del-850w\/#breadcrumb\"},\"inLanguage\":\"en-US\",\"potentialAction\":[{\"@type\":\"ReadAction\",\"target\":[\"https:\/\/canverditicaret.com\/urun\/bosch-gbh-228-f-kir-del-850w\/\"]}]},{\"@type\":\"BreadcrumbList\",\"@id\":\"https:\/\/canverditicaret.com\/urun\/bosch-gbh-228-f-kir-del-850w\/#breadcrumb\",\"itemListElement\":[{\"@type\":\"ListItem\",\"position\":1,\"name\":\"Anasayfa\",\"item\":\"https:\/\/canverditicaret.com\/\"},{\"@type\":\"ListItem\",\"position\":2,\"name\":\"Ma\u011faza\",\"item\":\"https:\/\/canverditicaret.com\/shop\/\"},{\"@type\":\"ListItem\",\"position\":3,\"name\":\"BOSCH GBH 228 F KIR.DEL. 850W\"}]},{\"@type\":\"WebSite\",\"@id\":\"https:\/\/canverditicaret.com\/#website\",\"url\":\"https:\/\/canverditicaret.com\/\",\"name\":\"Can Verdi Ticaret\",\"description\":\"Can Verdi Ticaret\",\"potentialAction\":[{\"@type\":\"SearchAction\",\"target\":{\"@type\":\"EntryPoint\",\"urlTemplate\":\"https:\/\/canverditicaret.com\/?s={search_term_string}\"},\"query-input\":\"required name=search_term_string\"}],\"inLanguage\":\"en-US\"}]}<\/script>\n<!-- \/ Yoast SEO plugin. -->","yoast_head_json":{"title":"BOSCH GBH 228 F KIR.DEL. 850W - Can Verdi Ticaret","robots":{"index":"index","follow":"follow","max-snippet":"max-snippet:-1","max-image-preview":"max-image-preview:large","max-video-preview":"max-video-preview:-1"},"canonical":"https:\/\/canverditicaret.com\/en\/product\/bosch-gbh-228-f-kir-del-850w\/","og_locale":"en_US","og_type":"article","og_title":"BOSCH GBH 228 F KIR.DEL. 850W - Can Verdi Ticaret","og_description":"Y\u00fckseklik 17.2 cm Geni\u015flik 40.8 cm Derinlik 44.2 cm A\u011f\u0131rl\u0131k 5.9 kg Darbe Oran\u0131 4000 darbe\/dk Buat A\u00e7ma 68 mm","og_url":"https:\/\/canverditicaret.com\/en\/product\/bosch-gbh-228-f-kir-del-850w\/","og_site_name":"Can Verdi Ticaret","article_modified_time":"2025-02-16T13:06:12+00:00","og_image":[{"width":1024,"height":1024,"url":"https:\/\/canverditicaret.com\/wp-content\/uploads\/2024\/01\/1000182076a.png","type":"image\/png"}],"twitter_card":"summary_large_image","twitter_misc":{"Est. reading time":"1 minute"},"schema":{"@context":"https:\/\/schema.org","@graph":[{"@type":"WebPage","@id":"https:\/\/canverditicaret.com\/urun\/bosch-gbh-228-f-kir-del-850w\/","url":"https:\/\/canverditicaret.com\/urun\/bosch-gbh-228-f-kir-del-850w\/","name":"BOSCH GBH 228 F KIR.DEL. 850W - Can Verdi Ticaret","isPartOf":{"@id":"https:\/\/canverditicaret.com\/#website"},"datePublished":"2024-01-27T00:27:50+00:00","dateModified":"2025-02-16T13:06:12+00:00","breadcrumb":{"@id":"https:\/\/canverditicaret.com\/urun\/bosch-gbh-228-f-kir-del-850w\/#breadcrumb"},"inLanguage":"en-US","potentialAction":[{"@type":"ReadAction","target":["https:\/\/canverditicaret.com\/urun\/bosch-gbh-228-f-kir-del-850w\/"]}]},{"@type":"BreadcrumbList","@id":"https:\/\/canverditicaret.com\/urun\/bosch-gbh-228-f-kir-del-850w\/#breadcrumb","itemListElement":[{"@type":"ListItem","position":1,"name":"Anasayfa","item":"https:\/\/canverditicaret.com\/"},{"@type":"ListItem","position":2,"name":"Ma\u011faza","item":"https:\/\/canverditicaret.com\/shop\/"},{"@type":"ListItem","position":3,"name":"BOSCH GBH 228 F KIR.DEL. 850W"}]},{"@type":"WebSite","@id":"https:\/\/canverditicaret.com\/#website","url":"https:\/\/canverditicaret.com\/","name":"Can Verdi Ticaret","description":"Can Verdi Ticaret","potentialAction":[{"@type":"SearchAction","target":{"@type":"EntryPoint","urlTemplate":"https:\/\/canverditicaret.com\/?s={search_term_string}"},"query-input":"required name=search_term_string"}],"inLanguage":"en-US"}]}},"_links":{"self":[{"href":"https:\/\/canverditicaret.com\/en\/wp-json\/wp\/v2\/product\/16109","targetHints":{"allow":["GET"]}}],"collection":[{"href":"https:\/\/canverditicaret.com\/en\/wp-json\/wp\/v2\/product"}],"about":[{"href":"https:\/\/canverditicaret.com\/en\/wp-json\/wp\/v2\/types\/product"}],"replies":[{"embeddable":true,"href":"https:\/\/canverditicaret.com\/en\/wp-json\/wp\/v2\/comments?post=16109"}],"version-history":[{"count":1,"href":"https:\/\/canverditicaret.com\/en\/wp-json\/wp\/v2\/product\/16109\/revisions"}],"predecessor-version":[{"id":16110,"href":"https:\/\/canverditicaret.com\/en\/wp-json\/wp\/v2\/product\/16109\/revisions\/16110"}],"wp:featuredmedia":[{"embeddable":true,"href":"https:\/\/canverditicaret.com\/en\/wp-json\/wp\/v2\/media\/16290"}],"wp:attachment":[{"href":"https:\/\/canverditicaret.com\/en\/wp-json\/wp\/v2\/media?parent=16109"}],"wp:term":[{"taxonomy":"product_cat","embeddable":true,"href":"https:\/\/canverditicaret.com\/en\/wp-json\/wp\/v2\/product_cat?post=16109"},{"taxonomy":"product_tag","embeddable":true,"href":"https:\/\/canverditicaret.com\/en\/wp-json\/wp\/v2\/product_tag?post=16109"}],"curies":[{"name":"wp","href":"https:\/\/api.w.org\/{rel}","templated":true}]}}