{"id":16107,"date":"2024-01-27T03:45:21","date_gmt":"2024-01-27T00:45:21","guid":{"rendered":"https:\/\/canverditicaret.com\/?post_type=product&#038;p=16107"},"modified":"2025-02-16T16:06:15","modified_gmt":"2025-02-16T13:06:15","slug":"bosch-gbh-2-26-dre-sds-kiricidel","status":"publish","type":"product","link":"https:\/\/canverditicaret.com\/en\/product\/bosch-gbh-2-26-dre-sds-kiricidel\/","title":{"rendered":"BOSCH GBH 2-26 DRE SDS+ BREAKER"},"content":{"rendered":"<table class=\"table\">\n<colgroup>\n<col class=\"col-xs-5\" \/>\n<col class=\"col-xs-3\" \/><\/colgroup>\n<thead>\n<tr>\n<th colspan=\"2\">\n<h3 class=\"headline headline__redesign--blue fs16 bsBold\">Performance data<\/h3>\n<\/th>\n<\/tr>\n<\/thead>\n<tbody>\n<tr>\n<td>Number of pulses at rated speed*<\/td>\n<td>0 \u2013 4,000 blows\/min<\/td>\n<\/tr>\n<tr>\n<td>Number of revolutions*<\/td>\n<td>0 \u2013 900 rpm<\/td>\n<\/tr>\n<\/tbody>\n<\/table>\n<table class=\"table\">\n<colgroup>\n<col class=\"col-xs-5\" \/>\n<col class=\"col-xs-3\" \/><\/colgroup>\n<thead>\n<tr>\n<th colspan=\"2\">\n<h3 class=\"headline headline__redesign--blue fs16 bsBold\">Additional data<\/h3>\n<\/th>\n<\/tr>\n<\/thead>\n<tbody>\n<tr>\n<td>Rated input power*<\/td>\n<td>800W<\/td>\n<\/tr>\n<tr>\n<td>Impact energy (according to EPTA 05\/2016)<\/td>\n<td>2.7J<\/td>\n<\/tr>\n<tr>\n<td>voltage, electricity<\/td>\n<td>230V<\/td>\n<\/tr>\n<tr>\n<td>Weight*<\/td>\n<td>2.7kg<\/td>\n<\/tr>\n<tr>\n<td>Tip entry<\/td>\n<td>SDS plus<\/td>\n<\/tr>\n<\/tbody>\n<\/table>\n<table class=\"table\">\n<colgroup>\n<col class=\"col-xs-5\" \/>\n<col class=\"col-xs-3\" \/><\/colgroup>\n<thead>\n<tr>\n<th colspan=\"2\">\n<h3 class=\"headline headline__redesign--blue fs16 bsBold\">Drilling range<\/h3>\n<\/th>\n<\/tr>\n<\/thead>\n<tbody>\n<tr>\n<td>Concrete ops. application range, hammer drill bits<\/td>\n<td>8 \u2013 16mm<\/td>\n<\/tr>\n<tr>\n<td>Maximum drilling diameter in metal<\/td>\n<td>13mm<\/td>\n<\/tr>\n<tr>\n<td>Max. in wood drilling diameter<\/td>\n<td>30mm<\/td>\n<\/tr>\n<tr>\n<td>Diameter range for hammer drilling in concrete<\/td>\n<td>4 \u2013 26mm<\/td>\n<\/tr>\n<\/tbody>\n<\/table>\n<table class=\"table\">\n<colgroup>\n<col class=\"col-xs-5\" \/>\n<col class=\"col-xs-3\" \/><\/colgroup>\n<thead>\n<tr>\n<th colspan=\"2\">\n<h3 class=\"headline headline__redesign--blue fs16 bsBold\">Total vibration value (hammer drilling in concrete)<\/h3>\n<\/th>\n<\/tr>\n<\/thead>\n<tbody>\n<tr>\n<td>Vibration emission value Ah<\/td>\n<td>16.5 m\/s\u00b2<\/td>\n<\/tr>\n<tr>\n<td>Uncertainty K<\/td>\n<td>1.5 m\/s\u00b2<\/td>\n<\/tr>\n<\/tbody>\n<\/table>\n<table class=\"table\">\n<colgroup>\n<col class=\"col-xs-5\" \/>\n<col class=\"col-xs-3\" \/><\/colgroup>\n<thead>\n<tr>\n<th colspan=\"2\">\n<h3 class=\"headline headline__redesign--blue fs16 bsBold\">Total vibration value (Chiseling in concrete)<\/h3>\n<\/th>\n<\/tr>\n<\/thead>\n<tbody>\n<tr>\n<td>Vibration emission value Ah<\/td>\n<td>12.1 m\/s\u00b2<\/td>\n<\/tr>\n<tr>\n<td>Uncertainty K<\/td>\n<td>1.5 m\/s\u00b2<\/td>\n<\/tr>\n<\/tbody>\n<\/table>\n<table class=\"table\">\n<colgroup>\n<col class=\"col-xs-5\" \/>\n<col class=\"col-xs-3\" \/><\/colgroup>\n<thead>\n<tr>\n<th colspan=\"2\">\n<h3 class=\"headline headline__redesign--blue fs16 bsBold\">Hammer drilling in concrete<\/h3>\n<\/th>\n<\/tr>\n<\/thead>\n<tbody>\n<tr>\n<td>Vibration emission value Ah<\/td>\n<td>16.5 m\/s\u00b2<\/td>\n<\/tr>\n<tr>\n<td>Uncertainty K<\/td>\n<td>1.5 m\/s\u00b2<\/td>\n<\/tr>\n<\/tbody>\n<\/table>\n<table class=\"table\">\n<colgroup>\n<col class=\"col-xs-5\" \/>\n<col class=\"col-xs-3\" \/><\/colgroup>\n<thead>\n<tr>\n<th colspan=\"2\">\n<h3 class=\"headline headline__redesign--blue fs16 bsBold\">chiseling in concrete<\/h3>\n<\/th>\n<\/tr>\n<\/thead>\n<tbody>\n<tr>\n<td>Vibration emission value Ah<\/td>\n<td>12.1 m\/s\u00b2<\/td>\n<\/tr>\n<tr>\n<td>Uncertainty K<\/td>\n<td>1.5 m\/s\u00b2<\/td>\n<\/tr>\n<\/tbody>\n<\/table>","protected":false},"excerpt":{"rendered":"<p>Performance data Number of pulses at rated speed* 0 \u2013 4,000 pulses\/min Speed* 0 \u2013 900 rpm Additional data Nominal<\/p>","protected":false},"featured_media":16507,"comment_status":"open","ping_status":"closed","template":"","meta":[],"product_cat":[79],"product_tag":[],"class_list":["post-16107","product","type-product","status-publish","has-post-thumbnail","hentry","product_cat-elektrikli-el-aletleri"],"yoast_head":"<!-- This site is optimized with the Yoast SEO plugin v21.6 - https:\/\/yoast.com\/wordpress\/plugins\/seo\/ -->\n<title>BOSCH GBH 2-26 DRE SDS+ KIRICIDEL - Can Verdi Ticaret<\/title>\n<meta name=\"robots\" content=\"index, follow, max-snippet:-1, max-image-preview:large, max-video-preview:-1\" \/>\n<link rel=\"canonical\" href=\"https:\/\/canverditicaret.com\/en\/product\/bosch-gbh-2-26-dre-sds-kiricidel\/\" \/>\n<meta property=\"og:locale\" content=\"en_US\" \/>\n<meta property=\"og:type\" content=\"article\" \/>\n<meta property=\"og:title\" content=\"BOSCH GBH 2-26 DRE SDS+ KIRICIDEL - Can Verdi Ticaret\" \/>\n<meta property=\"og:description\" content=\"Performans verileri Nominal devir say\u0131s\u0131nda darbe say\u0131s\u0131* 0 \u2013 4.000 darbe\/dak Devir say\u0131s\u0131* 0 \u2013 900 dev\/dak Ek veriler Nominal\" \/>\n<meta property=\"og:url\" content=\"https:\/\/canverditicaret.com\/en\/product\/bosch-gbh-2-26-dre-sds-kiricidel\/\" \/>\n<meta property=\"og:site_name\" content=\"Can Verdi Ticaret\" \/>\n<meta property=\"article:modified_time\" content=\"2025-02-16T13:06:15+00:00\" \/>\n<meta property=\"og:image\" content=\"https:\/\/canverditicaret.com\/wp-content\/uploads\/2024\/01\/1000784990.png\" \/>\n\t<meta property=\"og:image:width\" content=\"1024\" \/>\n\t<meta property=\"og:image:height\" content=\"1024\" \/>\n\t<meta property=\"og:image:type\" content=\"image\/png\" \/>\n<meta name=\"twitter:card\" content=\"summary_large_image\" \/>\n<meta name=\"twitter:label1\" content=\"Est. reading time\" \/>\n\t<meta name=\"twitter:data1\" content=\"1 minute\" \/>\n<script type=\"application\/ld+json\" class=\"yoast-schema-graph\">{\"@context\":\"https:\/\/schema.org\",\"@graph\":[{\"@type\":\"WebPage\",\"@id\":\"https:\/\/canverditicaret.com\/urun\/bosch-gbh-2-26-dre-sds-kiricidel\/\",\"url\":\"https:\/\/canverditicaret.com\/urun\/bosch-gbh-2-26-dre-sds-kiricidel\/\",\"name\":\"BOSCH GBH 2-26 DRE SDS+ KIRICIDEL - Can Verdi Ticaret\",\"isPartOf\":{\"@id\":\"https:\/\/canverditicaret.com\/#website\"},\"datePublished\":\"2024-01-27T00:45:21+00:00\",\"dateModified\":\"2025-02-16T13:06:15+00:00\",\"breadcrumb\":{\"@id\":\"https:\/\/canverditicaret.com\/urun\/bosch-gbh-2-26-dre-sds-kiricidel\/#breadcrumb\"},\"inLanguage\":\"en-US\",\"potentialAction\":[{\"@type\":\"ReadAction\",\"target\":[\"https:\/\/canverditicaret.com\/urun\/bosch-gbh-2-26-dre-sds-kiricidel\/\"]}]},{\"@type\":\"BreadcrumbList\",\"@id\":\"https:\/\/canverditicaret.com\/urun\/bosch-gbh-2-26-dre-sds-kiricidel\/#breadcrumb\",\"itemListElement\":[{\"@type\":\"ListItem\",\"position\":1,\"name\":\"Anasayfa\",\"item\":\"https:\/\/canverditicaret.com\/\"},{\"@type\":\"ListItem\",\"position\":2,\"name\":\"Ma\u011faza\",\"item\":\"https:\/\/canverditicaret.com\/shop\/\"},{\"@type\":\"ListItem\",\"position\":3,\"name\":\"BOSCH GBH 2-26 DRE SDS+ KIRICIDEL\"}]},{\"@type\":\"WebSite\",\"@id\":\"https:\/\/canverditicaret.com\/#website\",\"url\":\"https:\/\/canverditicaret.com\/\",\"name\":\"Can Verdi Ticaret\",\"description\":\"Can Verdi Ticaret\",\"potentialAction\":[{\"@type\":\"SearchAction\",\"target\":{\"@type\":\"EntryPoint\",\"urlTemplate\":\"https:\/\/canverditicaret.com\/?s={search_term_string}\"},\"query-input\":\"required name=search_term_string\"}],\"inLanguage\":\"en-US\"}]}<\/script>\n<!-- \/ Yoast SEO plugin. -->","yoast_head_json":{"title":"BOSCH GBH 2-26 DRE SDS+ KIRICIDEL - Can Verdi Ticaret","robots":{"index":"index","follow":"follow","max-snippet":"max-snippet:-1","max-image-preview":"max-image-preview:large","max-video-preview":"max-video-preview:-1"},"canonical":"https:\/\/canverditicaret.com\/en\/product\/bosch-gbh-2-26-dre-sds-kiricidel\/","og_locale":"en_US","og_type":"article","og_title":"BOSCH GBH 2-26 DRE SDS+ KIRICIDEL - Can Verdi Ticaret","og_description":"Performans verileri Nominal devir say\u0131s\u0131nda darbe say\u0131s\u0131* 0 \u2013 4.000 darbe\/dak Devir say\u0131s\u0131* 0 \u2013 900 dev\/dak Ek veriler Nominal","og_url":"https:\/\/canverditicaret.com\/en\/product\/bosch-gbh-2-26-dre-sds-kiricidel\/","og_site_name":"Can Verdi Ticaret","article_modified_time":"2025-02-16T13:06:15+00:00","og_image":[{"width":1024,"height":1024,"url":"https:\/\/canverditicaret.com\/wp-content\/uploads\/2024\/01\/1000784990.png","type":"image\/png"}],"twitter_card":"summary_large_image","twitter_misc":{"Est. reading time":"1 minute"},"schema":{"@context":"https:\/\/schema.org","@graph":[{"@type":"WebPage","@id":"https:\/\/canverditicaret.com\/urun\/bosch-gbh-2-26-dre-sds-kiricidel\/","url":"https:\/\/canverditicaret.com\/urun\/bosch-gbh-2-26-dre-sds-kiricidel\/","name":"BOSCH GBH 2-26 DRE SDS+ KIRICIDEL - Can Verdi Ticaret","isPartOf":{"@id":"https:\/\/canverditicaret.com\/#website"},"datePublished":"2024-01-27T00:45:21+00:00","dateModified":"2025-02-16T13:06:15+00:00","breadcrumb":{"@id":"https:\/\/canverditicaret.com\/urun\/bosch-gbh-2-26-dre-sds-kiricidel\/#breadcrumb"},"inLanguage":"en-US","potentialAction":[{"@type":"ReadAction","target":["https:\/\/canverditicaret.com\/urun\/bosch-gbh-2-26-dre-sds-kiricidel\/"]}]},{"@type":"BreadcrumbList","@id":"https:\/\/canverditicaret.com\/urun\/bosch-gbh-2-26-dre-sds-kiricidel\/#breadcrumb","itemListElement":[{"@type":"ListItem","position":1,"name":"Anasayfa","item":"https:\/\/canverditicaret.com\/"},{"@type":"ListItem","position":2,"name":"Ma\u011faza","item":"https:\/\/canverditicaret.com\/shop\/"},{"@type":"ListItem","position":3,"name":"BOSCH GBH 2-26 DRE SDS+ KIRICIDEL"}]},{"@type":"WebSite","@id":"https:\/\/canverditicaret.com\/#website","url":"https:\/\/canverditicaret.com\/","name":"Can Verdi Ticaret","description":"Can Verdi Ticaret","potentialAction":[{"@type":"SearchAction","target":{"@type":"EntryPoint","urlTemplate":"https:\/\/canverditicaret.com\/?s={search_term_string}"},"query-input":"required name=search_term_string"}],"inLanguage":"en-US"}]}},"_links":{"self":[{"href":"https:\/\/canverditicaret.com\/en\/wp-json\/wp\/v2\/product\/16107","targetHints":{"allow":["GET"]}}],"collection":[{"href":"https:\/\/canverditicaret.com\/en\/wp-json\/wp\/v2\/product"}],"about":[{"href":"https:\/\/canverditicaret.com\/en\/wp-json\/wp\/v2\/types\/product"}],"replies":[{"embeddable":true,"href":"https:\/\/canverditicaret.com\/en\/wp-json\/wp\/v2\/comments?post=16107"}],"version-history":[{"count":2,"href":"https:\/\/canverditicaret.com\/en\/wp-json\/wp\/v2\/product\/16107\/revisions"}],"predecessor-version":[{"id":16571,"href":"https:\/\/canverditicaret.com\/en\/wp-json\/wp\/v2\/product\/16107\/revisions\/16571"}],"wp:featuredmedia":[{"embeddable":true,"href":"https:\/\/canverditicaret.com\/en\/wp-json\/wp\/v2\/media\/16507"}],"wp:attachment":[{"href":"https:\/\/canverditicaret.com\/en\/wp-json\/wp\/v2\/media?parent=16107"}],"wp:term":[{"taxonomy":"product_cat","embeddable":true,"href":"https:\/\/canverditicaret.com\/en\/wp-json\/wp\/v2\/product_cat?post=16107"},{"taxonomy":"product_tag","embeddable":true,"href":"https:\/\/canverditicaret.com\/en\/wp-json\/wp\/v2\/product_tag?post=16107"}],"curies":[{"name":"wp","href":"https:\/\/api.w.org\/{rel}","templated":true}]}}