{"id":15990,"date":"2024-01-20T23:02:23","date_gmt":"2024-01-20T20:02:23","guid":{"rendered":"https:\/\/canverditicaret.com\/urun\/bosch-easyimpact-18v-40-12ah-akulu-vid\/"},"modified":"2025-02-16T16:06:10","modified_gmt":"2025-02-16T13:06:10","slug":"bosch-easyimpact-18v-40-12ah-akulu-vid","status":"publish","type":"product","link":"https:\/\/canverditicaret.com\/en\/product\/bosch-easyimpact-18v-40-12ah-akulu-vid\/","title":{"rendered":"BOSCH EASYIMPACT 18V-40 1*2AH BATTERY OPERATED"},"content":{"rendered":"<table class=\"table table-borderless table-sm\">\n<tbody>\n<tr>\n<th>Flow<\/th>\n<td class=\"text-c2 feature\"><span class=\"feature-value\">2<\/span>\u00a0<span class=\"text-c2 symbol\">Ah<\/span><\/td>\n<\/tr>\n<tr>\n<th>Strength<\/th>\n<td class=\"text-c2 feature\"><span class=\"feature-value\">18<\/span>\u00a0<span class=\"text-c2 symbol\">watts<\/span><\/td>\n<\/tr>\n<tr>\n<th>Height<\/th>\n<td class=\"text-c2 feature\"><span class=\"feature-value\">19.5<\/span>\u00a0<span class=\"text-c2 symbol\">cm<\/span><\/td>\n<\/tr>\n<tr>\n<th>Width<\/th>\n<td class=\"text-c2 feature\"><span class=\"feature-value\">5.7<\/span>\u00a0<span class=\"text-c2 symbol\">cm<\/span><\/td>\n<\/tr>\n<tr>\n<th>Depth<\/th>\n<td class=\"text-c2 feature\"><span class=\"feature-value\">21.6<\/span>\u00a0<span class=\"text-c2 symbol\">cm<\/span><\/td>\n<\/tr>\n<tr>\n<th>Weight<\/th>\n<td class=\"text-c2 feature\"><span class=\"feature-value\">1.4<\/span>\u00a0<span class=\"text-c2 symbol\">kg<\/span><\/td>\n<\/tr>\n<tr>\n<th>Pulse Function<\/th>\n<td class=\"text-c2 feature\"><span class=\"feature-value\">Yes<\/span><\/td>\n<\/tr>\n<tr>\n<th>Torque<\/th>\n<td class=\"text-c2 feature\"><span class=\"feature-value\">40<\/span>\u00a0<span class=\"text-c2 symbol\">nm<\/span><\/td>\n<\/tr>\n<tr>\n<th>No Load Speed<\/th>\n<td class=\"text-c2 feature\"><span class=\"feature-value\">1630<\/span>\u00a0<span class=\"text-c2 symbol\">rpm<\/span><\/td>\n<\/tr>\n<tr>\n<th>Battery Type<\/th>\n<td class=\"text-c2 feature\"><span class=\"feature-value\">Li-On<\/span><\/td>\n<\/tr>\n<tr>\n<th>Package Included<\/th>\n<td class=\"text-c2 feature\"><span class=\"feature-value\">Battery And Charger<\/span><\/td>\n<\/tr>\n<tr>\n<th>Colour<\/th>\n<td class=\"text-c2 feature\"><span class=\"feature-value\">Colorless<\/span><\/td>\n<\/tr>\n<tr>\n<th>Material<\/th>\n<td class=\"text-c2 feature\"><span class=\"feature-value\">Plastic<\/span><\/td>\n<\/tr>\n<tr>\n<th>Material Detail<\/th>\n<td class=\"text-c2 feature\"><span class=\"feature-value\">Plastic<\/span><\/td>\n<\/tr>\n<\/tbody>\n<\/table>","protected":false},"excerpt":{"rendered":"<p>Current 2 ah Power 18 Watt Height 19.5 cm Width 5.7 cm Depth 21.6 cm Weight 1.4 kg Impact Function Yes Torque 40 nm No-Load Speed 1630 rpm<\/p>","protected":false},"featured_media":16495,"comment_status":"open","ping_status":"closed","template":"","meta":[],"product_cat":[79],"product_tag":[],"class_list":["post-15990","product","type-product","status-publish","has-post-thumbnail","hentry","product_cat-elektrikli-el-aletleri"],"yoast_head":"<!-- This site is optimized with the Yoast SEO plugin v21.6 - https:\/\/yoast.com\/wordpress\/plugins\/seo\/ -->\n<title>BOSCH EASYIMPACT 18V-40 1*2AH AK\u00dcL\u00dc V\u0130D - Can Verdi Ticaret<\/title>\n<meta name=\"robots\" content=\"index, follow, max-snippet:-1, max-image-preview:large, max-video-preview:-1\" \/>\n<link rel=\"canonical\" href=\"https:\/\/canverditicaret.com\/en\/product\/bosch-easyimpact-18v-40-12ah-akulu-vid\/\" \/>\n<meta property=\"og:locale\" content=\"en_US\" \/>\n<meta property=\"og:type\" content=\"article\" \/>\n<meta property=\"og:title\" content=\"BOSCH EASYIMPACT 18V-40 1*2AH AK\u00dcL\u00dc V\u0130D - Can Verdi Ticaret\" \/>\n<meta property=\"og:description\" content=\"Ak\u0131m 2\u00a0ah G\u00fc\u00e7 18\u00a0Watt Y\u00fckseklik 19.5\u00a0cm Geni\u015flik 5.7\u00a0cm Derinlik 21.6\u00a0cm A\u011f\u0131rl\u0131k 1.4\u00a0kg Darbe Fonksiyonu Evet Tork 40\u00a0nm Y\u00fcks\u00fcz H\u0131z\u0131 1630\u00a0dev\/dk\" \/>\n<meta property=\"og:url\" content=\"https:\/\/canverditicaret.com\/en\/product\/bosch-easyimpact-18v-40-12ah-akulu-vid\/\" \/>\n<meta property=\"og:site_name\" content=\"Can Verdi Ticaret\" \/>\n<meta property=\"article:modified_time\" content=\"2025-02-16T13:06:10+00:00\" \/>\n<meta property=\"og:image\" content=\"https:\/\/canverditicaret.com\/wp-content\/uploads\/2024\/01\/1000627280.png\" \/>\n\t<meta property=\"og:image:width\" content=\"1024\" \/>\n\t<meta property=\"og:image:height\" content=\"1024\" \/>\n\t<meta property=\"og:image:type\" content=\"image\/png\" \/>\n<meta name=\"twitter:card\" content=\"summary_large_image\" \/>\n<meta name=\"twitter:label1\" content=\"Est. reading time\" \/>\n\t<meta name=\"twitter:data1\" content=\"1 minute\" \/>\n<script type=\"application\/ld+json\" class=\"yoast-schema-graph\">{\"@context\":\"https:\/\/schema.org\",\"@graph\":[{\"@type\":\"WebPage\",\"@id\":\"https:\/\/canverditicaret.com\/urun\/bosch-easyimpact-18v-40-12ah-akulu-vid\/\",\"url\":\"https:\/\/canverditicaret.com\/urun\/bosch-easyimpact-18v-40-12ah-akulu-vid\/\",\"name\":\"BOSCH EASYIMPACT 18V-40 1*2AH AK\u00dcL\u00dc V\u0130D - Can Verdi Ticaret\",\"isPartOf\":{\"@id\":\"https:\/\/canverditicaret.com\/#website\"},\"datePublished\":\"2024-01-20T20:02:23+00:00\",\"dateModified\":\"2025-02-16T13:06:10+00:00\",\"breadcrumb\":{\"@id\":\"https:\/\/canverditicaret.com\/urun\/bosch-easyimpact-18v-40-12ah-akulu-vid\/#breadcrumb\"},\"inLanguage\":\"en-US\",\"potentialAction\":[{\"@type\":\"ReadAction\",\"target\":[\"https:\/\/canverditicaret.com\/urun\/bosch-easyimpact-18v-40-12ah-akulu-vid\/\"]}]},{\"@type\":\"BreadcrumbList\",\"@id\":\"https:\/\/canverditicaret.com\/urun\/bosch-easyimpact-18v-40-12ah-akulu-vid\/#breadcrumb\",\"itemListElement\":[{\"@type\":\"ListItem\",\"position\":1,\"name\":\"Anasayfa\",\"item\":\"https:\/\/canverditicaret.com\/\"},{\"@type\":\"ListItem\",\"position\":2,\"name\":\"Ma\u011faza\",\"item\":\"https:\/\/canverditicaret.com\/shop\/\"},{\"@type\":\"ListItem\",\"position\":3,\"name\":\"BOSCH EASYIMPACT 18V-40 1*2AH AK\u00dcL\u00dc V\u0130D\"}]},{\"@type\":\"WebSite\",\"@id\":\"https:\/\/canverditicaret.com\/#website\",\"url\":\"https:\/\/canverditicaret.com\/\",\"name\":\"Can Verdi Ticaret\",\"description\":\"Can Verdi Ticaret\",\"potentialAction\":[{\"@type\":\"SearchAction\",\"target\":{\"@type\":\"EntryPoint\",\"urlTemplate\":\"https:\/\/canverditicaret.com\/?s={search_term_string}\"},\"query-input\":\"required name=search_term_string\"}],\"inLanguage\":\"en-US\"}]}<\/script>\n<!-- \/ Yoast SEO plugin. -->","yoast_head_json":{"title":"BOSCH EASYIMPACT 18V-40 1*2AH AK\u00dcL\u00dc V\u0130D - Can Verdi Ticaret","robots":{"index":"index","follow":"follow","max-snippet":"max-snippet:-1","max-image-preview":"max-image-preview:large","max-video-preview":"max-video-preview:-1"},"canonical":"https:\/\/canverditicaret.com\/en\/product\/bosch-easyimpact-18v-40-12ah-akulu-vid\/","og_locale":"en_US","og_type":"article","og_title":"BOSCH EASYIMPACT 18V-40 1*2AH AK\u00dcL\u00dc V\u0130D - Can Verdi Ticaret","og_description":"Ak\u0131m 2\u00a0ah G\u00fc\u00e7 18\u00a0Watt Y\u00fckseklik 19.5\u00a0cm Geni\u015flik 5.7\u00a0cm Derinlik 21.6\u00a0cm A\u011f\u0131rl\u0131k 1.4\u00a0kg Darbe Fonksiyonu Evet Tork 40\u00a0nm Y\u00fcks\u00fcz H\u0131z\u0131 1630\u00a0dev\/dk","og_url":"https:\/\/canverditicaret.com\/en\/product\/bosch-easyimpact-18v-40-12ah-akulu-vid\/","og_site_name":"Can Verdi Ticaret","article_modified_time":"2025-02-16T13:06:10+00:00","og_image":[{"width":1024,"height":1024,"url":"https:\/\/canverditicaret.com\/wp-content\/uploads\/2024\/01\/1000627280.png","type":"image\/png"}],"twitter_card":"summary_large_image","twitter_misc":{"Est. reading time":"1 minute"},"schema":{"@context":"https:\/\/schema.org","@graph":[{"@type":"WebPage","@id":"https:\/\/canverditicaret.com\/urun\/bosch-easyimpact-18v-40-12ah-akulu-vid\/","url":"https:\/\/canverditicaret.com\/urun\/bosch-easyimpact-18v-40-12ah-akulu-vid\/","name":"BOSCH EASYIMPACT 18V-40 1*2AH AK\u00dcL\u00dc V\u0130D - Can Verdi Ticaret","isPartOf":{"@id":"https:\/\/canverditicaret.com\/#website"},"datePublished":"2024-01-20T20:02:23+00:00","dateModified":"2025-02-16T13:06:10+00:00","breadcrumb":{"@id":"https:\/\/canverditicaret.com\/urun\/bosch-easyimpact-18v-40-12ah-akulu-vid\/#breadcrumb"},"inLanguage":"en-US","potentialAction":[{"@type":"ReadAction","target":["https:\/\/canverditicaret.com\/urun\/bosch-easyimpact-18v-40-12ah-akulu-vid\/"]}]},{"@type":"BreadcrumbList","@id":"https:\/\/canverditicaret.com\/urun\/bosch-easyimpact-18v-40-12ah-akulu-vid\/#breadcrumb","itemListElement":[{"@type":"ListItem","position":1,"name":"Anasayfa","item":"https:\/\/canverditicaret.com\/"},{"@type":"ListItem","position":2,"name":"Ma\u011faza","item":"https:\/\/canverditicaret.com\/shop\/"},{"@type":"ListItem","position":3,"name":"BOSCH EASYIMPACT 18V-40 1*2AH AK\u00dcL\u00dc V\u0130D"}]},{"@type":"WebSite","@id":"https:\/\/canverditicaret.com\/#website","url":"https:\/\/canverditicaret.com\/","name":"Can Verdi Ticaret","description":"Can Verdi Ticaret","potentialAction":[{"@type":"SearchAction","target":{"@type":"EntryPoint","urlTemplate":"https:\/\/canverditicaret.com\/?s={search_term_string}"},"query-input":"required name=search_term_string"}],"inLanguage":"en-US"}]}},"_links":{"self":[{"href":"https:\/\/canverditicaret.com\/en\/wp-json\/wp\/v2\/product\/15990","targetHints":{"allow":["GET"]}}],"collection":[{"href":"https:\/\/canverditicaret.com\/en\/wp-json\/wp\/v2\/product"}],"about":[{"href":"https:\/\/canverditicaret.com\/en\/wp-json\/wp\/v2\/types\/product"}],"replies":[{"embeddable":true,"href":"https:\/\/canverditicaret.com\/en\/wp-json\/wp\/v2\/comments?post=15990"}],"version-history":[{"count":2,"href":"https:\/\/canverditicaret.com\/en\/wp-json\/wp\/v2\/product\/15990\/revisions"}],"predecessor-version":[{"id":16074,"href":"https:\/\/canverditicaret.com\/en\/wp-json\/wp\/v2\/product\/15990\/revisions\/16074"}],"wp:featuredmedia":[{"embeddable":true,"href":"https:\/\/canverditicaret.com\/en\/wp-json\/wp\/v2\/media\/16495"}],"wp:attachment":[{"href":"https:\/\/canverditicaret.com\/en\/wp-json\/wp\/v2\/media?parent=15990"}],"wp:term":[{"taxonomy":"product_cat","embeddable":true,"href":"https:\/\/canverditicaret.com\/en\/wp-json\/wp\/v2\/product_cat?post=15990"},{"taxonomy":"product_tag","embeddable":true,"href":"https:\/\/canverditicaret.com\/en\/wp-json\/wp\/v2\/product_tag?post=15990"}],"curies":[{"name":"wp","href":"https:\/\/api.w.org\/{rel}","templated":true}]}}