{"id":15989,"date":"2024-01-20T23:02:23","date_gmt":"2024-01-20T20:02:23","guid":{"rendered":"https:\/\/canverditicaret.com\/urun\/bosch-easyimpact-1200-1x15-ah\/"},"modified":"2025-02-16T16:06:10","modified_gmt":"2025-02-16T13:06:10","slug":"bosch-easyimpact-1200-1x15-ah","status":"publish","type":"product","link":"https:\/\/canverditicaret.com\/en\/product\/bosch-easyimpact-1200-1x15-ah\/","title":{"rendered":"BOSCH EasyImpact 1200 (1\u00d71.5 Ah)"},"content":{"rendered":"<table class=\"table table-borderless table-sm\">\n<tbody>\n<tr>\n<th>Flow<\/th>\n<td class=\"text-c2 feature\"><span class=\"feature-value\">1.5<\/span>\u00a0<span class=\"text-c2 symbol\">Ah<\/span><\/td>\n<\/tr>\n<tr>\n<th>Voltage<\/th>\n<td class=\"text-c2 feature\"><span class=\"feature-value\">12<\/span>\u00a0<span class=\"text-c2 symbol\">Volt<\/span><\/td>\n<\/tr>\n<tr>\n<th>Model<\/th>\n<td class=\"text-c2 feature\"><span class=\"feature-value\">pulsed<\/span><\/td>\n<\/tr>\n<tr>\n<th>Power Cluster Range<\/th>\n<td class=\"text-c2 feature\"><span class=\"feature-value\">None<\/span><\/td>\n<\/tr>\n<tr>\n<th>No Load Speed<\/th>\n<td class=\"text-c2 feature\"><span class=\"feature-value\">1500<\/span>\u00a0<span class=\"text-c2 symbol\">rpm<\/span><\/td>\n<\/tr>\n<tr>\n<th>Hit Rate<\/th>\n<td class=\"text-c2 feature\"><span class=\"feature-value\">22.5<\/span>\u00a0<span class=\"text-c2 symbol\">bpm<\/span><\/td>\n<\/tr>\n<tr>\n<th>Package Included<\/th>\n<td class=\"text-c2 feature\"><span class=\"feature-value\">Carrying Bag \/ Product<\/span><\/td>\n<\/tr>\n<\/tbody>\n<\/table>","protected":false},"excerpt":{"rendered":"<p>Current 1.5 ah Voltage 12 Volt Model Pulsed Power Cluster Range No No-Load Speed 1500 rpm Pulse Rate 22.5 bpm Package Content Carrying Bag<\/p>","protected":false},"featured_media":16454,"comment_status":"open","ping_status":"closed","template":"","meta":[],"product_cat":[79],"product_tag":[],"class_list":["post-15989","product","type-product","status-publish","has-post-thumbnail","hentry","product_cat-elektrikli-el-aletleri"],"yoast_head":"<!-- This site is optimized with the Yoast SEO plugin v21.6 - https:\/\/yoast.com\/wordpress\/plugins\/seo\/ -->\n<title>BOSCH EasyImpact 1200 (1x1,5 Ah) - Can Verdi Ticaret<\/title>\n<meta name=\"robots\" content=\"index, follow, max-snippet:-1, max-image-preview:large, max-video-preview:-1\" \/>\n<link rel=\"canonical\" href=\"https:\/\/canverditicaret.com\/en\/product\/bosch-easyimpact-1200-1x15-ah\/\" \/>\n<meta property=\"og:locale\" content=\"en_US\" \/>\n<meta property=\"og:type\" content=\"article\" \/>\n<meta property=\"og:title\" content=\"BOSCH EasyImpact 1200 (1x1,5 Ah) - Can Verdi Ticaret\" \/>\n<meta property=\"og:description\" content=\"Ak\u0131m 1.5\u00a0ah Voltaj 12\u00a0Volt Modeli Darbeli G\u00fc\u00e7 K\u00fcme Aral\u0131\u011f\u0131 Yok Y\u00fcks\u00fcz H\u0131z\u0131 1500\u00a0rpm Darbe Oran\u0131 22.5\u00a0bpm Paket \u0130\u00e7eri\u011fi Ta\u015f\u0131ma \u00c7antas\u0131\" \/>\n<meta property=\"og:url\" content=\"https:\/\/canverditicaret.com\/en\/product\/bosch-easyimpact-1200-1x15-ah\/\" \/>\n<meta property=\"og:site_name\" content=\"Can Verdi Ticaret\" \/>\n<meta property=\"article:modified_time\" content=\"2025-02-16T13:06:10+00:00\" \/>\n<meta property=\"og:image\" content=\"https:\/\/canverditicaret.com\/wp-content\/uploads\/2024\/01\/1000447700a.png\" \/>\n\t<meta property=\"og:image:width\" content=\"1024\" \/>\n\t<meta property=\"og:image:height\" content=\"1024\" \/>\n\t<meta property=\"og:image:type\" content=\"image\/png\" \/>\n<meta name=\"twitter:card\" content=\"summary_large_image\" \/>\n<meta name=\"twitter:label1\" content=\"Est. reading time\" \/>\n\t<meta name=\"twitter:data1\" content=\"1 minute\" \/>\n<script type=\"application\/ld+json\" class=\"yoast-schema-graph\">{\"@context\":\"https:\/\/schema.org\",\"@graph\":[{\"@type\":\"WebPage\",\"@id\":\"https:\/\/canverditicaret.com\/urun\/bosch-easyimpact-1200-1x15-ah\/\",\"url\":\"https:\/\/canverditicaret.com\/urun\/bosch-easyimpact-1200-1x15-ah\/\",\"name\":\"BOSCH EasyImpact 1200 (1x1,5 Ah) - Can Verdi Ticaret\",\"isPartOf\":{\"@id\":\"https:\/\/canverditicaret.com\/#website\"},\"datePublished\":\"2024-01-20T20:02:23+00:00\",\"dateModified\":\"2025-02-16T13:06:10+00:00\",\"breadcrumb\":{\"@id\":\"https:\/\/canverditicaret.com\/urun\/bosch-easyimpact-1200-1x15-ah\/#breadcrumb\"},\"inLanguage\":\"en-US\",\"potentialAction\":[{\"@type\":\"ReadAction\",\"target\":[\"https:\/\/canverditicaret.com\/urun\/bosch-easyimpact-1200-1x15-ah\/\"]}]},{\"@type\":\"BreadcrumbList\",\"@id\":\"https:\/\/canverditicaret.com\/urun\/bosch-easyimpact-1200-1x15-ah\/#breadcrumb\",\"itemListElement\":[{\"@type\":\"ListItem\",\"position\":1,\"name\":\"Anasayfa\",\"item\":\"https:\/\/canverditicaret.com\/\"},{\"@type\":\"ListItem\",\"position\":2,\"name\":\"Ma\u011faza\",\"item\":\"https:\/\/canverditicaret.com\/shop\/\"},{\"@type\":\"ListItem\",\"position\":3,\"name\":\"BOSCH EasyImpact 1200 (1&#215;1,5 Ah)\"}]},{\"@type\":\"WebSite\",\"@id\":\"https:\/\/canverditicaret.com\/#website\",\"url\":\"https:\/\/canverditicaret.com\/\",\"name\":\"Can Verdi Ticaret\",\"description\":\"Can Verdi Ticaret\",\"potentialAction\":[{\"@type\":\"SearchAction\",\"target\":{\"@type\":\"EntryPoint\",\"urlTemplate\":\"https:\/\/canverditicaret.com\/?s={search_term_string}\"},\"query-input\":\"required name=search_term_string\"}],\"inLanguage\":\"en-US\"}]}<\/script>\n<!-- \/ Yoast SEO plugin. -->","yoast_head_json":{"title":"BOSCH EasyImpact 1200 (1x1,5 Ah) - Can Verdi Ticaret","robots":{"index":"index","follow":"follow","max-snippet":"max-snippet:-1","max-image-preview":"max-image-preview:large","max-video-preview":"max-video-preview:-1"},"canonical":"https:\/\/canverditicaret.com\/en\/product\/bosch-easyimpact-1200-1x15-ah\/","og_locale":"en_US","og_type":"article","og_title":"BOSCH EasyImpact 1200 (1x1,5 Ah) - Can Verdi Ticaret","og_description":"Ak\u0131m 1.5\u00a0ah Voltaj 12\u00a0Volt Modeli Darbeli G\u00fc\u00e7 K\u00fcme Aral\u0131\u011f\u0131 Yok Y\u00fcks\u00fcz H\u0131z\u0131 1500\u00a0rpm Darbe Oran\u0131 22.5\u00a0bpm Paket \u0130\u00e7eri\u011fi Ta\u015f\u0131ma \u00c7antas\u0131","og_url":"https:\/\/canverditicaret.com\/en\/product\/bosch-easyimpact-1200-1x15-ah\/","og_site_name":"Can Verdi Ticaret","article_modified_time":"2025-02-16T13:06:10+00:00","og_image":[{"width":1024,"height":1024,"url":"https:\/\/canverditicaret.com\/wp-content\/uploads\/2024\/01\/1000447700a.png","type":"image\/png"}],"twitter_card":"summary_large_image","twitter_misc":{"Est. reading time":"1 minute"},"schema":{"@context":"https:\/\/schema.org","@graph":[{"@type":"WebPage","@id":"https:\/\/canverditicaret.com\/urun\/bosch-easyimpact-1200-1x15-ah\/","url":"https:\/\/canverditicaret.com\/urun\/bosch-easyimpact-1200-1x15-ah\/","name":"BOSCH EasyImpact 1200 (1x1,5 Ah) - Can Verdi Ticaret","isPartOf":{"@id":"https:\/\/canverditicaret.com\/#website"},"datePublished":"2024-01-20T20:02:23+00:00","dateModified":"2025-02-16T13:06:10+00:00","breadcrumb":{"@id":"https:\/\/canverditicaret.com\/urun\/bosch-easyimpact-1200-1x15-ah\/#breadcrumb"},"inLanguage":"en-US","potentialAction":[{"@type":"ReadAction","target":["https:\/\/canverditicaret.com\/urun\/bosch-easyimpact-1200-1x15-ah\/"]}]},{"@type":"BreadcrumbList","@id":"https:\/\/canverditicaret.com\/urun\/bosch-easyimpact-1200-1x15-ah\/#breadcrumb","itemListElement":[{"@type":"ListItem","position":1,"name":"Anasayfa","item":"https:\/\/canverditicaret.com\/"},{"@type":"ListItem","position":2,"name":"Ma\u011faza","item":"https:\/\/canverditicaret.com\/shop\/"},{"@type":"ListItem","position":3,"name":"BOSCH EasyImpact 1200 (1&#215;1,5 Ah)"}]},{"@type":"WebSite","@id":"https:\/\/canverditicaret.com\/#website","url":"https:\/\/canverditicaret.com\/","name":"Can Verdi Ticaret","description":"Can Verdi Ticaret","potentialAction":[{"@type":"SearchAction","target":{"@type":"EntryPoint","urlTemplate":"https:\/\/canverditicaret.com\/?s={search_term_string}"},"query-input":"required name=search_term_string"}],"inLanguage":"en-US"}]}},"_links":{"self":[{"href":"https:\/\/canverditicaret.com\/en\/wp-json\/wp\/v2\/product\/15989","targetHints":{"allow":["GET"]}}],"collection":[{"href":"https:\/\/canverditicaret.com\/en\/wp-json\/wp\/v2\/product"}],"about":[{"href":"https:\/\/canverditicaret.com\/en\/wp-json\/wp\/v2\/types\/product"}],"replies":[{"embeddable":true,"href":"https:\/\/canverditicaret.com\/en\/wp-json\/wp\/v2\/comments?post=15989"}],"version-history":[{"count":2,"href":"https:\/\/canverditicaret.com\/en\/wp-json\/wp\/v2\/product\/15989\/revisions"}],"predecessor-version":[{"id":16075,"href":"https:\/\/canverditicaret.com\/en\/wp-json\/wp\/v2\/product\/15989\/revisions\/16075"}],"wp:featuredmedia":[{"embeddable":true,"href":"https:\/\/canverditicaret.com\/en\/wp-json\/wp\/v2\/media\/16454"}],"wp:attachment":[{"href":"https:\/\/canverditicaret.com\/en\/wp-json\/wp\/v2\/media?parent=15989"}],"wp:term":[{"taxonomy":"product_cat","embeddable":true,"href":"https:\/\/canverditicaret.com\/en\/wp-json\/wp\/v2\/product_cat?post=15989"},{"taxonomy":"product_tag","embeddable":true,"href":"https:\/\/canverditicaret.com\/en\/wp-json\/wp\/v2\/product_tag?post=15989"}],"curies":[{"name":"wp","href":"https:\/\/api.w.org\/{rel}","templated":true}]}}