{"id":15988,"date":"2024-01-20T23:02:23","date_gmt":"2024-01-20T20:02:23","guid":{"rendered":"https:\/\/canverditicaret.com\/urun\/bosch-easyheat-500-isi-tabancasi\/"},"modified":"2025-02-16T16:06:10","modified_gmt":"2025-02-16T13:06:10","slug":"bosch-easyheat-500-isi-tabancasi","status":"publish","type":"product","link":"https:\/\/canverditicaret.com\/en\/product\/bosch-easyheat-500-isi-tabancasi\/","title":{"rendered":"Bosch EasyHeat 500 Heat Gun"},"content":{"rendered":"<table class=\"data-list tech-spec\">\n<tbody>\n<tr>\n<th>Minimum Temperature Degree<\/th>\n<td>300<\/td>\n<\/tr>\n<tr>\n<th>Power (W)<\/th>\n<td>1600W<\/td>\n<\/tr>\n<tr>\n<th>Maximum Temperature Rating<\/th>\n<td>500<\/td>\n<\/tr>\n<\/tbody>\n<\/table>","protected":false},"excerpt":{"rendered":"<p>Minimum Temperature Rating 300 Power (W) 1600 W Maximum Temperature Rating 500<\/p>","protected":false},"featured_media":16327,"comment_status":"open","ping_status":"closed","template":"","meta":[],"product_cat":[79],"product_tag":[],"class_list":["post-15988","product","type-product","status-publish","has-post-thumbnail","hentry","product_cat-elektrikli-el-aletleri"],"yoast_head":"<!-- This site is optimized with the Yoast SEO plugin v21.6 - https:\/\/yoast.com\/wordpress\/plugins\/seo\/ -->\n<title>Bosch EasyHeat 500 Is\u0131 Tabancas\u0131 - Can Verdi Ticaret<\/title>\n<meta name=\"robots\" content=\"index, follow, max-snippet:-1, max-image-preview:large, max-video-preview:-1\" \/>\n<link rel=\"canonical\" href=\"https:\/\/canverditicaret.com\/en\/product\/bosch-easyheat-500-isi-tabancasi\/\" \/>\n<meta property=\"og:locale\" content=\"en_US\" \/>\n<meta property=\"og:type\" content=\"article\" \/>\n<meta property=\"og:title\" content=\"Bosch EasyHeat 500 Is\u0131 Tabancas\u0131 - Can Verdi Ticaret\" \/>\n<meta property=\"og:description\" content=\"Minimum S\u0131cakl\u0131k Derecesi 300 G\u00fc\u00e7 (W) 1600 W Maksimum S\u0131cakl\u0131k Derecesi 500\" \/>\n<meta property=\"og:url\" content=\"https:\/\/canverditicaret.com\/en\/product\/bosch-easyheat-500-isi-tabancasi\/\" \/>\n<meta property=\"og:site_name\" content=\"Can Verdi Ticaret\" \/>\n<meta property=\"article:modified_time\" content=\"2025-02-16T13:06:10+00:00\" \/>\n<meta property=\"og:image\" content=\"https:\/\/canverditicaret.com\/wp-content\/uploads\/2024\/01\/1000349385.png\" \/>\n\t<meta property=\"og:image:width\" content=\"1024\" \/>\n\t<meta property=\"og:image:height\" content=\"1024\" \/>\n\t<meta property=\"og:image:type\" content=\"image\/png\" \/>\n<meta name=\"twitter:card\" content=\"summary_large_image\" \/>\n<meta name=\"twitter:label1\" content=\"Est. reading time\" \/>\n\t<meta name=\"twitter:data1\" content=\"1 minute\" \/>\n<script type=\"application\/ld+json\" class=\"yoast-schema-graph\">{\"@context\":\"https:\/\/schema.org\",\"@graph\":[{\"@type\":\"WebPage\",\"@id\":\"https:\/\/canverditicaret.com\/urun\/bosch-easyheat-500-isi-tabancasi\/\",\"url\":\"https:\/\/canverditicaret.com\/urun\/bosch-easyheat-500-isi-tabancasi\/\",\"name\":\"Bosch EasyHeat 500 Is\u0131 Tabancas\u0131 - Can Verdi Ticaret\",\"isPartOf\":{\"@id\":\"https:\/\/canverditicaret.com\/#website\"},\"datePublished\":\"2024-01-20T20:02:23+00:00\",\"dateModified\":\"2025-02-16T13:06:10+00:00\",\"breadcrumb\":{\"@id\":\"https:\/\/canverditicaret.com\/urun\/bosch-easyheat-500-isi-tabancasi\/#breadcrumb\"},\"inLanguage\":\"en-US\",\"potentialAction\":[{\"@type\":\"ReadAction\",\"target\":[\"https:\/\/canverditicaret.com\/urun\/bosch-easyheat-500-isi-tabancasi\/\"]}]},{\"@type\":\"BreadcrumbList\",\"@id\":\"https:\/\/canverditicaret.com\/urun\/bosch-easyheat-500-isi-tabancasi\/#breadcrumb\",\"itemListElement\":[{\"@type\":\"ListItem\",\"position\":1,\"name\":\"Anasayfa\",\"item\":\"https:\/\/canverditicaret.com\/\"},{\"@type\":\"ListItem\",\"position\":2,\"name\":\"Ma\u011faza\",\"item\":\"https:\/\/canverditicaret.com\/shop\/\"},{\"@type\":\"ListItem\",\"position\":3,\"name\":\"Bosch EasyHeat 500 Is\u0131 Tabancas\u0131\"}]},{\"@type\":\"WebSite\",\"@id\":\"https:\/\/canverditicaret.com\/#website\",\"url\":\"https:\/\/canverditicaret.com\/\",\"name\":\"Can Verdi Ticaret\",\"description\":\"Can Verdi Ticaret\",\"potentialAction\":[{\"@type\":\"SearchAction\",\"target\":{\"@type\":\"EntryPoint\",\"urlTemplate\":\"https:\/\/canverditicaret.com\/?s={search_term_string}\"},\"query-input\":\"required name=search_term_string\"}],\"inLanguage\":\"en-US\"}]}<\/script>\n<!-- \/ Yoast SEO plugin. -->","yoast_head_json":{"title":"Bosch EasyHeat 500 Is\u0131 Tabancas\u0131 - Can Verdi Ticaret","robots":{"index":"index","follow":"follow","max-snippet":"max-snippet:-1","max-image-preview":"max-image-preview:large","max-video-preview":"max-video-preview:-1"},"canonical":"https:\/\/canverditicaret.com\/en\/product\/bosch-easyheat-500-isi-tabancasi\/","og_locale":"en_US","og_type":"article","og_title":"Bosch EasyHeat 500 Is\u0131 Tabancas\u0131 - Can Verdi Ticaret","og_description":"Minimum S\u0131cakl\u0131k Derecesi 300 G\u00fc\u00e7 (W) 1600 W Maksimum S\u0131cakl\u0131k Derecesi 500","og_url":"https:\/\/canverditicaret.com\/en\/product\/bosch-easyheat-500-isi-tabancasi\/","og_site_name":"Can Verdi Ticaret","article_modified_time":"2025-02-16T13:06:10+00:00","og_image":[{"width":1024,"height":1024,"url":"https:\/\/canverditicaret.com\/wp-content\/uploads\/2024\/01\/1000349385.png","type":"image\/png"}],"twitter_card":"summary_large_image","twitter_misc":{"Est. reading time":"1 minute"},"schema":{"@context":"https:\/\/schema.org","@graph":[{"@type":"WebPage","@id":"https:\/\/canverditicaret.com\/urun\/bosch-easyheat-500-isi-tabancasi\/","url":"https:\/\/canverditicaret.com\/urun\/bosch-easyheat-500-isi-tabancasi\/","name":"Bosch EasyHeat 500 Is\u0131 Tabancas\u0131 - Can Verdi Ticaret","isPartOf":{"@id":"https:\/\/canverditicaret.com\/#website"},"datePublished":"2024-01-20T20:02:23+00:00","dateModified":"2025-02-16T13:06:10+00:00","breadcrumb":{"@id":"https:\/\/canverditicaret.com\/urun\/bosch-easyheat-500-isi-tabancasi\/#breadcrumb"},"inLanguage":"en-US","potentialAction":[{"@type":"ReadAction","target":["https:\/\/canverditicaret.com\/urun\/bosch-easyheat-500-isi-tabancasi\/"]}]},{"@type":"BreadcrumbList","@id":"https:\/\/canverditicaret.com\/urun\/bosch-easyheat-500-isi-tabancasi\/#breadcrumb","itemListElement":[{"@type":"ListItem","position":1,"name":"Anasayfa","item":"https:\/\/canverditicaret.com\/"},{"@type":"ListItem","position":2,"name":"Ma\u011faza","item":"https:\/\/canverditicaret.com\/shop\/"},{"@type":"ListItem","position":3,"name":"Bosch EasyHeat 500 Is\u0131 Tabancas\u0131"}]},{"@type":"WebSite","@id":"https:\/\/canverditicaret.com\/#website","url":"https:\/\/canverditicaret.com\/","name":"Can Verdi Ticaret","description":"Can Verdi Ticaret","potentialAction":[{"@type":"SearchAction","target":{"@type":"EntryPoint","urlTemplate":"https:\/\/canverditicaret.com\/?s={search_term_string}"},"query-input":"required name=search_term_string"}],"inLanguage":"en-US"}]}},"_links":{"self":[{"href":"https:\/\/canverditicaret.com\/en\/wp-json\/wp\/v2\/product\/15988","targetHints":{"allow":["GET"]}}],"collection":[{"href":"https:\/\/canverditicaret.com\/en\/wp-json\/wp\/v2\/product"}],"about":[{"href":"https:\/\/canverditicaret.com\/en\/wp-json\/wp\/v2\/types\/product"}],"replies":[{"embeddable":true,"href":"https:\/\/canverditicaret.com\/en\/wp-json\/wp\/v2\/comments?post=15988"}],"version-history":[{"count":3,"href":"https:\/\/canverditicaret.com\/en\/wp-json\/wp\/v2\/product\/15988\/revisions"}],"predecessor-version":[{"id":16077,"href":"https:\/\/canverditicaret.com\/en\/wp-json\/wp\/v2\/product\/15988\/revisions\/16077"}],"wp:featuredmedia":[{"embeddable":true,"href":"https:\/\/canverditicaret.com\/en\/wp-json\/wp\/v2\/media\/16327"}],"wp:attachment":[{"href":"https:\/\/canverditicaret.com\/en\/wp-json\/wp\/v2\/media?parent=15988"}],"wp:term":[{"taxonomy":"product_cat","embeddable":true,"href":"https:\/\/canverditicaret.com\/en\/wp-json\/wp\/v2\/product_cat?post=15988"},{"taxonomy":"product_tag","embeddable":true,"href":"https:\/\/canverditicaret.com\/en\/wp-json\/wp\/v2\/product_tag?post=15988"}],"curies":[{"name":"wp","href":"https:\/\/api.w.org\/{rel}","templated":true}]}}