{"id":15984,"date":"2024-01-20T23:02:23","date_gmt":"2024-01-20T20:02:23","guid":{"rendered":"https:\/\/canverditicaret.com\/urun\/bosch-easycutgrind\/"},"modified":"2025-02-16T16:06:09","modified_gmt":"2025-02-16T13:06:09","slug":"bosch-easycutgrind","status":"publish","type":"product","link":"https:\/\/canverditicaret.com\/en\/product\/bosch-easycutgrind\/","title":{"rendered":"BOSCH EasyCutGrind"},"content":{"rendered":"<table class=\"a-normal a-spacing-micro\">\n<tbody>\n<tr class=\"a-spacing-small po-grit.type\">\n<td class=\"a-span3\"><span class=\"a-size-base a-text-bold\">Sand Type<\/span><\/td>\n<td class=\"a-span9\"><span class=\"a-size-base po-break-word\">Narrow<\/span><\/td>\n<\/tr>\n<tr class=\"a-spacing-small po-voltage\">\n<td class=\"a-span3\"><span class=\"a-size-base a-text-bold\">Voltage<\/span><\/td>\n<td class=\"a-span9\"><span class=\"a-size-base po-break-word\">7.2 Volts<\/span><\/td>\n<\/tr>\n<tr class=\"a-spacing-small po-power_source_type\">\n<td class=\"a-span3\"><span class=\"a-size-base a-text-bold\">Power source<\/span><\/td>\n<td class=\"a-span9\"><span class=\"a-size-base po-break-word\">It works manually.<\/span><\/td>\n<\/tr>\n<tr class=\"a-spacing-small po-grit.number\">\n<td class=\"a-span3\"><span class=\"a-size-base a-text-bold\">Grit Number<\/span><\/td>\n<td class=\"a-span9\"><span class=\"a-size-base po-break-word\">120<\/span><\/td>\n<\/tr>\n<\/tbody>\n<\/table>\n<p>&nbsp;<\/p>","protected":false},"excerpt":{"rendered":"<p>Grit Type Narrow Voltage 7.2 Volts Power Source Manually operated. Sand Number 120 &nbsp;<\/p>","protected":false},"featured_media":17011,"comment_status":"open","ping_status":"closed","template":"","meta":[],"product_cat":[79],"product_tag":[],"class_list":["post-15984","product","type-product","status-publish","has-post-thumbnail","hentry","product_cat-elektrikli-el-aletleri"],"yoast_head":"<!-- This site is optimized with the Yoast SEO plugin v21.6 - https:\/\/yoast.com\/wordpress\/plugins\/seo\/ -->\n<title>BOSCH EasyCutGrind - Can Verdi Ticaret<\/title>\n<meta name=\"robots\" content=\"index, follow, max-snippet:-1, max-image-preview:large, max-video-preview:-1\" \/>\n<link rel=\"canonical\" href=\"https:\/\/canverditicaret.com\/en\/product\/bosch-easycutgrind\/\" \/>\n<meta property=\"og:locale\" content=\"en_US\" \/>\n<meta property=\"og:type\" content=\"article\" \/>\n<meta property=\"og:title\" content=\"BOSCH EasyCutGrind - Can Verdi Ticaret\" \/>\n<meta property=\"og:description\" content=\"Kum T\u00fcr\u00fc Dar Voltaj 7.2 Volts G\u00fc\u00e7 Kayna\u011f\u0131 El ile \u00e7al\u0131\u015f\u0131r. Kum Numaras\u0131 120 &nbsp;\" \/>\n<meta property=\"og:url\" content=\"https:\/\/canverditicaret.com\/en\/product\/bosch-easycutgrind\/\" \/>\n<meta property=\"og:site_name\" content=\"Can Verdi Ticaret\" \/>\n<meta property=\"article:modified_time\" content=\"2025-02-16T13:06:09+00:00\" \/>\n<meta property=\"og:image\" content=\"https:\/\/canverditicaret.com\/wp-content\/uploads\/2024\/01\/1000447702a.png\" \/>\n\t<meta property=\"og:image:width\" content=\"1024\" \/>\n\t<meta property=\"og:image:height\" content=\"1024\" \/>\n\t<meta property=\"og:image:type\" content=\"image\/png\" \/>\n<meta name=\"twitter:card\" content=\"summary_large_image\" \/>\n<meta name=\"twitter:label1\" content=\"Est. reading time\" \/>\n\t<meta name=\"twitter:data1\" content=\"1 minute\" \/>\n<script type=\"application\/ld+json\" class=\"yoast-schema-graph\">{\"@context\":\"https:\/\/schema.org\",\"@graph\":[{\"@type\":\"WebPage\",\"@id\":\"https:\/\/canverditicaret.com\/urun\/bosch-easycutgrind\/\",\"url\":\"https:\/\/canverditicaret.com\/urun\/bosch-easycutgrind\/\",\"name\":\"BOSCH EasyCutGrind - Can Verdi Ticaret\",\"isPartOf\":{\"@id\":\"https:\/\/canverditicaret.com\/#website\"},\"datePublished\":\"2024-01-20T20:02:23+00:00\",\"dateModified\":\"2025-02-16T13:06:09+00:00\",\"breadcrumb\":{\"@id\":\"https:\/\/canverditicaret.com\/urun\/bosch-easycutgrind\/#breadcrumb\"},\"inLanguage\":\"en-US\",\"potentialAction\":[{\"@type\":\"ReadAction\",\"target\":[\"https:\/\/canverditicaret.com\/urun\/bosch-easycutgrind\/\"]}]},{\"@type\":\"BreadcrumbList\",\"@id\":\"https:\/\/canverditicaret.com\/urun\/bosch-easycutgrind\/#breadcrumb\",\"itemListElement\":[{\"@type\":\"ListItem\",\"position\":1,\"name\":\"Anasayfa\",\"item\":\"https:\/\/canverditicaret.com\/\"},{\"@type\":\"ListItem\",\"position\":2,\"name\":\"Ma\u011faza\",\"item\":\"https:\/\/canverditicaret.com\/shop\/\"},{\"@type\":\"ListItem\",\"position\":3,\"name\":\"BOSCH EasyCutGrind\"}]},{\"@type\":\"WebSite\",\"@id\":\"https:\/\/canverditicaret.com\/#website\",\"url\":\"https:\/\/canverditicaret.com\/\",\"name\":\"Can Verdi Ticaret\",\"description\":\"Can Verdi Ticaret\",\"potentialAction\":[{\"@type\":\"SearchAction\",\"target\":{\"@type\":\"EntryPoint\",\"urlTemplate\":\"https:\/\/canverditicaret.com\/?s={search_term_string}\"},\"query-input\":\"required name=search_term_string\"}],\"inLanguage\":\"en-US\"}]}<\/script>\n<!-- \/ Yoast SEO plugin. -->","yoast_head_json":{"title":"BOSCH EasyCutGrind - Can Verdi Ticaret","robots":{"index":"index","follow":"follow","max-snippet":"max-snippet:-1","max-image-preview":"max-image-preview:large","max-video-preview":"max-video-preview:-1"},"canonical":"https:\/\/canverditicaret.com\/en\/product\/bosch-easycutgrind\/","og_locale":"en_US","og_type":"article","og_title":"BOSCH EasyCutGrind - Can Verdi Ticaret","og_description":"Kum T\u00fcr\u00fc Dar Voltaj 7.2 Volts G\u00fc\u00e7 Kayna\u011f\u0131 El ile \u00e7al\u0131\u015f\u0131r. Kum Numaras\u0131 120 &nbsp;","og_url":"https:\/\/canverditicaret.com\/en\/product\/bosch-easycutgrind\/","og_site_name":"Can Verdi Ticaret","article_modified_time":"2025-02-16T13:06:09+00:00","og_image":[{"width":1024,"height":1024,"url":"https:\/\/canverditicaret.com\/wp-content\/uploads\/2024\/01\/1000447702a.png","type":"image\/png"}],"twitter_card":"summary_large_image","twitter_misc":{"Est. reading time":"1 minute"},"schema":{"@context":"https:\/\/schema.org","@graph":[{"@type":"WebPage","@id":"https:\/\/canverditicaret.com\/urun\/bosch-easycutgrind\/","url":"https:\/\/canverditicaret.com\/urun\/bosch-easycutgrind\/","name":"BOSCH EasyCutGrind - Can Verdi Ticaret","isPartOf":{"@id":"https:\/\/canverditicaret.com\/#website"},"datePublished":"2024-01-20T20:02:23+00:00","dateModified":"2025-02-16T13:06:09+00:00","breadcrumb":{"@id":"https:\/\/canverditicaret.com\/urun\/bosch-easycutgrind\/#breadcrumb"},"inLanguage":"en-US","potentialAction":[{"@type":"ReadAction","target":["https:\/\/canverditicaret.com\/urun\/bosch-easycutgrind\/"]}]},{"@type":"BreadcrumbList","@id":"https:\/\/canverditicaret.com\/urun\/bosch-easycutgrind\/#breadcrumb","itemListElement":[{"@type":"ListItem","position":1,"name":"Anasayfa","item":"https:\/\/canverditicaret.com\/"},{"@type":"ListItem","position":2,"name":"Ma\u011faza","item":"https:\/\/canverditicaret.com\/shop\/"},{"@type":"ListItem","position":3,"name":"BOSCH EasyCutGrind"}]},{"@type":"WebSite","@id":"https:\/\/canverditicaret.com\/#website","url":"https:\/\/canverditicaret.com\/","name":"Can Verdi Ticaret","description":"Can Verdi Ticaret","potentialAction":[{"@type":"SearchAction","target":{"@type":"EntryPoint","urlTemplate":"https:\/\/canverditicaret.com\/?s={search_term_string}"},"query-input":"required name=search_term_string"}],"inLanguage":"en-US"}]}},"_links":{"self":[{"href":"https:\/\/canverditicaret.com\/en\/wp-json\/wp\/v2\/product\/15984","targetHints":{"allow":["GET"]}}],"collection":[{"href":"https:\/\/canverditicaret.com\/en\/wp-json\/wp\/v2\/product"}],"about":[{"href":"https:\/\/canverditicaret.com\/en\/wp-json\/wp\/v2\/types\/product"}],"replies":[{"embeddable":true,"href":"https:\/\/canverditicaret.com\/en\/wp-json\/wp\/v2\/comments?post=15984"}],"version-history":[{"count":3,"href":"https:\/\/canverditicaret.com\/en\/wp-json\/wp\/v2\/product\/15984\/revisions"}],"predecessor-version":[{"id":16079,"href":"https:\/\/canverditicaret.com\/en\/wp-json\/wp\/v2\/product\/15984\/revisions\/16079"}],"wp:featuredmedia":[{"embeddable":true,"href":"https:\/\/canverditicaret.com\/en\/wp-json\/wp\/v2\/media\/17011"}],"wp:attachment":[{"href":"https:\/\/canverditicaret.com\/en\/wp-json\/wp\/v2\/media?parent=15984"}],"wp:term":[{"taxonomy":"product_cat","embeddable":true,"href":"https:\/\/canverditicaret.com\/en\/wp-json\/wp\/v2\/product_cat?post=15984"},{"taxonomy":"product_tag","embeddable":true,"href":"https:\/\/canverditicaret.com\/en\/wp-json\/wp\/v2\/product_tag?post=15984"}],"curies":[{"name":"wp","href":"https:\/\/api.w.org\/{rel}","templated":true}]}}