{"id":15983,"date":"2024-01-20T23:02:23","date_gmt":"2024-01-20T20:02:23","guid":{"rendered":"https:\/\/canverditicaret.com\/urun\/bosch-easycut-dek-test-12v\/"},"modified":"2025-02-16T16:06:09","modified_gmt":"2025-02-16T13:06:09","slug":"bosch-easycut-dek-test-12v","status":"publish","type":"product","link":"https:\/\/canverditicaret.com\/en\/product\/bosch-easycut-dek-test-12v\/","title":{"rendered":"BOSCH EASYCUT DEK. TEST. 12V"},"content":{"rendered":"<div class=\"row\">\n<div class=\"col-xs-12\">\n<div class=\"O-PTHG-Features__technicalDataHeadline\">\n<table class=\"table table-borderless table-sm\">\n<tbody>\n<tr>\n<th>\n<p class=\"unf-prop-list-title\">Power Type<\/p>\n<\/th>\n<td class=\"text-c2 feature\">Battery<\/td>\n<\/tr>\n<tr>\n<th>Weight<\/th>\n<td class=\"text-c2 feature\">700g<\/td>\n<\/tr>\n<tr>\n<th>Voltage<\/th>\n<td class=\"text-c2 feature\">12<\/td>\n<\/tr>\n<tr>\n<th>Model<\/th>\n<td class=\"text-c2 feature\">\n<p class=\"unf-prop-list-prop\">EasyCut 12<\/p>\n<\/td>\n<\/tr>\n<tr>\n<th>Brand<\/th>\n<td class=\"text-c2 feature\">bosch<\/td>\n<\/tr>\n<\/tbody>\n<\/table>\n<\/div>\n<\/div>\n<\/div>","protected":false},"excerpt":{"rendered":"<p>Power Type Battery Weight 700 g Voltage 12 Model EasyCut 12 Brand Bosch<\/p>","protected":false},"featured_media":16977,"comment_status":"open","ping_status":"closed","template":"","meta":[],"product_cat":[79],"product_tag":[],"class_list":["post-15983","product","type-product","status-publish","has-post-thumbnail","hentry","product_cat-elektrikli-el-aletleri"],"yoast_head":"<!-- This site is optimized with the Yoast SEO plugin v21.6 - https:\/\/yoast.com\/wordpress\/plugins\/seo\/ -->\n<title>BOSCH EASYCUT DEK. TEST. 12V - Can Verdi Ticaret<\/title>\n<meta name=\"robots\" content=\"index, follow, max-snippet:-1, max-image-preview:large, max-video-preview:-1\" \/>\n<link rel=\"canonical\" href=\"https:\/\/canverditicaret.com\/en\/product\/bosch-easycut-dek-test-12v\/\" \/>\n<meta property=\"og:locale\" content=\"en_US\" \/>\n<meta property=\"og:type\" content=\"article\" \/>\n<meta property=\"og:title\" content=\"BOSCH EASYCUT DEK. TEST. 12V - Can Verdi Ticaret\" \/>\n<meta property=\"og:description\" content=\"G\u00fc\u00e7 T\u00fcr\u00fc Ak\u00fc A\u011f\u0131rl\u0131k 700 g Voltaj 12 Model EasyCut 12 Marka Bosch\" \/>\n<meta property=\"og:url\" content=\"https:\/\/canverditicaret.com\/en\/product\/bosch-easycut-dek-test-12v\/\" \/>\n<meta property=\"og:site_name\" content=\"Can Verdi Ticaret\" \/>\n<meta property=\"article:modified_time\" content=\"2025-02-16T13:06:09+00:00\" \/>\n<meta property=\"og:image\" content=\"https:\/\/canverditicaret.com\/wp-content\/uploads\/2024\/01\/1000206952a.png\" \/>\n\t<meta property=\"og:image:width\" content=\"1024\" \/>\n\t<meta property=\"og:image:height\" content=\"1024\" \/>\n\t<meta property=\"og:image:type\" content=\"image\/png\" \/>\n<meta name=\"twitter:card\" content=\"summary_large_image\" \/>\n<meta name=\"twitter:label1\" content=\"Est. reading time\" \/>\n\t<meta name=\"twitter:data1\" content=\"1 minute\" \/>\n<script type=\"application\/ld+json\" class=\"yoast-schema-graph\">{\"@context\":\"https:\/\/schema.org\",\"@graph\":[{\"@type\":\"WebPage\",\"@id\":\"https:\/\/canverditicaret.com\/urun\/bosch-easycut-dek-test-12v\/\",\"url\":\"https:\/\/canverditicaret.com\/urun\/bosch-easycut-dek-test-12v\/\",\"name\":\"BOSCH EASYCUT DEK. TEST. 12V - Can Verdi Ticaret\",\"isPartOf\":{\"@id\":\"https:\/\/canverditicaret.com\/#website\"},\"datePublished\":\"2024-01-20T20:02:23+00:00\",\"dateModified\":\"2025-02-16T13:06:09+00:00\",\"breadcrumb\":{\"@id\":\"https:\/\/canverditicaret.com\/urun\/bosch-easycut-dek-test-12v\/#breadcrumb\"},\"inLanguage\":\"en-US\",\"potentialAction\":[{\"@type\":\"ReadAction\",\"target\":[\"https:\/\/canverditicaret.com\/urun\/bosch-easycut-dek-test-12v\/\"]}]},{\"@type\":\"BreadcrumbList\",\"@id\":\"https:\/\/canverditicaret.com\/urun\/bosch-easycut-dek-test-12v\/#breadcrumb\",\"itemListElement\":[{\"@type\":\"ListItem\",\"position\":1,\"name\":\"Anasayfa\",\"item\":\"https:\/\/canverditicaret.com\/\"},{\"@type\":\"ListItem\",\"position\":2,\"name\":\"Ma\u011faza\",\"item\":\"https:\/\/canverditicaret.com\/shop\/\"},{\"@type\":\"ListItem\",\"position\":3,\"name\":\"BOSCH EASYCUT DEK. TEST. 12V\"}]},{\"@type\":\"WebSite\",\"@id\":\"https:\/\/canverditicaret.com\/#website\",\"url\":\"https:\/\/canverditicaret.com\/\",\"name\":\"Can Verdi Ticaret\",\"description\":\"Can Verdi Ticaret\",\"potentialAction\":[{\"@type\":\"SearchAction\",\"target\":{\"@type\":\"EntryPoint\",\"urlTemplate\":\"https:\/\/canverditicaret.com\/?s={search_term_string}\"},\"query-input\":\"required name=search_term_string\"}],\"inLanguage\":\"en-US\"}]}<\/script>\n<!-- \/ Yoast SEO plugin. -->","yoast_head_json":{"title":"BOSCH EASYCUT DEK. TEST. 12V - Can Verdi Ticaret","robots":{"index":"index","follow":"follow","max-snippet":"max-snippet:-1","max-image-preview":"max-image-preview:large","max-video-preview":"max-video-preview:-1"},"canonical":"https:\/\/canverditicaret.com\/en\/product\/bosch-easycut-dek-test-12v\/","og_locale":"en_US","og_type":"article","og_title":"BOSCH EASYCUT DEK. TEST. 12V - Can Verdi Ticaret","og_description":"G\u00fc\u00e7 T\u00fcr\u00fc Ak\u00fc A\u011f\u0131rl\u0131k 700 g Voltaj 12 Model EasyCut 12 Marka Bosch","og_url":"https:\/\/canverditicaret.com\/en\/product\/bosch-easycut-dek-test-12v\/","og_site_name":"Can Verdi Ticaret","article_modified_time":"2025-02-16T13:06:09+00:00","og_image":[{"width":1024,"height":1024,"url":"https:\/\/canverditicaret.com\/wp-content\/uploads\/2024\/01\/1000206952a.png","type":"image\/png"}],"twitter_card":"summary_large_image","twitter_misc":{"Est. reading time":"1 minute"},"schema":{"@context":"https:\/\/schema.org","@graph":[{"@type":"WebPage","@id":"https:\/\/canverditicaret.com\/urun\/bosch-easycut-dek-test-12v\/","url":"https:\/\/canverditicaret.com\/urun\/bosch-easycut-dek-test-12v\/","name":"BOSCH EASYCUT DEK. TEST. 12V - Can Verdi Ticaret","isPartOf":{"@id":"https:\/\/canverditicaret.com\/#website"},"datePublished":"2024-01-20T20:02:23+00:00","dateModified":"2025-02-16T13:06:09+00:00","breadcrumb":{"@id":"https:\/\/canverditicaret.com\/urun\/bosch-easycut-dek-test-12v\/#breadcrumb"},"inLanguage":"en-US","potentialAction":[{"@type":"ReadAction","target":["https:\/\/canverditicaret.com\/urun\/bosch-easycut-dek-test-12v\/"]}]},{"@type":"BreadcrumbList","@id":"https:\/\/canverditicaret.com\/urun\/bosch-easycut-dek-test-12v\/#breadcrumb","itemListElement":[{"@type":"ListItem","position":1,"name":"Anasayfa","item":"https:\/\/canverditicaret.com\/"},{"@type":"ListItem","position":2,"name":"Ma\u011faza","item":"https:\/\/canverditicaret.com\/shop\/"},{"@type":"ListItem","position":3,"name":"BOSCH EASYCUT DEK. TEST. 12V"}]},{"@type":"WebSite","@id":"https:\/\/canverditicaret.com\/#website","url":"https:\/\/canverditicaret.com\/","name":"Can Verdi Ticaret","description":"Can Verdi Ticaret","potentialAction":[{"@type":"SearchAction","target":{"@type":"EntryPoint","urlTemplate":"https:\/\/canverditicaret.com\/?s={search_term_string}"},"query-input":"required name=search_term_string"}],"inLanguage":"en-US"}]}},"_links":{"self":[{"href":"https:\/\/canverditicaret.com\/en\/wp-json\/wp\/v2\/product\/15983","targetHints":{"allow":["GET"]}}],"collection":[{"href":"https:\/\/canverditicaret.com\/en\/wp-json\/wp\/v2\/product"}],"about":[{"href":"https:\/\/canverditicaret.com\/en\/wp-json\/wp\/v2\/types\/product"}],"replies":[{"embeddable":true,"href":"https:\/\/canverditicaret.com\/en\/wp-json\/wp\/v2\/comments?post=15983"}],"version-history":[{"count":3,"href":"https:\/\/canverditicaret.com\/en\/wp-json\/wp\/v2\/product\/15983\/revisions"}],"predecessor-version":[{"id":16100,"href":"https:\/\/canverditicaret.com\/en\/wp-json\/wp\/v2\/product\/15983\/revisions\/16100"}],"wp:featuredmedia":[{"embeddable":true,"href":"https:\/\/canverditicaret.com\/en\/wp-json\/wp\/v2\/media\/16977"}],"wp:attachment":[{"href":"https:\/\/canverditicaret.com\/en\/wp-json\/wp\/v2\/media?parent=15983"}],"wp:term":[{"taxonomy":"product_cat","embeddable":true,"href":"https:\/\/canverditicaret.com\/en\/wp-json\/wp\/v2\/product_cat?post=15983"},{"taxonomy":"product_tag","embeddable":true,"href":"https:\/\/canverditicaret.com\/en\/wp-json\/wp\/v2\/product_tag?post=15983"}],"curies":[{"name":"wp","href":"https:\/\/api.w.org\/{rel}","templated":true}]}}