{"id":15917,"date":"2024-01-20T20:38:10","date_gmt":"2024-01-20T17:38:10","guid":{"rendered":"https:\/\/canverditicaret.com\/urun\/bosch-18v-baslangic-seti-1x4agal-18v-40\/"},"modified":"2025-02-16T16:06:07","modified_gmt":"2025-02-16T13:06:07","slug":"bosch-18v-baslangic-seti-1x4agal-18v-40","status":"publish","type":"product","link":"https:\/\/canverditicaret.com\/en\/product\/bosch-18v-baslangic-seti-1x4agal-18v-40\/","title":{"rendered":"BOSCH 18V STARTER SET 1X4A+GAL 18V-40"},"content":{"rendered":"<table class=\"table table-borderless table-sm\">\n<tbody>\n<tr>\n<th>Flow<\/th>\n<td class=\"text-c2 feature\"><span class=\"feature-value\"><br \/>\n18<\/span><br \/>\n<span class=\"text-c2 symbol\">Ah<\/span><\/td>\n<\/tr>\n<tr>\n<th>Strength<\/th>\n<td class=\"text-c2 feature\"><span class=\"feature-value\"><br \/>\n18<\/span><br \/>\n<span class=\"text-c2 symbol\">watts<\/span><\/td>\n<\/tr>\n<tr>\n<th>Voltage<\/th>\n<td class=\"text-c2 feature\"><span class=\"feature-value\"><br \/>\n18<\/span><br \/>\n<span class=\"text-c2 symbol\">Volt<\/span><\/td>\n<\/tr>\n<tr>\n<th>Height<\/th>\n<td class=\"text-c2 feature\"><span class=\"feature-value\"><br \/>\n26.6<\/span><br \/>\n<span class=\"text-c2 symbol\">cm<\/span><\/td>\n<\/tr>\n<tr>\n<th>Width<\/th>\n<td class=\"text-c2 feature\"><span class=\"feature-value\"><br \/>\n9.9<\/span><br \/>\n<span class=\"text-c2 symbol\">cm<\/span><\/td>\n<\/tr>\n<tr>\n<th>Depth<\/th>\n<td class=\"text-c2 feature\"><span class=\"feature-value\"><br \/>\n21.2<\/span><br \/>\n<span class=\"text-c2 symbol\">cm<\/span><\/td>\n<\/tr>\n<tr>\n<th>Weight<\/th>\n<td class=\"text-c2 feature\"><span class=\"feature-value\"><br \/>\n1.45<\/span><br \/>\n<span class=\"text-c2 symbol\">kg<\/span><\/td>\n<\/tr>\n<tr>\n<th>Model<\/th>\n<td class=\"text-c2 feature\"><span class=\"feature-value\"><br \/>\npulsed<\/span><\/td>\n<\/tr>\n<tr>\n<th>Power Cluster Range<\/th>\n<td class=\"text-c2 feature\"><span class=\"feature-value\"><br \/>\nNone<\/span><\/td>\n<\/tr>\n<tr>\n<th>No Load Speed<\/th>\n<td class=\"text-c2 feature\"><span class=\"feature-value\"><br \/>\n0<\/span><br \/>\n<span class=\"text-c2 symbol\">rpm<\/span><\/td>\n<\/tr>\n<tr>\n<th>Hit Rate<\/th>\n<td class=\"text-c2 feature\"><span class=\"feature-value\"><br \/>\n0<\/span><br \/>\n<span class=\"text-c2 symbol\">bpm<\/span><\/td>\n<\/tr>\n<tr>\n<th>Package Included<\/th>\n<td class=\"text-c2 feature\"><span class=\"feature-value\"><br \/>\nCarrying Bag \/ Product<\/span><\/td>\n<\/tr>\n<\/tbody>\n<\/table>","protected":false},"excerpt":{"rendered":"<p>Current 18 ah Power 18 Watt Voltage 18 Volt Height 26.6 cm Width 9.9 cm Depth 21.2 cm Weight 1.45<\/p>","protected":false},"featured_media":15971,"comment_status":"open","ping_status":"closed","template":"","meta":[],"product_cat":[79],"product_tag":[],"class_list":["post-15917","product","type-product","status-publish","has-post-thumbnail","hentry","product_cat-elektrikli-el-aletleri"],"yoast_head":"<!-- This site is optimized with the Yoast SEO plugin v21.6 - https:\/\/yoast.com\/wordpress\/plugins\/seo\/ -->\n<title>BOSCH 18V BA\u015eLANGI\u00c7 SETI 1X4A+GAL 18V-40 - Can Verdi Ticaret<\/title>\n<meta name=\"robots\" content=\"index, follow, max-snippet:-1, max-image-preview:large, max-video-preview:-1\" \/>\n<link rel=\"canonical\" href=\"https:\/\/canverditicaret.com\/en\/product\/bosch-18v-baslangic-seti-1x4agal-18v-40\/\" \/>\n<meta property=\"og:locale\" content=\"en_US\" \/>\n<meta property=\"og:type\" content=\"article\" \/>\n<meta property=\"og:title\" content=\"BOSCH 18V BA\u015eLANGI\u00c7 SETI 1X4A+GAL 18V-40 - Can Verdi Ticaret\" \/>\n<meta property=\"og:description\" content=\"Ak\u0131m 18 ah G\u00fc\u00e7 18 Watt Voltaj 18 Volt Y\u00fckseklik 26.6 cm Geni\u015flik 9.9 cm Derinlik 21.2 cm A\u011f\u0131rl\u0131k 1.45\" \/>\n<meta property=\"og:url\" content=\"https:\/\/canverditicaret.com\/en\/product\/bosch-18v-baslangic-seti-1x4agal-18v-40\/\" \/>\n<meta property=\"og:site_name\" content=\"Can Verdi Ticaret\" \/>\n<meta property=\"article:modified_time\" content=\"2025-02-16T13:06:07+00:00\" \/>\n<meta property=\"og:image\" content=\"https:\/\/canverditicaret.com\/wp-content\/uploads\/2024\/01\/bosch-18v-baslangic-seti-1x4agal-18v-40.jpg\" \/>\n\t<meta property=\"og:image:width\" content=\"1024\" \/>\n\t<meta property=\"og:image:height\" content=\"1024\" \/>\n\t<meta property=\"og:image:type\" content=\"image\/jpeg\" \/>\n<meta name=\"twitter:card\" content=\"summary_large_image\" \/>\n<meta name=\"twitter:label1\" content=\"Est. reading time\" \/>\n\t<meta name=\"twitter:data1\" content=\"1 minute\" \/>\n<script type=\"application\/ld+json\" class=\"yoast-schema-graph\">{\"@context\":\"https:\/\/schema.org\",\"@graph\":[{\"@type\":\"WebPage\",\"@id\":\"https:\/\/canverditicaret.com\/urun\/bosch-18v-baslangic-seti-1x4agal-18v-40\/\",\"url\":\"https:\/\/canverditicaret.com\/urun\/bosch-18v-baslangic-seti-1x4agal-18v-40\/\",\"name\":\"BOSCH 18V BA\u015eLANGI\u00c7 SETI 1X4A+GAL 18V-40 - Can Verdi Ticaret\",\"isPartOf\":{\"@id\":\"https:\/\/canverditicaret.com\/#website\"},\"datePublished\":\"2024-01-20T17:38:10+00:00\",\"dateModified\":\"2025-02-16T13:06:07+00:00\",\"breadcrumb\":{\"@id\":\"https:\/\/canverditicaret.com\/urun\/bosch-18v-baslangic-seti-1x4agal-18v-40\/#breadcrumb\"},\"inLanguage\":\"en-US\",\"potentialAction\":[{\"@type\":\"ReadAction\",\"target\":[\"https:\/\/canverditicaret.com\/urun\/bosch-18v-baslangic-seti-1x4agal-18v-40\/\"]}]},{\"@type\":\"BreadcrumbList\",\"@id\":\"https:\/\/canverditicaret.com\/urun\/bosch-18v-baslangic-seti-1x4agal-18v-40\/#breadcrumb\",\"itemListElement\":[{\"@type\":\"ListItem\",\"position\":1,\"name\":\"Anasayfa\",\"item\":\"https:\/\/canverditicaret.com\/\"},{\"@type\":\"ListItem\",\"position\":2,\"name\":\"Ma\u011faza\",\"item\":\"https:\/\/canverditicaret.com\/shop\/\"},{\"@type\":\"ListItem\",\"position\":3,\"name\":\"BOSCH 18V BA\u015eLANGI\u00c7 SETI 1X4A+GAL 18V-40\"}]},{\"@type\":\"WebSite\",\"@id\":\"https:\/\/canverditicaret.com\/#website\",\"url\":\"https:\/\/canverditicaret.com\/\",\"name\":\"Can Verdi Ticaret\",\"description\":\"Can Verdi Ticaret\",\"potentialAction\":[{\"@type\":\"SearchAction\",\"target\":{\"@type\":\"EntryPoint\",\"urlTemplate\":\"https:\/\/canverditicaret.com\/?s={search_term_string}\"},\"query-input\":\"required name=search_term_string\"}],\"inLanguage\":\"en-US\"}]}<\/script>\n<!-- \/ Yoast SEO plugin. -->","yoast_head_json":{"title":"BOSCH 18V BA\u015eLANGI\u00c7 SETI 1X4A+GAL 18V-40 - Can Verdi Ticaret","robots":{"index":"index","follow":"follow","max-snippet":"max-snippet:-1","max-image-preview":"max-image-preview:large","max-video-preview":"max-video-preview:-1"},"canonical":"https:\/\/canverditicaret.com\/en\/product\/bosch-18v-baslangic-seti-1x4agal-18v-40\/","og_locale":"en_US","og_type":"article","og_title":"BOSCH 18V BA\u015eLANGI\u00c7 SETI 1X4A+GAL 18V-40 - Can Verdi Ticaret","og_description":"Ak\u0131m 18 ah G\u00fc\u00e7 18 Watt Voltaj 18 Volt Y\u00fckseklik 26.6 cm Geni\u015flik 9.9 cm Derinlik 21.2 cm A\u011f\u0131rl\u0131k 1.45","og_url":"https:\/\/canverditicaret.com\/en\/product\/bosch-18v-baslangic-seti-1x4agal-18v-40\/","og_site_name":"Can Verdi Ticaret","article_modified_time":"2025-02-16T13:06:07+00:00","og_image":[{"width":1024,"height":1024,"url":"https:\/\/canverditicaret.com\/wp-content\/uploads\/2024\/01\/bosch-18v-baslangic-seti-1x4agal-18v-40.jpg","type":"image\/jpeg"}],"twitter_card":"summary_large_image","twitter_misc":{"Est. reading time":"1 minute"},"schema":{"@context":"https:\/\/schema.org","@graph":[{"@type":"WebPage","@id":"https:\/\/canverditicaret.com\/urun\/bosch-18v-baslangic-seti-1x4agal-18v-40\/","url":"https:\/\/canverditicaret.com\/urun\/bosch-18v-baslangic-seti-1x4agal-18v-40\/","name":"BOSCH 18V BA\u015eLANGI\u00c7 SETI 1X4A+GAL 18V-40 - Can Verdi Ticaret","isPartOf":{"@id":"https:\/\/canverditicaret.com\/#website"},"datePublished":"2024-01-20T17:38:10+00:00","dateModified":"2025-02-16T13:06:07+00:00","breadcrumb":{"@id":"https:\/\/canverditicaret.com\/urun\/bosch-18v-baslangic-seti-1x4agal-18v-40\/#breadcrumb"},"inLanguage":"en-US","potentialAction":[{"@type":"ReadAction","target":["https:\/\/canverditicaret.com\/urun\/bosch-18v-baslangic-seti-1x4agal-18v-40\/"]}]},{"@type":"BreadcrumbList","@id":"https:\/\/canverditicaret.com\/urun\/bosch-18v-baslangic-seti-1x4agal-18v-40\/#breadcrumb","itemListElement":[{"@type":"ListItem","position":1,"name":"Anasayfa","item":"https:\/\/canverditicaret.com\/"},{"@type":"ListItem","position":2,"name":"Ma\u011faza","item":"https:\/\/canverditicaret.com\/shop\/"},{"@type":"ListItem","position":3,"name":"BOSCH 18V BA\u015eLANGI\u00c7 SETI 1X4A+GAL 18V-40"}]},{"@type":"WebSite","@id":"https:\/\/canverditicaret.com\/#website","url":"https:\/\/canverditicaret.com\/","name":"Can Verdi Ticaret","description":"Can Verdi Ticaret","potentialAction":[{"@type":"SearchAction","target":{"@type":"EntryPoint","urlTemplate":"https:\/\/canverditicaret.com\/?s={search_term_string}"},"query-input":"required name=search_term_string"}],"inLanguage":"en-US"}]}},"_links":{"self":[{"href":"https:\/\/canverditicaret.com\/en\/wp-json\/wp\/v2\/product\/15917","targetHints":{"allow":["GET"]}}],"collection":[{"href":"https:\/\/canverditicaret.com\/en\/wp-json\/wp\/v2\/product"}],"about":[{"href":"https:\/\/canverditicaret.com\/en\/wp-json\/wp\/v2\/types\/product"}],"replies":[{"embeddable":true,"href":"https:\/\/canverditicaret.com\/en\/wp-json\/wp\/v2\/comments?post=15917"}],"version-history":[{"count":1,"href":"https:\/\/canverditicaret.com\/en\/wp-json\/wp\/v2\/product\/15917\/revisions"}],"predecessor-version":[{"id":15972,"href":"https:\/\/canverditicaret.com\/en\/wp-json\/wp\/v2\/product\/15917\/revisions\/15972"}],"wp:featuredmedia":[{"embeddable":true,"href":"https:\/\/canverditicaret.com\/en\/wp-json\/wp\/v2\/media\/15971"}],"wp:attachment":[{"href":"https:\/\/canverditicaret.com\/en\/wp-json\/wp\/v2\/media?parent=15917"}],"wp:term":[{"taxonomy":"product_cat","embeddable":true,"href":"https:\/\/canverditicaret.com\/en\/wp-json\/wp\/v2\/product_cat?post=15917"},{"taxonomy":"product_tag","embeddable":true,"href":"https:\/\/canverditicaret.com\/en\/wp-json\/wp\/v2\/product_tag?post=15917"}],"curies":[{"name":"wp","href":"https:\/\/api.w.org\/{rel}","templated":true}]}}