{"id":15916,"date":"2024-01-20T20:38:10","date_gmt":"2024-01-20T17:38:10","guid":{"rendered":"https:\/\/canverditicaret.com\/urun\/bd-aku-vid-12v-1-5-ah-13-prc-aks-ld12s\/"},"modified":"2025-02-16T16:06:08","modified_gmt":"2025-02-16T13:06:08","slug":"bd-aku-vid-12v-1-5-ah-13-prc-aks-ld12s","status":"publish","type":"product","link":"https:\/\/canverditicaret.com\/en\/product\/bd-aku-vid-12v-1-5-ah-13-prc-aks-ld12s\/","title":{"rendered":"BD BATTERY. V\u0130D.12V 1.5 AH +13 PRC AKS LD12S"},"content":{"rendered":"<table class=\"table table-borderless table-sm\">\n<tbody>\n<tr>\n<th>Flow<\/th>\n<td class=\"text-c2 feature\"><span class=\"feature-value\"><br \/>\n1.5<\/span><br \/>\n<span class=\"text-c2 symbol\">Ah<\/span><\/td>\n<\/tr>\n<tr>\n<th>Voltage<\/th>\n<td class=\"text-c2 feature\"><span class=\"feature-value\"><br \/>\n12<\/span><br \/>\n<span class=\"text-c2 symbol\">Volt<\/span><\/td>\n<\/tr>\n<tr>\n<th>Drilling Capacity Steel<\/th>\n<td class=\"text-c2 feature\"><span class=\"feature-value\"><br \/>\n6.5<\/span><br \/>\n<span class=\"text-c2 symbol\">mm<\/span><\/td>\n<\/tr>\n<tr>\n<th>Drilling Capacity Wood<\/th>\n<td class=\"text-c2 feature\"><span class=\"feature-value\"><br \/>\n15<\/span><br \/>\n<span class=\"text-c2 symbol\">mm<\/span><\/td>\n<\/tr>\n<tr>\n<th>Torque<\/th>\n<td class=\"text-c2 feature\"><span class=\"feature-value\"><br \/>\n16<\/span><br \/>\n<span class=\"text-c2 symbol\">nm<\/span><\/td>\n<\/tr>\n<tr>\n<th>No Load Speed<\/th>\n<td class=\"text-c2 feature\"><span class=\"feature-value\"><br \/>\n900<\/span><br \/>\n<span class=\"text-c2 symbol\">rpm<\/span><\/td>\n<\/tr>\n<tr>\n<th>Colour<\/th>\n<td class=\"text-c2 feature\"><span class=\"feature-value\"><br \/>\nOrange<\/span><\/td>\n<\/tr>\n<\/tbody>\n<\/table>","protected":false},"excerpt":{"rendered":"<p>Current 1.5 ah Voltage 12 Volt Drilling Capacity Steel 6.5 mm Drilling Capacity Wood 15 mm Torque 16 nm No Load<\/p>","protected":false},"featured_media":15936,"comment_status":"open","ping_status":"closed","template":"","meta":[],"product_cat":[79],"product_tag":[],"class_list":["post-15916","product","type-product","status-publish","has-post-thumbnail","hentry","product_cat-elektrikli-el-aletleri"],"yoast_head":"<!-- This site is optimized with the Yoast SEO plugin v21.6 - https:\/\/yoast.com\/wordpress\/plugins\/seo\/ -->\n<title>BD AK\u00dc. V\u0130D.12V 1.5 AH +13 PRC AKS LD12S - Can Verdi Ticaret<\/title>\n<meta name=\"robots\" content=\"index, follow, max-snippet:-1, max-image-preview:large, max-video-preview:-1\" \/>\n<link rel=\"canonical\" href=\"https:\/\/canverditicaret.com\/en\/product\/bd-aku-vid-12v-1-5-ah-13-prc-aks-ld12s\/\" \/>\n<meta property=\"og:locale\" content=\"en_US\" \/>\n<meta property=\"og:type\" content=\"article\" \/>\n<meta property=\"og:title\" content=\"BD AK\u00dc. V\u0130D.12V 1.5 AH +13 PRC AKS LD12S - Can Verdi Ticaret\" \/>\n<meta property=\"og:description\" content=\"Ak\u0131m 1.5 ah Voltaj 12 Volt Delme Kapasitesi \u00c7elik 6.5 mm Delme Kapasitesi Ah\u015fap 15 mm Tork 16 nm Y\u00fcks\u00fcz\" \/>\n<meta property=\"og:url\" content=\"https:\/\/canverditicaret.com\/en\/product\/bd-aku-vid-12v-1-5-ah-13-prc-aks-ld12s\/\" \/>\n<meta property=\"og:site_name\" content=\"Can Verdi Ticaret\" \/>\n<meta property=\"article:modified_time\" content=\"2025-02-16T13:06:08+00:00\" \/>\n<meta property=\"og:image\" content=\"https:\/\/canverditicaret.com\/wp-content\/uploads\/2024\/01\/black-decker-ld12sp-akulu-vidalama.jpg\" \/>\n\t<meta property=\"og:image:width\" content=\"1024\" \/>\n\t<meta property=\"og:image:height\" content=\"1024\" \/>\n\t<meta property=\"og:image:type\" content=\"image\/jpeg\" \/>\n<meta name=\"twitter:card\" content=\"summary_large_image\" \/>\n<meta name=\"twitter:label1\" content=\"Est. reading time\" \/>\n\t<meta name=\"twitter:data1\" content=\"1 minute\" \/>\n<script type=\"application\/ld+json\" class=\"yoast-schema-graph\">{\"@context\":\"https:\/\/schema.org\",\"@graph\":[{\"@type\":\"WebPage\",\"@id\":\"https:\/\/canverditicaret.com\/urun\/bd-aku-vid-12v-1-5-ah-13-prc-aks-ld12s\/\",\"url\":\"https:\/\/canverditicaret.com\/urun\/bd-aku-vid-12v-1-5-ah-13-prc-aks-ld12s\/\",\"name\":\"BD AK\u00dc. V\u0130D.12V 1.5 AH +13 PRC AKS LD12S - Can Verdi Ticaret\",\"isPartOf\":{\"@id\":\"https:\/\/canverditicaret.com\/#website\"},\"datePublished\":\"2024-01-20T17:38:10+00:00\",\"dateModified\":\"2025-02-16T13:06:08+00:00\",\"breadcrumb\":{\"@id\":\"https:\/\/canverditicaret.com\/urun\/bd-aku-vid-12v-1-5-ah-13-prc-aks-ld12s\/#breadcrumb\"},\"inLanguage\":\"en-US\",\"potentialAction\":[{\"@type\":\"ReadAction\",\"target\":[\"https:\/\/canverditicaret.com\/urun\/bd-aku-vid-12v-1-5-ah-13-prc-aks-ld12s\/\"]}]},{\"@type\":\"BreadcrumbList\",\"@id\":\"https:\/\/canverditicaret.com\/urun\/bd-aku-vid-12v-1-5-ah-13-prc-aks-ld12s\/#breadcrumb\",\"itemListElement\":[{\"@type\":\"ListItem\",\"position\":1,\"name\":\"Anasayfa\",\"item\":\"https:\/\/canverditicaret.com\/\"},{\"@type\":\"ListItem\",\"position\":2,\"name\":\"Ma\u011faza\",\"item\":\"https:\/\/canverditicaret.com\/shop\/\"},{\"@type\":\"ListItem\",\"position\":3,\"name\":\"BD AK\u00dc. V\u0130D.12V 1.5 AH +13 PRC AKS LD12S\"}]},{\"@type\":\"WebSite\",\"@id\":\"https:\/\/canverditicaret.com\/#website\",\"url\":\"https:\/\/canverditicaret.com\/\",\"name\":\"Can Verdi Ticaret\",\"description\":\"Can Verdi Ticaret\",\"potentialAction\":[{\"@type\":\"SearchAction\",\"target\":{\"@type\":\"EntryPoint\",\"urlTemplate\":\"https:\/\/canverditicaret.com\/?s={search_term_string}\"},\"query-input\":\"required name=search_term_string\"}],\"inLanguage\":\"en-US\"}]}<\/script>\n<!-- \/ Yoast SEO plugin. -->","yoast_head_json":{"title":"BD AK\u00dc. V\u0130D.12V 1.5 AH +13 PRC AKS LD12S - Can Verdi Ticaret","robots":{"index":"index","follow":"follow","max-snippet":"max-snippet:-1","max-image-preview":"max-image-preview:large","max-video-preview":"max-video-preview:-1"},"canonical":"https:\/\/canverditicaret.com\/en\/product\/bd-aku-vid-12v-1-5-ah-13-prc-aks-ld12s\/","og_locale":"en_US","og_type":"article","og_title":"BD AK\u00dc. V\u0130D.12V 1.5 AH +13 PRC AKS LD12S - Can Verdi Ticaret","og_description":"Ak\u0131m 1.5 ah Voltaj 12 Volt Delme Kapasitesi \u00c7elik 6.5 mm Delme Kapasitesi Ah\u015fap 15 mm Tork 16 nm Y\u00fcks\u00fcz","og_url":"https:\/\/canverditicaret.com\/en\/product\/bd-aku-vid-12v-1-5-ah-13-prc-aks-ld12s\/","og_site_name":"Can Verdi Ticaret","article_modified_time":"2025-02-16T13:06:08+00:00","og_image":[{"width":1024,"height":1024,"url":"https:\/\/canverditicaret.com\/wp-content\/uploads\/2024\/01\/black-decker-ld12sp-akulu-vidalama.jpg","type":"image\/jpeg"}],"twitter_card":"summary_large_image","twitter_misc":{"Est. reading time":"1 minute"},"schema":{"@context":"https:\/\/schema.org","@graph":[{"@type":"WebPage","@id":"https:\/\/canverditicaret.com\/urun\/bd-aku-vid-12v-1-5-ah-13-prc-aks-ld12s\/","url":"https:\/\/canverditicaret.com\/urun\/bd-aku-vid-12v-1-5-ah-13-prc-aks-ld12s\/","name":"BD AK\u00dc. V\u0130D.12V 1.5 AH +13 PRC AKS LD12S - Can Verdi Ticaret","isPartOf":{"@id":"https:\/\/canverditicaret.com\/#website"},"datePublished":"2024-01-20T17:38:10+00:00","dateModified":"2025-02-16T13:06:08+00:00","breadcrumb":{"@id":"https:\/\/canverditicaret.com\/urun\/bd-aku-vid-12v-1-5-ah-13-prc-aks-ld12s\/#breadcrumb"},"inLanguage":"en-US","potentialAction":[{"@type":"ReadAction","target":["https:\/\/canverditicaret.com\/urun\/bd-aku-vid-12v-1-5-ah-13-prc-aks-ld12s\/"]}]},{"@type":"BreadcrumbList","@id":"https:\/\/canverditicaret.com\/urun\/bd-aku-vid-12v-1-5-ah-13-prc-aks-ld12s\/#breadcrumb","itemListElement":[{"@type":"ListItem","position":1,"name":"Anasayfa","item":"https:\/\/canverditicaret.com\/"},{"@type":"ListItem","position":2,"name":"Ma\u011faza","item":"https:\/\/canverditicaret.com\/shop\/"},{"@type":"ListItem","position":3,"name":"BD AK\u00dc. V\u0130D.12V 1.5 AH +13 PRC AKS LD12S"}]},{"@type":"WebSite","@id":"https:\/\/canverditicaret.com\/#website","url":"https:\/\/canverditicaret.com\/","name":"Can Verdi Ticaret","description":"Can Verdi Ticaret","potentialAction":[{"@type":"SearchAction","target":{"@type":"EntryPoint","urlTemplate":"https:\/\/canverditicaret.com\/?s={search_term_string}"},"query-input":"required name=search_term_string"}],"inLanguage":"en-US"}]}},"_links":{"self":[{"href":"https:\/\/canverditicaret.com\/en\/wp-json\/wp\/v2\/product\/15916","targetHints":{"allow":["GET"]}}],"collection":[{"href":"https:\/\/canverditicaret.com\/en\/wp-json\/wp\/v2\/product"}],"about":[{"href":"https:\/\/canverditicaret.com\/en\/wp-json\/wp\/v2\/types\/product"}],"replies":[{"embeddable":true,"href":"https:\/\/canverditicaret.com\/en\/wp-json\/wp\/v2\/comments?post=15916"}],"version-history":[{"count":2,"href":"https:\/\/canverditicaret.com\/en\/wp-json\/wp\/v2\/product\/15916\/revisions"}],"predecessor-version":[{"id":15941,"href":"https:\/\/canverditicaret.com\/en\/wp-json\/wp\/v2\/product\/15916\/revisions\/15941"}],"wp:featuredmedia":[{"embeddable":true,"href":"https:\/\/canverditicaret.com\/en\/wp-json\/wp\/v2\/media\/15936"}],"wp:attachment":[{"href":"https:\/\/canverditicaret.com\/en\/wp-json\/wp\/v2\/media?parent=15916"}],"wp:term":[{"taxonomy":"product_cat","embeddable":true,"href":"https:\/\/canverditicaret.com\/en\/wp-json\/wp\/v2\/product_cat?post=15916"},{"taxonomy":"product_tag","embeddable":true,"href":"https:\/\/canverditicaret.com\/en\/wp-json\/wp\/v2\/product_tag?post=15916"}],"curies":[{"name":"wp","href":"https:\/\/api.w.org\/{rel}","templated":true}]}}