{"id":15914,"date":"2024-01-20T20:38:10","date_gmt":"2024-01-20T17:38:10","guid":{"rendered":"https:\/\/canverditicaret.com\/urun\/bd-kx1650-sic-hav-tab-1750w\/"},"modified":"2025-02-16T16:06:08","modified_gmt":"2025-02-16T13:06:08","slug":"bd-kx1650-sic-hav-tab-1750w","status":"publish","type":"product","link":"https:\/\/canverditicaret.com\/en\/product\/bd-kx1650-sic-hav-tab-1750w\/","title":{"rendered":"B&amp;D KX1650 TEMPERATURE AIR TAB. 1750W"},"content":{"rendered":"<table class=\"table table-borderless table-sm\">\n<tbody>\n<tr>\n<th>Key<\/th>\n<td class=\"text-c2 feature\"><span class=\"feature-value\"><br \/>\nNone<\/span><\/td>\n<\/tr>\n<tr>\n<th>Air flow<\/th>\n<td class=\"text-c2 feature\"><span class=\"feature-value\"><br \/>\n570-740 lt\/min<\/span><\/td>\n<\/tr>\n<tr>\n<th>Strength<\/th>\n<td class=\"text-c2 feature\"><span class=\"feature-value\"><br \/>\n1750<\/span><br \/>\n<span class=\"text-c2 symbol\">watts<\/span><\/td>\n<\/tr>\n<tr>\n<th>Operating temperature<\/th>\n<td class=\"text-c2 feature\"><span class=\"feature-value\"><br \/>\n0<\/span><br \/>\n<span class=\"text-c2 symbol\">Degree<\/span><\/td>\n<\/tr>\n<tr>\n<th>Weight<\/th>\n<td class=\"text-c2 feature\"><span class=\"feature-value\"><br \/>\n0.62<\/span><br \/>\n<span class=\"text-c2 symbol\">kg<\/span><\/td>\n<\/tr>\n<tr>\n<th>Body Material<\/th>\n<td class=\"text-c2 feature\"><span class=\"feature-value\"><br \/>\nPlastic<\/span><\/td>\n<\/tr>\n<tr>\n<th>Colour<\/th>\n<td class=\"text-c2 feature\"><span class=\"feature-value\"><br \/>\nRed<\/span><\/td>\n<\/tr>\n<\/tbody>\n<\/table>","protected":false},"excerpt":{"rendered":"<p>No Switch Air Flow 570-740 lt\/min Power 1750 Watt Operating Temperature 0 Degree Weight 0.62 kg Body Material Plastic Color<\/p>","protected":false},"featured_media":15942,"comment_status":"open","ping_status":"closed","template":"","meta":[],"product_cat":[79],"product_tag":[],"class_list":["post-15914","product","type-product","status-publish","has-post-thumbnail","hentry","product_cat-elektrikli-el-aletleri"],"yoast_head":"<!-- This site is optimized with the Yoast SEO plugin v21.6 - https:\/\/yoast.com\/wordpress\/plugins\/seo\/ -->\n<title>B&amp;D KX1650 SIC.HAV.TAB. 1750W - Can Verdi Ticaret<\/title>\n<meta name=\"robots\" content=\"index, follow, max-snippet:-1, max-image-preview:large, max-video-preview:-1\" \/>\n<link rel=\"canonical\" href=\"https:\/\/canverditicaret.com\/en\/product\/bd-kx1650-sic-hav-tab-1750w\/\" \/>\n<meta property=\"og:locale\" content=\"en_US\" \/>\n<meta property=\"og:type\" content=\"article\" \/>\n<meta property=\"og:title\" content=\"B&amp;D KX1650 SIC.HAV.TAB. 1750W - Can Verdi Ticaret\" \/>\n<meta property=\"og:description\" content=\"Anahtar Yok Hava Ak\u0131m\u0131 570-740 lt\/dk G\u00fc\u00e7 1750 Watt \u00c7al\u0131\u015fma S\u0131cakl\u0131\u011f\u0131 0 Derece A\u011f\u0131rl\u0131k 0.62 kg G\u00f6vde Malzeme Plastik Renk\" \/>\n<meta property=\"og:url\" content=\"https:\/\/canverditicaret.com\/en\/product\/bd-kx1650-sic-hav-tab-1750w\/\" \/>\n<meta property=\"og:site_name\" content=\"Can Verdi Ticaret\" \/>\n<meta property=\"article:modified_time\" content=\"2025-02-16T13:06:08+00:00\" \/>\n<meta property=\"og:image\" content=\"https:\/\/canverditicaret.com\/wp-content\/uploads\/2024\/01\/black-decker-sicak-hava-tabancasi-kx1650.jpg\" \/>\n\t<meta property=\"og:image:width\" content=\"1024\" \/>\n\t<meta property=\"og:image:height\" content=\"1024\" \/>\n\t<meta property=\"og:image:type\" content=\"image\/jpeg\" \/>\n<meta name=\"twitter:card\" content=\"summary_large_image\" \/>\n<meta name=\"twitter:label1\" content=\"Est. reading time\" \/>\n\t<meta name=\"twitter:data1\" content=\"1 minute\" \/>\n<script type=\"application\/ld+json\" class=\"yoast-schema-graph\">{\"@context\":\"https:\/\/schema.org\",\"@graph\":[{\"@type\":\"WebPage\",\"@id\":\"https:\/\/canverditicaret.com\/urun\/bd-kx1650-sic-hav-tab-1750w\/\",\"url\":\"https:\/\/canverditicaret.com\/urun\/bd-kx1650-sic-hav-tab-1750w\/\",\"name\":\"B&D KX1650 SIC.HAV.TAB. 1750W - Can Verdi Ticaret\",\"isPartOf\":{\"@id\":\"https:\/\/canverditicaret.com\/#website\"},\"datePublished\":\"2024-01-20T17:38:10+00:00\",\"dateModified\":\"2025-02-16T13:06:08+00:00\",\"breadcrumb\":{\"@id\":\"https:\/\/canverditicaret.com\/urun\/bd-kx1650-sic-hav-tab-1750w\/#breadcrumb\"},\"inLanguage\":\"en-US\",\"potentialAction\":[{\"@type\":\"ReadAction\",\"target\":[\"https:\/\/canverditicaret.com\/urun\/bd-kx1650-sic-hav-tab-1750w\/\"]}]},{\"@type\":\"BreadcrumbList\",\"@id\":\"https:\/\/canverditicaret.com\/urun\/bd-kx1650-sic-hav-tab-1750w\/#breadcrumb\",\"itemListElement\":[{\"@type\":\"ListItem\",\"position\":1,\"name\":\"Anasayfa\",\"item\":\"https:\/\/canverditicaret.com\/\"},{\"@type\":\"ListItem\",\"position\":2,\"name\":\"Ma\u011faza\",\"item\":\"https:\/\/canverditicaret.com\/shop\/\"},{\"@type\":\"ListItem\",\"position\":3,\"name\":\"B&#038;D KX1650 SIC.HAV.TAB. 1750W\"}]},{\"@type\":\"WebSite\",\"@id\":\"https:\/\/canverditicaret.com\/#website\",\"url\":\"https:\/\/canverditicaret.com\/\",\"name\":\"Can Verdi Ticaret\",\"description\":\"Can Verdi Ticaret\",\"potentialAction\":[{\"@type\":\"SearchAction\",\"target\":{\"@type\":\"EntryPoint\",\"urlTemplate\":\"https:\/\/canverditicaret.com\/?s={search_term_string}\"},\"query-input\":\"required name=search_term_string\"}],\"inLanguage\":\"en-US\"}]}<\/script>\n<!-- \/ Yoast SEO plugin. -->","yoast_head_json":{"title":"B&D KX1650 SIC.HAV.TAB. 1750W - Can Verdi Ticaret","robots":{"index":"index","follow":"follow","max-snippet":"max-snippet:-1","max-image-preview":"max-image-preview:large","max-video-preview":"max-video-preview:-1"},"canonical":"https:\/\/canverditicaret.com\/en\/product\/bd-kx1650-sic-hav-tab-1750w\/","og_locale":"en_US","og_type":"article","og_title":"B&D KX1650 SIC.HAV.TAB. 1750W - Can Verdi Ticaret","og_description":"Anahtar Yok Hava Ak\u0131m\u0131 570-740 lt\/dk G\u00fc\u00e7 1750 Watt \u00c7al\u0131\u015fma S\u0131cakl\u0131\u011f\u0131 0 Derece A\u011f\u0131rl\u0131k 0.62 kg G\u00f6vde Malzeme Plastik Renk","og_url":"https:\/\/canverditicaret.com\/en\/product\/bd-kx1650-sic-hav-tab-1750w\/","og_site_name":"Can Verdi Ticaret","article_modified_time":"2025-02-16T13:06:08+00:00","og_image":[{"width":1024,"height":1024,"url":"https:\/\/canverditicaret.com\/wp-content\/uploads\/2024\/01\/black-decker-sicak-hava-tabancasi-kx1650.jpg","type":"image\/jpeg"}],"twitter_card":"summary_large_image","twitter_misc":{"Est. reading time":"1 minute"},"schema":{"@context":"https:\/\/schema.org","@graph":[{"@type":"WebPage","@id":"https:\/\/canverditicaret.com\/urun\/bd-kx1650-sic-hav-tab-1750w\/","url":"https:\/\/canverditicaret.com\/urun\/bd-kx1650-sic-hav-tab-1750w\/","name":"B&D KX1650 SIC.HAV.TAB. 1750W - Can Verdi Ticaret","isPartOf":{"@id":"https:\/\/canverditicaret.com\/#website"},"datePublished":"2024-01-20T17:38:10+00:00","dateModified":"2025-02-16T13:06:08+00:00","breadcrumb":{"@id":"https:\/\/canverditicaret.com\/urun\/bd-kx1650-sic-hav-tab-1750w\/#breadcrumb"},"inLanguage":"en-US","potentialAction":[{"@type":"ReadAction","target":["https:\/\/canverditicaret.com\/urun\/bd-kx1650-sic-hav-tab-1750w\/"]}]},{"@type":"BreadcrumbList","@id":"https:\/\/canverditicaret.com\/urun\/bd-kx1650-sic-hav-tab-1750w\/#breadcrumb","itemListElement":[{"@type":"ListItem","position":1,"name":"Anasayfa","item":"https:\/\/canverditicaret.com\/"},{"@type":"ListItem","position":2,"name":"Ma\u011faza","item":"https:\/\/canverditicaret.com\/shop\/"},{"@type":"ListItem","position":3,"name":"B&#038;D KX1650 SIC.HAV.TAB. 1750W"}]},{"@type":"WebSite","@id":"https:\/\/canverditicaret.com\/#website","url":"https:\/\/canverditicaret.com\/","name":"Can Verdi Ticaret","description":"Can Verdi Ticaret","potentialAction":[{"@type":"SearchAction","target":{"@type":"EntryPoint","urlTemplate":"https:\/\/canverditicaret.com\/?s={search_term_string}"},"query-input":"required name=search_term_string"}],"inLanguage":"en-US"}]}},"_links":{"self":[{"href":"https:\/\/canverditicaret.com\/en\/wp-json\/wp\/v2\/product\/15914","targetHints":{"allow":["GET"]}}],"collection":[{"href":"https:\/\/canverditicaret.com\/en\/wp-json\/wp\/v2\/product"}],"about":[{"href":"https:\/\/canverditicaret.com\/en\/wp-json\/wp\/v2\/types\/product"}],"replies":[{"embeddable":true,"href":"https:\/\/canverditicaret.com\/en\/wp-json\/wp\/v2\/comments?post=15914"}],"version-history":[{"count":2,"href":"https:\/\/canverditicaret.com\/en\/wp-json\/wp\/v2\/product\/15914\/revisions"}],"predecessor-version":[{"id":15945,"href":"https:\/\/canverditicaret.com\/en\/wp-json\/wp\/v2\/product\/15914\/revisions\/15945"}],"wp:featuredmedia":[{"embeddable":true,"href":"https:\/\/canverditicaret.com\/en\/wp-json\/wp\/v2\/media\/15942"}],"wp:attachment":[{"href":"https:\/\/canverditicaret.com\/en\/wp-json\/wp\/v2\/media?parent=15914"}],"wp:term":[{"taxonomy":"product_cat","embeddable":true,"href":"https:\/\/canverditicaret.com\/en\/wp-json\/wp\/v2\/product_cat?post=15914"},{"taxonomy":"product_tag","embeddable":true,"href":"https:\/\/canverditicaret.com\/en\/wp-json\/wp\/v2\/product_tag?post=15914"}],"curies":[{"name":"wp","href":"https:\/\/api.w.org\/{rel}","templated":true}]}}